{"id":555,"date":"2022-05-05T08:17:14","date_gmt":"2022-05-05T08:17:14","guid":{"rendered":"https:\/\/www.ull.es\/institutos\/instituto-matematicas-aplicaciones\/?page_id=555"},"modified":"2022-05-05T08:19:31","modified_gmt":"2022-05-05T08:19:31","slug":"libros-y-recursos","status":"publish","type":"page","link":"https:\/\/www.ull.es\/institutos\/instituto-matematicas-aplicaciones\/libros-y-recursos\/","title":{"rendered":"Libros y recursos"},"content":{"rendered":"<p>[vc_row full_width=\u00bbstretch_row_content\u00bb el_class=\u00bbprincipio-marcha\u00bb][vc_column css=\u00bb.vc_custom_1588939369209{padding-top: 40px !important;}\u00bb][vc_custom_heading text=\u00bbLibros y recursos\u00bb font_container=\u00bbtag:h2|text_align:center|color:%23ffffff\u00bb use_theme_fonts=\u00bbyes\u00bb css_animation=\u00bbfadeInDownBig\u00bb][\/vc_column][\/vc_row][vc_row][vc_column][vc_empty_space][vc_column_text]<b>Libros o cap\u00edtulos de Libros:\u00a0<\/b><\/p>\n<p><span style=\"font-weight: 400;\">-M. de Le\u00f3n, JC Marrero, D. Mart\u00edn de Diego. Las Matem\u00e1ticas del Sistema Solar. Editorial CSIC y Catarata, (2009) ISBN: 978-84-8319-4294 <\/span><\/p>\n<p><span style=\"font-weight: 400;\">-Berciano, C. Jal\u00f3n, J. Ling, I. Marrero,\u00a0 M. Macho, MC Mu\u00f1oz Lecanda, E. Padr\u00f3n, N. Rom\u00e1n, M. S\u00e1nchez, T. Valdecantos, ME. V\u00e1zquez: Mujeres y matem\u00e1ticas. 13 retratos, ISBN 10 84-935196-2-9.\u00a0<\/span><\/p>\n<p><span style=\"font-weight: 400;\">-Marrero, R. Trujillo: Sociedad, Ciencia, Tecnolog\u00eda y Matem\u00e1ticas, Colecci\u00f3n Documentos Congresuales 9 (2004). Servicio de Publicaciones de la Universidad de La Laguna, ISBN: 84-7756-555-4<\/span><\/p>\n<p><span style=\"font-weight: 400;\">-Marrero: Descubrir las matem\u00e1ticas hoy, Colecci\u00f3n Documentos Congresuales 19 (2008) Servicio de Publicaciones de la Universidad de La Laguna, ISBN: 978-84-7756-724-0<\/span><\/p>\n<p><span style=\"font-weight: 400;\">-Marrero, J. M\u00e9ndez, E. Padr\u00f3n: Matem\u00e1ticas: historia y fronteras, Colecci\u00f3n Documentos Congresuales 17 (2009) Servicio de Publicaciones de la Universidad de La Laguna ISBN: 978-84-7756-782-0<\/span><\/p>\n<p><span style=\"font-weight: 400;\">-Marrero, J. Rocha: Horizontes matem\u00e1ticos, Colecci\u00f3n Documentos Congresuales 18 (2009) Servicio de Publicaciones de la Universidad de La Laguna ISBN: 978-84-7756-733-2 5.\u00a0<\/span><\/p>\n<p><span style=\"font-weight: 400;\">-Marrero, R. Trujillo: Sociedad, Ciencia, Tecnolog\u00eda y Matem\u00e1ticas 2003 [CD-ROM] (2003) Universidad de La Laguna, ISBN: 84-600-9965-2 6.<\/span><\/p>\n<p><span style=\"font-weight: 400;\">-Marrero, R. Trujillo: Sociedad, Ciencia, Tecnolog\u00eda y Matem\u00e1ticas 2003, M\u00f3dulo 1 [CD-ROM] 1 (2003) Universidad de La Laguna\u00a0 ISBN: 84-600-9961-X (Obra completa), 84-600-9962-8 (M\u00f3dulo 1)<\/span><\/p>\n<p><span style=\"font-weight: 400;\">-Marrero, R. Trujillo: Sociedad, Ciencia, Tecnolog\u00eda y Matem\u00e1ticas (2003), M\u00f3dulo 2 [CD-ROM] 2 (2003) Universidad de La Laguna ISBN: 84-600-9961-X (Obra completa), 84-600-9963-6 (M\u00f3dulo 2)<\/span><\/p>\n<p><span style=\"font-weight: 400;\">-Marrero, R. Trujillo: Sociedad, Ciencia, Tecnolog\u00eda y Matem\u00e1ticas (2003), M\u00f3dulo 3 [CD-ROM] 3 9 (2003) Universidad de La Laguna, ISBN: 84-600-9961-X (Obra completa), 84-600-9964-4 (M\u00f3dulo 3)<\/span><\/p>\n<p><span style=\"font-weight: 400;\">-Marrero: Momentos Matem\u00e1ticos [CD-ROM] (2008), Real Sociedad Matem\u00e1tica Espa\u00f1ola, ISBN: 978-84-935196-4-3\u00a0<\/span><\/p>\n<p><span style=\"font-weight: 400;\">-Marrero, J. Rocha T\u00edtulo: MatePosters [CD-ROM] (2008) Real Sociedad Matem\u00e1tica Espa\u00f1ola, ISBN: 978-84-935196-3-6.\u00a0<\/span><\/p>\n<p><span style=\"font-weight: 400;\">-Marrero: Medida e integral. Las matem\u00e1ticas del siglo XX: una mirada en 101 art\u00edculos (A. Martin\u00f3n, coordinador), 43 final: 46 (2000), Nivola, Madrid <\/span><span style=\"font-weight: 400;\">ISBN: 84-95599-03-1.\u00a0<\/span><\/p>\n<p><span style=\"font-weight: 400;\">-Gonz\u00e1lez-Concepci\u00f3n, C. y Gil-Fari\u00f1a, M. C. (2000).\u00a0<\/span>El lenguaje de la Ciencia Econ\u00f3mica,\u00bf Por qu\u00e9 la Econom\u00eda no prescinde de las Matem\u00e1ticas<span style=\"font-weight: 400;\">.\u00a0<\/span><i><span style=\"font-weight: 400;\">Madrid, Ra-Ma<\/span><\/i><span style=\"font-weight: 400;\">.<\/span><\/p>\n<p><span style=\"font-weight: 400;\">-Iglesias, M. Nu\u00f1ez: \u00ab\u00bfQu\u00e9 ser\u00e1, ser\u00e1? \u00abUn fisquito de Matem\u00e1ticas\u00bb <\/span><span style=\"font-weight: 400;\">Vivelibro 2021, ISBN 978-84-18840-82-1.<\/span><\/p>\n<p><span style=\"font-weight: 400;\">-Edith Padr\u00f3n Fern\u00e1ndez(editora): Un Fisquito de Matem\u00e1ticas, Vivelibro 2021, ISBN 978-84-18840-82-1.<\/span><\/p>\n<p><span style=\"font-weight: 400;\">-Evelia R. Garc\u00eda Barroso: \u00abY de repente Fibonacci&#8230;\u00bb en el libro \u00abUn fisquito de matem\u00e1ticas\u00bb Vivelibro 2021, ISBN 978-84-18840-82-1<\/span><span style=\"font-weight: 400;\"><br \/>\n<\/span><span style=\"font-weight: 400;\"><br \/>\n<\/span><span style=\"font-weight: 400;\">-Ignacio Garc\u00eda Marco: \u00abVale, pero&#8230; \u00bfc\u00f3mo lo haces?\u00bb, en el libro \u00abUn fisquito de matem\u00e1ticas\u00bb Vivelibro 2021, ISBN 978-84-18840-82-1<\/span><\/p>\n<p><span style=\"font-weight: 400;\">-Edith Padr\u00f3n: Tomando un t\u00e9 con Emmy, en el libro Mujeres matem\u00e1ticas: Trece matem\u00e1ticas, trece espejos: 10 (Est\u00edmulos Matem\u00e1ticos). <\/span>6 febrero 2019 ISBN 978-8491820550<\/p>\n<p><span style=\"font-weight: 400;\">-Edith Padr\u00f3n: La vida de Emmy Noether, Junio de 2010, ISBN\u00a0<\/span><span style=\"font-weight: 400;\">978-8493752453<\/span><\/p>\n<p><span style=\"font-weight: 400;\">-Edith Padr\u00f3n Fern\u00e1ndez: Proyecto \u00abChicas con Cienci@ULL\u00bb Edith Padr\u00f3n, <\/span><a href=\"https:\/\/www.youtube.com\/watch?v=Std5RYiFRpo\" target=\"_blank\" rel=\"noopener\"><span style=\"font-weight: 400;\">https:\/\/www.youtube.com\/watch?v=Std5RYiFRpo<\/span><\/a><\/p>\n<p><span style=\"font-weight: 400;\">-Edith Padr\u00f3n Fern\u00e1ndez: IGUALDAD DE G\u00c9NERO EN EL \u00c1MBITO DE LAS MATEM\u00c1TICAS (Marta Macho Stadler, Edith Padr\u00f3n Fern\u00e1ndez, Laura Calaza D\u00edaz, Marta Casanellas Rius, Mercedes Conde Amboage, Elisa Lorenzo Garc\u00eda, Mar\u00eda Elena V\u00e1zquez Abal). Libro Blanco de las Matem\u00e1ticas, Fundaci\u00f3n Ram\u00f3n Areces 2020.\u00a0<\/span><\/p>\n<p><span style=\"font-weight: 400;\">-Marta Macho Stadler, Edith Padr\u00f3n Fern\u00e1ndez, Laura Calaza D\u00edaz, Marta Casanellas Rius, Mercedes Conde Amboage, Elisa Lorenzo Garc\u00eda, Mar\u00eda Elena V\u00e1zquez Abal: IGUALDAD DE G\u00c9NERO EN EL \u00c1MBITO DE LAS MATEM\u00c1TICAS Libro Blanco de Las Matem\u00e1ticas. \u00a0 EDITORIAL CENTRO DE ESTUDIOS RAM\u00d3N ARECES, S.A. Dep\u00f3sito legal: M-24906-2020 (2020). <\/span><\/p>\n<p>&nbsp;<\/p>\n<p><b>Art\u00edculos\u00a0<\/b><\/p>\n<p><span style=\"font-weight: 400;\">Edith Padr\u00f3n: Emmy Noether, Revista hip\u00f3tesis, n\u00famero 4,\u00a0 <\/span><a href=\"http:\/\/hipotesis.es\/edith-padron-emmy-noether-tuvo-claro-que-el-desarrollo-de-la-ciencia-no-debia-apuntar-a-grandes-nombres-propios\" target=\"_blank\" rel=\"noopener\"><span style=\"font-weight: 400;\">http:\/\/hipotesis.es\/edith-padron-emmy-noether-tuvo-claro-que-el-desarrollo-de-la-ciencia-no-debia-apuntar-a-grandes-nombres-propios<\/span><\/a><\/p>\n<p>-Marrero: Medida e integral, N\u00fameros, 43-44 Pag.,\u00a0 43-46 (2000)<\/p>\n<p>-Marrero: Divulgaci\u00f3n de las matem\u00e1ticas en la Red: Matematicalia.net, UNO, Did\u00e1ctica de las Matem\u00e1ticas 48,\u00a0 86-92 2008<\/p>\n<p>-Marrero: Matematicalia.net: comunicando matem\u00e1ticas en Internet, SIGMA, revista de matem\u00e1ticas, 34 P\u00e1ginas, 63-73 (2009)<\/p>\n<p>-Marrero, Matematicalia, nueva revista digital de divulgaci\u00f3n matem\u00e1tica de la Real Sociedad Matem\u00e1tica Espa\u00f1ola, <span style=\"font-weight: 400;\">La Gaceta de la Real Sociedad Matem\u00e1tica Espa\u00f1ola 8.2,\u00a0 307-310 (2005)<\/span><\/p>\n<p><span style=\"font-weight: 400;\">-Marrero: Matematicalia, nueva revista digital de divulgaci\u00f3n matem\u00e1tica de la RSME, Matem\u00e1ticas en breve 4.4, 4 (2005)<\/span><\/p>\n<p><span style=\"font-weight: 400;\">-Marrero: Nace Matematicalia,\u00a0 Matematicalia, 1.1 (2005)\u00a0<\/span><\/p>\n<p><span style=\"font-weight: 400;\">-Marrero Interdisciplinariedad, interdisciplinariedad, interdisciplinariedad Matematicalia 1.2 (2005)\u00a0<\/span><\/p>\n<p><span style=\"font-weight: 400;\">-Cifuentes, R. Crespo, M. de Le\u00f3n, R. Ib\u00e1\u00f1ez, I. Marrero, A. Quir\u00f3s, J. Soria\u00a0<\/span><\/p>\n<p><span style=\"font-weight: 400;\">-Dossier especial VII Feria Madrid por la Ciencia, Matem\u00e1ticas en breve, 5.3 3-6 (2006)<\/span><\/p>\n<p><span style=\"font-weight: 400;\">-Marrero: Un a\u00f1o de Matematicalia,\u00a0 Matematicalia Volumen: 2.2 (2006)<\/span><\/p>\n<p><span style=\"font-weight: 400;\">-A.J. L\u00f3pez Moreno, I. Marrero La fiesta de los matem\u00e1ticos,\u00a0 Matematicalia, 2.4 (2006)<\/span><\/p>\n<p><span style=\"font-weight: 400;\">-Marrero: Una salsa para todos los guisos: Matematicalia 4.4 (2008)<\/span><\/p>\n<p><span style=\"font-weight: 400;\">-Marrero: 2009 y las matem\u00e1ticas,\u00a0 Matematicalia, 5.2 (2009)<\/span><\/p>\n<p><span style=\"font-weight: 400;\">-Marrero: Charles R. Darwin: un sentido extra&#8230; pero no para las matem\u00e1ticas. Matematicalia, 5.2 (2009)<\/span><\/p>\n<p><span style=\"font-weight: 400;\">-Marrero: Las musas de Darwin y las matem\u00e1ticas: Alexander Von Humboldt, Carl Gauss y el geomagnetismo, Matematicalia, 5.3 (2009)<\/span><\/p>\n<p><span style=\"font-weight: 400;\">-Marrero: Las musas de Darwin y las matem\u00e1ticas: Charles Lyell, Charles Babbage, Joseph Fourier y la teor\u00eda del calor central, Matematicalia, 5.3 (2009)<\/span><\/p>\n<p><span style=\"font-weight: 400;\">-Marrero: Las musas de Darwin y las matem\u00e1ticas: John Herschel, William Whewell y la filosof\u00eda de la ciencia, Matematicalia, 5.4 (2009)<\/span><\/p>\n<p><span style=\"font-weight: 400;\">-Marrero: Las musas de Darwin y las matem\u00e1ticas: Auguste Comte, Adolphe Quetelet y la sociolog\u00eda, Matematicalia, 5.4 (2009)<\/span><\/p>\n<p><span style=\"font-weight: 400;\">-Marrero: Las musas de Darwin y las matem\u00e1ticas: Thomas Malthus y los modelos <\/span><span style=\"font-weight: 400;\">Demogr\u00e1ficos, Matematicalia, 5.4 (2009)<\/span><\/p>\n<p><span style=\"font-weight: 400;\">-Marrero: Imagina. Crea. Innova., Matematicalia, 5.5 (2009)<\/span><\/p>\n<p>-Macho, I. Marrero: Una nueva cultura, Matematicalia, 6.1 (2010)<\/p>\n<p>-Marrero: El a\u00f1o que viviremos matem\u00e1ticamente, Matematicalia, 6.4 (2010)<\/p>\n<p>-Macho, I. Marrero: Hasta siempre, Matematicalia, 7.4 (2011)<\/p>\n<p>-\u00c1lvarez, I. Marrero:Variaciones sobre el tema de las m\u00e1quinas que calculan, Materials Matem\u00e0tics, 2014-7, 20 (2014)<\/p>\n<p>-Marrero: Ley de Benford: la fuerza de uno, Hip\u00f3tesis, 4 (2019)<\/p>\n<p>-Marrero: De logaritmos y algoritmos (El D\u00eda \/ La Opini\u00f3n de Tenerife), 36805 36 (2020)<\/p>\n<p>-Marrero: Modelizar la naturaleza con fractales, Matematicalia, 1.3 (2005) Traducci\u00f3n de M.J. Turner, Modelling nature with fractals, Plus Magazine 6 (sep.1998)<\/p>\n<p>-Marrero: Agner Krarup Erlang, Matematicalia, 1.4 (2005) [Traducci\u00f3n de: Agner Krarup Erlang, Plus Magazine 2 (1997).<\/p>\n<p>-Marrero: Mancomunidad de sangre, Matematicalia, 1.4 (2005). Traducci\u00f3n de: K. Ball, Pools of blood, Plus Magazine 28 (2004).<\/p>\n<p>-Marrero: Los primeros 50 a\u00f1os de la teor\u00eda de c\u00f3digos. Matematicalia, 2.1 (2006). Traducci\u00f3n de: R. Pinch, Coding theory: the first 50 years, Plus Magazine 3 (1997).<\/p>\n<p>-Marrero: El dise\u00f1o de altavoces, Matematicalia, 2.1 (2006). Traducci\u00f3n de: D. Henwood, Designing loudspeakers, Plus Magazine 4 (1998).<\/p>\n<p>-Marrero, J. M\u00e9ndez: Juegos, vida y el juego Vida, Matematicalia, 3.4-5 (2007).<\/p>\n<p>-Traducci\u00f3n de: R. Thomas, Games, life and the game of Life, Plus Magazine 20 (2002).<\/p>\n<p>-Marrero: Un informe sobre el encuentro \u201cDise\u00f1os en el Arte Isl\u00e1mico Geom\u00e9trico\u201d, organizado por el Centro Lorentz de la Universidad de Leiden (Holanda), Matematicalia, 2.5 (2006). Traducci\u00f3n de: B.L. Bodner, A Review of the Patterns in Geometric Islamic Art Workshop Sponsored by the Lorentz Center of Leiden University, the Netherlands.<\/p>\n<p>-\u00c1lvarez, I. Marrero: Los frisos del Real Alc\u00e1zar de Sevilla, Matematicalia, 4.1 (2008). Traducci\u00f3n de: B.L. Bodner, The Frieze Patterns of Seville\u2019s Real Alc\u00e1zar.<\/p>\n<p>&nbsp;<\/p>\n<p><b>Exposiciones:\u00a0<\/b><\/p>\n<p><span style=\"font-weight: 400;\">-Autora: I. Marrero T\u00edtulo: Momentos Matem\u00e1ticos Fecha: 2008<\/span><\/p>\n<p><span style=\"font-weight: 400;\">-Autora: I. Marrero, J. Rocha T\u00edtulo: MatePosters Fecha: 2008<\/span><\/p>\n<p><span style=\"font-weight: 400;\">-Marrero (Responsable del equipo organizador) y Edith Padr\u00f3n (Responsable del equipo organizador)\u00a0 de las exposiciones de matem\u00e1tica divulgativa \u201cExposici\u00f3n de papiroflexia\u201d y \u201cLa frontera entre el arte y las matem\u00e1ticas\u201d, celebradas en la Facultad de Matem\u00e1ticas de la Universidad de La Laguna y en el Museo Elder de la Ciencia y la Tecnolog\u00eda de Las Palmas de Gran Canaria en 2005.<\/span><\/p>\n<p><span style=\"font-weight: 400;\">-Marrero: Responsable del equipo organizador de la exposici\u00f3n multimedia \u201cDemoscene: Matem\u00e1ticas en movimiento\u201d, celebrada del 15 al 26 de enero de 2007 en la Facultad 12 de Inform\u00e1tica de la Universidad de Las Palmas de Gran Canaria, y de la charla-taller que con igual t\u00edtulo tuvo lugar en dicha Facultad el 19 de enero de 2007.<\/span><\/p>\n<p><span style=\"font-weight: 400;\">-Marrero: Organizadora de la exposici\u00f3n [\u201cZoco Matem\u00e1tico\u201d] \u201cMatematicalia, MatePosters y Momentos Matem\u00e1ticos\u201d en las XIII Jornadas de Aprendizaje y Ense\u00f1anza de las Matem\u00e1ticas (Granada, 2007).<\/span><\/p>\n<p><span style=\"font-weight: 400;\">-Marrero (miembro del equipo organizador) y E. Padr\u00f3n (coordinadora del equipo organizador) de la exposici\u00f3n \u201cLa Mujer, innovadora en la Ciencia\u201d, celebrada durante los meses de noviembre y diciembre de 2007 en las Universidades de La Laguna, Pa\u00eds Vasco, Polit\u00e8cnica de Catalunya y Santiago de Compostela y en el Centro de Profesorado Luisa Revuelta de C\u00f3rdoba, as\u00ed como de la edici\u00f3n de diversos materiales did\u00e1cticos relacionados, todo ello en el marco del A\u00f1o de la Ciencia 2007. La exposici\u00f3n local se encuentra depositada en la Facultad de Ciencias (Matem\u00e1ticas).\u00a0<\/span><\/p>\n<p><span style=\"font-weight: 400;\">-MATEM\u00c1TICAS EN BLANCO Y NEGRO (Comisarias: M\u00aa Candelaria Gonz\u00e1lez y Edith Padr\u00f3n) http:\/\/matdivu.webs.ull.es\/2022\/02\/15\/matematicas-en-blanco-y-negro\/ EN LA CASA DE LAS MATEM\u00c1TICAS DE LAS PALMAS DE GRAN CANARIA<\/span><\/p>\n<p><span style=\"font-weight: 400;\">-FECHAS Desde el 25 de abril al 30 de julio de 2022 EN EL EXCONVENTO DE SANTO DOMINGO DE LA LAGUNA FECHAS Del 28 de marzo al 8 de abril de 2022 LUGAR Exconvento de Santo Domingo de La Laguna (sala Drago)<\/span><\/p>\n<p><span style=\"font-weight: 400;\">-La exposici\u00f3n \u00abMatem\u00e1ticas para un mundo mejor\u00bb se organiza en el marco del proyecto \u00abMarzo, mes de las matem\u00e1ticas\u00bb, iniciativa de la RED DIMa, con la colaboraci\u00f3n de la Fundaci\u00f3n Espa\u00f1ola para la Ciencia y la Tecnolog\u00eda FECYT-Ministerio de Ciencia e innovaci\u00f3n, diversas sociedades del \u00e1mbito de las Matem\u00e1ticas, la Universidad de La Laguna y el Ayuntamiento de San Crist\u00f3bal de La Laguna en el ex-convento de Santo Domingo de La Laguna del 10 al 15 de mayo de 2021. <\/span><span style=\"font-weight: 400;\">(Comisarias: M\u00aa Candelaria Gonz\u00e1lez y Edith Padr\u00f3n)<\/span><\/p>\n<p><span style=\"font-weight: 400;\">-Exposici\u00f3n \u00bfSab\u00edas que? en la Facultad de Ciencias de la ULL Localizaci\u00f3n y per\u00edodo de exposici\u00f3n:Facultad de Ciencias de la Universidad de La Laguna del 15\/03\/2021 al 31\/03\/2021. Organiza: Aula Cultural Matem\u00e1tica Divulgativa.\u00a0<\/span><\/p>\n<p>&nbsp;<\/p>\n<p><strong>Premios<\/strong><\/p>\n<p><span style=\"font-weight: 400;\">-Berciano, C. Jal\u00f3n, J. Ling, I. Marrero,\u00a0 M. Macho, MC Mu\u00f1oz Lecanda, E. Padr\u00f3n, N. Rom\u00e1n, M. S\u00e1nchez, T. Valdecantos, ME. V\u00e1zquez: Premio Ciencia en Acci\u00f3n 10, en la modalidad \u201cTrabajos de divulgaci\u00f3n cient\u00edfica en soportes adecuados\u201d, por el proyecto \u201cLa mujer, innovadora en la Ciencia\u201d (2009) de la Comisi\u00f3n Mujeres y Matem\u00e1ticas de la RSME.<\/span><\/p>\n<p><span style=\"font-weight: 400;\">-El Consejo Social de la ULL ha hecho p\u00fablico el 8 de noviembre de 2019 otorg\u00f3 en la categor\u00eda de \u2018Innovaci\u00f3n educativa\u2019 el premio a la Comisi\u00f3n de Divulgaci\u00f3n de la Secci\u00f3n de Matem\u00e1ticas de la Facultad de Ciencias de la Universidad de La Laguna, MATDIVULL, por su desarrollo de un trabajo innovador, centrado fundamentalmente en la b\u00fasqueda de herramientas que faciliten la comunicaci\u00f3n cient\u00edfica.<\/span>[\/vc_column_text][vc_empty_space][\/vc_column][\/vc_row]<\/p>\n","protected":false},"excerpt":{"rendered":"<p>[vc_row full_width=\u00bbstretch_row_content\u00bb el_class=\u00bbprincipio-marcha\u00bb][vc_column css=\u00bb.vc_custom_1588939369209{padding-top: 40px !important;}\u00bb][vc_custom_heading text=\u00bbLibros y recursos\u00bb font_container=\u00bbtag:h2|text_align:center|color:%23ffffff\u00bb use_theme_fonts=\u00bbyes\u00bb css_animation=\u00bbfadeInDownBig\u00bb][\/vc_column][\/vc_row][vc_row][vc_column][vc_empty_space][vc_column_text]Libros o cap\u00edtulos de Libros:\u00a0 -M. de Le\u00f3n, JC Marrero, D. Mart\u00edn de Diego. Las Matem\u00e1ticas del Sistema Solar. Editorial CSIC y Catarata, (2009) ISBN: 978-84-8319-4294 -Berciano, C. Jal\u00f3n, J. Ling, I. Marrero,\u00a0 M. Macho, MC Mu\u00f1oz Lecanda, E. Padr\u00f3n, N. Rom\u00e1n, M. S\u00e1nchez,&#8230;<\/p>\n","protected":false},"author":2,"featured_media":0,"parent":0,"menu_order":0,"comment_status":"closed","ping_status":"closed","template":"templates\/template-no-title.php","meta":[],"_links":{"self":[{"href":"https:\/\/www.ull.es\/institutos\/instituto-matematicas-aplicaciones\/wp-json\/wp\/v2\/pages\/555"}],"collection":[{"href":"https:\/\/www.ull.es\/institutos\/instituto-matematicas-aplicaciones\/wp-json\/wp\/v2\/pages"}],"about":[{"href":"https:\/\/www.ull.es\/institutos\/instituto-matematicas-aplicaciones\/wp-json\/wp\/v2\/types\/page"}],"author":[{"embeddable":true,"href":"https:\/\/www.ull.es\/institutos\/instituto-matematicas-aplicaciones\/wp-json\/wp\/v2\/users\/2"}],"replies":[{"embeddable":true,"href":"https:\/\/www.ull.es\/institutos\/instituto-matematicas-aplicaciones\/wp-json\/wp\/v2\/comments?post=555"}],"version-history":[{"count":5,"href":"https:\/\/www.ull.es\/institutos\/instituto-matematicas-aplicaciones\/wp-json\/wp\/v2\/pages\/555\/revisions"}],"predecessor-version":[{"id":560,"href":"https:\/\/www.ull.es\/institutos\/instituto-matematicas-aplicaciones\/wp-json\/wp\/v2\/pages\/555\/revisions\/560"}],"wp:attachment":[{"href":"https:\/\/www.ull.es\/institutos\/instituto-matematicas-aplicaciones\/wp-json\/wp\/v2\/media?parent=555"}],"curies":[{"name":"wp","href":"https:\/\/api.w.org\/{rel}","templated":true}]}}