{"id":77,"date":"2020-11-27T13:32:56","date_gmt":"2020-11-27T13:32:56","guid":{"rendered":"http:\/\/www.ull.es\/institutos\/instituto-matematicas-aplicaciones\/?page_id=77"},"modified":"2022-07-28T11:40:19","modified_gmt":"2022-07-28T11:40:19","slug":"miembros-del-instituto","status":"publish","type":"page","link":"https:\/\/www.ull.es\/institutos\/instituto-matematicas-aplicaciones\/miembros-del-instituto\/","title":{"rendered":"Miembros del Instituto"},"content":{"rendered":"<p>[vc_row full_width=\u00bbstretch_row_content\u00bb el_class=\u00bbprincipio-marcha\u00bb][vc_column css=\u00bb.vc_custom_1588939369209{padding-top: 40px !important;}\u00bb][vc_custom_heading text=\u00bbMiembros del Instituto\u00bb font_container=\u00bbtag:h2|text_align:center|color:%23ffffff\u00bb use_theme_fonts=\u00bbyes\u00bb css_animation=\u00bbfadeInDownBig\u00bb][\/vc_column][\/vc_row][vc_row][vc_column][vc_empty_space height=\u00bb40px\u00bb][\/vc_column][\/vc_row][vc_row][vc_column][vc_row_inner][vc_column_inner width=\u00bb1\/4&#8243;][vc_empty_space][vc_single_image image=\u00bb474&#8243; img_size=\u00bb175X150&#8243; alignment=\u00bbcenter\u00bb style=\u00bbvc_box_rounded\u00bb css_animation=\u00bbzoomIn\u00bb][vc_empty_space height=\u00bb20px\u00bb][vc_column_text]<\/p>\n<p style=\"text-align: center;\">Abdul-Halbar Betancor, Beatriz<br \/>\n<a href=\"mailto:babdul@ull.es\" target=\"_blank\" rel=\"noopener\">babdul@ull.es<\/a><\/p>\n<p>[\/vc_column_text][vc_empty_space][\/vc_column_inner][vc_column_inner width=\u00bb1\/4&#8243;][vc_empty_space][vc_single_image image=\u00bb474&#8243; img_size=\u00bb175X150&#8243; alignment=\u00bbcenter\u00bb style=\u00bbvc_box_rounded\u00bb css_animation=\u00bbzoomIn\u00bb][vc_empty_space height=\u00bb20px\u00bb][vc_column_text]<\/p>\n<p style=\"text-align: center;\">Alcaile L\u00f3pez de Pablo, David<br \/>\n<a href=\"mailto:dalcaide@ull.es\" target=\"_blank\" rel=\"noopener\">dalcaide@ull.es<\/a><\/p>\n<p>[\/vc_column_text][vc_empty_space][\/vc_column_inner][vc_column_inner width=\u00bb1\/4&#8243;][vc_empty_space][vc_single_image image=\u00bb474&#8243; img_size=\u00bb175X150&#8243; alignment=\u00bbcenter\u00bb style=\u00bbvc_box_rounded\u00bb css_animation=\u00bbzoomIn\u00bb][vc_empty_space height=\u00bb20px\u00bb][vc_column_text]<\/p>\n<p style=\"text-align: center;\">Alonso Ram\u00edrez, Daniel<br \/>\n<a href=\"mailto:dalonso@ull.es\" target=\"_blank\" rel=\"noopener\">dalonso@ull.es<\/a><\/p>\n<p>[\/vc_column_text][vc_empty_space][\/vc_column_inner][vc_column_inner width=\u00bb1\/4&#8243;][vc_empty_space][vc_single_image image=\u00bb603&#8243; img_size=\u00bb175X150&#8243; alignment=\u00bbcenter\u00bb style=\u00bbvc_box_rounded\u00bb css_animation=\u00bbzoomIn\u00bb][vc_empty_space height=\u00bb20px\u00bb][vc_column_text]<\/p>\n<p style=\"text-align: center;\">\u00a0Alonso Or\u00e1n, Diego<br \/>\n<a href=\"mailto:dalonsoo@ull.edu.es\" target=\"_blank\" rel=\"noopener\">dalonsoo@ull.es<\/a><\/p>\n<p>[\/vc_column_text][vc_empty_space][\/vc_column_inner][\/vc_row_inner][vc_row_inner][vc_column_inner width=\u00bb1\/4&#8243;][vc_empty_space][vc_single_image image=\u00bb606&#8243; img_size=\u00bb175X150&#8243; alignment=\u00bbcenter\u00bb style=\u00bbvc_box_rounded\u00bb css_animation=\u00bbzoomIn\u00bb][vc_empty_space height=\u00bb20px\u00bb][vc_column_text]<\/p>\n<p style=\"text-align: center;\">Barrios Barrera, Bego\u00f1a<br \/>\n<a href=\"mailto:bbarrios@ull.es\" target=\"_blank\" rel=\"noopener\">bbarrios@ull.es<\/a><\/p>\n<p>[\/vc_column_text][vc_empty_space][\/vc_column_inner][vc_column_inner width=\u00bb1\/4&#8243;][vc_empty_space][vc_single_image image=\u00bb590&#8243; img_size=\u00bb175X150&#8243; alignment=\u00bbcenter\u00bb style=\u00bbvc_box_rounded\u00bb css_animation=\u00bbzoomIn\u00bb][vc_empty_space height=\u00bb20px\u00bb][vc_column_text]<\/p>\n<p style=\"text-align: center;\">Berm\u00fadez de Le\u00f3n, Teresa de Jes\u00fas<br \/>\n<a href=\"mailto:tberdume@ull.es\" target=\"_blank\" rel=\"noopener\">tberdume@ull.es<\/a><\/p>\n<p>[\/vc_column_text][vc_empty_space][\/vc_column_inner][vc_column_inner width=\u00bb1\/4&#8243;][vc_empty_space][vc_single_image image=\u00bb574&#8243; img_size=\u00bb175X150&#8243; alignment=\u00bbcenter\u00bb style=\u00bbvc_box_rounded\u00bb css_animation=\u00bbzoomIn\u00bb][vc_empty_space height=\u00bb20px\u00bb][vc_column_text]<\/p>\n<p style=\"text-align: center;\">Bonilla Ram\u00edrez, Antonio Lorenzo<br \/>\n<a href=\"mailto:abonilla@ull.es\" target=\"_blank\" rel=\"noopener\">abonilla@ull.es<\/a><\/p>\n<p>[\/vc_column_text][vc_empty_space][\/vc_column_inner][vc_column_inner width=\u00bb1\/4&#8243;][vc_empty_space][vc_single_image image=\u00bb474&#8243; img_size=\u00bb175X150&#8243; alignment=\u00bbcenter\u00bb style=\u00bbvc_box_rounded\u00bb css_animation=\u00bbzoomIn\u00bb][vc_empty_space height=\u00bb20px\u00bb][vc_column_text]<\/p>\n<p style=\"text-align: center;\">Camacho Mach\u00edn, Mat\u00edas<br \/>\n<a href=\"mailto:mcamacho@ull.es\" target=\"_blank\" rel=\"noopener\">mcamacho@ull.es<\/a><\/p>\n<p>[\/vc_column_text][vc_empty_space][\/vc_column_inner][\/vc_row_inner][vc_row_inner][vc_column_inner width=\u00bb1\/4&#8243;][vc_empty_space][vc_single_image image=\u00bb474&#8243; img_size=\u00bb175X150&#8243; alignment=\u00bbcenter\u00bb style=\u00bbvc_box_rounded\u00bb css_animation=\u00bbzoomIn\u00bb][vc_empty_space height=\u00bb20px\u00bb][vc_column_text]<\/p>\n<p style=\"text-align: center;\">Cruz Barroso, Ruym\u00e1n<br \/>\n<a href=\"mailto:rcruzb@ull.ed\" target=\"_blank\" rel=\"noopener\">rcruzb@ull.es<\/a><\/p>\n<p>[\/vc_column_text][vc_empty_space][\/vc_column_inner][vc_column_inner width=\u00bb1\/4&#8243;][vc_empty_space][vc_single_image image=\u00bb474&#8243; img_size=\u00bb175X150&#8243; alignment=\u00bbcenter\u00bb style=\u00bbvc_box_rounded\u00bb css_animation=\u00bbzoomIn\u00bb][vc_empty_space height=\u00bb20px\u00bb][vc_column_text]<\/p>\n<p style=\"text-align: center;\">De Felipe Paramio, Ana Bel\u00e9n<br \/>\n<a href=\"mailto:afelipe@ull.edu.es\" target=\"_blank\" rel=\"noopener\">afelipe@ull<\/a><a href=\"mailto:afelipe@ull.edu.es\" target=\"_blank\" rel=\"noopener\">.es<\/a><\/p>\n<p>[\/vc_column_text][vc_empty_space][\/vc_column_inner][vc_column_inner width=\u00bb1\/4&#8243;][vc_empty_space][vc_single_image image=\u00bb474&#8243; img_size=\u00bb175X150&#8243; alignment=\u00bbcenter\u00bb style=\u00bbvc_box_rounded\u00bb css_animation=\u00bbzoomIn\u00bb][vc_empty_space height=\u00bb20px\u00bb][vc_column_text]<\/p>\n<p style=\"text-align: center;\">Bonilla Ram\u00edrez, Antonio Lorenzo<br \/>\n<a href=\"mailto:abonilla@ull.es\" target=\"_blank\" rel=\"noopener\">abonilla@ull.es<\/a><\/p>\n<p>[\/vc_column_text][vc_empty_space][\/vc_column_inner][vc_column_inner width=\u00bb1\/4&#8243;][vc_empty_space][vc_single_image image=\u00bb474&#8243; img_size=\u00bb175X150&#8243; alignment=\u00bbcenter\u00bb style=\u00bbvc_box_rounded\u00bb css_animation=\u00bbzoomIn\u00bb][vc_empty_space height=\u00bb20px\u00bb][vc_column_text]<\/p>\n<p style=\"text-align: center;\">Fern\u00e1ndez Rodr\u00edguez, Arturo Javier<br \/>\n<a href=\"mailto:ajfernan@ull.es\" target=\"_blank\" rel=\"noopener\">ajfernan@ull.es<\/a><\/p>\n<p>[\/vc_column_text][vc_empty_space][\/vc_column_inner][\/vc_row_inner][vc_row_inner][vc_column_inner width=\u00bb1\/4&#8243;][vc_empty_space][vc_single_image image=\u00bb571&#8243; img_size=\u00bb175X150&#8243; alignment=\u00bbcenter\u00bb style=\u00bbvc_box_rounded\u00bb css_animation=\u00bbzoomIn\u00bb][vc_empty_space height=\u00bb20px\u00bb][vc_column_text]<\/p>\n<p style=\"text-align: center;\">Garc\u00eda Barroso, Evelia Rosa<br \/>\n<a href=\"mailto:ergarcia@ull.es\" target=\"_blank\" rel=\"noopener\">ergarcia@ull.es<\/a><\/p>\n<p>[\/vc_column_text][vc_empty_space][\/vc_column_inner][vc_column_inner width=\u00bb1\/4&#8243;][vc_empty_space][vc_single_image image=\u00bb594&#8243; img_size=\u00bb175X150&#8243; alignment=\u00bbcenter\u00bb style=\u00bbvc_box_rounded\u00bb css_animation=\u00bbzoomIn\u00bb][vc_empty_space height=\u00bb20px\u00bb][vc_column_text]<\/p>\n<p style=\"text-align: center;\">Garc\u00eda Calcines, Jos\u00e9 Manuel<br \/>\n<a href=\"mailto:jmgarcal@ull.es\" target=\"_blank\" rel=\"noopener\">jmgarcal@ull.es<\/a><\/p>\n<p>[\/vc_column_text][vc_empty_space][\/vc_column_inner][vc_column_inner width=\u00bb1\/4&#8243;][vc_empty_space][vc_single_image image=\u00bb583&#8243; img_size=\u00bb175X150&#8243; alignment=\u00bbcenter\u00bb style=\u00bbvc_box_rounded\u00bb css_animation=\u00bbzoomIn\u00bb][vc_empty_space height=\u00bb20px\u00bb][vc_column_text]<\/p>\n<p style=\"text-align: center;\">Garc\u00eda Marco, Ignacio<br \/>\n<a href=\"mailto:iggarcia@ull.es\" target=\"_blank\" rel=\"noopener\">iggarcia@ull.es<\/a><\/p>\n<p>[\/vc_column_text][vc_empty_space][\/vc_column_inner][vc_column_inner width=\u00bb1\/4&#8243;][vc_empty_space][vc_single_image image=\u00bb597&#8243; img_size=\u00bb175X150&#8243; alignment=\u00bbcenter\u00bb style=\u00bbvc_box_rounded\u00bb css_animation=\u00bbzoomIn\u00bb][vc_empty_space height=\u00bb20px\u00bb][vc_column_text]<\/p>\n<p style=\"text-align: center;\">Gonz\u00e1lez Concepci\u00f3n, Concepc\u00edon Nieves<br \/>\n<a href=\"mailto:cogonzal@ull.es\" target=\"_blank\" rel=\"noopener\">cogonzal@ull.es<\/a><\/p>\n<p>[\/vc_column_text][vc_empty_space][\/vc_column_inner][\/vc_row_inner][vc_row_inner][vc_column_inner width=\u00bb1\/4&#8243;][vc_empty_space][vc_single_image image=\u00bb578&#8243; img_size=\u00bb175X150&#8243; alignment=\u00bbcenter\u00bb style=\u00bbvc_box_rounded\u00bb css_animation=\u00bbzoomIn\u00bb][vc_empty_space height=\u00bb20px\u00bb][vc_column_text]<\/p>\n<p style=\"text-align: center;\">Gonz\u00e1lez D\u00e1vila, Enrique Francisco<br \/>\n<a href=\"mailto:egonzale@ull.edu.es\" target=\"_blank\" rel=\"noopener\">egonzale@ull.es<\/a><\/p>\n<p>[\/vc_column_text][vc_empty_space][\/vc_column_inner][vc_column_inner width=\u00bb1\/4&#8243;][vc_empty_space][vc_single_image image=\u00bb474&#8243; img_size=\u00bb175X150&#8243; alignment=\u00bbcenter\u00bb style=\u00bbvc_box_rounded\u00bb css_animation=\u00bbzoomIn\u00bb][vc_empty_space height=\u00bb20px\u00bb][vc_column_text]<\/p>\n<p style=\"text-align: center;\">Gonz\u00e1lez Pinto, Severiano<br \/>\n<a href=\"mailto:spinto@ull.es\" target=\"_blank\" rel=\"noopener\">spinto@ull.es<\/a><\/p>\n<p>[\/vc_column_text][vc_empty_space][\/vc_column_inner][vc_column_inner width=\u00bb1\/4&#8243;][vc_empty_space][vc_single_image image=\u00bb569&#8243; img_size=\u00bb175X150&#8243; alignment=\u00bbcenter\u00bb style=\u00bbvc_box_rounded\u00bb css_animation=\u00bbzoomIn\u00bb][vc_empty_space height=\u00bb20px\u00bb][vc_column_text]<\/p>\n<p style=\"text-align: center;\">Gonz\u00e1lez Rodr\u00edguez, Benito Juan<br \/>\n<a href=\"mailto:bjglez@ull.es\" target=\"_blank\" rel=\"noopener\">bjglez@ull.es<\/a><\/p>\n<p>[\/vc_column_text][vc_empty_space][\/vc_column_inner][vc_column_inner width=\u00bb1\/4&#8243;][vc_empty_space][vc_single_image image=\u00bb576&#8243; img_size=\u00bb175X150&#8243; alignment=\u00bbcenter\u00bb style=\u00bbvc_box_rounded\u00bb css_animation=\u00bbzoomIn\u00bb][vc_empty_space height=\u00bb20px\u00bb][vc_column_text]<\/p>\n<p style=\"text-align: center;\">Hern\u00e1ndez Abreu, Domingo<br \/>\n<a href=\"mailto:dhabreu@ull.edu.es\" target=\"_blank\" rel=\"noopener\">dhabreu@ull.es<\/a><\/p>\n<p>[\/vc_column_text][vc_empty_space][\/vc_column_inner][\/vc_row_inner][vc_row_inner][vc_column_inner width=\u00bb1\/4&#8243;][vc_empty_space][vc_single_image image=\u00bb474&#8243; img_size=\u00bb175X150&#8243; alignment=\u00bbcenter\u00bb style=\u00bbvc_box_rounded\u00bb css_animation=\u00bbzoomIn\u00bb][vc_empty_space height=\u00bb20px\u00bb][vc_column_text]<\/p>\n<p style=\"text-align: center;\">Iglesias Ponte, David Baldomero<br \/>\n<a href=\"mailto:diglesia@ull.edu.es\" target=\"_blank\" rel=\"noopener\">diglesia@ull.es<\/a><\/p>\n<p>[\/vc_column_text][vc_empty_space][\/vc_column_inner][vc_column_inner width=\u00bb1\/4&#8243;][vc_empty_space][vc_single_image image=\u00bb474&#8243; img_size=\u00bb175X150&#8243; alignment=\u00bbcenter\u00bb style=\u00bbvc_box_rounded\u00bb css_animation=\u00bbzoomIn\u00bb][vc_empty_space height=\u00bb20px\u00bb][vc_column_text]<\/p>\n<p style=\"text-align: center;\">M\u00e1rquez Corbella, Irene<br \/>\n<a href=\"mailto:irene.marquez.corbella@ull.es\" target=\"_blank\" rel=\"noopener\">irene.marquez.corbella@ull.es<\/a><\/p>\n<p>[\/vc_column_text][vc_empty_space][\/vc_column_inner][vc_column_inner width=\u00bb1\/4&#8243;][vc_empty_space][vc_single_image image=\u00bb474&#8243; img_size=\u00bb175X150&#8243; alignment=\u00bbcenter\u00bb style=\u00bbvc_box_rounded\u00bb css_animation=\u00bbzoomIn\u00bb][vc_empty_space height=\u00bb20px\u00bb][vc_column_text]<\/p>\n<p style=\"text-align: center;\">Marrero Gonz\u00e1lez, Juan Carlos<br \/>\n<a href=\"mailto:jcmarrer@ull.edu.es\" target=\"_blank\" rel=\"noopener\">jcmarrer@ull.edu.es<\/a><\/p>\n<p>[\/vc_column_text][vc_empty_space][\/vc_column_inner][vc_column_inner width=\u00bb1\/4&#8243;][vc_empty_space][vc_single_image image=\u00bb474&#8243; img_size=\u00bb175X150&#8243; alignment=\u00bbcenter\u00bb style=\u00bbvc_box_rounded\u00bb css_animation=\u00bbzoomIn\u00bb][vc_empty_space height=\u00bb20px\u00bb][vc_column_text]<\/p>\n<p style=\"text-align: center;\">Marrero Rodr\u00edguez, Mar\u00eda isabel<br \/>\n<a href=\"mailto:imarrero@ull.es\" target=\"_blank\" rel=\"noopener\">imarrero@ull.es<\/a><\/p>\n<p>[\/vc_column_text][vc_empty_space][\/vc_column_inner][\/vc_row_inner][vc_row_inner][vc_column_inner width=\u00bb1\/4&#8243;][vc_empty_space][vc_single_image image=\u00bb596&#8243; img_size=\u00bb175X150&#8243; alignment=\u00bbcenter\u00bb style=\u00bbvc_box_rounded\u00bb css_animation=\u00bbzoomIn\u00bb][vc_empty_space height=\u00bb20px\u00bb][vc_column_text]<\/p>\n<p style=\"text-align: center;\">Mart\u00edn Cabrera, Ferancisco Javier<br \/>\n<a href=\"mailto:fmartin@ull.edu.es\" target=\"_blank\" rel=\"noopener\">fmartin@ull.es<\/a><\/p>\n<p>[\/vc_column_text][vc_empty_space][\/vc_column_inner][vc_column_inner width=\u00bb1\/4&#8243;][vc_empty_space][vc_single_image image=\u00bb474&#8243; img_size=\u00bb175X150&#8243; alignment=\u00bbcenter\u00bb style=\u00bbvc_box_rounded\u00bb css_animation=\u00bbzoomIn\u00bb][vc_empty_space height=\u00bb20px\u00bb][vc_column_text]<\/p>\n<p style=\"text-align: center;\">Mart\u00edn G\u00f3mez, Mar\u00eda Jos\u00e9<br \/>\n<a href=\"mailto:imaria.martin@ull.es\" target=\"_blank\" rel=\"noopener\">maria.martin@ull.es<\/a><\/p>\n<p>[\/vc_column_text][vc_empty_space][\/vc_column_inner][vc_column_inner width=\u00bb1\/4&#8243;][vc_empty_space][vc_single_image image=\u00bb588&#8243; img_size=\u00bb175X150&#8243; alignment=\u00bbcenter\u00bb style=\u00bbvc_box_rounded\u00bb css_animation=\u00bbzoomIn\u00bb][vc_empty_space height=\u00bb20px\u00bb][vc_column_text]<\/p>\n<p style=\"text-align: center;\">Meli\u00e1n Batista, Mar\u00eda Bel\u00e9n<br \/>\n<a href=\"mailto:mbmelian@ull.es\" target=\"_blank\" rel=\"noopener\">mbmelian@ull.es<\/a><\/p>\n<p>[\/vc_column_text][vc_empty_space][\/vc_column_inner][vc_column_inner width=\u00bb1\/4&#8243;][vc_empty_space][vc_single_image image=\u00bb474&#8243; img_size=\u00bb175X150&#8243; alignment=\u00bbcenter\u00bb style=\u00bbvc_box_rounded\u00bb css_animation=\u00bbzoomIn\u00bb][vc_empty_space height=\u00bb20px\u00bb][vc_column_text]<\/p>\n<p style=\"text-align: center;\">Moreno P\u00e9rez, Jos\u00e9 Andr\u00e9s<br \/>\n<a href=\"mailto:jamoreno@ull.es\" target=\"_blank\" rel=\"noopener\">jamoreno@ull.es<\/a><\/p>\n<p>[\/vc_column_text][vc_empty_space][\/vc_column_inner][\/vc_row_inner][vc_row_inner][vc_column_inner width=\u00bb1\/4&#8243;][vc_empty_space][vc_single_image image=\u00bb599&#8243; img_size=\u00bb175X150&#8243; alignment=\u00bbcenter\u00bb style=\u00bbvc_box_rounded\u00bb css_animation=\u00bbzoomIn\u00bb][vc_empty_space height=\u00bb20px\u00bb][vc_column_text]<\/p>\n<p style=\"text-align: center;\">Moreno Vega, Jos\u00e9 Marcos<br \/>\n<a href=\"mailto:jmmoreno@ull.es\" target=\"_blank\" rel=\"noopener\">jmmoreno@ull.es<\/a><\/p>\n<p>[\/vc_column_text][vc_empty_space][\/vc_column_inner][vc_column_inner width=\u00bb1\/4&#8243;][vc_empty_space][vc_single_image image=\u00bb592&#8243; img_size=\u00bb175X150&#8243; alignment=\u00bbcenter\u00bb style=\u00bbvc_box_rounded\u00bb css_animation=\u00bbzoomIn\u00bb][vc_empty_space height=\u00bb20px\u00bb][vc_column_text]<\/p>\n<p style=\"text-align: center;\">Padr\u00f3n Fern\u00e1ndez, Mar\u00eda Edith<br \/>\n<a href=\"mailto:mepadron@ull.edu.es\" target=\"_blank\" rel=\"noopener\">mepadron@ull.es<\/a><\/p>\n<p>[\/vc_column_text][vc_empty_space][\/vc_column_inner][vc_column_inner width=\u00bb1\/4&#8243;][vc_empty_space][vc_single_image image=\u00bb474&#8243; img_size=\u00bb175X150&#8243; alignment=\u00bbcenter\u00bb style=\u00bbvc_box_rounded\u00bb css_animation=\u00bbzoomIn\u00bb][vc_empty_space height=\u00bb20px\u00bb][vc_column_text]<\/p>\n<p style=\"text-align: center;\">P\u00e9rez Gonz\u00e1lez, Carlos<br \/>\n<a href=\"mailto:cpgonzal@ull.edu.es\" target=\"_blank\" rel=\"noopener\">cpgonzal@ull.es<\/a><\/p>\n<p>[\/vc_column_text][vc_empty_space][\/vc_column_inner][vc_column_inner width=\u00bb1\/4&#8243;][vc_empty_space][vc_single_image image=\u00bb601&#8243; img_size=\u00bb175X150&#8243; alignment=\u00bbcenter\u00bb style=\u00bbvc_box_rounded\u00bb css_animation=\u00bbzoomIn\u00bb][vc_empty_space height=\u00bb20px\u00bb][vc_column_text]<\/p>\n<p style=\"text-align: center;\">P\u00e9rez Gonz\u00e1lez, Fernando<br \/>\n<a href=\"mailto:fpergon@ull.edu.es\" target=\"_blank\" rel=\"noopener\">fpergon@ull.es<\/a><\/p>\n<p>[\/vc_column_text][vc_empty_space][\/vc_column_inner][\/vc_row_inner][vc_row_inner][vc_column_inner width=\u00bb1\/4&#8243;][vc_empty_space][vc_single_image image=\u00bb582&#8243; img_size=\u00bb175X150&#8243; alignment=\u00bbcenter\u00bb style=\u00bbvc_box_rounded\u00bb css_animation=\u00bbzoomIn\u00bb][vc_empty_space height=\u00bb20px\u00bb][vc_column_text]<\/p>\n<p style=\"text-align: center;\">P\u00e9rez Rodr\u00edguez, Mar\u00eda Soledad<br \/>\n<a href=\"mailto:sperezr@ull.edu.es\" target=\"_blank\" rel=\"noopener\">sperezr@ull.es<\/a><\/p>\n<p>[\/vc_column_text][vc_empty_space][\/vc_column_inner][vc_column_inner width=\u00bb1\/4&#8243;][vc_empty_space][vc_single_image image=\u00bb585&#8243; img_size=\u00bb175X150&#8243; alignment=\u00bbcenter\u00bb style=\u00bbvc_box_rounded\u00bb css_animation=\u00bbzoomIn\u00bb][vc_empty_space height=\u00bb20px\u00bb][vc_column_text]<\/p>\n<p style=\"text-align: center;\">Rodr\u00edguez Mart\u00edn, Inmaculada<br \/>\n<a href=\"mailto:irguez@ull.edu.es\" target=\"_blank\" rel=\"noopener\">irguez@ull.es<\/a><\/p>\n<p>[\/vc_column_text][vc_empty_space][\/vc_column_inner][vc_column_inner width=\u00bb1\/4&#8243;][vc_empty_space][vc_single_image image=\u00bb474&#8243; img_size=\u00bb175X150&#8243; alignment=\u00bbcenter\u00bb style=\u00bbvc_box_rounded\u00bb css_animation=\u00bbzoomIn\u00bb][vc_empty_space height=\u00bb20px\u00bb][vc_column_text]<\/p>\n<p style=\"text-align: center;\">Sabina de Lis, Jos\u00e9 Claudio<br \/>\n<a href=\"mailto:josabina@ull.es\" target=\"_blank\" rel=\"noopener\">josabina@ull.es<\/a><\/p>\n<p>[\/vc_column_text][vc_empty_space][\/vc_column_inner][vc_column_inner width=\u00bb1\/4&#8243;][vc_empty_space][vc_single_image image=\u00bb474&#8243; img_size=\u00bb175X150&#8243; alignment=\u00bbcenter\u00bb style=\u00bbvc_box_rounded\u00bb css_animation=\u00bbzoomIn\u00bb][vc_empty_space height=\u00bb20px\u00bb][vc_column_text]<\/p>\n<p style=\"text-align: center;\">Salazar Gonz\u00e1lez, Juan Jos\u00e9<br \/>\n<a href=\"mailto:jjsalaza@ull.es\" target=\"_blank\" rel=\"noopener\">jjsalaza@ull.es<\/a><\/p>\n<p>[\/vc_column_text][vc_empty_space][\/vc_column_inner][\/vc_row_inner][vc_row_inner][vc_column_inner width=\u00bb1\/4&#8243;][vc_empty_space][vc_single_image image=\u00bb474&#8243; img_size=\u00bb175X150&#8243; alignment=\u00bbcenter\u00bb style=\u00bbvc_box_rounded\u00bb css_animation=\u00bbzoomIn\u00bb][vc_empty_space height=\u00bb20px\u00bb][vc_column_text]<\/p>\n<p style=\"text-align: center;\">Sede\u00f1o Noda, Antonio Alberto<br \/>\n<a href=\"mailto:asedeno@ull.es\" target=\"_blank\" rel=\"noopener\">asedeno@ull.es<\/a><\/p>\n<p>[\/vc_column_text][vc_empty_space][\/vc_column_inner][vc_column_inner width=\u00bb1\/4&#8243;][vc_empty_space][vc_single_image image=\u00bb474&#8243; img_size=\u00bb175X150&#8243; alignment=\u00bbcenter\u00bb style=\u00bbvc_box_rounded\u00bb css_animation=\u00bbzoomIn\u00bb][vc_empty_space height=\u00bb20px\u00bb][vc_column_text]<\/p>\n<p style=\"text-align: center;\">Sicilia Rodr\u00edguez, Joaqu\u00edn<br \/>\n<a href=\"mailto:jsicilia@ull.es\" target=\"_blank\" rel=\"noopener\">jsicilia@ull.es<\/a><\/p>\n<p>[\/vc_column_text][vc_empty_space][\/vc_column_inner][vc_column_inner width=\u00bb1\/4&#8243;][vc_empty_space][vc_single_image image=\u00bb567&#8243; img_size=\u00bb175X150&#8243; alignment=\u00bbcenter\u00bb style=\u00bbvc_box_rounded\u00bb css_animation=\u00bbzoomIn\u00bb][vc_empty_space height=\u00bb20px\u00bb][vc_column_text]<\/p>\n<p style=\"text-align: center;\">Trujillo Gonz\u00e1lez, Rodrigo Francisco<br \/>\n<a href=\"mailto:rotrujil@ull.edu.es\" target=\"_blank\" rel=\"noopener\">rotrujil@ull.es<\/a><\/p>\n<p>[\/vc_column_text][vc_empty_space][\/vc_column_inner][vc_column_inner width=\u00bb1\/4&#8243;][vc_empty_space][vc_single_image image=\u00bb474&#8243; img_size=\u00bb175X150&#8243; alignment=\u00bbcenter\u00bb style=\u00bbvc_box_rounded\u00bb css_animation=\u00bbzoomIn\u00bb][vc_empty_space height=\u00bb20px\u00bb][vc_empty_space][\/vc_column_inner][\/vc_row_inner][\/vc_column][\/vc_row]<\/p>\n","protected":false},"excerpt":{"rendered":"<p>[vc_row full_width=\u00bbstretch_row_content\u00bb el_class=\u00bbprincipio-marcha\u00bb][vc_column css=\u00bb.vc_custom_1588939369209{padding-top: 40px !important;}\u00bb][vc_custom_heading text=\u00bbMiembros del Instituto\u00bb font_container=\u00bbtag:h2|text_align:center|color:%23ffffff\u00bb use_theme_fonts=\u00bbyes\u00bb css_animation=\u00bbfadeInDownBig\u00bb][\/vc_column][\/vc_row][vc_row][vc_column][vc_empty_space height=\u00bb40px\u00bb][\/vc_column][\/vc_row][vc_row][vc_column][vc_row_inner][vc_column_inner width=\u00bb1\/4&#8243;][vc_empty_space][vc_single_image image=\u00bb474&#8243; img_size=\u00bb175X150&#8243; alignment=\u00bbcenter\u00bb style=\u00bbvc_box_rounded\u00bb css_animation=\u00bbzoomIn\u00bb][vc_empty_space height=\u00bb20px\u00bb][vc_column_text] Abdul-Halbar Betancor, Beatriz babdul@ull.es [\/vc_column_text][vc_empty_space][\/vc_column_inner][vc_column_inner width=\u00bb1\/4&#8243;][vc_empty_space][vc_single_image image=\u00bb474&#8243; img_size=\u00bb175X150&#8243; alignment=\u00bbcenter\u00bb style=\u00bbvc_box_rounded\u00bb css_animation=\u00bbzoomIn\u00bb][vc_empty_space height=\u00bb20px\u00bb][vc_column_text] Alcaile L\u00f3pez de Pablo, David dalcaide@ull.es [\/vc_column_text][vc_empty_space][\/vc_column_inner][vc_column_inner width=\u00bb1\/4&#8243;][vc_empty_space][vc_single_image image=\u00bb474&#8243; img_size=\u00bb175X150&#8243; alignment=\u00bbcenter\u00bb style=\u00bbvc_box_rounded\u00bb css_animation=\u00bbzoomIn\u00bb][vc_empty_space height=\u00bb20px\u00bb][vc_column_text] Alonso Ram\u00edrez, Daniel dalonso@ull.es [\/vc_column_text][vc_empty_space][\/vc_column_inner][vc_column_inner width=\u00bb1\/4&#8243;][vc_empty_space][vc_single_image image=\u00bb603&#8243; img_size=\u00bb175X150&#8243; alignment=\u00bbcenter\u00bb&#8230;<\/p>\n","protected":false},"author":2,"featured_media":0,"parent":0,"menu_order":0,"comment_status":"closed","ping_status":"closed","template":"templates\/template-no-title.php","meta":[],"_links":{"self":[{"href":"https:\/\/www.ull.es\/institutos\/instituto-matematicas-aplicaciones\/wp-json\/wp\/v2\/pages\/77"}],"collection":[{"href":"https:\/\/www.ull.es\/institutos\/instituto-matematicas-aplicaciones\/wp-json\/wp\/v2\/pages"}],"about":[{"href":"https:\/\/www.ull.es\/institutos\/instituto-matematicas-aplicaciones\/wp-json\/wp\/v2\/types\/page"}],"author":[{"embeddable":true,"href":"https:\/\/www.ull.es\/institutos\/instituto-matematicas-aplicaciones\/wp-json\/wp\/v2\/users\/2"}],"replies":[{"embeddable":true,"href":"https:\/\/www.ull.es\/institutos\/instituto-matematicas-aplicaciones\/wp-json\/wp\/v2\/comments?post=77"}],"version-history":[{"count":46,"href":"https:\/\/www.ull.es\/institutos\/instituto-matematicas-aplicaciones\/wp-json\/wp\/v2\/pages\/77\/revisions"}],"predecessor-version":[{"id":607,"href":"https:\/\/www.ull.es\/institutos\/instituto-matematicas-aplicaciones\/wp-json\/wp\/v2\/pages\/77\/revisions\/607"}],"wp:attachment":[{"href":"https:\/\/www.ull.es\/institutos\/instituto-matematicas-aplicaciones\/wp-json\/wp\/v2\/media?parent=77"}],"curies":[{"name":"wp","href":"https:\/\/api.w.org\/{rel}","templated":true}]}}