{"id":105,"date":"2021-02-24T09:35:36","date_gmt":"2021-02-24T09:35:36","guid":{"rendered":"http:\/\/www.ull.es\/institutos\/instituto-materiales-nanotecnologia\/?page_id=105"},"modified":"2026-02-09T08:46:44","modified_gmt":"2026-02-09T08:46:44","slug":"miembros-de-imn","status":"publish","type":"page","link":"https:\/\/www.ull.es\/institutos\/instituto-materiales-nanotecnologia\/miembros-de-imn\/","title":{"rendered":"Miembros de Instituto de Materiales y Nanotecnolog\u00eda"},"content":{"rendered":"<p>[vc_row full_width=\u00bbstretch_row_content\u00bb el_class=\u00bbprincipio-marcha\u00bb][vc_column css=\u00bb.vc_custom_1588939369209{padding-top: 40px !important;}\u00bb][vc_custom_heading text=\u00bbMiembros de Instituto de Materiales y Nanotecnolog\u00eda\u00bb font_container=\u00bbtag:h2|text_align:center|color:%23ffffff\u00bb use_theme_fonts=\u00bbyes\u00bb css_animation=\u00bbfadeInDownBig\u00bb][\/vc_column][\/vc_row][vc_row][vc_column][vc_empty_space height=\u00bb80px\u00bb][vc_row_inner equal_height=\u00bbyes\u00bb gap=\u00bb20&#8243;][vc_column_inner width=\u00bb1\/2&#8243; css=\u00bb.vc_custom_1606910011087{background-color: #dbdbdb !important;}\u00bb][vc_column_text]<\/p>\n<h3 style=\"text-align: center;\"><strong> Catedr\u00e1ticos de Universidad <\/strong><\/h3>\n<p>[\/vc_column_text][vc_empty_space][vc_column_text]<\/p>\n<p class=\"p1\" style=\"text-align: center;\"><a href=\"https:\/\/portalciencia.ull.es\/investigadores\/82053\/detalle\" target=\"_blank\" rel=\"noopener\" target=\"_blank\" rel=\"noopener\"><span class=\"s1\">Ar\u00e9valo Morales, M\u00aa del Carmen<\/span><\/a><\/p>\n<p class=\"p1\" style=\"text-align: center;\"><a href=\"https:\/\/portalciencia.ull.es\/investigadores\/82267\/detalle\" target=\"_blank\" rel=\"noopener\" target=\"_blank\" rel=\"noopener\"><span class=\"s1\">Guerrero Lemus, Ricardo<\/span><\/a><\/p>\n<p class=\"p1\" style=\"text-align: center;\"><a href=\"https:\/\/portalciencia.ull.es\/investigadores\/80925\/detalle\" target=\"_blank\" rel=\"noopener\" target=\"_blank\" rel=\"noopener\"><span class=\"s1\">Hern\u00e1ndez Creus, Alberto<\/span><\/a><\/p>\n<p class=\"p2\" style=\"text-align: center;\"><a href=\"https:\/\/portalciencia.ull.es\/investigadores\/81636\/detalle\" target=\"_blank\" rel=\"noopener\" target=\"_blank\" rel=\"noopener\"><span class=\"s1\">Mart\u00edn Benenzuela, Inocencio<\/span><\/a><\/p>\n<p style=\"text-align: center;\"><a href=\"https:\/\/portalciencia.ull.es\/investigadores\/81461\/detalle\" target=\"_blank\" rel=\"noopener\" target=\"_blank\" rel=\"noopener\"><span class=\"s1\">Mujica Fernaud, Andr\u00e9s<\/span><\/a><\/p>\n<p class=\"p1\" style=\"text-align: center;\"><a href=\"https:\/\/portalciencia.ull.es\/investigadores\/82401\/detalle\" target=\"_blank\" rel=\"noopener\" target=\"_blank\" rel=\"noopener\"><span class=\"s1\">Nu\u00f1ez Coello, Pedro<\/span><\/a><\/p>\n<p class=\"p1\" style=\"text-align: center;\"><a href=\"https:\/\/portalciencia.ull.es\/investigadores\/80790\/detalle\" target=\"_blank\" rel=\"noopener\" target=\"_blank\" rel=\"noopener\"><span class=\"s1\">Pastor Tejera, Elena<\/span><\/a><\/p>\n<p class=\"p1\" style=\"text-align: center;\"><a href=\"https:\/\/portalciencia.ull.es\/investigadores\/81885\/detalle\" target=\"_blank\" rel=\"noopener\" target=\"_blank\" rel=\"noopener\"><span class=\"s1\">Rodr\u00edguez Armas, Vicente<\/span><\/a><\/p>\n<p style=\"text-align: center;\"><a href=\"https:\/\/portalciencia.ull.es\/investigadores\/81874\/detalle\" target=\"_blank\" rel=\"noopener\" target=\"_blank\" rel=\"noopener\"><span class=\"s1\">Rodr\u00edguez Mendoza, Ulises R.<\/span><\/a><\/p>\n<p class=\"p1\" style=\"text-align: center;\"><a href=\"https:\/\/portalciencia.ull.es\/investigadores\/82403\/detalle\" target=\"_blank\" rel=\"noopener\" target=\"_blank\" rel=\"noopener\"><span class=\"s1\">Sanchis Suarez, Joaqu\u00edn<\/span><\/a><\/p>\n<p class=\"p1\" style=\"text-align: center;\"><a href=\"https:\/\/portalciencia.ull.es\/investigadores\/82350\/detalle\" target=\"_blank\" rel=\"noopener\" target=\"_blank\" rel=\"noopener\"><span class=\"s1\">Souto Su\u00e1rez , Ricardo<\/span><\/a><\/p>\n<p>[\/vc_column_text][vc_empty_space height=\u00bb20px\u00bb][\/vc_column_inner][vc_column_inner width=\u00bb1\/2&#8243; css=\u00bb.vc_custom_1614159117388{background-color: #dbdbdb !important;}\u00bb][vc_column_text]<\/p>\n<h3 style=\"text-align: center;\"><strong>Titulares de Universidad<\/strong><\/h3>\n<p>[\/vc_column_text][vc_empty_space][vc_column_text]<\/p>\n<p class=\"p1\" style=\"text-align: center;\"><a href=\"https:\/\/portalciencia.ull.es\/investigadores\/81755\/detalle\" target=\"_blank\" rel=\"noopener\" target=\"_blank\" rel=\"noopener\"><span class=\"s1\">Capuj Rodr\u00edguez, N\u00e9stor<\/span><\/a><\/p>\n<p class=\"p1\" style=\"text-align: center;\"><a href=\"https:\/\/portalciencia.ull.es\/investigadores\/81448\/detalle\" target=\"_blank\" rel=\"noopener\" target=\"_blank\" rel=\"noopener\"><span class=\"s1\">Gonz\u00e1lez Silgo, M\u00aa Cristina<\/span><\/a><\/p>\n<p class=\"p1\" style=\"text-align: center;\"><a href=\"https:\/\/portalciencia.ull.es\/investigadores\/81451\/detalle\" target=\"_blank\" rel=\"noopener\" target=\"_blank\" rel=\"noopener\"><span class=\"s1\">Hern\u00e1ndez Rodr\u00edguez, Cecilio<\/span><\/a><\/p>\n<p style=\"text-align: center;\"><a href=\"https:\/\/portalciencia.ull.es\/investigadores\/81676\/detalle\" target=\"_blank\" rel=\"noopener\" target=\"_blank\" rel=\"noopener\"><span class=\"s1\">Izquierdo P\u00e9rez, Javier<\/span><\/a><\/p>\n<p class=\"p1\" style=\"text-align: center;\"><a href=\"https:\/\/portalciencia.ull.es\/investigadores\/82158\/detalle\" target=\"_blank\" rel=\"noopener\" target=\"_blank\" rel=\"noopener\"><span class=\"s1\">Laz Pav\u00f3n, Mar\u00eda Milagros<\/span><\/a><\/p>\n<p class=\"p1\" style=\"text-align: center;\"><a href=\"https:\/\/portalciencia.ull.es\/investigadores\/81713\/detalle\" target=\"_blank\" rel=\"noopener\" target=\"_blank\" rel=\"noopener\"><span class=\"s1\">M\u00e9ndez Ramos, Jorge<\/span><\/a><\/p>\n<p style=\"text-align: center;\"><a href=\"https:\/\/portalciencia.ull.es\/investigadores\/81714\/detalle\" target=\"_blank\" rel=\"noopener\" target=\"_blank\" rel=\"noopener\"><span class=\"s1\">Pas\u00e1n Garc\u00eda, Jorge<\/span><\/a><\/p>\n<p class=\"p1\" style=\"text-align: center;\"><a href=\"https:\/\/portalciencia.ull.es\/investigadores\/81843\/detalle\" target=\"_blank\" rel=\"noopener\" target=\"_blank\" rel=\"noopener\"><span class=\"s1\">Radescu Cioranescu, Silvana<\/span><\/a><\/p>\n<p class=\"p1\" style=\"text-align: center;\"><span class=\"s1\"><a href=\"https:\/\/portalciencia.ull.es\/investigadores\/81178\/detalle\" target=\"_blank\" rel=\"noopener\" target=\"_blank\" rel=\"noopener\">Rodr\u00edguez Marrero, Jos\u00e9 Luis<\/a> <\/span><\/p>\n<p class=\"p1\" style=\"text-align: center;\"><a href=\"https:\/\/portalciencia.ull.es\/investigadores\/81385\/detalle\" target=\"_blank\" rel=\"noopener\" target=\"_blank\" rel=\"noopener\"><span class=\"s1\">Torres Betancort, Manuel <\/span><\/a><\/p>\n<p>[\/vc_column_text][vc_empty_space height=\u00bb20px\u00bb][\/vc_column_inner][\/vc_row_inner][\/vc_column][\/vc_row][vc_row][vc_column][vc_empty_space height=\u00bb80px\u00bb][vc_row_inner equal_height=\u00bbyes\u00bb gap=\u00bb20&#8243;][vc_column_inner width=\u00bb1\/3&#8243; css=\u00bb.vc_custom_1653386656437{background-color: #dbdbdb !important;}\u00bb][vc_column_text]<\/p>\n<h3 style=\"text-align: center;\"><strong>Contratado Doctor<\/strong><\/h3>\n<p>[\/vc_column_text][vc_empty_space][vc_column_text]<\/p>\n<p style=\"text-align: center;\"><a href=\"https:\/\/portalciencia.ull.es\/investigadores\/81208\/detalle\" target=\"_blank\" rel=\"noopener\" target=\"_blank\" rel=\"noopener\"><span class=\"s1\">C\u00e1ceres Alvarado, Jos\u00e9 Miguel<\/span><\/a><\/p>\n<p class=\"p1\" style=\"text-align: center;\"><a href=\"https:\/\/portalciencia.ull.es\/investigadores\/82423\/detalle\" target=\"_blank\" rel=\"noopener\" target=\"_blank\" rel=\"noopener\"><span class=\"s1\">Garc\u00eda Silvestro, Gonzalo<\/span><\/a><\/p>\n<p class=\"p1\" style=\"text-align: center;\"><a href=\"https:\/\/portalciencia.ull.es\/investigadores\/81548\/detalle\" target=\"_blank\" rel=\"noopener\" target=\"_blank\" rel=\"noopener\"><span class=\"s1\">Gil Hern\u00e1ndez, Beatriz<\/span><\/a><\/p>\n<p style=\"text-align: center;\"><a href=\"https:\/\/portalciencia.ull.es\/investigadores\/82566\/detalle\" target=\"_blank\" rel=\"noopener\" target=\"_blank\" rel=\"noopener\"><span class=\"s1\">Gonz\u00e1lez Orive, <\/span><\/a><a href=\"https:\/\/portalciencia.ull.es\/investigadores\/82566\/detalle\" target=\"_blank\" rel=\"noopener\" target=\"_blank\" rel=\"noopener\">Alejandro <\/a><\/p>\n<p style=\"text-align: center;\"><a href=\"https:\/\/portalciencia.ull.es\/investigadores\/81412\/detalle\" target=\"_blank\" rel=\"noopener\" target=\"_blank\" rel=\"noopener\"><span class=\"s1\">Hern\u00e1ndez Molina, Mar\u00eda<\/span><\/a><\/p>\n<p class=\"p1\" style=\"text-align: center;\"><a href=\"https:\/\/portalciencia.ull.es\/investigadores\/82399\/detalle\" target=\"_blank\" rel=\"noopener\" target=\"_blank\" rel=\"noopener\">Lozano Gorr\u00edn, Antonio Diego<\/a><\/p>\n<p style=\"text-align: center;\"><a href=\"https:\/\/portalciencia.ull.es\/investigadores\/81808\/detalle\" target=\"_blank\" rel=\"noopener\" target=\"_blank\" rel=\"noopener\">Salazar Carballo, Pedro \u00c1ngel<\/a><\/p>\n<p>[\/vc_column_text][vc_empty_space height=\u00bb20px\u00bb][\/vc_column_inner][vc_column_inner width=\u00bb1\/3&#8243; css=\u00bb.vc_custom_1653386637187{background-color: #dbdbdb !important;}\u00bb][vc_column_text]<\/p>\n<h3 style=\"text-align: center;\"><strong>Ayudantes doctores<\/strong><\/h3>\n<p>[\/vc_column_text][vc_empty_space][vc_column_text]<\/p>\n<p style=\"text-align: center;\"><a href=\"https:\/\/portalciencia.ull.es\/investigadores\/278637\/detalle\" target=\"_blank\" rel=\"noopener\" data-saferedirecturl=\"https:\/\/www.google.com\/url?q=https:\/\/portalciencia.ull.es\/investigadores\/278637\/detalle&amp;source=gmail&amp;ust=1740472276779000&amp;usg=AOvVaw1MMhWQ4nOgH1ww4WfuZq0S\" target=\"_blank\" rel=\"noopener\">Calder\u00f3n G\u00f3mez, Juan Carlos<\/a><\/p>\n<p style=\"text-align: center;\"><a href=\"https:\/\/portalciencia.ull.es\/investigadores\/205521\/detalle\" target=\"_blank\" rel=\"noopener\" target=\"_blank\" rel=\"noopener\"><span class=\"s1\">Rodr\u00edguez Gonz\u00e1lez, <\/span>Miriam Candelaria<\/a><\/p>\n<p>[\/vc_column_text][vc_empty_space height=\u00bb20px\u00bb][\/vc_column_inner][vc_column_inner width=\u00bb1\/3&#8243; css=\u00bb.vc_custom_1614159370011{background-color: #dbdbdb !important;}\u00bb][vc_column_text]<\/p>\n<h3 style=\"text-align: center;\"><strong>Estudiantes de Doctorado<\/strong><\/h3>\n<p>[\/vc_column_text][vc_empty_space][vc_column_text]<\/p>\n<p style=\"text-align: center;\"><a href=\"https:\/\/portalciencia.ull.es\/investigadores\/82581\/detalle\" target=\"_blank\" rel=\"noopener\"><span style=\"font-weight: 400;\">Delgado Barreto, <\/span><\/a><a href=\"https:\/\/portalciencia.ull.es\/investigadores\/82581\/detalle\" target=\"_blank\" rel=\"noopener\">Stefan<\/a><\/p>\n<p style=\"text-align: center;\"><a href=\"https:\/\/portalciencia.ull.es\/investigadores\/98809\/detalle\" target=\"_blank\" rel=\"noopener\" target=\"_blank\" rel=\"noopener\">Gonz\u00e1lez Rodr\u00edguez, Modesto<\/a><\/p>\n<p style=\"text-align: center;\">Mardones Herrera, El\u00edas Andr\u00e9s<\/p>\n<p style=\"text-align: center;\">Sanabria Le\u00f3n, Meilyn<\/p>\n<p style=\"text-align: center;\">Rodr\u00edguez Iguini, Alexander Manuel<\/p>\n<p>[\/vc_column_text][vc_empty_space height=\u00bb20px\u00bb][\/vc_column_inner][\/vc_row_inner][vc_empty_space height=\u00bb80px\u00bb][\/vc_column][\/vc_row]<\/p>\n","protected":false},"excerpt":{"rendered":"<p>[vc_row full_width=\u00bbstretch_row_content\u00bb el_class=\u00bbprincipio-marcha\u00bb][vc_column css=\u00bb.vc_custom_1588939369209{padding-top: 40px !important;}\u00bb][vc_custom_heading text=\u00bbMiembros de Instituto de Materiales y Nanotecnolog\u00eda\u00bb font_container=\u00bbtag:h2|text_align:center|color:%23ffffff\u00bb use_theme_fonts=\u00bbyes\u00bb css_animation=\u00bbfadeInDownBig\u00bb][\/vc_column][\/vc_row][vc_row][vc_column][vc_empty_space height=\u00bb80px\u00bb][vc_row_inner equal_height=\u00bbyes\u00bb gap=\u00bb20&#8243;][vc_column_inner width=\u00bb1\/2&#8243; css=\u00bb.vc_custom_1606910011087{background-color: #dbdbdb !important;}\u00bb][vc_column_text] Catedr\u00e1ticos de Universidad [\/vc_column_text][vc_empty_space][vc_column_text] Ar\u00e9valo Morales, M\u00aa del Carmen Guerrero Lemus, Ricardo Hern\u00e1ndez Creus, Alberto Mart\u00edn Benenzuela, Inocencio Mujica Fernaud, Andr\u00e9s Nu\u00f1ez Coello, Pedro Pastor Tejera, Elena Rodr\u00edguez Armas, Vicente Rodr\u00edguez Mendoza,&#8230;<\/p>\n","protected":false},"author":2,"featured_media":0,"parent":0,"menu_order":0,"comment_status":"closed","ping_status":"closed","template":"templates\/template-no-title.php","meta":[],"_links":{"self":[{"href":"https:\/\/www.ull.es\/institutos\/instituto-materiales-nanotecnologia\/wp-json\/wp\/v2\/pages\/105"}],"collection":[{"href":"https:\/\/www.ull.es\/institutos\/instituto-materiales-nanotecnologia\/wp-json\/wp\/v2\/pages"}],"about":[{"href":"https:\/\/www.ull.es\/institutos\/instituto-materiales-nanotecnologia\/wp-json\/wp\/v2\/types\/page"}],"author":[{"embeddable":true,"href":"https:\/\/www.ull.es\/institutos\/instituto-materiales-nanotecnologia\/wp-json\/wp\/v2\/users\/2"}],"replies":[{"embeddable":true,"href":"https:\/\/www.ull.es\/institutos\/instituto-materiales-nanotecnologia\/wp-json\/wp\/v2\/comments?post=105"}],"version-history":[{"count":29,"href":"https:\/\/www.ull.es\/institutos\/instituto-materiales-nanotecnologia\/wp-json\/wp\/v2\/pages\/105\/revisions"}],"predecessor-version":[{"id":231,"href":"https:\/\/www.ull.es\/institutos\/instituto-materiales-nanotecnologia\/wp-json\/wp\/v2\/pages\/105\/revisions\/231"}],"wp:attachment":[{"href":"https:\/\/www.ull.es\/institutos\/instituto-materiales-nanotecnologia\/wp-json\/wp\/v2\/media?parent=105"}],"curies":[{"name":"wp","href":"https:\/\/api.w.org\/{rel}","templated":true}]}}