{"id":182,"date":"2022-04-22T08:49:20","date_gmt":"2022-04-22T08:49:20","guid":{"rendered":"https:\/\/www.ull.es\/institutos\/instituto-materiales-nanotecnologia\/?page_id=182"},"modified":"2022-04-22T08:49:32","modified_gmt":"2022-04-22T08:49:32","slug":"seminarios","status":"publish","type":"page","link":"https:\/\/www.ull.es\/institutos\/instituto-materiales-nanotecnologia\/seminarios\/","title":{"rendered":"Seminarios"},"content":{"rendered":"<p>[vc_row full_width=\u00bbstretch_row_content\u00bb el_class=\u00bbprincipio-marcha\u00bb][vc_column css=\u00bb.vc_custom_1588939369209{padding-top: 40px !important;}\u00bb][vc_custom_heading text=\u00bbSeminarios\u00bb font_container=\u00bbtag:h2|text_align:center|color:%23ffffff\u00bb use_theme_fonts=\u00bbyes\u00bb css_animation=\u00bbfadeInDownBig\u00bb][\/vc_column][\/vc_row][vc_row][vc_column][vc_empty_space][vc_column_text]\n<style>\n    .events-group .bg-size {\n        background-position: center;\n        background-size: cover;\n        width: 100%;\n        height: 48px;\n    }\n    .events-group .list-group-item-text {\n        font-size: 13px;\n    }\n    .events-group .col-md-3 {\n        padding-right: 0;\n    }\n    .events-group .list-group-item-date {\n        font-size: 11px;\n        color: #A4A4A4;\n        margin-bottom: 2px;\n        text-transform: uppercase;\n    }\n\n    .mensaje.alert-warning{\n        font-size: 12px;\n        margin: 14px !important;\n        padding: 4px 8px;\n        color: #cca60b;\n    }\n\n<\/style>\n\n<div class=\"panel panel-default\">\n    <div class=\"panel-heading\">\n        <h3 class=\"panel-title\">Eventos<\/h3>\n    <\/div>\n\n    <div class=\"list-group events-group\">\n                    <a href=\"https:\/\/www.ull.es\/portal\/agenda\/evento\/ix-jornadas-juan-carlos-ruiz-morales\/\" class=\"list-group-item\">\n                <div class=\"row\">\n                    <div class=\"col-md-3\">\n                        <div class=\"bg-size\" style=\"background-image: url('https:\/\/www.ull.es\/portal\/agenda\/wp-content\/uploads\/sites\/12\/2025\/10\/IX-Jornadas-Juan-Carlos-Ruiz-Morales_Banner-eventos.png');\"><\/div>\n                    <\/div>\n                    <div class=\"col-md-9\">\n                        <p class=\"list-group-item-date\">\n                            04\/11\/25 - 04\/11\/25                        <\/p>\n                        <p class=\"list-group-item-text\">IX Jornadas Juan Carlos Ruiz Morales<\/p>\n                    <\/div>\n\n                <\/div>\n            <\/a>\n                    <a href=\"https:\/\/www.ull.es\/portal\/agenda\/evento\/45a-reunion-del-grupo-de-electroquimica-de-la-real-sociedad-espanola-de-quimica\/\" class=\"list-group-item\">\n                <div class=\"row\">\n                    <div class=\"col-md-3\">\n                        <div class=\"bg-size\" style=\"background-image: url('https:\/\/www.ull.es\/portal\/agenda\/wp-content\/uploads\/sites\/12\/2025\/06\/45a-Reunion-del-Grupo-de-Electroquimica-de-la-Real-Sociedad-Espanola-de-Quimica_Banner-eventos-1.png');\"><\/div>\n                    <\/div>\n                    <div class=\"col-md-9\">\n                        <p class=\"list-group-item-date\">\n                            15\/07\/25 - 18\/07\/25                        <\/p>\n                        <p class=\"list-group-item-text\">45\u00aa Reuni\u00f3n del Grupo de Electroqu\u00edmica de la Real Sociedad Espa\u00f1ola de Qu\u00edmica<\/p>\n                    <\/div>\n\n                <\/div>\n            <\/a>\n                    <a href=\"https:\/\/www.ull.es\/portal\/agenda\/evento\/viii-jornadas-juan-carlos-ruiz-morales\/\" class=\"list-group-item\">\n                <div class=\"row\">\n                    <div class=\"col-md-3\">\n                        <div class=\"bg-size\" style=\"background-image: url('https:\/\/www.ull.es\/portal\/agenda\/wp-content\/uploads\/sites\/12\/2024\/10\/Jornadas-Juan-Carlos-Ruiz_Banner-eventos.png');\"><\/div>\n                    <\/div>\n                    <div class=\"col-md-9\">\n                        <p class=\"list-group-item-date\">\n                            04\/11\/24 - 04\/11\/24                        <\/p>\n                        <p class=\"list-group-item-text\">VIII Jornadas Juan Carlos Ruiz Morales<\/p>\n                    <\/div>\n\n                <\/div>\n            <\/a>\n                    <a href=\"https:\/\/www.ull.es\/portal\/agenda\/evento\/photocatalysis\/\" class=\"list-group-item\">\n                <div class=\"row\">\n                    <div class=\"col-md-3\">\n                        <div class=\"bg-size\" style=\"background-image: url('https:\/\/www.ull.es\/portal\/agenda\/wp-content\/uploads\/sites\/12\/2023\/10\/II-Workshop-on-Materials-for-Photocatalysis-Energy-and-Clean-Environment_Banner-eventos.jpg');\"><\/div>\n                    <\/div>\n                    <div class=\"col-md-9\">\n                        <p class=\"list-group-item-date\">\n                            22\/02\/24 - 23\/02\/24                        <\/p>\n                        <p class=\"list-group-item-text\">II Workshop on Materials for Photocatalysis, Energy and Clean Environment<\/p>\n                    <\/div>\n\n                <\/div>\n            <\/a>\n                    <a href=\"https:\/\/www.ull.es\/portal\/agenda\/evento\/vii-jornadas-juan-carlos-ruiz-morales\/\" class=\"list-group-item\">\n                <div class=\"row\">\n                    <div class=\"col-md-3\">\n                        <div class=\"bg-size\" style=\"background-image: url('https:\/\/www.ull.es\/portal\/agenda\/wp-content\/uploads\/sites\/12\/2023\/10\/VII-Jornadas-Juan-Carlos-Ruiz-Morales_Banner-eventos.png');\"><\/div>\n                    <\/div>\n                    <div class=\"col-md-9\">\n                        <p class=\"list-group-item-date\">\n                            02\/11\/23 - 02\/11\/23                        <\/p>\n                        <p class=\"list-group-item-text\">VII Jornadas Juan Carlos Ruiz Morales<\/p>\n                    <\/div>\n\n                <\/div>\n            <\/a>\n                    <a href=\"https:\/\/www.ull.es\/portal\/agenda\/evento\/conferencia-neutrinos-detectando-lo-elusivo\/\" class=\"list-group-item\">\n                <div class=\"row\">\n                    <div class=\"col-md-3\">\n                        <div class=\"bg-size\" style=\"background-image: url('https:\/\/www.ull.es\/portal\/agenda\/wp-content\/uploads\/sites\/12\/2022\/12\/Conferencia-neutrinos_Banner-evento.png');\"><\/div>\n                    <\/div>\n                    <div class=\"col-md-9\">\n                        <p class=\"list-group-item-date\">\n                            20\/12\/22 - 20\/12\/22                        <\/p>\n                        <p class=\"list-group-item-text\">Conferencia: Neutrinos: Detectando lo Elusivo<\/p>\n                    <\/div>\n\n                <\/div>\n            <\/a>\n                    <a href=\"https:\/\/www.ull.es\/portal\/agenda\/evento\/vi-jornadas-juan-carlos-ruiz-morales\/\" class=\"list-group-item\">\n                <div class=\"row\">\n                    <div class=\"col-md-3\">\n                        <div class=\"bg-size\" style=\"background-image: url('https:\/\/www.ull.es\/portal\/agenda\/wp-content\/uploads\/sites\/12\/2022\/10\/VI-Jornadas-Juan-Carlos-Ruiz-Morales_Banner-evento.png');\"><\/div>\n                    <\/div>\n                    <div class=\"col-md-9\">\n                        <p class=\"list-group-item-date\">\n                            09\/11\/22 - 09\/11\/22                        <\/p>\n                        <p class=\"list-group-item-text\">VI Jornadas Juan Carlos Ruiz Morales<\/p>\n                    <\/div>\n\n                <\/div>\n            <\/a>\n                    <a href=\"https:\/\/www.ull.es\/portal\/agenda\/evento\/seminario-nanometals-principles-and-applications\/\" class=\"list-group-item\">\n                <div class=\"row\">\n                    <div class=\"col-md-3\">\n                        <div class=\"bg-size\" style=\"background-image: url('https:\/\/www.ull.es\/portal\/agenda\/wp-content\/uploads\/sites\/12\/2022\/04\/Seminario-Nanometals_Banner-evento.png');\"><\/div>\n                    <\/div>\n                    <div class=\"col-md-9\">\n                        <p class=\"list-group-item-date\">\n                            26\/04\/22 - 26\/04\/22                        <\/p>\n                        <p class=\"list-group-item-text\">Seminario: \u201cNanometals \u2013 principles and applications\u201d<\/p>\n                    <\/div>\n\n                <\/div>\n            <\/a>\n                    <a href=\"https:\/\/www.ull.es\/portal\/agenda\/evento\/seminario-introduction-to-biomaterials\/\" class=\"list-group-item\">\n                <div class=\"row\">\n                    <div class=\"col-md-3\">\n                        <div class=\"bg-size\" style=\"background-image: url('https:\/\/www.ull.es\/portal\/agenda\/wp-content\/uploads\/sites\/12\/2022\/04\/Seminario-Biomaterials_Banner-evento.jpg');\"><\/div>\n                    <\/div>\n                    <div class=\"col-md-9\">\n                        <p class=\"list-group-item-date\">\n                            25\/04\/22 - 25\/04\/22                        <\/p>\n                        <p class=\"list-group-item-text\">Seminario: \u201cIntroduction to biomaterials\u201d<\/p>\n                    <\/div>\n\n                <\/div>\n            <\/a>\n                    <a href=\"https:\/\/www.ull.es\/portal\/agenda\/evento\/v-jornadas-juan-carlos-ruiz-morales\/\" class=\"list-group-item\">\n                <div class=\"row\">\n                    <div class=\"col-md-3\">\n                        <div class=\"bg-size\" style=\"background-image: url('https:\/\/www.ull.es\/portal\/agenda\/wp-content\/uploads\/sites\/12\/2021\/11\/v-jornadas-evento.jpg');\"><\/div>\n                    <\/div>\n                    <div class=\"col-md-9\">\n                        <p class=\"list-group-item-date\">\n                            13\/12\/21 - 13\/12\/21                        <\/p>\n                        <p class=\"list-group-item-text\">V Jornadas Juan Carlos Ruiz Morales<\/p>\n                    <\/div>\n\n                <\/div>\n            <\/a>\n                    <a href=\"https:\/\/www.ull.es\/portal\/agenda\/evento\/iv-jornadas-juan-carlos-ruiz-morales\/\" class=\"list-group-item\">\n                <div class=\"row\">\n                    <div class=\"col-md-3\">\n                        <div class=\"bg-size\" style=\"background-image: url('https:\/\/www.ull.es\/portal\/agenda\/wp-content\/uploads\/sites\/12\/2020\/12\/imagen-eventpo.jpg');\"><\/div>\n                    <\/div>\n                    <div class=\"col-md-9\">\n                        <p class=\"list-group-item-date\">\n                            16\/12\/20 - 16\/12\/20                        <\/p>\n                        <p class=\"list-group-item-text\">IV Jornadas Juan Carlos Ruiz Morales<\/p>\n                    <\/div>\n\n                <\/div>\n            <\/a>\n        \n    <\/div>\n    <div class=\"panel-footer\">\n        <a href=\"https:\/\/www.ull.es\/portal\/agenda\/eventos\/categoria\/instituto-materiales-nanotecnologia\">M\u00c1S EVENTOS <i class=\"fa fa-chevron-right\"><\/i><\/a>\n    <\/div>\n\n\n<\/div>\n[\/vc_column_text][vc_btn title=\u00bbM\u00c1S EVENTOS\u00bb color=\u00bbviolet\u00bb link=\u00bburl:https%3A%2F%2Fwww.ull.es%2Fportal%2Fagenda%2Feventos%2Ffoto%2F%3Faction%3Dtribe_photo%26tribe_paged%3D1%26tribe_event_display%3Dpast%26tribe_eventcategory%255B%255D%3D2654%20%20|title:M%C3%81S%20EVENTOS|target:%20_blank|\u00bb][\/vc_column][\/vc_row]<\/p>\n","protected":false},"excerpt":{"rendered":"<p>[vc_row full_width=\u00bbstretch_row_content\u00bb el_class=\u00bbprincipio-marcha\u00bb][vc_column css=\u00bb.vc_custom_1588939369209{padding-top: 40px !important;}\u00bb][vc_custom_heading text=\u00bbSeminarios\u00bb font_container=\u00bbtag:h2|text_align:center|color:%23ffffff\u00bb use_theme_fonts=\u00bbyes\u00bb css_animation=\u00bbfadeInDownBig\u00bb][\/vc_column][\/vc_row][vc_row][vc_column][vc_empty_space][vc_column_text][\/vc_column_text][vc_btn title=\u00bbM\u00c1S EVENTOS\u00bb color=\u00bbviolet\u00bb link=\u00bburl:https%3A%2F%2Fwww.ull.es%2Fportal%2Fagenda%2Feventos%2Ffoto%2F%3Faction%3Dtribe_photo%26tribe_paged%3D1%26tribe_event_display%3Dpast%26tribe_eventcategory%255B%255D%3D2654%20%20|title:M%C3%81S%20EVENTOS|target:%20_blank|\u00bb][\/vc_column][\/vc_row]<\/p>\n","protected":false},"author":2,"featured_media":0,"parent":0,"menu_order":0,"comment_status":"closed","ping_status":"closed","template":"templates\/template-no-title.php","meta":[],"_links":{"self":[{"href":"https:\/\/www.ull.es\/institutos\/instituto-materiales-nanotecnologia\/wp-json\/wp\/v2\/pages\/182"}],"collection":[{"href":"https:\/\/www.ull.es\/institutos\/instituto-materiales-nanotecnologia\/wp-json\/wp\/v2\/pages"}],"about":[{"href":"https:\/\/www.ull.es\/institutos\/instituto-materiales-nanotecnologia\/wp-json\/wp\/v2\/types\/page"}],"author":[{"embeddable":true,"href":"https:\/\/www.ull.es\/institutos\/instituto-materiales-nanotecnologia\/wp-json\/wp\/v2\/users\/2"}],"replies":[{"embeddable":true,"href":"https:\/\/www.ull.es\/institutos\/instituto-materiales-nanotecnologia\/wp-json\/wp\/v2\/comments?post=182"}],"version-history":[{"count":3,"href":"https:\/\/www.ull.es\/institutos\/instituto-materiales-nanotecnologia\/wp-json\/wp\/v2\/pages\/182\/revisions"}],"predecessor-version":[{"id":185,"href":"https:\/\/www.ull.es\/institutos\/instituto-materiales-nanotecnologia\/wp-json\/wp\/v2\/pages\/182\/revisions\/185"}],"wp:attachment":[{"href":"https:\/\/www.ull.es\/institutos\/instituto-materiales-nanotecnologia\/wp-json\/wp\/v2\/media?parent=182"}],"curies":[{"name":"wp","href":"https:\/\/api.w.org\/{rel}","templated":true}]}}