{"id":23,"date":"2020-12-22T11:27:09","date_gmt":"2020-12-22T11:27:09","guid":{"rendered":"http:\/\/www.ull.es\/institutos\/instituto-materiales-nanotecnologia\/?page_id=23"},"modified":"2020-12-22T11:34:57","modified_gmt":"2020-12-22T11:34:57","slug":"presentacion","status":"publish","type":"page","link":"https:\/\/www.ull.es\/institutos\/instituto-materiales-nanotecnologia\/presentacion\/","title":{"rendered":"Presentaci\u00f3n"},"content":{"rendered":"<p>[vc_row full_width=\u00bbstretch_row_content\u00bb el_class=\u00bbprincipio-marcha\u00bb][vc_column css=\u00bb.vc_custom_1588939369209{padding-top: 40px !important;}\u00bb][vc_custom_heading text=\u00bbPresentaci\u00f3n\u00bb font_container=\u00bbtag:h2|text_align:center|color:%23ffffff\u00bb use_theme_fonts=\u00bbyes\u00bb css_animation=\u00bbfadeInDownBig\u00bb][\/vc_column][\/vc_row][vc_row full_width=\u00bbstretch_row_content\u00bb equal_height=\u00bbyes\u00bb][vc_column width=\u00bb1\/2&#8243; css=\u00bb.vc_custom_1588936329456{padding-top: 5% !important;padding-right: 10% !important;padding-bottom: 5% !important;padding-left: 10% !important;background-color: #f2f2f2 !important;}\u00bb][vc_column_text]<\/p>\n<h4 class=\"p1\"><span class=\"s1\"><i>\u00bfC\u00f3mo surge el IMN?<\/i><\/span><\/h4>\n<p class=\"p1\"><span class=\"s1\">El Instituto Universitario de Materiales y Nanotecnolog\u00eda de la Universidad de La Laguna (IMN) surge como iniciativa de varios grupos de investigaci\u00f3n de la ULL cuyas l\u00edneas de trabajo se desarrollan en el \u00e1rea de materiales y nanotecnolog\u00eda. La idea inicial fue la de crear un centro de investigaci\u00f3n interdisciplinar que agrupara los aspectos diferentes y a la vez complementarios sobre estos temas de trabajo. De ah\u00ed que las personas que integran el IMN pertenecen a \u00e1reas de conocimiento tanto de F\u00edsica como de Qu\u00edmica e Ingenier\u00eda. <\/span><\/p>\n<p>[\/vc_column_text][\/vc_column][vc_column width=\u00bb1\/2&#8243; css=\u00bb.vc_custom_1608636895971{background: #e5e5e5 url(http:\/\/www.ull.es\/institutos\/instituto-materiales-nanotecnologia\/wp-content\/uploads\/sites\/16\/2020\/12\/nano-5.png?id=34) !important;background-position: center !important;background-repeat: no-repeat !important;background-size: cover !important;}\u00bb][vc_empty_space height=\u00bb500px\u00bb][\/vc_column][\/vc_row][vc_row full_width=\u00bbstretch_row_content\u00bb equal_height=\u00bbyes\u00bb][vc_column width=\u00bb1\/2&#8243; css=\u00bb.vc_custom_1608636880354{background: #f2f2f2 url(http:\/\/www.ull.es\/institutos\/instituto-materiales-nanotecnologia\/wp-content\/uploads\/sites\/16\/2020\/12\/nano-5.jpg?id=32) !important;background-position: center !important;background-repeat: no-repeat !important;background-size: cover !important;}\u00bb][vc_empty_space height=\u00bb500px\u00bb][\/vc_column][vc_column width=\u00bb1\/2&#8243; css=\u00bb.vc_custom_1608631355555{padding-top: 5% !important;padding-right: 10% !important;padding-bottom: 5% !important;padding-left: 10% !important;background-color: #e5e5e5 !important;background-position: center !important;background-repeat: no-repeat !important;background-size: cover !important;}\u00bb][vc_column_text]<\/p>\n<p class=\"p2\"><span class=\"s1\">Se cre\u00f3 el 6 de junio de 2008 mediante el decreto 121\/2008 del Gobierno de Canarias (BOC no. 112 de 6 de junio de 2008) como Instituto Universitario de Investigaci\u00f3n de la Universidad de La Laguna al amparo de la Ley Org\u00e1nica (6\/2001) de Universidades de 21 de diciembre de 2001 y de los Estatutos de la Universidad de La Laguna (ULL), y atendiendo a las disposiciones vigentes que desarrollan las normas precedentes en esta materia. <\/span><\/p>\n<p>[\/vc_column_text][\/vc_column][\/vc_row]<\/p>\n","protected":false},"excerpt":{"rendered":"<p>[vc_row full_width=\u00bbstretch_row_content\u00bb el_class=\u00bbprincipio-marcha\u00bb][vc_column css=\u00bb.vc_custom_1588939369209{padding-top: 40px !important;}\u00bb][vc_custom_heading text=\u00bbPresentaci\u00f3n\u00bb font_container=\u00bbtag:h2|text_align:center|color:%23ffffff\u00bb use_theme_fonts=\u00bbyes\u00bb css_animation=\u00bbfadeInDownBig\u00bb][\/vc_column][\/vc_row][vc_row full_width=\u00bbstretch_row_content\u00bb equal_height=\u00bbyes\u00bb][vc_column width=\u00bb1\/2&#8243; css=\u00bb.vc_custom_1588936329456{padding-top: 5% !important;padding-right: 10% !important;padding-bottom: 5% !important;padding-left: 10% !important;background-color: #f2f2f2 !important;}\u00bb][vc_column_text] \u00bfC\u00f3mo surge el IMN? El Instituto Universitario de Materiales y Nanotecnolog\u00eda de la Universidad de La Laguna (IMN) surge como iniciativa de varios grupos de investigaci\u00f3n de la ULL cuyas l\u00edneas&#8230;<\/p>\n","protected":false},"author":2,"featured_media":0,"parent":0,"menu_order":0,"comment_status":"closed","ping_status":"closed","template":"templates\/template-no-title.php","meta":[],"_links":{"self":[{"href":"https:\/\/www.ull.es\/institutos\/instituto-materiales-nanotecnologia\/wp-json\/wp\/v2\/pages\/23"}],"collection":[{"href":"https:\/\/www.ull.es\/institutos\/instituto-materiales-nanotecnologia\/wp-json\/wp\/v2\/pages"}],"about":[{"href":"https:\/\/www.ull.es\/institutos\/instituto-materiales-nanotecnologia\/wp-json\/wp\/v2\/types\/page"}],"author":[{"embeddable":true,"href":"https:\/\/www.ull.es\/institutos\/instituto-materiales-nanotecnologia\/wp-json\/wp\/v2\/users\/2"}],"replies":[{"embeddable":true,"href":"https:\/\/www.ull.es\/institutos\/instituto-materiales-nanotecnologia\/wp-json\/wp\/v2\/comments?post=23"}],"version-history":[{"count":5,"href":"https:\/\/www.ull.es\/institutos\/instituto-materiales-nanotecnologia\/wp-json\/wp\/v2\/pages\/23\/revisions"}],"predecessor-version":[{"id":36,"href":"https:\/\/www.ull.es\/institutos\/instituto-materiales-nanotecnologia\/wp-json\/wp\/v2\/pages\/23\/revisions\/36"}],"wp:attachment":[{"href":"https:\/\/www.ull.es\/institutos\/instituto-materiales-nanotecnologia\/wp-json\/wp\/v2\/media?parent=23"}],"curies":[{"name":"wp","href":"https:\/\/api.w.org\/{rel}","templated":true}]}}