{"id":37,"date":"2020-12-22T11:37:01","date_gmt":"2020-12-22T11:37:01","guid":{"rendered":"http:\/\/www.ull.es\/institutos\/instituto-materiales-nanotecnologia\/?page_id=37"},"modified":"2020-12-22T11:50:03","modified_gmt":"2020-12-22T11:50:03","slug":"objetivos","status":"publish","type":"page","link":"https:\/\/www.ull.es\/institutos\/instituto-materiales-nanotecnologia\/objetivos\/","title":{"rendered":"Objetivos"},"content":{"rendered":"<p>[vc_row full_width=\u00bbstretch_row_content\u00bb el_class=\u00bbprincipio-marcha\u00bb][vc_column css=\u00bb.vc_custom_1588939369209{padding-top: 40px !important;}\u00bb][vc_custom_heading text=\u00bbObjetivos\u00bb font_container=\u00bbtag:h2|text_align:center|color:%23ffffff\u00bb use_theme_fonts=\u00bbyes\u00bb css_animation=\u00bbfadeInDownBig\u00bb][\/vc_column][\/vc_row][vc_row full_width=\u00bbstretch_row_content\u00bb equal_height=\u00bbyes\u00bb][vc_column width=\u00bb1\/2&#8243; css=\u00bb.vc_custom_1588936329456{padding-top: 5% !important;padding-right: 10% !important;padding-bottom: 5% !important;padding-left: 10% !important;background-color: #f2f2f2 !important;}\u00bb][vc_column_text]<\/p>\n<p class=\"p1\"><span class=\"s1\"><i>\u00bfCu\u00e1les son sus<\/i><\/span><i> <\/i><span class=\"s1\"><i>objetivos?<\/i><\/span><\/p>\n<p class=\"p1\"><span class=\"s1\">En t\u00e9rminos generales, los fines del IMN son fomentar, coordinar y desarrollar actividades cient\u00edficas, t\u00e9cnicas, de asesoramiento y formativas destinadas a conseguir un mejor conocimiento de los procesos qu\u00edmicos y f\u00edsicos de los materiales, as\u00ed como de las tecnolog\u00edas y procedimientos m\u00e1s avanzados, en campos tales como la nanotecnolog\u00eda y nanociencia, y en aquellos relacionados con los mismos y, en particular, su utilizaci\u00f3n en dispositivos y procesos con aplicaciones concretas en sectores estrat\u00e9gicos canarios y en el entorno competitivo nacional e internacional. As\u00ed el IMN colaborar\u00e1 con Facultades, Escuelas, Departamentos, Institutos, y dem\u00e1s Centros adscritos, vinculados o asociados a las Universidades Canarias, as\u00ed como con el C.S.I.C. y otros organismos p\u00fablicos y privados, nacionales y extranjeros. <\/span><\/p>\n<p>[\/vc_column_text][\/vc_column][vc_column width=\u00bb1\/2&#8243; css=\u00bb.vc_custom_1608637726347{background: #e5e5e5 url(http:\/\/www.ull.es\/institutos\/instituto-materiales-nanotecnologia\/wp-content\/uploads\/sites\/16\/2020\/12\/nano-6.jpg?id=42) !important;background-position: center !important;background-repeat: no-repeat !important;background-size: cover !important;}\u00bb][vc_empty_space height=\u00bb500px\u00bb][\/vc_column][\/vc_row][vc_row full_width=\u00bbstretch_row_content\u00bb equal_height=\u00bbyes\u00bb][vc_column width=\u00bb1\/2&#8243; css=\u00bb.vc_custom_1608637793060{background: #f2f2f2 url(http:\/\/www.ull.es\/institutos\/instituto-materiales-nanotecnologia\/wp-content\/uploads\/sites\/16\/2020\/12\/nano-7.jpg?id=43) !important;background-position: center !important;background-repeat: no-repeat !important;background-size: cover !important;}\u00bb][vc_empty_space height=\u00bb500px\u00bb][\/vc_column][vc_column width=\u00bb1\/2&#8243; css=\u00bb.vc_custom_1608637075765{padding-top: 5% !important;padding-right: 10% !important;padding-bottom: 5% !important;padding-left: 10% !important;background-color: #e5e5e5 !important;}\u00bb][vc_column_text]<\/p>\n<p class=\"p1\"><span class=\"s1\">En t\u00e9rminos m\u00e1s concretos y tal como se recoge en el reglamento interno del IMN, los objetivos espec\u00edficos del Instituto son: <\/span><\/p>\n<p class=\"p1\"><span class=\"s1\">a) Promover, coordinar y desarrollar una investigaci\u00f3n de calidad en el campo de la Ciencia y la Tecnolog\u00eda de Materiales en la Universidad de La Laguna, sin perjuicio de que se fomente la colaboraci\u00f3n y el intercambio con otras instituciones canarias, as\u00ed como con instituciones hom\u00f3logas de \u00e1mbito nacional e internacional. <\/span><\/p>\n<p class=\"p1\"><span class=\"s1\">b) Promover, coordinar y desarrollar proyectos de investigaci\u00f3n u otro tipo de estudios o colaboraciones, tanto de car\u00e1cter fundamental como experimental, tales como el desarrollo y la optimizaci\u00f3n de metodolog\u00edas de preparaci\u00f3n, caracterizaci\u00f3n y determinaci\u00f3n de propiedades avanzadas; el desarrollo y procesado de nuevos materiales e instrumentaci\u00f3n; as\u00ed como los relacionados con las aplicaciones tecnol\u00f3gicas de los materiales y t\u00e9cnicas de producci\u00f3n. Se pondr\u00e1 especial \u00e9nfasis en aquellos aspectos cuyo estudio y desarrollo a escala nanom\u00e9trica o molecular, resulte determinante. <\/span><\/p>\n<p>[\/vc_column_text][\/vc_column][\/vc_row][vc_row full_width=\u00bbstretch_row_content\u00bb equal_height=\u00bbyes\u00bb][vc_column width=\u00bb1\/2&#8243; css=\u00bb.vc_custom_1588936329456{padding-top: 5% !important;padding-right: 10% !important;padding-bottom: 5% !important;padding-left: 10% !important;background-color: #f2f2f2 !important;}\u00bb][vc_column_text]<\/p>\n<p class=\"p1\"><span class=\"s1\">c) Promover y desarrollar actividades de investigaci\u00f3n, desarrollo e innovaci\u00f3n en colaboraci\u00f3n con empresas industriales, as\u00ed como proporcionar servicios de asesoramiento cient\u00edfico-t\u00e9cnico a las mismas, prestando especial atenci\u00f3n a las necesidades de las peque\u00f1as y medianas empresas y, en particular, a las demandas de las radicadas en Canarias.<\/span><\/p>\n<p class=\"p1\"><span class=\"s1\">d) Promover y desarrollar actividades de investigaci\u00f3n y desarrollo en colaboraci\u00f3n con las administraciones p\u00fablicas, as\u00ed como proporcionar servicios de asesoramiento cient\u00edfico-t\u00e9cnico a las mismas, tanto de \u00e1mbito regional como local. <\/span><\/p>\n<p class=\"p1\"><span class=\"s1\">e) Potenciar los procesos y aplicaciones que favorezcan el desarrollo sostenible, es decir, la introducci\u00f3n de tecnolog\u00edas limpias y productos que supongan un ahorro energ\u00e9tico, protecci\u00f3n del medio ambiente, mejora en la seguridad y salud de los usuarios, etc. <\/span><\/p>\n<p>[\/vc_column_text][\/vc_column][vc_column width=\u00bb1\/2&#8243; css=\u00bb.vc_custom_1608637746731{background: #e5e5e5 url(http:\/\/www.ull.es\/institutos\/instituto-materiales-nanotecnologia\/wp-content\/uploads\/sites\/16\/2020\/12\/nano-8.jpg?id=44) !important;background-position: center !important;background-repeat: no-repeat !important;background-size: cover !important;}\u00bb][vc_empty_space height=\u00bb500px\u00bb][\/vc_column][\/vc_row][vc_row full_width=\u00bbstretch_row_content\u00bb equal_height=\u00bbyes\u00bb][vc_column width=\u00bb1\/2&#8243; css=\u00bb.vc_custom_1608637800320{background: #f2f2f2 url(http:\/\/www.ull.es\/institutos\/instituto-materiales-nanotecnologia\/wp-content\/uploads\/sites\/16\/2020\/12\/nano-9.jpg?id=45) !important;background-position: center !important;background-repeat: no-repeat !important;background-size: cover !important;}\u00bb][vc_empty_space height=\u00bb500px\u00bb][\/vc_column][vc_column width=\u00bb1\/2&#8243; css=\u00bb.vc_custom_1608637075765{padding-top: 5% !important;padding-right: 10% !important;padding-bottom: 5% !important;padding-left: 10% !important;background-color: #e5e5e5 !important;}\u00bb][vc_column_text]<\/p>\n<p class=\"p1\"><span class=\"s1\">f) Promover y desarrollar actividades orientadas a la formaci\u00f3n de personal, tanto cient\u00edfico como t\u00e9cnico especializado, en las diferentes \u00e1reas de actuaci\u00f3n de los Materiales y la Nanotecnolog\u00eda, al objeto de fortalecer la capacidad cient\u00edfica y tecnol\u00f3gica de nuestra sociedad, tanto en el entorno regional y nacional como en la Uni\u00f3n Europea. <\/span><\/p>\n<p class=\"p1\"><span class=\"s1\">g) Promover, por los medios a su alcance y de acuerdo con la legislaci\u00f3n vigente, la aplicaci\u00f3n, divulgaci\u00f3n, difusi\u00f3n y transferencia o explotaci\u00f3n de los resultados de la investigaci\u00f3n en el \u00e1mbito de los Materiales y la Nanotecnolog\u00eda. <\/span><\/p>\n<p class=\"p1\"><span class=\"s1\">h) Fomentar el intercambio de investigadores y estudiantes de postgrado con instituciones hom\u00f3logas nacionales y extranjeras. <\/span><\/p>\n<p class=\"p1\"><span class=\"s1\">i) Ofrecer educaci\u00f3n de postgrado a personas procedentes de regiones en desarrollo, con particular atenci\u00f3n a Iberoam\u00e9rica y \u00c1frica.<\/span><\/p>\n<p>[\/vc_column_text][\/vc_column][\/vc_row]<\/p>\n","protected":false},"excerpt":{"rendered":"<p>[vc_row full_width=\u00bbstretch_row_content\u00bb el_class=\u00bbprincipio-marcha\u00bb][vc_column css=\u00bb.vc_custom_1588939369209{padding-top: 40px !important;}\u00bb][vc_custom_heading text=\u00bbObjetivos\u00bb font_container=\u00bbtag:h2|text_align:center|color:%23ffffff\u00bb use_theme_fonts=\u00bbyes\u00bb css_animation=\u00bbfadeInDownBig\u00bb][\/vc_column][\/vc_row][vc_row full_width=\u00bbstretch_row_content\u00bb equal_height=\u00bbyes\u00bb][vc_column width=\u00bb1\/2&#8243; css=\u00bb.vc_custom_1588936329456{padding-top: 5% !important;padding-right: 10% !important;padding-bottom: 5% !important;padding-left: 10% !important;background-color: #f2f2f2 !important;}\u00bb][vc_column_text] \u00bfCu\u00e1les son sus objetivos? En t\u00e9rminos generales, los fines del IMN son fomentar, coordinar y desarrollar actividades cient\u00edficas, t\u00e9cnicas, de asesoramiento y formativas destinadas a conseguir un mejor conocimiento de los&#8230;<\/p>\n","protected":false},"author":2,"featured_media":0,"parent":0,"menu_order":0,"comment_status":"closed","ping_status":"closed","template":"templates\/template-no-title.php","meta":[],"_links":{"self":[{"href":"https:\/\/www.ull.es\/institutos\/instituto-materiales-nanotecnologia\/wp-json\/wp\/v2\/pages\/37"}],"collection":[{"href":"https:\/\/www.ull.es\/institutos\/instituto-materiales-nanotecnologia\/wp-json\/wp\/v2\/pages"}],"about":[{"href":"https:\/\/www.ull.es\/institutos\/instituto-materiales-nanotecnologia\/wp-json\/wp\/v2\/types\/page"}],"author":[{"embeddable":true,"href":"https:\/\/www.ull.es\/institutos\/instituto-materiales-nanotecnologia\/wp-json\/wp\/v2\/users\/2"}],"replies":[{"embeddable":true,"href":"https:\/\/www.ull.es\/institutos\/instituto-materiales-nanotecnologia\/wp-json\/wp\/v2\/comments?post=37"}],"version-history":[{"count":5,"href":"https:\/\/www.ull.es\/institutos\/instituto-materiales-nanotecnologia\/wp-json\/wp\/v2\/pages\/37\/revisions"}],"predecessor-version":[{"id":47,"href":"https:\/\/www.ull.es\/institutos\/instituto-materiales-nanotecnologia\/wp-json\/wp\/v2\/pages\/37\/revisions\/47"}],"wp:attachment":[{"href":"https:\/\/www.ull.es\/institutos\/instituto-materiales-nanotecnologia\/wp-json\/wp\/v2\/media?parent=37"}],"curies":[{"name":"wp","href":"https:\/\/api.w.org\/{rel}","templated":true}]}}