{"id":48,"date":"2020-12-22T12:05:52","date_gmt":"2020-12-22T12:05:52","guid":{"rendered":"http:\/\/www.ull.es\/institutos\/instituto-materiales-nanotecnologia\/?page_id=48"},"modified":"2021-03-02T12:16:40","modified_gmt":"2021-03-02T12:16:40","slug":"localizacion","status":"publish","type":"page","link":"https:\/\/www.ull.es\/institutos\/instituto-materiales-nanotecnologia\/localizacion\/","title":{"rendered":"Localizaci\u00f3n"},"content":{"rendered":"<p>[vc_row full_width=\u00bbstretch_row_content\u00bb el_class=\u00bbprincipio-marcha\u00bb][vc_column css=\u00bb.vc_custom_1588939369209{padding-top: 40px !important;}\u00bb][vc_custom_heading text=\u00bbLocalizaci\u00f3n\u00bb font_container=\u00bbtag:h2|text_align:center|color:%23ffffff\u00bb use_theme_fonts=\u00bbyes\u00bb css_animation=\u00bbfadeInDownBig\u00bb][\/vc_column][\/vc_row][vc_row full_width=\u00bbstretch_row_content\u00bb equal_height=\u00bbyes\u00bb][vc_column width=\u00bb1\/2&#8243; css=\u00bb.vc_custom_1588936329456{padding-top: 5% !important;padding-right: 10% !important;padding-bottom: 5% !important;padding-left: 10% !important;background-color: #f2f2f2 !important;}\u00bb][vc_column_text]<\/p>\n<p class=\"p1\"><span class=\"s1\"><i>\u00bfD\u00f3nde nos encontramos?<\/i><\/span><\/p>\n<p class=\"p2\"><span class=\"s2\">El IMN no tiene una sede f\u00edsica concreta, <\/span><span class=\"s1\">est\u00e1 distribuido en diferentes facultades y escuelas del <b><i>Campus de Anchieta<\/i><\/b> de la Universidad de La Laguna. <\/span><\/p>\n<ol class=\"ol1\">\n<li class=\"li1\"><span class=\"s1\">Facultades de F\u00edsica, de Matem\u00e1ticas y E.T.S. de Ingenier\u00eda Civil e Industrial.<\/span><\/li>\n<li class=\"li1\"><span class=\"s1\">Facultad de Biolog\u00eda<\/span><\/li>\n<li class=\"li1\"><span class=\"s1\">E.T.S. de Ingenier\u00eda Inform\u00e1tica<\/span><\/li>\n<li class=\"li1\"><span class=\"s1\">Facultad de Qu\u00edmica<\/span><\/li>\n<li class=\"li1\"><span class=\"s1\">Facultad de Farmacia<\/span><\/li>\n<li class=\"li1\"><span class=\"s1\">Escuela t\u00e9cnica Superior de Ingenier\u00eda Agraria.<\/span><\/li>\n<li class=\"li1\"><span class=\"s1\">Servicios Generales de Apoyo a la Investigaci\u00f3n (SEGAI) <\/span><\/li>\n<\/ol>\n<p>[\/vc_column_text][\/vc_column][vc_column width=\u00bb1\/2&#8243; css=\u00bb.vc_custom_1608638426683{background: #e5e5e5 url(http:\/\/www.ull.es\/institutos\/instituto-materiales-nanotecnologia\/wp-content\/uploads\/sites\/16\/2020\/12\/mapa.png?id=49) !important;background-position: center !important;background-repeat: no-repeat !important;background-size: cover !important;}\u00bb][vc_empty_space height=\u00bb500px\u00bb][\/vc_column][\/vc_row][vc_row full_width=\u00bbstretch_row_content\u00bb equal_height=\u00bbyes\u00bb][vc_column width=\u00bb1\/2&#8243; css=\u00bb.vc_custom_1614687398537{background: #f2f2f2 url(http:\/\/www.ull.es\/institutos\/instituto-materiales-nanotecnologia\/wp-content\/uploads\/sites\/16\/2021\/02\/nanotec.jpg?id=114) !important;background-position: center !important;background-repeat: no-repeat !important;background-size: cover !important;}\u00bb][vc_empty_space height=\u00bb500px\u00bb][\/vc_column][vc_column width=\u00bb1\/2&#8243; css=\u00bb.vc_custom_1608637075765{padding-top: 5% !important;padding-right: 10% !important;padding-bottom: 5% !important;padding-left: 10% !important;background-color: #e5e5e5 !important;}\u00bb][vc_column_text]<\/p>\n<p class=\"p1\"><span class=\"s1\">Adem\u00e1s, el IMN dispone de una sala de reuniones en el Centro Tecnol\u00f3gico NANOTEC, cerca del campus de Guajara, en el Hogar Gomero de Tenerife.<\/span><\/p>\n<p class=\"p1\"><span class=\"s1\">El IMN cuenta con diferentes laboratorios para la obtenci\u00f3n, procesado, caracterizaci\u00f3n y simulaci\u00f3n de materiales situados en las Facultades de Qu\u00edmica, F\u00edsica y Biolog\u00eda. Adem\u00e1s, hace uso frecuente de los equipos del Servicio General de Apoyo a la Investigaci\u00f3n de la ULL. <\/span><\/p>\n<p>[\/vc_column_text][\/vc_column][\/vc_row][vc_row full_width=\u00bbstretch_row_content\u00bb equal_height=\u00bbyes\u00bb][vc_column width=\u00bb1\/2&#8243; css=\u00bb.vc_custom_1588936329456{padding-top: 5% !important;padding-right: 10% !important;padding-bottom: 5% !important;padding-left: 10% !important;background-color: #f2f2f2 !important;}\u00bb][vc_column_text]<\/p>\n<p class=\"p2\"><span class=\"s1\">Parque Cient\u00edfico y Tecnol\u00f3gico de Tenerife S.A. Calle Rectora Mar\u00eda Luisa Tejedor Salguero. Parque Urbano Las Mantecas, Edificio Nanotec, 38320 San Crist\u00f3bal de La Laguna.<\/span><\/p>\n<p>[\/vc_column_text][\/vc_column][vc_column width=\u00bb1\/2&#8243; css=\u00bb.vc_custom_1608639148928{background: #e5e5e5 url(http:\/\/www.ull.es\/institutos\/instituto-materiales-nanotecnologia\/wp-content\/uploads\/sites\/16\/2020\/12\/parque.png?id=52) !important;background-position: center !important;background-repeat: no-repeat !important;background-size: cover !important;}\u00bb][vc_empty_space height=\u00bb500px\u00bb][\/vc_column][\/vc_row][vc_row full_width=\u00bbstretch_row_content\u00bb equal_height=\u00bbyes\u00bb][vc_column width=\u00bb1\/2&#8243; css=\u00bb.vc_custom_1608639194997{background: #f2f2f2 url(http:\/\/www.ull.es\/institutos\/instituto-materiales-nanotecnologia\/wp-content\/uploads\/sites\/16\/2020\/12\/2.png?id=59) !important;background-position: center !important;background-repeat: no-repeat !important;background-size: cover !important;}\u00bb][vc_empty_space height=\u00bb500px\u00bb][\/vc_column][vc_column width=\u00bb1\/2&#8243; css=\u00bb.vc_custom_1608637075765{padding-top: 5% !important;padding-right: 10% !important;padding-bottom: 5% !important;padding-left: 10% !important;background-color: #e5e5e5 !important;}\u00bb][vc_column_text]<\/p>\n<p class=\"p1\"><span class=\"s1\">El IMN cuenta con diferentes laboratorios para la obtenci\u00f3n, procesado, caracterizaci\u00f3n y simulaci\u00f3n de materiales situados en las Facultades de Qu\u00edmica, F\u00edsica y Biolog\u00eda. Adem\u00e1s, hace uso frecuente de los equipos del Servicio General de Apoyo a la Investigaci\u00f3n de la ULL. <\/span><\/p>\n<p>[\/vc_column_text][\/vc_column][\/vc_row]<\/p>\n","protected":false},"excerpt":{"rendered":"<p>[vc_row full_width=\u00bbstretch_row_content\u00bb el_class=\u00bbprincipio-marcha\u00bb][vc_column css=\u00bb.vc_custom_1588939369209{padding-top: 40px !important;}\u00bb][vc_custom_heading text=\u00bbLocalizaci\u00f3n\u00bb font_container=\u00bbtag:h2|text_align:center|color:%23ffffff\u00bb use_theme_fonts=\u00bbyes\u00bb css_animation=\u00bbfadeInDownBig\u00bb][\/vc_column][\/vc_row][vc_row full_width=\u00bbstretch_row_content\u00bb equal_height=\u00bbyes\u00bb][vc_column width=\u00bb1\/2&#8243; css=\u00bb.vc_custom_1588936329456{padding-top: 5% !important;padding-right: 10% !important;padding-bottom: 5% !important;padding-left: 10% !important;background-color: #f2f2f2 !important;}\u00bb][vc_column_text] \u00bfD\u00f3nde nos encontramos? El IMN no tiene una sede f\u00edsica concreta, est\u00e1 distribuido en diferentes facultades y escuelas del Campus de Anchieta de la Universidad de La Laguna. Facultades de F\u00edsica,&#8230;<\/p>\n","protected":false},"author":2,"featured_media":0,"parent":0,"menu_order":0,"comment_status":"closed","ping_status":"closed","template":"templates\/template-no-title.php","meta":[],"_links":{"self":[{"href":"https:\/\/www.ull.es\/institutos\/instituto-materiales-nanotecnologia\/wp-json\/wp\/v2\/pages\/48"}],"collection":[{"href":"https:\/\/www.ull.es\/institutos\/instituto-materiales-nanotecnologia\/wp-json\/wp\/v2\/pages"}],"about":[{"href":"https:\/\/www.ull.es\/institutos\/instituto-materiales-nanotecnologia\/wp-json\/wp\/v2\/types\/page"}],"author":[{"embeddable":true,"href":"https:\/\/www.ull.es\/institutos\/instituto-materiales-nanotecnologia\/wp-json\/wp\/v2\/users\/2"}],"replies":[{"embeddable":true,"href":"https:\/\/www.ull.es\/institutos\/instituto-materiales-nanotecnologia\/wp-json\/wp\/v2\/comments?post=48"}],"version-history":[{"count":10,"href":"https:\/\/www.ull.es\/institutos\/instituto-materiales-nanotecnologia\/wp-json\/wp\/v2\/pages\/48\/revisions"}],"predecessor-version":[{"id":125,"href":"https:\/\/www.ull.es\/institutos\/instituto-materiales-nanotecnologia\/wp-json\/wp\/v2\/pages\/48\/revisions\/125"}],"wp:attachment":[{"href":"https:\/\/www.ull.es\/institutos\/instituto-materiales-nanotecnologia\/wp-json\/wp\/v2\/media?parent=48"}],"curies":[{"name":"wp","href":"https:\/\/api.w.org\/{rel}","templated":true}]}}