{"id":69,"date":"2020-12-22T12:40:56","date_gmt":"2020-12-22T12:40:56","guid":{"rendered":"http:\/\/www.ull.es\/institutos\/instituto-materiales-nanotecnologia\/?page_id=69"},"modified":"2021-05-07T09:59:21","modified_gmt":"2021-05-07T09:59:21","slug":"quienes-somos","status":"publish","type":"page","link":"https:\/\/www.ull.es\/institutos\/instituto-materiales-nanotecnologia\/quienes-somos\/","title":{"rendered":"\u00bfQui\u00e9nes somos?"},"content":{"rendered":"<p>[vc_row full_width=\u00bbstretch_row_content\u00bb el_class=\u00bbprincipio-marcha\u00bb][vc_column css=\u00bb.vc_custom_1588939369209{padding-top: 40px !important;}\u00bb][vc_custom_heading text=\u00bb\u00bfQui\u00e9nes somos?\u00bb font_container=\u00bbtag:h2|text_align:center|color:%23ffffff\u00bb use_theme_fonts=\u00bbyes\u00bb css_animation=\u00bbfadeInDownBig\u00bb][\/vc_column][\/vc_row][vc_row full_width=\u00bbstretch_row_content\u00bb equal_height=\u00bbyes\u00bb][vc_column width=\u00bb1\/2&#8243; css=\u00bb.vc_custom_1588936329456{padding-top: 5% !important;padding-right: 10% !important;padding-bottom: 5% !important;padding-left: 10% !important;background-color: #f2f2f2 !important;}\u00bb][vc_column_text]<\/p>\n<p class=\"p1\"><span class=\"s1\">Actualmente el Instituto\u00a0 de Materiales y Nanotecnolog\u00eda est\u00e1 integrado por 27 profesores a tiempo completo, dos investigadores posdoctorales del programa Viera y Clavijo y del programa Agust\u00edn de Betancourt, adem\u00e1s de estudiantes de doctorado. Desde su constituci\u00f3n la investigaci\u00f3n ha sido la actividad prioritaria del Instituto en la que participan todos sus miembros. <\/span><\/p>\n<p class=\"p1\"><span class=\"s1\">En nuestro Instituto se desarrollan varias l\u00edneas de investigaci\u00f3n, tanto en su vertiente b\u00e1sica como aplicada. Se trata de l\u00edneas de vanguardia con importantes implicaciones en ciencia b\u00e1sica y en tecnolog\u00eda. L\u00edneas que son consideradas prioritarias en las pol\u00edticas cient\u00edficas de la mayor\u00eda de los pa\u00edses desarrollados y que, como tales, son objeto de considerable esfuerzo investigador. Todas ellas avaladas por numerosas publicaciones en las m\u00e1s prestigiosas revistas internacionales de cada campo y est\u00e1n financiadas con Proyectos regionales nacionales y europeos<\/span><\/p>\n<p>[\/vc_column_text][\/vc_column][vc_column width=\u00bb1\/2&#8243; css=\u00bb.vc_custom_1620381540676{background-color: #e5e5e5 !important;background-position: center !important;background-repeat: no-repeat !important;background-size: cover !important;}\u00bb][vc_single_image image=\u00bb70&#8243; img_size=\u00bbfull\u00bb][\/vc_column][\/vc_row]<\/p>\n","protected":false},"excerpt":{"rendered":"<p>[vc_row full_width=\u00bbstretch_row_content\u00bb el_class=\u00bbprincipio-marcha\u00bb][vc_column css=\u00bb.vc_custom_1588939369209{padding-top: 40px !important;}\u00bb][vc_custom_heading text=\u00bb\u00bfQui\u00e9nes somos?\u00bb font_container=\u00bbtag:h2|text_align:center|color:%23ffffff\u00bb use_theme_fonts=\u00bbyes\u00bb css_animation=\u00bbfadeInDownBig\u00bb][\/vc_column][\/vc_row][vc_row full_width=\u00bbstretch_row_content\u00bb equal_height=\u00bbyes\u00bb][vc_column width=\u00bb1\/2&#8243; css=\u00bb.vc_custom_1588936329456{padding-top: 5% !important;padding-right: 10% !important;padding-bottom: 5% !important;padding-left: 10% !important;background-color: #f2f2f2 !important;}\u00bb][vc_column_text] Actualmente el Instituto\u00a0 de Materiales y Nanotecnolog\u00eda est\u00e1 integrado por 27 profesores a tiempo completo, dos investigadores posdoctorales del programa Viera y Clavijo y del programa Agust\u00edn de Betancourt, adem\u00e1s&#8230;<\/p>\n","protected":false},"author":2,"featured_media":0,"parent":0,"menu_order":0,"comment_status":"closed","ping_status":"closed","template":"templates\/template-no-title.php","meta":[],"_links":{"self":[{"href":"https:\/\/www.ull.es\/institutos\/instituto-materiales-nanotecnologia\/wp-json\/wp\/v2\/pages\/69"}],"collection":[{"href":"https:\/\/www.ull.es\/institutos\/instituto-materiales-nanotecnologia\/wp-json\/wp\/v2\/pages"}],"about":[{"href":"https:\/\/www.ull.es\/institutos\/instituto-materiales-nanotecnologia\/wp-json\/wp\/v2\/types\/page"}],"author":[{"embeddable":true,"href":"https:\/\/www.ull.es\/institutos\/instituto-materiales-nanotecnologia\/wp-json\/wp\/v2\/users\/2"}],"replies":[{"embeddable":true,"href":"https:\/\/www.ull.es\/institutos\/instituto-materiales-nanotecnologia\/wp-json\/wp\/v2\/comments?post=69"}],"version-history":[{"count":4,"href":"https:\/\/www.ull.es\/institutos\/instituto-materiales-nanotecnologia\/wp-json\/wp\/v2\/pages\/69\/revisions"}],"predecessor-version":[{"id":144,"href":"https:\/\/www.ull.es\/institutos\/instituto-materiales-nanotecnologia\/wp-json\/wp\/v2\/pages\/69\/revisions\/144"}],"wp:attachment":[{"href":"https:\/\/www.ull.es\/institutos\/instituto-materiales-nanotecnologia\/wp-json\/wp\/v2\/media?parent=69"}],"curies":[{"name":"wp","href":"https:\/\/api.w.org\/{rel}","templated":true}]}}