{"id":121,"date":"2020-11-30T10:42:33","date_gmt":"2020-11-30T10:42:33","guid":{"rendered":"http:\/\/www.ull.es\/institutos\/instituto-tecnologias-biomedicas\/?page_id=121"},"modified":"2024-09-11T14:06:54","modified_gmt":"2024-09-11T14:06:54","slug":"plataformas-de-servicios-e-innovacion-biosanitaria","status":"publish","type":"page","link":"https:\/\/www.ull.es\/institutos\/instituto-tecnologias-biomedicas\/plataformas-de-servicios-e-innovacion-biosanitaria\/","title":{"rendered":"Plataformas de Servicios e Innovaci\u00f3n Biosanitaria"},"content":{"rendered":"<p>[vc_row full_width=\u00bbstretch_row_content\u00bb el_class=\u00bbprincipio-marcha\u00bb][vc_column css=\u00bb.vc_custom_1588939369209{padding-top: 40px !important;}\u00bb][vc_custom_heading text=\u00bbPlataformas de Servicios e Innovaci\u00f3n Biosanitaria\u00bb font_container=\u00bbtag:h2|text_align:center|color:%23ffffff\u00bb use_theme_fonts=\u00bbyes\u00bb css_animation=\u00bbfadeInDownBig\u00bb][\/vc_column][\/vc_row][vc_row full_width=\u00bbstretch_row_content\u00bb equal_height=\u00bbyes\u00bb][vc_column width=\u00bb1\/2&#8243; css=\u00bb.vc_custom_1588936329456{padding-top: 5% !important;padding-right: 10% !important;padding-bottom: 5% !important;padding-left: 10% !important;background-color: #f2f2f2 !important;}\u00bb][vc_column_text]En esta secci\u00f3n se incluyen algunos grupos de investigaci\u00f3n, laboratorios y servicios de la Universidad de La Laguna y otras instituciones, especialmente el Servicio Canario de la Salud, asociados al instituto, que colaboran en \u00e1reas y programas en fase de desarrollo, o llevan a cabo actividades espec\u00edficas en relaci\u00f3n con la innovaci\u00f3n y transferencia biosanitaria.[\/vc_column_text][\/vc_column][vc_column width=\u00bb1\/2&#8243; css=\u00bb.vc_custom_1606731534693{background: #e5e5e5 url(http:\/\/www.ull.es\/institutos\/instituto-tecnologias-biomedicas\/wp-content\/uploads\/sites\/15\/2020\/11\/fondo-cabecera-01.jpg?id=117) !important;background-position: center !important;background-repeat: no-repeat !important;background-size: cover !important;}\u00bb][vc_empty_space height=\u00bb500px\u00bb][\/vc_column][\/vc_row][vc_row full_width=\u00bbstretch_row_content\u00bb equal_height=\u00bbyes\u00bb][vc_column css=\u00bb.vc_custom_1588945461556{background-color: #f2f2f2 !important;}\u00bb][vc_tta_accordion active_section=\u00bb0&#8243; no_fill=\u00bbtrue\u00bb collapsible_all=\u00bbtrue\u00bb][vc_tta_section title=\u00bbServicio de Imagen y Microscop\u00eda Avanzada (SIMA)\u00bb tab_id=\u00bbSIMA\u00bb][vc_empty_space height=\u00bb20px\u00bb][vc_column_text css=\u00bb.vc_custom_1637842271132{padding-right: 3% !important;padding-left: 3% !important;}\u00bb]El Servicio de Imagen y Microscop\u00eda Avanzada (SIMA) es un servicio adscrito al Instituto de Tecnolog\u00edas Biom\u00e9dicas (ITB) y a la Universidad de La Laguna (ULL). El objetivo de este servicio es dotar a los grupos de investigaci\u00f3n de la ULL, a organismos p\u00fablicos y privados y empresas insulares y nacionales de nuestro entorno, con los equipos y el soporte t\u00e9cnico necesarios para realizar experimentos de microscop\u00eda avanzados (Epifluorescencia, Confocal, Contraste de fases y Normarski, FRAT, FRET, etc.), tanto en muestras fijadas como en c\u00e9lula viva. Adem\u00e1s, se pretende facilitar el an\u00e1lisis y la cuantificaci\u00f3n de las im\u00e1genes de microscop\u00eda generadas por los usuarios.<\/p>\n<ul class=\"grupos\">\n<li><a href=\"https:\/\/www.ull.es\/institutos\/instituto-tecnologias-biomedicas\/servicio-de-imagen-y-microscopia-avanzada\/\" target=\"_blank\" rel=\"noopener noreferrer\" target=\"_blank\" rel=\"noopener\">M\u00e1s Informaci\u00f3n<\/a><\/li>\n<\/ul>\n<p>[\/vc_column_text][vc_empty_space height=\u00bb20px\u00bb][\/vc_tta_section][vc_tta_section title=\u00bbServicio para la Obtenci\u00f3n y Criopreservaci\u00f3n de Modelos Animales (SOMA)\u00bb tab_id=\u00bb1637842248356-25667cad-8779&#8243;][vc_empty_space height=\u00bb20px\u00bb][vc_column_text css=\u00bb.vc_custom_1637842245596{padding-right: 3% !important;padding-left: 3% !important;}\u00bb]El SOMA es un servicio adscrito al Instituto de Tecnolog\u00edas Biom\u00e9dicas (ITB) y a la Universidad de La Laguna (ULL), que se desarrolla en el marco de la convocatoria Agust\u00edn de Betancourt, financiada por el Cabildo Insular de Tenerife, TF Innova, FDCAN y MEDI. El objetivo de este servicio es proporcionar a los investigadores del ITB, la ULL y de cualquier organismo p\u00fablico o privado, la oportunidad de desarrollar sus propios modelos celulares y animales, que les permitan avanzar m\u00e1s eficientemente en su investigaci\u00f3n. Asimismo, el SOMA da la oportunidad de criopreservar estos modelos para asegurar su mantenimiento en el tiempo.<\/p>\n<ul class=\"grupos\">\n<li><a href=\"https:\/\/www.ull.es\/institutos\/instituto-tecnologias-biomedicas\/servicio-para-la-obtencion-y-criopreservacion-de-modelos-animales\/\" target=\"_blank\" rel=\"noopener noreferrer\" target=\"_blank\" rel=\"noopener\">M\u00e1s Informaci\u00f3n<\/a><\/li>\n<\/ul>\n<p>[\/vc_column_text][vc_empty_space height=\u00bb20px\u00bb][\/vc_tta_section][vc_tta_section title=\u00bbServicio de Prote\u00f3mica del ITB (ProITB)\u00bb tab_id=\u00bbProITB\u00bb][vc_empty_space height=\u00bb20px\u00bb][vc_column_text css=\u00bb.vc_custom_1637846702310{padding-right: 3% !important;padding-left: 3% !important;}\u00bb]La prote\u00f3mica y otros an\u00e1lisis \u00f3micos de cuantificaci\u00f3n masiva son fundamentales para la investigaci\u00f3n de la vida y han alcanzado niveles de complejidad sin precedentes. A fin de simplificar la lectura de resultados complejos, nace el servicio de an\u00e1lisis de datos \u00f3micos, dentro del Servicio de Prote\u00f3mica del ITB. Los an\u00e1lisis se realizan con plataformas de libre acceso (MaxQuant y Perseus), que integran todas las herramientas necesarias para su an\u00e1lisis estad\u00edstico, exportar datos a otras herramientas libres en internet (String, Panther) e incluso representar los datos listos para su publicaci\u00f3n.<\/p>\n<ul class=\"grupos\">\n<li><a href=\"https:\/\/www.ull.es\/institutos\/instituto-tecnologias-biomedicas\/plataformas-de-servicios-e-innovacion-biosanitaria\/servicio-de-proteomica-del-itb-proitb\/\" target=\"_blank\" rel=\"noopener noreferrer\" target=\"_blank\" rel=\"noopener\">M\u00e1s Informaci\u00f3n<\/a><\/li>\n<\/ul>\n<p>[\/vc_column_text][vc_empty_space height=\u00bb20px\u00bb][\/vc_tta_section][vc_tta_section title=\u00bbGrupo Nutrahlipids. Fisiolog\u00eda de los l\u00edpidos y sus derivados de nutrici\u00f3n animal y humana\u00bb tab_id=\u00bbGrupo-Nautrahlipids\u00bb][vc_empty_space height=\u00bb20px\u00bb][vc_column_text css=\u00bb.vc_custom_1654539520314{padding-right: 3% !important;padding-left: 3% !important;}\u00bb]Aunque su actividad est\u00e1 especialmente enfocada a la nutrici\u00f3n en acuicultura, este grupo de investigaci\u00f3n mantiene una colaboraci\u00f3n estrecha con otros del ITB desde hace tiempo, en relaci\u00f3n con los aspectos fisiol\u00f3gicos de la nutrici\u00f3n y, en particular, con el papel de los l\u00edpidos en la biolog\u00eda y patolog\u00eda humana. Su funci\u00f3n en la construcci\u00f3n de esta plataforma consiste en establecer l\u00edneas de colaboraci\u00f3n con otros programas en el an\u00e1lisis del papel de la nutrici\u00f3n en la salud y la enfermedad humanas, y en servir de apoyo a los estudios de lipid\u00f3mica.<\/p>\n<ul class=\"grupos\">\n<li><a href=\"https:\/\/portalciencia.ull.es\/grupos\/6273\/detalle\" target=\"_blank\" rel=\"noopener\" target=\"_blank\" rel=\"noopener\">M\u00e1s Informaci\u00f3n<\/a><\/li>\n<\/ul>\n<p>[\/vc_column_text][vc_empty_space height=\u00bb20px\u00bb][\/vc_tta_section][vc_tta_section title=\u00bbUnidad de evaluaci\u00f3n de tecnolog\u00edas sanitarias (SCS)\u00bb tab_id=\u00bbUnidad-evaluaci\u00f3n-tecnologias-sanitarias\u00bb][vc_empty_space height=\u00bb20px\u00bb][vc_column_text css=\u00bb.vc_custom_1726063609618{padding-right: 3% !important;padding-left: 3% !important;}\u00bb]La investigaci\u00f3n desarrollada por este grupo forma parte de la actividad del Servicio de Evaluaci\u00f3n del Servicio Canario de la Salud, especialmente en lo que se refiere al an\u00e1lisis de la seguridad y relaci\u00f3n coste-beneficio de las nuevas tecnolog\u00edas sanitarias, aplicaciones de la telemedicina y toma de decisiones compartidas, as\u00ed como su impacto econ\u00f3mico, organizacional, \u00e9tico y social<\/p>\n<ul class=\"grupos\">\n<li><a href=\"https:\/\/sescs.es\/\" target=\"_blank\" rel=\"noopener\" target=\"_blank\" rel=\"noopener\">M\u00e1s Informaci\u00f3n<\/a><\/li>\n<\/ul>\n<p>[\/vc_column_text][vc_empty_space height=\u00bb20px\u00bb][\/vc_tta_section][vc_tta_section title=\u00bbFundaci\u00f3n Bioavance, Cabildo Insular de Tenerife-ULL\u00bb tab_id=\u00bbFundacion-Bioavance\u00bb][vc_empty_space height=\u00bb20px\u00bb][vc_column_text css=\u00bb.vc_custom_1654540103643{padding-right: 3% !important;padding-left: 3% !important;}\u00bb]La creaci\u00f3n de la Fundaci\u00f3n Bioavance en 2006 fue el resultado de la colaboraci\u00f3n entre la ULL y el Cabildo de Tenerife para el desarrollo de la investigaci\u00f3n biom\u00e9dica y biotecnol\u00f3gica. En ese momento, por parte de la Universidad se cre\u00f3 el ITB y por parte del Cabildo la Fundaci\u00f3n Bioavance, como apoyo expl\u00edcito para el desarrollo del Instituto. La fundaci\u00f3n est\u00e1 regida por un patronato cuyo presidente es el titular del Cabildo de Tenerife, y cuyo vicepresidente primero el rector o rectora de la ULL. Entre el resto de los patronos se incluyen en la actualidad el presidente del Consejo Social de la ULL y representantes de otros institutos de investigaci\u00f3n de la ULL. Desde su creaci\u00f3n, el papel de la fundaci\u00f3n, financiada por el Cabildo Insular de Tenerife, ha sido actuar como una palanca para el desarrollo de la investigaci\u00f3n biom\u00e9dica y biotecnol\u00f3gica en Tenerife y en Canarias, fomentado el establecimiento de relaciones entre diferentes entidades (institutos y hospitales universitarios, entre otras). En ese sentido, la fundaci\u00f3n participa en la gesti\u00f3n de proyectos de investigaci\u00f3n biom\u00e9dica<br \/>\nfinanciados por entidades privadas, apoyo a la obtenci\u00f3n y gesti\u00f3n de proyectos del \u00e1mbito p\u00fablico, tanto nacionales como internacionales, apoyo a la innovaci\u00f3n y transferencia en biomedicina y biotecnolog\u00eda, difusi\u00f3n de las actividades de los grupos de investigaci\u00f3n y organizaci\u00f3n de eventos relacionados con dichas actividades. Como ejemplo del impacto de la fundaci\u00f3n en las actividades del ITB, debe resaltarse la consecuci\u00f3n y gesti\u00f3n de los proyectos ADE-210\/00046 (Construcci\u00f3n y desarrollo del Centro de Investigaciones de Canarias; Instituto de Salud Carlos III, 2011\u20132018, 8.030.000 \u20ac) y FP7-REGPOT-2012-2013-1 (Improving Biomedical Research and Innovation in the Canary Islands, IMBRAIN; Comisi\u00f3n Europea, 2012-2016, 4.158.874 \u20ac).<\/p>\n<p><strong>Director Cient\u00edfico:<\/strong><\/p>\n<ul>\n<li>Diego \u00c1lvarez de la Rosa Rodr\u00edguez, PhD (Catedr\u00e1tico de Fisiolog\u00eda ULL, director del ITB)<\/li>\n<\/ul>\n<p><strong>Gerente, Director de Proyectos:<\/strong><\/p>\n<ul>\n<li>Randolph Revoredo Chocano<\/li>\n<\/ul>\n<p><strong>Personal t\u00e9cnico o de gesti\u00f3n:<\/strong><\/p>\n<ul>\n<li>Irene L\u00f3pez Jim\u00e9nez (Gesti\u00f3n Administrativa)<\/li>\n<li>Eladio Fr\u00edas Arrocha (Gestor de Proyectos)<\/li>\n<li>Nair Mesejo Nores (Gestora de Proyectos)<\/li>\n<\/ul>\n<p><a href=\"https:\/\/www.fundacionbioavance.org\/\" target=\"_blank\" rel=\"noopener noreferrer\" target=\"_blank\" rel=\"noopener\">M\u00e1s Informaci\u00f3n<\/a>[\/vc_column_text][vc_empty_space height=\u00bb20px\u00bb][\/vc_tta_section][\/vc_tta_accordion][vc_empty_space height=\u00bb120px\u00bb][\/vc_column][\/vc_row]<\/p>\n","protected":false},"excerpt":{"rendered":"<p>[vc_row full_width=\u00bbstretch_row_content\u00bb el_class=\u00bbprincipio-marcha\u00bb][vc_column css=\u00bb.vc_custom_1588939369209{padding-top: 40px !important;}\u00bb][vc_custom_heading text=\u00bbPlataformas de Servicios e Innovaci\u00f3n Biosanitaria\u00bb font_container=\u00bbtag:h2|text_align:center|color:%23ffffff\u00bb use_theme_fonts=\u00bbyes\u00bb css_animation=\u00bbfadeInDownBig\u00bb][\/vc_column][\/vc_row][vc_row full_width=\u00bbstretch_row_content\u00bb equal_height=\u00bbyes\u00bb][vc_column width=\u00bb1\/2&#8243; css=\u00bb.vc_custom_1588936329456{padding-top: 5% !important;padding-right: 10% !important;padding-bottom: 5% !important;padding-left: 10% !important;background-color: #f2f2f2 !important;}\u00bb][vc_column_text]En esta secci\u00f3n se incluyen algunos grupos de investigaci\u00f3n, laboratorios y servicios de la Universidad de La Laguna y otras instituciones, especialmente el Servicio Canario de la&#8230;<\/p>\n","protected":false},"author":2,"featured_media":0,"parent":0,"menu_order":0,"comment_status":"closed","ping_status":"closed","template":"templates\/template-no-title.php","meta":[],"_links":{"self":[{"href":"https:\/\/www.ull.es\/institutos\/instituto-tecnologias-biomedicas\/wp-json\/wp\/v2\/pages\/121"}],"collection":[{"href":"https:\/\/www.ull.es\/institutos\/instituto-tecnologias-biomedicas\/wp-json\/wp\/v2\/pages"}],"about":[{"href":"https:\/\/www.ull.es\/institutos\/instituto-tecnologias-biomedicas\/wp-json\/wp\/v2\/types\/page"}],"author":[{"embeddable":true,"href":"https:\/\/www.ull.es\/institutos\/instituto-tecnologias-biomedicas\/wp-json\/wp\/v2\/users\/2"}],"replies":[{"embeddable":true,"href":"https:\/\/www.ull.es\/institutos\/instituto-tecnologias-biomedicas\/wp-json\/wp\/v2\/comments?post=121"}],"version-history":[{"count":26,"href":"https:\/\/www.ull.es\/institutos\/instituto-tecnologias-biomedicas\/wp-json\/wp\/v2\/pages\/121\/revisions"}],"predecessor-version":[{"id":624,"href":"https:\/\/www.ull.es\/institutos\/instituto-tecnologias-biomedicas\/wp-json\/wp\/v2\/pages\/121\/revisions\/624"}],"wp:attachment":[{"href":"https:\/\/www.ull.es\/institutos\/instituto-tecnologias-biomedicas\/wp-json\/wp\/v2\/media?parent=121"}],"curies":[{"name":"wp","href":"https:\/\/api.w.org\/{rel}","templated":true}]}}