{"id":148,"date":"2020-11-30T12:17:32","date_gmt":"2020-11-30T12:17:32","guid":{"rendered":"http:\/\/www.ull.es\/institutos\/instituto-tecnologias-biomedicas\/?page_id=148"},"modified":"2024-09-13T10:11:03","modified_gmt":"2024-09-13T10:11:03","slug":"programa-de-formacion-para-investigadores","status":"publish","type":"page","link":"https:\/\/www.ull.es\/institutos\/instituto-tecnologias-biomedicas\/programa-de-formacion-para-investigadores\/","title":{"rendered":"Programa de formaci\u00f3n para investigadores"},"content":{"rendered":"<p>[vc_row full_width=\u00bbstretch_row_content\u00bb el_class=\u00bbprincipio-marcha\u00bb][vc_column css=\u00bb.vc_custom_1588939369209{padding-top: 40px !important;}\u00bb][vc_custom_heading text=\u00bbPrograma de formaci\u00f3n para investigadores\u00bb font_container=\u00bbtag:h2|text_align:center|color:%23ffffff\u00bb use_theme_fonts=\u00bbyes\u00bb css_animation=\u00bbfadeInDownBig\u00bb][\/vc_column][\/vc_row][vc_row full_width=\u00bbstretch_row_content\u00bb equal_height=\u00bbyes\u00bb css=\u00bb.vc_custom_1606911916904{background-image: url(http:\/\/www.ull.es\/institutos\/instituto-tecnologias-biomedicas\/wp-content\/uploads\/sites\/15\/2020\/12\/fondo-cabecera-01.jpg?id=213) !important;background-position: center !important;background-repeat: no-repeat !important;background-size: cover !important;}\u00bb][vc_column css=\u00bb.vc_custom_1606911766306{padding-top: 5% !important;padding-right: 10% !important;padding-bottom: 5% !important;padding-left: 10% !important;}\u00bb][vc_column_text]<\/p>\n<h2 class=\"\">Formaci\u00f3n de investigadores<\/h2>\n<p>Los profesores e investigadores del ITB participan de forma extensa en los programas de posgrado de la Universidad de La Laguna relacionados con biomedicina y ciencias de la salud. Como complemento, el instituto organiza un programa de seminarios de investigaci\u00f3n semanales, con participaci\u00f3n de investigadores nacionales e internacionales destacados en estas \u00e1reas cient\u00edficas. La mayor\u00eda de los investigadores del ITB participan como profesores y\/o tutores en los programas de posgrado indicados, cuya direcci\u00f3n acad\u00e9mica es responsabilidad del Dr. Guadalberto Hern\u00e1ndez (Doctorado en Ciencias de la Salud) y del Dr. \u00c1ngel Acebes (M\u00e1ster en Biomedicina), miembros del instituto. Adem\u00e1s, en la Comisi\u00f3n Acad\u00e9mica de ambos programas hay una amplia participaci\u00f3n de profesores e investigadores del ITB, y todos los grupos de investigaci\u00f3n del instituto est\u00e1n adscritos como l\u00edneas de investigaci\u00f3n oficiales de ambos programas, actuando como laboratorios receptores del alumnado correspondiente.[\/vc_column_text][\/vc_column][\/vc_row][vc_row full_width=\u00bbstretch_row_content\u00bb equal_height=\u00bbyes\u00bb][vc_column css=\u00bb.vc_custom_1588945461556{background-color: #f2f2f2 !important;}\u00bb][vc_column_text]<\/p>\n<h3 class=\"sppb-title-heading\" style=\"text-align: center;\">ACTIVIDADES<\/h3>\n<p>[\/vc_column_text][vc_tta_accordion active_section=\u00bb0&#8243; css_animation=\u00bbfadeInDown\u00bb collapsible_all=\u00bbtrue\u00bb][vc_tta_section title=\u00bbSeminarios de Investigaci\u00f3n ITB 2023&#8243; tab_id=\u00bb2023&#8243;][vc_row_inner][vc_column_inner][vc_column_text css=\u00bb.vc_custom_1726222238377{padding-right: 3% !important;padding-left: 3% !important;}\u00bb]<span style=\"font-weight: 400;\">El Instituto de Tecnolog\u00edas Biom\u00e9dicas lleva a\u00f1os colaborando con la Secci\u00f3n de Medicina del Campus de Ciencias de la Salud en la organizaci\u00f3n de un programa de cursos y seminarios cient\u00edficos, participando en su financiaci\u00f3n junto a otras entidades p\u00fablicas y privadas (Fundaci\u00f3n Bioavance, MINECO, ISCIII, ULL, CE, etc.). Organizados por los Dres. \u00c1ngel Acebes, Abraham Acevedo y Esteban Porrini, a lo largo de 2023, y bajo el t\u00edtulo \u201cSeminarios de Investigaci\u00f3n ITB\u201d, se organizaron e impartieron los siguientes seminarios, en modalidad presencial\u00a0 en nuestra sede del ITB, incorporando adem\u00e1s la modalidad online en varios de ellos:<\/span><\/p>\n<p>&nbsp;<\/p>\n<ol>\n<li aria-level=\"1\"><i><span style=\"font-weight: 400;\">Investigaci\u00f3n en la personalizaci\u00f3n en el tratamiento antineopl\u00e1sico: Leucemia Linfobl\u00e1stica Aguda<\/span><\/i><span style=\"font-weight: 400;\">. <\/span><b>Dr. Fernando Guti\u00e9rrez Nicol\u00e1s <\/b><span style=\"font-weight: 400;\">(Director Unidad de Investigaci\u00f3n, Hospital Universitario de Canarias, HUC). 28\/02\/2023<\/span><\/li>\n<li style=\"font-weight: 400;\" aria-level=\"1\"><i><span style=\"font-weight: 400;\">Growth factor and cell adhesion receptors crosstalk by clathrin lattices<\/span><\/i><span style=\"font-weight: 400;\">. <\/span><b>Dr. Marco Alfonzo M\u00e9ndez <\/b><span style=\"font-weight: 400;\">(Advanced Drug Delivery, AstraZeneca, Sweden). 10\/03\/2023<\/span><\/li>\n<li style=\"font-weight: 400;\" aria-level=\"1\"><i><span style=\"font-weight: 400;\">The many roles of spindle-microtubule organizing centers in establishing asymmetry during cell division<\/span><\/i><span style=\"font-weight: 400;\">. <\/span><b>Dr. Fernando Monje Casas <\/b><span style=\"font-weight: 400;\">(Centro Andaluz de Biolog\u00eda Molecular y Medicina Regenerativa, CABIMER). 20\/03\/2023<\/span><\/li>\n<li style=\"font-weight: 400;\" aria-level=\"1\"><i><span style=\"font-weight: 400;\">SMC complexes: chromosomal organizers and guardians of the genome<\/span><\/i><span style=\"font-weight: 400;\">. <\/span><b>Dr. Jonay Garc\u00eda Luis <\/b><span style=\"font-weight: 400;\">(Departamento de Medicina F\u00edsica y Farmacolog\u00eda, ULL). 28\/03\/2023<\/span><\/li>\n<li style=\"font-weight: 400;\" aria-level=\"1\"><i><span style=\"font-weight: 400;\">New humanized models for ALS research<\/span><\/i><span style=\"font-weight: 400;\">. <\/span><b>Dra. Elizabeth MC Fisher <\/b><span style=\"font-weight: 400;\">(University College London Institute of Neurology, London, UK). 13\/04\/2023<\/span><\/li>\n<li style=\"font-weight: 400;\" aria-level=\"1\"><i><span style=\"font-weight: 400;\">Modifiers and biomarkers in ALS: a fast evolving field<\/span><\/i><span style=\"font-weight: 400;\">. <\/span><b>Dr. Emanuele Buratti <\/b><span style=\"font-weight: 400;\">(International Centre for Genetic Engineering and Biotechnology ICGEB, Trieste, Italy). 13\/04\/2023<\/span><\/li>\n<li style=\"font-weight: 400;\" aria-level=\"1\"><i><span style=\"font-weight: 400;\">Avances en regeneraci\u00f3n \u00f3sea<\/span><\/i><span style=\"font-weight: 400;\">. <\/span><b>Dr. Gorka Orive <\/b><span style=\"font-weight: 400;\">(Catedr\u00e1tico de Tecnolog\u00eda Farmac\u00e9utica, Universidad del Pa\u00eds Vasco). 20\/04\/2023<\/span><\/li>\n<li style=\"font-weight: 400;\" aria-level=\"1\"><i><span style=\"font-weight: 400;\">Discover the future of biology: Single cell applications in modern biology. Enter the higher level of complexity with in situ spatial transcriptomics<\/span><\/i><span style=\"font-weight: 400;\">. <\/span><b>Dra. Agnieszka Ciesielska <\/b><span style=\"font-weight: 400;\">(BonsaiLab, 10xGenomics). 09\/05\/2023<\/span><\/li>\n<li style=\"font-weight: 400;\" aria-level=\"1\"><i><span style=\"font-weight: 400;\">Autofagia, receptores dopamin\u00e9rgicos y enfermedades neurodegenerativas<\/span><\/i><span style=\"font-weight: 400;\">. <\/span><b>Dr. Diego Luis-Ravelo Salazar <\/b><span style=\"font-weight: 400;\">(Departamento de Bioqu\u00edmica, Microbiolog\u00eda, Biolog\u00eda Celular y Gen\u00e9tica, ULL). 11\/05\/2023<\/span><\/li>\n<li style=\"font-weight: 400;\" aria-level=\"1\"><i><span style=\"font-weight: 400;\">Gen\u00e9tica e infecciones graves<\/span><\/i><span style=\"font-weight: 400;\">. <\/span><b>Dr. Carlos A. Flores Infante <\/b><span style=\"font-weight: 400;\">(Hospital Universitario NS de Candelaria, \u00c1rea de Gen\u00f3mica-ITER, CIBER de Enfermedades Respiratorias). 23\/05\/2023<\/span><\/li>\n<li style=\"font-weight: 400;\" aria-level=\"1\"><i><span style=\"font-weight: 400;\">Transcription factors associate with genome architecture machinery to curve gene expression<\/span><\/i><span style=\"font-weight: 400;\">. <\/span><b>Dr. Gregory Fettweis <\/b><span style=\"font-weight: 400;\">(University of Li\u00e8ge, Belgium). 14\/11\/2023<\/span><\/li>\n<\/ol>\n<p>[\/vc_column_text][\/vc_column_inner][\/vc_row_inner][\/vc_tta_section][vc_tta_section title=\u00bbSeminarios de Investigaci\u00f3n ITB 2022&#8243; tab_id=\u00bb2022&#8243;][vc_column_text css=\u00bb.vc_custom_1726222251544{padding-right: 3% !important;padding-left: 3% !important;}\u00bb]<span style=\"font-weight: 400;\">El Instituto de Tecnolog\u00edas Biom\u00e9dicas lleva a\u00f1os colaborando con la Secci\u00f3n de Medicina del Campus de Ciencias de la Salud en la organizaci\u00f3n de un programa de cursos y seminarios cient\u00edficos, participando en su financiaci\u00f3n junto a otras entidades p\u00fablicas y privadas (Fundaci\u00f3n Bioavance, MINECO, ISCIII, ULL, CE, etc.). Organizados por los Dres. \u00c1ngel Acebes, Abraham Acevedo y Esteban Porrini, a lo largo de 2022, y bajo el t\u00edtulo \u201cSeminarios de Investigaci\u00f3n ITB\u201d, se organizaron e impartieron los siguientes seminarios en nuestra sede del ITB:<\/span><b><i><\/i><\/b><\/p>\n<ol>\n<li aria-level=\"1\"><i><span style=\"font-weight: 400;\">Investigaci\u00f3n en enfermedades inflamatorias intestinales<\/span><\/i><span style=\"font-weight: 400;\">. <\/span><b>Dra. Laura Ramos L\u00f3pez <\/b><span style=\"font-weight: 400;\">(Servicio de Digestivo, Hospital Universitario de Canarias, HUC). 22\/02\/2022<\/span><\/li>\n<li style=\"font-weight: 400;\" aria-level=\"1\"><i><span style=\"font-weight: 400;\">La levadura Saccharomyces cerevisiae como modelo para estudiar estructura y segregaci\u00f3n de cromosomas, as\u00ed como plataforma de cribado de compuestos bioactivos<\/span><\/i><span style=\"font-weight: 400;\">. <\/span><b>Dr. F\u00e9lix Mach\u00edn Concepci\u00f3n <\/b><span style=\"font-weight: 400;\">(Unidad de Investigaci\u00f3n, Hospital Universitario Ntra. Sra. de Candelaria, HUNSC). 08\/03\/2022<\/span><\/li>\n<li style=\"font-weight: 400;\" aria-level=\"1\"><i><span style=\"font-weight: 400;\">Sistemas de liberaci\u00f3n de f\u00e1rmacos<\/span><\/i><span style=\"font-weight: 400;\">. <\/span><b>Dra. Araceli Delgado Hern\u00e1ndez <\/b><span style=\"font-weight: 400;\">(Departamento de Ingenier\u00eda Qu\u00edmica y Tecnolog\u00eda Farmac\u00e9utica, ULL). 17\/03\/2022<\/span><\/li>\n<li style=\"font-weight: 400;\" aria-level=\"1\"><i><span style=\"font-weight: 400;\">Normal and abnormal aging of the human hippocampal subfields<\/span><\/i><span style=\"font-weight: 400;\">. <\/span><b>Dr. Niels Janssen <\/b><span style=\"font-weight: 400;\">(Departamento de Psicolog\u00eda Cognitiva, Social y Organizacional, ULL). 05\/04\/2022<\/span><\/li>\n<li style=\"font-weight: 400;\" aria-level=\"1\"><i><span style=\"font-weight: 400;\">Investigaci\u00f3n en lipid\u00f3mica en modelos animales de enfermedad<\/span><\/i><span style=\"font-weight: 400;\">. <\/span><b>Dra. Covadonga Rodr\u00edguez y Dr. Jos\u00e9 A. P\u00e9rez <\/b><span style=\"font-weight: 400;\">(Grupo NUTRAHLIPIDS, ULL). 26\/04\/2022<\/span><\/li>\n<li style=\"font-weight: 400;\" aria-level=\"1\"><i><span style=\"font-weight: 400;\">La importancia de la comunicaci\u00f3n en un centro de investigaci\u00f3n<\/span><\/i><span style=\"font-weight: 400;\">. <\/span><b>D. Juan Jos\u00e9 Mart\u00edn Su\u00e1rez <\/b><span style=\"font-weight: 400;\">(Experto en Periodismo Cient\u00edfico y Comunicaci\u00f3n de la Ciencia). 31\/05\/2022<\/span><\/li>\n<li style=\"font-weight: 400;\" aria-level=\"1\"><i><span style=\"font-weight: 400;\">A tale of two lectins<\/span><\/i><span style=\"font-weight: 400;\">. <\/span><b>Dra. Jerica Saboti\u010d <\/b><span style=\"font-weight: 400;\">(Department of Biotechnology, Jo\u017eef Stefan Institute, Slovenia). 07\/06\/2022<\/span><\/li>\n<li style=\"font-weight: 400;\" aria-level=\"1\"><i><span style=\"font-weight: 400;\">Renovaci\u00f3n de la capacitaci\u00f3n para usar animales de laboratorio<\/span><\/i><span style=\"font-weight: 400;\">. <\/span><b>Dra. M\u00aa Rosa Arnau <\/b><span style=\"font-weight: 400;\">(Directora del Animalario, ULL). 20\/06\/2022<\/span><\/li>\n<li style=\"font-weight: 400;\" aria-level=\"1\"><i><span style=\"font-weight: 400;\">Medici\u00f3n de la funci\u00f3n renal mediante el aclaramiento plasm\u00e1tico de iohexol: del laboratorio de investigaci\u00f3n a la pr\u00e1ctica cl\u00ednica<\/span><\/i><span style=\"font-weight: 400;\">. <\/span><b>Dr. Sergio Luis Lima <\/b><span style=\"font-weight: 400;\">(Servicio de Nefrolog\u00eda, Hospital Fundaci\u00f3n Jim\u00e9nez D\u00edaz (Madrid). 28\/06\/2022<\/span><\/li>\n<li style=\"font-weight: 400;\" aria-level=\"1\"><i><span style=\"font-weight: 400;\">Remielinizaci\u00f3n de lesiones en el Sistema Nervioso Central: una frontera alcanzable<\/span><\/i><span style=\"font-weight: 400;\">. <\/span><b>Dr. Fernando de Castro <\/b><span style=\"font-weight: 400;\">(Director grupo de investigaci\u00f3n Neurobiolog\u00eda del Desarrollo, Instituto Cajal &#8211; Presidente de la Red Glial Espa\u00f1ola). 29\/09\/2022<\/span><\/li>\n<li style=\"font-weight: 400;\" aria-level=\"1\"><i><span style=\"font-weight: 400;\">Colaboraci\u00f3n y multidisciplinariedad para ampliar el alcance, competitividad y transferibilidad de los proyectos del ITB<\/span><\/i><span style=\"font-weight: 400;\">. <\/span><b>Dr. Pedro Serrano Aguilar <\/b><span style=\"font-weight: 400;\">(Jefe de Servicio de Evaluaci\u00f3n, Direcci\u00f3n del Servicio Canario de la Salud). 18\/10\/2022<\/span><\/li>\n<li style=\"font-weight: 400;\" aria-level=\"1\"><i><span style=\"font-weight: 400;\">Disfunci\u00f3n Renal y Enfermedad Hep\u00e1tica Cr\u00f3nica: una combinaci\u00f3n peligrosa<\/span><\/i><span style=\"font-weight: 400;\">. <\/span><b>D. Carlos Gonz\u00e1lez Alay\u00f3n, MD <\/b><span style=\"font-weight: 400;\">(F.E.A. Aparato Digestivo, Hospital Universitario de Canarias, HUC). 03\/11\/2022<\/span><\/li>\n<li style=\"font-weight: 400;\" aria-level=\"1\"><i><span style=\"font-weight: 400;\">Post-translational modifications and their impact on DNA repair<\/span><\/i><span style=\"font-weight: 400;\">. <\/span><b>Dra. Veronique Smits <\/b><span style=\"font-weight: 400;\">(Servicio Canario de la Salud &#8211; FIISC, Unidad de Investigaci\u00f3n HUC). 15\/11\/2022<\/span><\/li>\n<li style=\"font-weight: 400;\" aria-level=\"1\"><i><span style=\"font-weight: 400;\">Trasplante Renal de Donante Vivo: una oportunidad para la investigaci\u00f3n en Fisiolog\u00eda Renal<\/span><\/i><span style=\"font-weight: 400;\">. <\/span><b>D\u00aa. Ana Gonz\u00e1lez Rinne, MD <\/b><span style=\"font-weight: 400;\">(Servicio de Nefrolog\u00eda, Hospital Universitario de Canarias, HUC). 13\/12\/2022<\/span><\/li>\n<\/ol>\n<p>[\/vc_column_text][\/vc_tta_section][vc_tta_section title=\u00bbSeminarios de Investigaci\u00f3n ITB 2020-21&#8243; tab_id=\u00bbcursos-y-seminarios\u00bb][vc_empty_space height=\u00bb20px\u00bb][vc_column_text css=\u00bb.vc_custom_1726222260965{padding-right: 3% !important;padding-left: 3% !important;}\u00bb]El Instituto de Tecnolog\u00edas Biom\u00e9dicas lleva a\u00f1os colaborando con la Secci\u00f3n de Medicina del Campus de Ciencias de la Salud en la organizaci\u00f3n de un programa de cursos y seminarios cient\u00edficos, participando en su financiaci\u00f3n junto a otras entidades p\u00fablicas y privadas (Fundaci\u00f3n Bioavance, MINECO, ISCIII, ULL, CE, etc.). Tras la suspensi\u00f3n de los mismos como consecuencia de la pandemia de Covid-19, a finales de 2021 pudo retomarse el programa \u201cSeminarios de Investigaci\u00f3n ITB\u201d de forma presencial en las instalaciones del nuevo edicio del ITB, imparti\u00e9ndose los siguientes<br \/>\nseminarios:<\/p>\n<ol>\n<li>Fisiopatolog\u00eda de los mineralocorticoides. Dr. Diego \u00c1lvarez de la Rosa Rodr\u00edguez (Departamento de Ciencias M\u00e9dicas B\u00e1sicas, ULL). 14\/10\/2021<\/li>\n<li>Models and mechanisms of amyotrophic lateral sclerosis (ALS). Dr. Abraham Acevedo Arozena (Unidad de Investigaci\u00f3n HUC, CIBERNED). 28\/10\/2021<\/li>\n<li>Laboratory of Renal Function &#8211; an overview. Dr. Esteban Porrini (Departamento de Medicina Interna, Dermatolog\u00eda y Psiquiatr\u00eda, ULL). 11\/11\/2021<\/li>\n<li>Of mice and flies: animal models of Alzheimer&#8217;s disease. Dr. \u00c1ngel Acebes Vindel (Departamento de Ciencias M\u00e9dicas B\u00e1sicas, ULL). 25\/11\/2021<\/li>\n<\/ol>\n<p>[\/vc_column_text][vc_empty_space height=\u00bb20px\u00bb][\/vc_tta_section][vc_tta_section title=\u00bbSeminarios de Investigaci\u00f3n ITB 2019&#8243; tab_id=\u00bb2019&#8243;][vc_empty_space height=\u00bb20px\u00bb][vc_column_text css=\u00bb.vc_custom_1606738573623{padding-right: 3% !important;padding-left: 3% !important;}\u00bb]El Instituto de Tecnolog\u00edas Biom\u00e9dicas colabora con la Secci\u00f3n de Medicina del Campus de Ciencias de la Salud en la organizaci\u00f3n de un programa de cursos y seminarios cient\u00edficos, participando en su financiaci\u00f3n junto a otras entidades p\u00fablicas y privadas (Fundaci\u00f3n Bioavance, MINECO, ISCIII, ULL, CE etc.). Del programa de cursos seminarios del a\u00f1o 2019, el Instituto ha organizado 14 de ellos, relacionados a continuaci\u00f3n:<\/p>\n<ol class=\"panel01\">\n<li><em>Deciphering the brain: From its anatomy and activity to pathologies<\/em>. Jornadas Cient\u00edficas del Instituto de Tecnolog\u00edas Biom\u00e9dicas (ITB). Universidad de La Laguna, Secci\u00f3n de Medicina (17\/05\/2019).\u00a0<strong>Francisco G\u00f3mez Scholl\u00a0<\/strong>(Departamento de Fisiolog\u00eda M\u00e9dica y Biof\u00edsica Instituto de Biomedicina de Sevilla (IBiS)<strong>, Dr.<\/strong>\u00a0<strong>Javier De Felipe\u00a0<\/strong>(Laboratorio Cajal de Circuitos Corticales Centro de Tecnolog\u00eda Biom\u00e9dica Universidad Polit\u00e9cnica de Madrid)<\/li>\n<li><em>Advanced Systems for a better future<\/em>. Simposium en honor al\u00a0<strong>Nicholas A. Peppas<\/strong>(University of Texas, Austin, USA). Facultad de Farmacia, Universidad de La Laguna (15-16\/05\/2019)<\/li>\n<li>Seminars on neurodegeneration. Jornadas Cient\u00edficas del Instituto de Tecnolog\u00edas Biom\u00e9dicas (ITB). Universidad de La Laguna, Secci\u00f3n de Medicina (24\/05\/2019).\u00a0<strong>Adolfo L\u00f3pez de Muna\u00edn<\/strong>\u00a0(Hospital Universitario de Donostia, Biodonostia),\u00a0<strong>Dr. Jos\u00e9 J. Lucas<\/strong>\u00a0(Centro de Biolog\u00eda Molecular \u00abSevero Ochoa\u00bb, CSIC)<\/li>\n<li><em>Nuevas perspectivas en el tratamiento de las enfermedades neurodegenerativas<\/em>. Jornadas Cient\u00edficas del Instituto de Tecnolog\u00edas Biom\u00e9dicas (ITB). Universidad de La Laguna, Secci\u00f3n de Medicina (10\/05\/2019).\u00a0<strong>Jos\u00e9 Luis Lanciego P\u00e9rez\u00a0<\/strong>(Centro de Investigaci\u00f3n M\u00e9dica Aplicada (CIMA), Universidad de Navarra),\u00a0<strong>Dr. Jordi Alberch Vi\u00e9<\/strong>, Instituto de Neurociencias, Universidad de Barcelona)<\/li>\n<li><em>Update in digestive disease for general practitioners internal residents<\/em>. Hospital Universitario de Canarias, San Crist\u00f3bal de La Laguna (06-08 y 13-15 mayo 2019).\u00a0<strong>Manuel Hern\u00e1ndez-Guerra<\/strong><\/li>\n<li><em>Update in gastroenterology and liver diseases<\/em>. Hospital Universitario de Canarias, San Crist\u00f3bal de La Laguna (junio-noviembre 2019).\u00a0<strong>Manuel Hern\u00e1ndez-Guerra, Dr. Enrique Quintero<\/strong><\/li>\n<li><em>Orfan Biotech, SL: Primeros pasos de una empresa farmac\u00e9utica en Tenerife<\/em>. Trabajo Fin de M\u00e1ster, Seminario \u00abHabilidades de Comunicaci\u00f3n\u00bb. Campus Ciencias de la Salud, Secci\u00f3n de Medicina, Universidad de La Laguna (05\/11\/2019).\u00a0<strong>Miguel X. Fernandes<\/strong><\/li>\n<li><em>Perspectiva gen\u00f3mica del aislamiento y adaptaci\u00f3n en las poblaciones humanas contempor\u00e1neas de Canarias<\/em>. Universidad de La Laguna (06\/11\/2019).\u00a0<strong>Jos\u00e9 Miguel Lorenzo<\/strong>\u00a0(Divisi\u00f3n de Gen\u00f3mica del Instituto Tecnol\u00f3gico y de Energ\u00edas Renovables)<\/li>\n<li><em>De la Universidad a la empresa privada y viceversa<\/em>. Secci\u00f3n de Medicina, Universidad de La Laguna (07\/11\/2019).\u00a0<strong>J.C. Luis Jorge<\/strong>\u00a0(Grupo de Biolog\u00eda Vegetal Aplicada, ULL)<\/li>\n<li><em>An\u00e1lisis de los factores gen\u00e9ticos asociados con la enfermedad de Chagas mediante un estudio amplio del genoma &#8211; GWAS.<\/em>\u00a0Secci\u00f3n de Biolog\u00eda, Universidad de La Laguna (08\/11\/2019).\u00a0<strong>Marialbert Acosta Herrera<\/strong>\u00a0(Instituto de Parasitolog\u00eda y Biomedicina L\u00f3pez Neyra, CSIC, Granada)<\/li>\n<li><em>Descifrando un genoma milenario: la historia de un c\u00e1ncer transmisible<\/em>\u00a0(Dr.). Secci\u00f3n de Biolog\u00eda, Universidad de La Laguna (09\/11\/2019). Dr. Adri\u00e1n B\u00e1ez Ortega (Universidad de Cambridge)<\/li>\n<li><em>DNA-protein crosslink proteolysis repair: from molecular insight to cancer therapy<\/em>. Secci\u00f3n de Medicina, Universidad de La Laguna (11\/12\/2019).\u00a0<strong>Kristijan Ramadan, Oxford Institute for Radiation Oncology, University of Oxford, UK)<\/strong><\/li>\n<li><em>Cotranslational association of mRNAs encoding components of the action potential<\/em>\u00a0(Gail A Robertson, School of Medicine and Public Health. University of Wisconsin-Madison). Secci\u00f3n de Medicina, Universidad de La Laguna (16\/12\/2019).\u00a0<strong>Guadalberto Hern\u00e1ndez<\/strong><\/li>\n<li><em>The K+ homeostasis machinery in a bacterium<\/em>\u00a0(Joao Cabral, Instituto de Investiga\u00e7ao a Inova\u00e7ao em Sa\u00fade y de Biolog\u00eda Celular y Molecular. Porto, Portugal). Secci\u00f3n de Medicina, Universidad de La Laguna (17\/12\/2019).\u00a0<strong>Guadalberto Hern\u00e1ndez<\/strong><\/li>\n<\/ol>\n<p>[\/vc_column_text][vc_empty_space height=\u00bb20px\u00bb][\/vc_tta_section][\/vc_tta_accordion][vc_empty_space height=\u00bb120px\u00bb][\/vc_column][\/vc_row]<\/p>\n","protected":false},"excerpt":{"rendered":"<p>[vc_row full_width=\u00bbstretch_row_content\u00bb el_class=\u00bbprincipio-marcha\u00bb][vc_column css=\u00bb.vc_custom_1588939369209{padding-top: 40px !important;}\u00bb][vc_custom_heading text=\u00bbPrograma de formaci\u00f3n para investigadores\u00bb font_container=\u00bbtag:h2|text_align:center|color:%23ffffff\u00bb use_theme_fonts=\u00bbyes\u00bb css_animation=\u00bbfadeInDownBig\u00bb][\/vc_column][\/vc_row][vc_row full_width=\u00bbstretch_row_content\u00bb equal_height=\u00bbyes\u00bb css=\u00bb.vc_custom_1606911916904{background-image: url(http:\/\/www.ull.es\/institutos\/instituto-tecnologias-biomedicas\/wp-content\/uploads\/sites\/15\/2020\/12\/fondo-cabecera-01.jpg?id=213) !important;background-position: center !important;background-repeat: no-repeat !important;background-size: cover !important;}\u00bb][vc_column css=\u00bb.vc_custom_1606911766306{padding-top: 5% !important;padding-right: 10% !important;padding-bottom: 5% !important;padding-left: 10% !important;}\u00bb][vc_column_text] Formaci\u00f3n de investigadores Los profesores e investigadores del ITB participan de forma extensa en los programas de posgrado de la Universidad&#8230;<\/p>\n","protected":false},"author":2,"featured_media":0,"parent":0,"menu_order":0,"comment_status":"closed","ping_status":"closed","template":"templates\/template-no-title.php","meta":[],"_links":{"self":[{"href":"https:\/\/www.ull.es\/institutos\/instituto-tecnologias-biomedicas\/wp-json\/wp\/v2\/pages\/148"}],"collection":[{"href":"https:\/\/www.ull.es\/institutos\/instituto-tecnologias-biomedicas\/wp-json\/wp\/v2\/pages"}],"about":[{"href":"https:\/\/www.ull.es\/institutos\/instituto-tecnologias-biomedicas\/wp-json\/wp\/v2\/types\/page"}],"author":[{"embeddable":true,"href":"https:\/\/www.ull.es\/institutos\/instituto-tecnologias-biomedicas\/wp-json\/wp\/v2\/users\/2"}],"replies":[{"embeddable":true,"href":"https:\/\/www.ull.es\/institutos\/instituto-tecnologias-biomedicas\/wp-json\/wp\/v2\/comments?post=148"}],"version-history":[{"count":21,"href":"https:\/\/www.ull.es\/institutos\/instituto-tecnologias-biomedicas\/wp-json\/wp\/v2\/pages\/148\/revisions"}],"predecessor-version":[{"id":660,"href":"https:\/\/www.ull.es\/institutos\/instituto-tecnologias-biomedicas\/wp-json\/wp\/v2\/pages\/148\/revisions\/660"}],"wp:attachment":[{"href":"https:\/\/www.ull.es\/institutos\/instituto-tecnologias-biomedicas\/wp-json\/wp\/v2\/media?parent=148"}],"curies":[{"name":"wp","href":"https:\/\/api.w.org\/{rel}","templated":true}]}}