{"id":25,"date":"2020-11-27T11:28:54","date_gmt":"2020-11-27T11:28:54","guid":{"rendered":"http:\/\/www.ull.es\/institutos\/instituto-tecnologias-biomedicas\/?page_id=25"},"modified":"2022-06-06T12:21:49","modified_gmt":"2022-06-06T12:21:49","slug":"vision-y-mision","status":"publish","type":"page","link":"https:\/\/www.ull.es\/institutos\/instituto-tecnologias-biomedicas\/vision-y-mision\/","title":{"rendered":"Visi\u00f3n y misi\u00f3n"},"content":{"rendered":"<p>[vc_row full_width=\u00bbstretch_row_content\u00bb el_class=\u00bbprincipio-marcha\u00bb][vc_column css=\u00bb.vc_custom_1588939369209{padding-top: 40px !important;}\u00bb][vc_custom_heading text=\u00bbVisi\u00f3n y misi\u00f3n\u00bb font_container=\u00bbtag:h2|text_align:center|color:%23ffffff\u00bb use_theme_fonts=\u00bbyes\u00bb css_animation=\u00bbfadeInDownBig\u00bb][\/vc_column][\/vc_row][vc_row full_width=\u00bbstretch_row_content\u00bb equal_height=\u00bbyes\u00bb][vc_column width=\u00bb1\/2&#8243; css=\u00bb.vc_custom_1588936329456{padding-top: 5% !important;padding-right: 10% !important;padding-bottom: 5% !important;padding-left: 10% !important;background-color: #f2f2f2 !important;}\u00bb][vc_column_text]<\/p>\n<p><span style=\"font-weight: 400;\">El ITB tiene por objeto el desarrollo y potenciaci\u00f3n de la investigaci\u00f3n biom\u00e9dica de\u00a0 excelencia, con orientaci\u00f3n traslacional y en relaci\u00f3n con las necesidades biosanitarias\u00a0 de su entorno social. La misi\u00f3n del ITB puede sintetizarse en la combinaci\u00f3n de\u00a0 enfoques interdisciplinares de la biomedicina b\u00e1sica, la qu\u00edmica medicinal y la\u00a0 investigaci\u00f3n cl\u00ednica, dirigida hacia el descubrimiento de nuevas aproximaciones que\u00a0 faciliten la transferencia de conocimiento y tecnolog\u00eda biosanitaria a los pacientes y la\u00a0 industria.\u00a0\u00a0<\/span><\/p>\n<p><span style=\"font-weight: 400;\">Desde sus inicios, el ITB se plante\u00f3 entre sus objetivos estructurales el establecimiento\u00a0 de sinergias entre las diferentes entidades regionales dedicadas a la investigaci\u00f3n\u00a0 biosanitaria, con la finalidad de consolidar en Canarias un espacio para la investigaci\u00f3n\u00a0 biom\u00e9dica competitiva, sostenible y con vocaci\u00f3n de excelencia. Para ello, entre otras\u00a0 iniciativas, ha promovido la elaboraci\u00f3n de planes estrat\u00e9gicos plurianuales y la\u00a0 participaci\u00f3n, junto con otros institutos y centros de investigaci\u00f3n regionales, en\u00a0 convocatorias p\u00fablicas nacionales y europeas para la financiaci\u00f3n de proyectos\u00a0 comunes de investigaci\u00f3n y adquisici\u00f3n de grandes equipos cient\u00edficos. <\/span>[\/vc_column_text][\/vc_column][vc_column width=\u00bb1\/2&#8243; css=\u00bb.vc_custom_1606480643925{background: #e5e5e5 url(http:\/\/www.ull.es\/institutos\/instituto-tecnologias-biomedicas\/wp-content\/uploads\/sites\/15\/2020\/11\/vision-mision.jpg?id=37) !important;background-position: center !important;background-repeat: no-repeat !important;background-size: cover !important;}\u00bb][vc_empty_space height=\u00bb500px\u00bb][\/vc_column][\/vc_row]<\/p>\n","protected":false},"excerpt":{"rendered":"<p>[vc_row full_width=\u00bbstretch_row_content\u00bb el_class=\u00bbprincipio-marcha\u00bb][vc_column css=\u00bb.vc_custom_1588939369209{padding-top: 40px !important;}\u00bb][vc_custom_heading text=\u00bbVisi\u00f3n y misi\u00f3n\u00bb font_container=\u00bbtag:h2|text_align:center|color:%23ffffff\u00bb use_theme_fonts=\u00bbyes\u00bb css_animation=\u00bbfadeInDownBig\u00bb][\/vc_column][\/vc_row][vc_row full_width=\u00bbstretch_row_content\u00bb equal_height=\u00bbyes\u00bb][vc_column width=\u00bb1\/2&#8243; css=\u00bb.vc_custom_1588936329456{padding-top: 5% !important;padding-right: 10% !important;padding-bottom: 5% !important;padding-left: 10% !important;background-color: #f2f2f2 !important;}\u00bb][vc_column_text] El ITB tiene por objeto el desarrollo y potenciaci\u00f3n de la investigaci\u00f3n biom\u00e9dica de\u00a0 excelencia, con orientaci\u00f3n traslacional y en relaci\u00f3n con las necesidades biosanitarias\u00a0 de su entorno social&#8230;.<\/p>\n","protected":false},"author":2,"featured_media":0,"parent":0,"menu_order":0,"comment_status":"closed","ping_status":"closed","template":"templates\/template-no-title.php","meta":[],"_links":{"self":[{"href":"https:\/\/www.ull.es\/institutos\/instituto-tecnologias-biomedicas\/wp-json\/wp\/v2\/pages\/25"}],"collection":[{"href":"https:\/\/www.ull.es\/institutos\/instituto-tecnologias-biomedicas\/wp-json\/wp\/v2\/pages"}],"about":[{"href":"https:\/\/www.ull.es\/institutos\/instituto-tecnologias-biomedicas\/wp-json\/wp\/v2\/types\/page"}],"author":[{"embeddable":true,"href":"https:\/\/www.ull.es\/institutos\/instituto-tecnologias-biomedicas\/wp-json\/wp\/v2\/users\/2"}],"replies":[{"embeddable":true,"href":"https:\/\/www.ull.es\/institutos\/instituto-tecnologias-biomedicas\/wp-json\/wp\/v2\/comments?post=25"}],"version-history":[{"count":6,"href":"https:\/\/www.ull.es\/institutos\/instituto-tecnologias-biomedicas\/wp-json\/wp\/v2\/pages\/25\/revisions"}],"predecessor-version":[{"id":480,"href":"https:\/\/www.ull.es\/institutos\/instituto-tecnologias-biomedicas\/wp-json\/wp\/v2\/pages\/25\/revisions\/480"}],"wp:attachment":[{"href":"https:\/\/www.ull.es\/institutos\/instituto-tecnologias-biomedicas\/wp-json\/wp\/v2\/media?parent=25"}],"curies":[{"name":"wp","href":"https:\/\/api.w.org\/{rel}","templated":true}]}}