{"id":260,"date":"2021-03-11T11:33:42","date_gmt":"2021-03-11T11:33:42","guid":{"rendered":"http:\/\/www.ull.es\/institutos\/instituto-tecnologias-biomedicas\/?page_id=260"},"modified":"2024-09-11T09:14:12","modified_gmt":"2024-09-11T09:14:12","slug":"inestabilidad-genomica-y-cancer","status":"publish","type":"page","link":"https:\/\/www.ull.es\/institutos\/instituto-tecnologias-biomedicas\/inestabilidad-genomica-y-cancer\/","title":{"rendered":"Inestabilidad gen\u00f3mica y c\u00e1ncer"},"content":{"rendered":"<p>[vc_row][vc_column][vc_column_text]<\/p>\n<div class=\"page-header\">\n<h1>Inestabilidad gen\u00f3mica y c\u00e1ncer<\/h1>\n<\/div>\n<div class=\"content\">\n<h4><b>Investigador responsable<\/b><\/h4>\n<table class=\"jefe\">\n<tbody>\n<tr>\n<td class=\"provisional\"><\/td>\n<td><strong><a href=\"https:\/\/portalciencia.ull.es\/investigadores\/205539\/detalle\" target=\"_blank\" rel=\"noopener\" target=\"_blank\" rel=\"noopener\">F\u00e9lix M. Mach\u00edn Concepci\u00f3n<\/a>, PhD<\/strong><\/p>\n<p>Investigador contratado del SCS\/FIISC; Unidad de Investigaci\u00f3n, HUNSC<\/td>\n<\/tr>\n<\/tbody>\n<\/table>\n<\/div>\n<div class=\"foot_content\">\n<p><b><br \/>\nColaboradores doctores externos<\/b><\/p>\n<ul>\n<li style=\"font-weight: 400;\" aria-level=\"1\"><span style=\"font-weight: 400;\">Laura Anaissi Afonso (Investigadora postdoctoral vinculada al proyecto PLEC2022-009507, Unidad de Investigaci\u00f3n, HUNSC)<\/span><\/li>\n<\/ul>\n<p><b>Colaboradores cl\u00ednicos<\/b><\/p>\n<ul>\n<li style=\"font-weight: 400;\" aria-level=\"1\"><span style=\"font-weight: 400;\">Ana Chivite de Le\u00f3n (FEA Anatom\u00eda Patol\u00f3gica, CHUNSC)<\/span><\/li>\n<li style=\"font-weight: 400;\" aria-level=\"1\"><span style=\"font-weight: 400;\">Fernando Antonio Garc\u00eda Machado (FEA Anatom\u00eda Patol\u00f3gica, CHUNSC)<\/span><\/li>\n<li style=\"font-weight: 400;\" aria-level=\"1\"><span style=\"font-weight: 400;\">Helena Gil Campesino (FEA Microbiolog\u00eda y Parasitolog\u00eda, CHUNSC)<\/span><\/li>\n<li style=\"font-weight: 400;\" aria-level=\"1\"><span style=\"font-weight: 400;\">Mar\u00eda Magdalena Lara P\u00e9rez (FEA Microbiolog\u00eda y Parasitolog\u00eda, CHUNSC)<\/span><\/li>\n<li style=\"font-weight: 400;\" aria-level=\"1\"><span style=\"font-weight: 400;\">Ana Carde\u00f1a Guti\u00e9rrez (FEA Oncolog\u00eda, CHUNSC)<\/span><\/li>\n<\/ul>\n<p><b>Estudiantes de doctorado e investigadores en formaci\u00f3n<\/b><\/p>\n<ul>\n<li style=\"font-weight: 400;\" aria-level=\"1\"><span style=\"font-weight: 400;\">Emiliano Matos Perdomo (Programa de Doctorado Ciencias de la Salud ULL, tesis defendida 03\/2023)<\/span><\/li>\n<li style=\"font-weight: 400;\" aria-level=\"1\"><span style=\"font-weight: 400;\">Silvia Santana Sosa (Programa de Doctorado Ciencias de la Salud ULL, ACIISI TESIS2018010034, tesis defendida 03\/2023)<\/span><\/li>\n<li style=\"font-weight: 400;\" aria-level=\"1\"><span style=\"font-weight: 400;\">Sara Medina-Su\u00e1rez (Programa de Doctorado Ciencias de la Salud ULL, ACIISI TESIS2020010028, 2019-2024)<\/span><\/li>\n<li style=\"font-weight: 400;\" aria-level=\"1\"><span style=\"font-weight: 400;\">Samantha Morais Armas (Programa de Doctorado Ciencias de la Salud ULL, Asociaci\u00f3n Espa\u00f1ola Contra el C\u00e1ncer, AECC)<\/span><\/li>\n<li style=\"font-weight: 400;\" aria-level=\"1\"><span style=\"font-weight: 400;\">Noelia Rodr\u00edguez Herrera (Programa de Doctorado de Ciencias de la Salud ULL, contrato de t\u00e9cnico superior asociado al proyecto PID2021-123716OB-I00)<\/span><\/li>\n<\/ul>\n<p><b>L\u00edneas de investigaci\u00f3n<\/b><\/p>\n<p><span style=\"font-weight: 400;\">La inestabilidad gen\u00e9tica es el fen\u00f3meno por el cual las c\u00e9lulas dejan de ser capaces de transmitir una copia fidedigna de la informaci\u00f3n gen\u00e9tica a su descendencia. La inestabilidad gen\u00e9tica en nuestras c\u00e9lulas lleva inexorablemente al C\u00e1ncer y tambi\u00e9n a ciertas enfermedades degenerativas. Adem\u00e1s, la inestabilidad gen\u00e9tica est\u00e1 detr\u00e1s de la diversidad que existe dentro de los tumores y que explica su malignidad y resistencia a tratamientos. El da\u00f1o a la mol\u00e9cula de ADN y los fallos en la segregaci\u00f3n de cromosomas durante la divisi\u00f3n celular son las causas m\u00e1s comunes de inestabilidad gen\u00e9tica y, parad\u00f3jicamente, la estrategia empleada por la mayor\u00eda de los antitumorales para eliminar las c\u00e9lulas cancer\u00edgenas. Los objetivos de nuestro grupo se centran en entender estos fen\u00f3menos y c\u00f3mo contribuyen a la compleja Biolog\u00eda del C\u00e1ncer. Para ello usamos fundamentalmente organismos modelo como Saccharomyces cerevisiae, l\u00edneas celulares humanas y muestras de tumores de pacientes.<\/span><\/p>\n<p><span style=\"font-weight: 400;\">Tambi\u00e9n estamos interesados en compuestos qu\u00edmicos que afectan al ADN, los microt\u00fabulos, las mitocondrias, la membrana plasm\u00e1tica, las topoisomerasas, la agregaci\u00f3n proteica, etc. y sus posibles usos como terapia antitumoral, antibi\u00f3tica, antif\u00fangica, antiparasitaria y contra las enfermedades neurodegenerativas.<\/span><\/p>\n<p><b>Proyectos financiados<\/b><\/p>\n<ul>\n<li style=\"font-weight: 400;\" aria-level=\"1\"><span style=\"font-weight: 400;\">Homeostasis de la envoltura nuclear durante la segregaci\u00f3n cromos\u00f3mica y la reparaci\u00f3n tard\u00eda de da\u00f1o al DNA (PID2021-123716OB-I00). IP: F\u00e9lix Mach\u00edn. Ministerio de Ciencia e Innovaci\u00f3n (01\/09\/2022 \u2013 01\/09\/2025; 169.400 \u20ac)<\/span><\/li>\n<li style=\"font-weight: 400;\" aria-level=\"1\"><span style=\"font-weight: 400;\">Agonistas de la Proteasa Caseinolitica P (ClpP): mol\u00e9culas peque\u00f1as con un nuevo mecanismo de acci\u00f3n contra infecciones bacterianas multirresistentes (PLEC2022-009507). IP: F\u00e9lix Mach\u00edn (subproyecto FIISC); Grant McNaughton-Smith de CEAMED S.A. como coordinador). Ministerio de Ciencia e Innovaci\u00f3n (01\/09\/2022 \u2013 01\/09\/2025; 152.752,92 \u20ac al subproyecto, 564.555,69 \u20ac al consorcio)<\/span><\/li>\n<li style=\"font-weight: 400;\" aria-level=\"1\"><span style=\"font-weight: 400;\">Rapid, sensitive and quantitative detection of SARS-CoV-2 by RT-LAMP (PIFIIS20\/26). IP: F\u00e9lix Mach\u00edn. Fundaci\u00f3n Canaria Instituto de Investigaci\u00f3n Sanitaria de Canarias, FIISC (2020-2023; 19.939,25 \u20ac)<\/span><\/li>\n<\/ul>\n<p><b>Publicaciones 2023<\/b><\/p>\n<ul>\n<li style=\"font-weight: 400;\" aria-level=\"1\"><span style=\"font-weight: 400;\">Bruna-Haupt EF, Perretti MD, Garro HA, Carrillo R, <\/span><b>Mach\u00edn F<\/b><span style=\"font-weight: 400;\">, Lorenzo-Castrillejo I, Guti\u00e9rrez L, Vega-Hissi EG, Mamberto M, Menacho-Marquez M, Fern\u00e1ndez CO, Garc\u00eda C, Pungitore CR. Synthesis of Structurally Related Coumarin Derivatives as Antiproliferative Agents. <\/span><i><span style=\"font-weight: 400;\">ACS Omega<\/span><\/i><span style=\"font-weight: 400;\">. 2023;8(29):26479-96. DOI: 10.1021\/ACSOMEGA.3C03181<\/span><\/li>\n<li style=\"font-weight: 400;\" aria-level=\"1\"><span style=\"font-weight: 400;\">Santana-Sosa S, Matos-Perdomo E, <\/span><b>Ayra-Plasencia J<\/b><span style=\"font-weight: 400;\">, <\/span><b>Mach\u00edn F<\/b><span style=\"font-weight: 400;\">. T\u00cdTULO: A Yeast Mitotic Tale for the Nucleus and the Vacuoles to Embrace Santana-Sosa S, Matos-Perdomo E, Ayra-Plasencia J, Mach\u00edn F. A Yeast Mitotic Tale for the Nucleus and the Vacuoles to Embrace. <\/span><i><span style=\"font-weight: 400;\">International Journal of Molecular Sciences<\/span><\/i><span style=\"font-weight: 400;\">; 2023;24(12). DOI: 10.3390\/ijms24129829<\/span><\/li>\n<li style=\"font-weight: 400;\" aria-level=\"1\"><span style=\"font-weight: 400;\">Morais-Armas S, Medina-Su\u00e1rez S, <\/span><b>Mach\u00edn F<\/b><span style=\"font-weight: 400;\">. Effect of carrier yeast RNAs in the detection of SARS-CoV-2 by RT-LAMP. <\/span><i><span style=\"font-weight: 400;\">MicroPubl Biol<\/span><\/i><span style=\"font-weight: 400;\">. 2023;000979. DOI: 10.17912\/micropub.biology.000979<\/span><\/li>\n<\/ul>\n<p><b>Otras publicaciones representativas de los \u00faltimos a\u00f1os<\/b><\/p>\n<ul>\n<li style=\"font-weight: 400;\" aria-level=\"1\"><span style=\"font-weight: 400;\">Ramos-P\u00e9rez C, Dominska M, Anaissi-Afonso L, Cazorla-Rivero S, Quevedo O, Lorenzo-Castrillejo I, Petes TD, <\/span><b>Mach\u00edn F<\/b><span style=\"font-weight: 400;\">. Cytological and genetic consequences for the progeny of a mitotic catastrophe provoked by Topoisomerase II deficiency. <\/span><i><span style=\"font-weight: 400;\">Aging (Albany NY)<\/span><\/i><span style=\"font-weight: 400;\">. 2019 Dec;11(23):11686-11721. DOI: 10.18632\/aging.102573<\/span><\/li>\n<li style=\"font-weight: 400;\" aria-level=\"1\"><b>Ayra-Plasencia J<\/b><span style=\"font-weight: 400;\">, <\/span><b>Mach\u00edn F<\/b><span style=\"font-weight: 400;\">. DNA double-strand breaks in telophase lead to coalescence between segregated sister chromatid loci. <\/span><i><span style=\"font-weight: 400;\">Nature Communications<\/span><\/i><span style=\"font-weight: 400;\">. 2019 Jun;10(1):2862. DOI: 10.1038\/s41467-019-10742-8<\/span><\/li>\n<li style=\"font-weight: 400;\" aria-level=\"1\"><span style=\"font-weight: 400;\">Anaissi-Afonso L, Oramas-Royo S, <\/span><b>Ayra-Plasencia J<\/b><span style=\"font-weight: 400;\">, Mart\u00edn-Rodr\u00edguez P, Garc\u00eda-Luis J, Lorenzo-Castrillejo I, Fern\u00e1ndez-P\u00e9rez L, Est\u00e9vez-Braun A, <\/span><b>Mach\u00edn F<\/b><span style=\"font-weight: 400;\">. Lawsone, Juglone, and \u03b2-Lapachone Derivatives with Enhanced Mitochondrial-Based Toxicity. <\/span><i><span style=\"font-weight: 400;\">ACS Chem Biol<\/span><\/i><span style=\"font-weight: 400;\">. 2018 Aug;13(8):1950-1957. DOI: 10.1021\/acschembio.8b00306<\/span><\/li>\n<\/ul>\n<\/div>\n<p>[\/vc_column_text][\/vc_column][\/vc_row]<\/p>\n","protected":false},"excerpt":{"rendered":"<p>[vc_row][vc_column][vc_column_text] Inestabilidad gen\u00f3mica y c\u00e1ncer Investigador responsable F\u00e9lix M. Mach\u00edn Concepci\u00f3n, PhD Investigador contratado del SCS\/FIISC; Unidad de Investigaci\u00f3n, HUNSC Colaboradores doctores externos Laura Anaissi Afonso (Investigadora postdoctoral vinculada al proyecto PLEC2022-009507, Unidad de Investigaci\u00f3n, HUNSC) Colaboradores cl\u00ednicos Ana Chivite de Le\u00f3n (FEA Anatom\u00eda Patol\u00f3gica, CHUNSC) Fernando Antonio Garc\u00eda Machado (FEA Anatom\u00eda Patol\u00f3gica, CHUNSC) Helena&#8230;<\/p>\n","protected":false},"author":2,"featured_media":0,"parent":0,"menu_order":0,"comment_status":"closed","ping_status":"closed","template":"templates\/template-no-title.php","meta":[],"_links":{"self":[{"href":"https:\/\/www.ull.es\/institutos\/instituto-tecnologias-biomedicas\/wp-json\/wp\/v2\/pages\/260"}],"collection":[{"href":"https:\/\/www.ull.es\/institutos\/instituto-tecnologias-biomedicas\/wp-json\/wp\/v2\/pages"}],"about":[{"href":"https:\/\/www.ull.es\/institutos\/instituto-tecnologias-biomedicas\/wp-json\/wp\/v2\/types\/page"}],"author":[{"embeddable":true,"href":"https:\/\/www.ull.es\/institutos\/instituto-tecnologias-biomedicas\/wp-json\/wp\/v2\/users\/2"}],"replies":[{"embeddable":true,"href":"https:\/\/www.ull.es\/institutos\/instituto-tecnologias-biomedicas\/wp-json\/wp\/v2\/comments?post=260"}],"version-history":[{"count":5,"href":"https:\/\/www.ull.es\/institutos\/instituto-tecnologias-biomedicas\/wp-json\/wp\/v2\/pages\/260\/revisions"}],"predecessor-version":[{"id":597,"href":"https:\/\/www.ull.es\/institutos\/instituto-tecnologias-biomedicas\/wp-json\/wp\/v2\/pages\/260\/revisions\/597"}],"wp:attachment":[{"href":"https:\/\/www.ull.es\/institutos\/instituto-tecnologias-biomedicas\/wp-json\/wp\/v2\/media?parent=260"}],"curies":[{"name":"wp","href":"https:\/\/api.w.org\/{rel}","templated":true}]}}