{"id":267,"date":"2021-03-11T11:39:28","date_gmt":"2021-03-11T11:39:28","guid":{"rendered":"http:\/\/www.ull.es\/institutos\/instituto-tecnologias-biomedicas\/?page_id=267"},"modified":"2024-09-11T09:24:32","modified_gmt":"2024-09-11T09:24:32","slug":"investigacion-en-enfermedad-renal-y-cardiovascular","status":"publish","type":"page","link":"https:\/\/www.ull.es\/institutos\/instituto-tecnologias-biomedicas\/investigacion-en-enfermedad-renal-y-cardiovascular\/","title":{"rendered":"Investigaci\u00f3n en enfermedad renal y cardiovascular"},"content":{"rendered":"<p>[vc_row][vc_column][vc_column_text]<\/p>\n<div class=\"page-header\">\n<h1>Investigaci\u00f3n en enfermedad renal y cardiovascular<\/h1>\n<\/div>\n<div class=\"content\">\n<h4><b>Investigador responsable<\/b><\/h4>\n<table class=\"jefe\">\n<tbody>\n<tr>\n<td class=\"provisional\"><\/td>\n<td><strong><a href=\"https:\/\/portalciencia.ull.es\/investigadores\/205540\/detalle\" target=\"_blank\" rel=\"noopener\" target=\"_blank\" rel=\"noopener\">Juan Francisco Navarro Gonz\u00e1lez<\/a>, MD, PhD<\/strong><\/p>\n<p>Jefe del Servicio de la Unidad de Investigaci\u00f3n, HUNSC<\/td>\n<\/tr>\n<\/tbody>\n<\/table>\n<p>&nbsp;<\/p>\n<p><b>Investigadores colaboradores doctores<\/b><\/p>\n<ul>\n<li style=\"font-weight: 400;\" aria-level=\"1\"><span style=\"font-weight: 400;\">V\u00edctor Garc\u00eda Tagua, PhD (Profesor Ayudante Doctor; Departamento de Obstetricia y Ginecolog\u00eda, Pediatr\u00eda, Medicina Preventiva y Salud P\u00fablica, Toxicolog\u00eda, Medicina Legal y Forense y Parasitolog\u00eda, ULL) <\/span><span style=\"font-weight: 400;\">\ud83e\udc6a<\/span> <a href=\"https:\/\/portalciencia.ull.es\/investigadores\/82552\/detalle\" target=\"_blank\" rel=\"noopener\"><span style=\"font-weight: 400;\">Enlace a Portal Ciencia ULL<\/span><\/a><\/li>\n<\/ul>\n<p><b>Colaboradores externos e investigadores asociados<\/b><\/p>\n<ul>\n<li style=\"font-weight: 400;\" aria-level=\"1\"><span style=\"font-weight: 400;\">Carmen Mora Fern\u00e1ndez (FEA Responsable gesti\u00f3n cient\u00edfica e innovaci\u00f3n , Unidad de Investigaci\u00f3n HUNSC)<\/span><\/li>\n<li style=\"font-weight: 400;\" aria-level=\"1\"><span style=\"font-weight: 400;\">Desir\u00e9e Luis Rodr\u00edguez (FEA Servicio de Nefrolog\u00eda, HUNSC)<\/span><\/li>\n<li style=\"font-weight: 400;\" aria-level=\"1\"><span style=\"font-weight: 400;\">Victoria Castro L\u00f3pez-Tarruella (FEA Servicio Anatom\u00eda Patol\u00f3gica, HUNSC)<\/span><\/li>\n<li style=\"font-weight: 400;\" aria-level=\"1\"><span style=\"font-weight: 400;\">Orlando Siverio Morales (FEA Servicio Nefrolog\u00eda, HUNSC)<\/span><\/li>\n<li style=\"font-weight: 400;\" aria-level=\"1\"><span style=\"font-weight: 400;\">Rosa P\u00e9rez Morales (FEA Servicio Nefrolog\u00eda, HUNSC)<\/span><\/li>\n<li style=\"font-weight: 400;\" aria-level=\"1\"><span style=\"font-weight: 400;\">Carlos Mar\u00edn Delgado (F.E.A. Servicio Nefrolog\u00eda, HUNSC)<\/span><\/li>\n<\/ul>\n<p><b>Estudiantes de doctorado e investigadores en formaci\u00f3n<\/b><\/p>\n<ul>\n<li style=\"font-weight: 400;\" aria-level=\"1\"><span style=\"font-weight: 400;\">Carla Mar\u00eda Ferri (Programa de Doctorado Ciencias de la Salud ULL, Agencia Canaria de Innovaci\u00f3n, Investigaci\u00f3n y Sociedad de la Informaci\u00f3n, ACIISI, TESIS2018010110)<\/span><\/li>\n<\/ul>\n<p><b>Personal t\u00e9cnico o de gesti\u00f3n<\/b><\/p>\n<ul>\n<li style=\"font-weight: 400;\" aria-level=\"1\"><span style=\"font-weight: 400;\">Lisset Gonz\u00e1lez Burgos (T\u00e9cnica Superior, contratada proyecto RD21\/0005\/0013, ISCIII, HUNSC)<\/span><\/li>\n<\/ul>\n<p><b>L\u00edneas de investigaci\u00f3n<\/b><\/p>\n<ul>\n<li style=\"font-weight: 400;\" aria-level=\"1\"><span style=\"font-weight: 400;\">Enfermedad renal cr\u00f3nica y sus complicaciones.<\/span><\/li>\n<li style=\"font-weight: 400;\" aria-level=\"1\"><span style=\"font-weight: 400;\">Enfermedad renal diab\u00e9tica.<\/span><\/li>\n<li style=\"font-weight: 400;\" aria-level=\"1\"><span style=\"font-weight: 400;\">Implicaciones del fen\u00f3meno inflamatorio en enfermedades de alta prevalencia.<\/span><\/li>\n<li style=\"font-weight: 400;\" aria-level=\"1\"><span style=\"font-weight: 400;\">Sistema FGF23\/Klotho.<\/span><\/li>\n<\/ul>\n<p><b>Proyectos financiados<\/b><\/p>\n<ul>\n<li style=\"font-weight: 400;\" aria-level=\"1\"><span style=\"font-weight: 400;\">Sistema FGF23\/Klotho en la enfermedad vascular ateroscler\u00f3tica subcl\u00ednica. Implicaciones fisiopatol\u00f3gicas y aproximaci\u00f3n terap\u00e9utica (PI19\/00035). IP: Juan F. Navarro. Instituto de Salud Carlos III (2020-2023, 56.870 \u20ac)<\/span><\/li>\n<li style=\"font-weight: 400;\" aria-level=\"1\"><span style=\"font-weight: 400;\">RED RICORS2040 (KIDNEY DISEASE). RD21\/0005\/0013. IP: Juan F. Navarro. Instituto de Salud Carlos III (2022-2024, 105.765 \u20ac)<\/span><\/li>\n<li style=\"font-weight: 400;\" aria-level=\"1\"><span style=\"font-weight: 400;\">Detecci\u00f3n de la prote\u00edna Klotho mediante nanoanticuerpos obtenidos en cam\u00e9lidos canarios (PIFIISC21\/23). IPs: Carmen Mora Fern\u00e1ndez y V\u00edctor Garc\u00eda Tagua. Fundaci\u00f3n Canaria Instituto de Investigaci\u00f3n Sanitaria de Canarias, FIISC (2022-2023, 27.000 \u20ac)<\/span><\/li>\n<\/ul>\n<p><b>Publicaciones 2023<\/b><\/p>\n<ul>\n<li style=\"font-weight: 400;\" aria-level=\"1\"><b>Donate-Correa J<\/b><span style=\"font-weight: 400;\">, Mart\u00edn-N\u00fa\u00f1ez E, Mora-Fern\u00e1ndez C, Gonz\u00e1lez-Luis A, Mart\u00edn-Olivera A, <\/span><b>Navarro-Gonz\u00e1lez JF<\/b><span style=\"font-weight: 400;\">. Association of Klotho with Coronary Artery Disease in Subjects with Type 2 Diabetes Mellitus and Preserved Kidney Function: A Case-Control Study. <\/span><i><span style=\"font-weight: 400;\">International Journal of Molecular Sciences<\/span><\/i><span style=\"font-weight: 400;\">. 2023 Aug 30;24(17):13456. DOI: 10.3390\/ijms241713456<\/span><\/li>\n<li style=\"font-weight: 400;\" aria-level=\"1\"><b>Donate-Correa J<\/b><span style=\"font-weight: 400;\">, Mart\u00edn-N\u00fa\u00f1ez E, Mora-Fern\u00e1ndez C, Gonz\u00e1lez-Luis A, Mart\u00edn-Olivera A, <\/span><b>Navarro-Gonz\u00e1lez JF<\/b><span style=\"font-weight: 400;\">. Associations between Inflammation, Hemoglobin Levels, and Coronary Artery Disease in Non-Albuminuric Subjects with and without Type 2 Diabetes Mellitus. <\/span><i><span style=\"font-weight: 400;\">International Journal of Molecular Sciences<\/span><\/i><span style=\"font-weight: 400;\">. 2023;24(18). 2023 Sep 15;24(18):14131. DOI: 10.3390\/ijms241814131<\/span><\/li>\n<li style=\"font-weight: 400;\" aria-level=\"1\"><span style=\"font-weight: 400;\">Mart\u00edn-Carro B, <\/span><b>Donate-Correa J<\/b><span style=\"font-weight: 400;\">, Fern\u00e1ndez-Villabrille S, Mart\u00edn-V\u00edrgala J, Panizo S, Carrillo-L\u00f3pez N, Mart\u00ednez-Arias L, <\/span><b>Navarro-Gonz\u00e1lez JF<\/b><span style=\"font-weight: 400;\">, Naves-D\u00edaz M, Fern\u00e1ndez-Mart\u00edn JL, Alonso-Montes C, Cannata-And\u00eda JB. Experimental Models to Study Diabetes Mellitus and Its Complications: Limitations and New Opportunities. <\/span><i><span style=\"font-weight: 400;\">International Journal of Molecular Sciences<\/span><\/i><span style=\"font-weight: 400;\">. 2023 Jun 18;24(12):10309. DOI: 10.3390\/ijms241210309<\/span><\/li>\n<li style=\"font-weight: 400;\" aria-level=\"1\"><b>Donate-Correa J<\/b><span style=\"font-weight: 400;\">, Mart\u00edn-N\u00fa\u00f1ez E, Martin-Olivera A, Mora-Fern\u00e1ndez C, <\/span><b>Tagua VG<\/b><span style=\"font-weight: 400;\">, Ferri CM, L\u00f3pez-Castillo \u00c1, Delgado-Molinos A, L\u00f3pez-Tarruella VC, Ar\u00e9valo-G\u00f3mez MA, P\u00e9rez-Delgado N, Gonz\u00e1lez-Luis A, <\/span><b>Navarro-Gonz\u00e1lez JF<\/b><span style=\"font-weight: 400;\">. Klotho inversely relates with carotid intima- media thickness in atherosclerotic patients with normal renal function (eGFR \u226560 mL\/min\/1.73m2): a proof-of-concept study. <\/span><i><span style=\"font-weight: 400;\">Frontiers in Endocrinology<\/span><\/i><span style=\"font-weight: 400;\">. 2023;14:1146012. DOI: <\/span><a href=\"https:\/\/doi.org\/10.3389%2Ffendo.2023.1146012\" target=\"_blank\" rel=\"noopener\"><span style=\"font-weight: 400;\">10.3389\/fendo.2023.1146012<\/span><\/a><\/li>\n<li style=\"font-weight: 400;\" aria-level=\"1\"><b>Donate-Correa J<\/b><span style=\"font-weight: 400;\">, Mart\u00edn-Carro B, Cannata-And\u00eda JB, Mora-Fern\u00e1ndez C, <\/span><b>Navarro-Gonz\u00e1lez JF<\/b><span style=\"font-weight: 400;\">. Klotho, Oxidative Stress, and Mitochondrial Damage in Kidney Disease. <\/span><i><span style=\"font-weight: 400;\">Antioxidants<\/span><\/i><span style=\"font-weight: 400;\">. 2023 Jan 20;12(2):239. DOI: 10.3390\/antiox12020239<\/span><\/li>\n<li style=\"font-weight: 400;\" aria-level=\"1\"><span style=\"font-weight: 400;\">Mart\u00edn-Carro B, Mart\u00edn-V\u00edrgala J, Fern\u00e1ndez-Villabrille S, Fern\u00e1ndez-Fern\u00e1ndez A, P\u00e9rez-Basterrechea M, <\/span><b>Navarro-Gonz\u00e1lez JF<\/b><span style=\"font-weight: 400;\">, <\/span><b>Donate-Correa\u00a0 J<\/b><span style=\"font-weight: 400;\">, Mora-Fern\u00e1ndez C, Dusso AS, Carrillo-L\u00f3pez, N, Panizo S, Naves-D\u00edaz M, Fern\u00e1ndez-Mart\u00edn JL, Cannata-And\u00eda JB, Alonso-Montes C. Role of Klotho and AGE\/RAGE-Wnt\/\u03b2-Catenin Signalling Pathway on the Development of Cardiac and Renal Fibrosis in Diabetes. <\/span><i><span style=\"font-weight: 400;\">International Journal of Molecular Sciences<\/span><\/i><span style=\"font-weight: 400;\">. 2023;24(6). DOI: 10.3390\/IJMS24065241<\/span><\/li>\n<li style=\"font-weight: 400;\" aria-level=\"1\"><span style=\"font-weight: 400;\">Rayego-Mateos S, Rodrigues-Diez RR, Fernandez-Fernandez B, Mora-Fern\u00e1ndez C, Marchant V, <\/span><b>Donate-Correa J<\/b><span style=\"font-weight: 400;\">, <\/span><b>Navarro-Gonz\u00e1lez JF<\/b><span style=\"font-weight: 400;\">, Ortiz A, Ruiz-Ortega M. Targeting inflammation to treat diabetic kidney disease: the road to 2030. <\/span><i><span style=\"font-weight: 400;\">Kidney International<\/span><\/i><span style=\"font-weight: 400;\">. 2023;103(2):282-96. DOI: 10.1016\/J.KINT.2022.10.030<\/span><\/li>\n<li style=\"font-weight: 400;\" aria-level=\"1\"><b>Donate-Correa J<\/b><span style=\"font-weight: 400;\">, Matos-Perdomo E, Gonz\u00e1lez-Luis A, Mart\u00edn-Olivera A, Ortiz A, Mora-Fern\u00e1ndez C, <\/span><b>Navarro-Gonz\u00e1lez JF<\/b><span style=\"font-weight: 400;\">. The Value of Klotho in Kidney Transplantation. <\/span><i><span style=\"font-weight: 400;\">Transplantation<\/span><\/i><span style=\"font-weight: 400;\">. 2023;107(3):616-27. DOI: 10.1097\/TP.0000000000004331<\/span><\/li>\n<li style=\"font-weight: 400;\" aria-level=\"1\"><span style=\"font-weight: 400;\">Quiroga B, Ortiz A, <\/span><b>Navarro-Gonz\u00e1lez JF<\/b><span style=\"font-weight: 400;\">, Santamar\u00eda R, de Sequera P, D\u00edez J. From cardiorenal syndromes to cardionephrology: a reflection by nephrologists on renocardiac syndromes. <\/span><i><span style=\"font-weight: 400;\">Clin Kidney J<\/span><\/i><span style=\"font-weight: 400;\">. 2023,16:19-29. DOI: 10.1093\/ckj\/sfac113<\/span><\/li>\n<li style=\"font-weight: 400;\" aria-level=\"1\"><span style=\"font-weight: 400;\">Ortiz A, del Arco Gal\u00e1n C, Fern\u00e1ndez-Garc\u00eda JC, G\u00f3mez Cerezo J, Ib\u00e1n Ochoa R, N\u00fa\u00f1ez J, Pita Guti\u00e9rrez F, <\/span><b>Navarro Gonz\u00e1lez JF<\/b><span style=\"font-weight: 400;\">. Documento de consenso sobre el abordaje de la hiperpotasemia. <\/span><i><span style=\"font-weight: 400;\">Nefrolog\u00eda<\/span><\/i><span style=\"font-weight: 400;\">. 2023;43(5):765-782. DOI: 10.1016\/j.nefro.2023.05.004<\/span><\/li>\n<li style=\"font-weight: 400;\" aria-level=\"1\"><span style=\"font-weight: 400;\">Mora-Fern\u00e1ndez C, P\u00e9rez A, Mollar A, Palau P, Amiguet M, de la Espriella R, Sanch\u00eds J, G\u00f3rriz JL, Soler MJ, <\/span><b>Navarro-Gonz\u00e1lez JF<\/b><span style=\"font-weight: 400;\">, N\u00fa\u00f1ez J. Short-term changes in Klotho and FGF23 in heart failure with reduced ejection fraction \u2013a substudy of the DAPA-VO2 study. <\/span><i><span style=\"font-weight: 400;\">Front Cardiovasc Med<\/span><\/i><span style=\"font-weight: 400;\">. 2023;10:1242108. DOI: 10.3389\/fcvm.2023.1242108<\/span><\/li>\n<li style=\"font-weight: 400;\" aria-level=\"1\"><span style=\"font-weight: 400;\">Mart\u00edn-Carro B, <\/span><b>Navarro-Gonz\u00e1lez JF<\/b><span style=\"font-weight: 400;\">, Ortiz A, Zoccalli C, Floege J, Ferreira MA, G\u00f3rriz-Teruel JL, Carrillo-L\u00f3pez N, Panizo S, Locatelli F, Ketteler M, London GM, Naves-D\u00edez M, Alonso-Montes C, Cannata-And\u00eda JB, Fern\u00e1ndez-Mart\u00edn JL. Mineral and bone metabolism markers and mortality in diabetic patients on haemodialysis. <\/span><i><span style=\"font-weight: 400;\">Nephrol Dial Transplant<\/span><\/i><span style=\"font-weight: 400;\">. 2023,38:2589-2597. <\/span><span style=\"font-weight: 400;\">DOI: 10.1093\/ndt\/gfad122<\/span><\/li>\n<li style=\"font-weight: 400;\" aria-level=\"1\"><span style=\"font-weight: 400;\">Aguilar A, Gifre L, Ure\u00f1a-Torres P, Carrillo-L\u00f3pez N, Rodr\u00edguez-Garc\u00eda M, Mass\u00f3 E, da Silva I, L\u00f3pez-B\u00e1ez V, S\u00e1nchez-Bay\u00e1 M, Prior-Espa\u00f1ol A, Urrutia M, Paul J, Bustos MC, Vila A, Garnica-Le\u00f3n I, <\/span><b>Navarro-Gonz\u00e1lez JF<\/b><span style=\"font-weight: 400;\">, Mateo L, Bover J. Pathophysiology of bone disease in chronic kidney disease: from basics to renal osteodystrophy and osteoporosis. <\/span><i><span style=\"font-weight: 400;\">Front Physiol<\/span><\/i><span style=\"font-weight: 400;\">. 2023,14:1177829. <\/span><span style=\"font-weight: 400;\">DOI: 10.3389\/fphys.2023.1177829<\/span><\/li>\n<li style=\"font-weight: 400;\" aria-level=\"1\"><span style=\"font-weight: 400;\">Mart\u00edn-V\u00edrgala J, F\u00e9rn\u00e1ndez Villabrille S, Mart\u00edn Carro B, Tamargo G\u00f3mez I, <\/span><b>Navarro-Gonz\u00e1lez JF<\/b><span style=\"font-weight: 400;\">, Mora-Fern\u00e1ndez C, Calleros L, Astudillo Cort\u00e9s E, Avello Llano N, Mari\u00f1o G, Dusso AS, Alonso Montes C, Panizo S, Cannata-And\u00eda JB, Naves D\u00edaz M, Carrillo L\u00f3pez N. Serum and urinary soluble <\/span><span style=\"font-weight: 400;\">\u03b1<\/span><span style=\"font-weight: 400;\">-klotho as markers of kidney and vascular impairment. <\/span><i><span style=\"font-weight: 400;\">Nutrients<\/span><\/i><span style=\"font-weight: 400;\">. 2023 Mar 18;15(6):1470. DOI: 10.3390\/nu15061470<\/span><\/li>\n<li style=\"font-weight: 400;\" aria-level=\"1\"><span style=\"font-weight: 400;\">Torregrosa J-V, Bover J, Rodr\u00edguez Portillo M, Gonz\u00e1lez Parra E, Dolores Arenas M, Caravaca F, Gonz\u00e1lez Casaus M-L, Mart\u00edn-Malo A, <\/span><b>Navarro-Gonz\u00e1lez JF<\/b><span style=\"font-weight: 400;\">, Lorenzo V, Molina P, Rodr\u00edguez M, Cannata Andia J. Recommendations of the Spanish Society of Nephrology for the management of mineral and bone metabolism disorders in patients with chronic kidney disease: 2021 (SEN-MM). <\/span><i><span style=\"font-weight: 400;\">Nefrologia<\/span><\/i><span style=\"font-weight: 400;\">. 2023 Jun:43 Suppl 1:1-36. DOI: 10.1016\/j.nefroe.2023.03.003<\/span><\/li>\n<\/ul>\n<p><b>Publicaciones representativas de los \u00faltimos a\u00f1os<\/b><\/p>\n<ul>\n<li style=\"font-weight: 400;\" aria-level=\"1\"><span style=\"font-weight: 400;\">Mart\u00edn-N\u00fa\u00f1ez E, Donate-Correa J, Kannengiesser C, De Brauwere DP, Leroy C, Oudin C, Friedlander G, Prieto-Mor\u00edn C, Tagua VG, Ure\u00f1a-Torres PA, <\/span><b>Navarro-Gonz\u00e1lez JF<\/b><span style=\"font-weight: 400;\">. A novel heterozygous deletion variant in KLOTHO gene leading to haploinsufficiency and impairment of fibroblast growth factor 23 signaling pathway. <\/span><a href=\"https:\/\/www.ncbi.nlm.nih.gov\/pubmed\/?term=A+novel+heterozygous+deletion+variant+in+KLOTHO+gene+leading+to+haploinsufficiency+and+impairment+of+fibroblast+growth+factor+23+signaling+pathway\" target=\"_blank\" rel=\"noopener\"><i><span style=\"font-weight: 400;\">J Clin Med<\/span><\/i><span style=\"font-weight: 400;\">.<\/span><\/a><span style=\"font-weight: 400;\">\u00a02019 Apr;8(4). pii: E500. DOI: 10.3390\/jcm8040500<\/span><\/li>\n<li style=\"font-weight: 400;\" aria-level=\"1\"><b>Navarro-Gonz\u00e1lez JF<\/b><span style=\"font-weight: 400;\">, S\u00e1nchez-Ni\u00f1o MD, Donate-Correa J, Mart\u00edn-N\u00fa\u00f1ez E, Ferri C, P\u00e9rez-Delgado N, G\u00f3rriz JL, Mart\u00ednez-Castelao A, Ortiz A, Mora-Fern\u00e1ndez C. Effects of pentoxifylline on soluble Klotho concentrations and renal tubular cell expression in diabetic kidney disease. <\/span><a href=\"https:\/\/www.ncbi.nlm.nih.gov\/pubmed\/?term=Effects+of+pentoxifylline+on+soluble+Klotho+concentrations+and+renal+tubular+cell+expression+in+diabetic+kidney+disease\" target=\"_blank\" rel=\"noopener\"><i><span style=\"font-weight: 400;\">Diabetes Care<\/span><\/i><span style=\"font-weight: 400;\">.<\/span><\/a><span style=\"font-weight: 400;\">\u00a02018 Aug;41(8):1817-1820. DOI: 10.2337\/dc18-0078<\/span><\/li>\n<li style=\"font-weight: 400;\" aria-level=\"1\"><span style=\"font-weight: 400;\">Donate-Correa J, Henriquez-Palop F, Mart\u00edn-N\u00fa\u00f1ez E, P\u00e9rez-Delgado N, Muros-de-Fuentes M, Mora-Fernandez C, <\/span><b>Navarro-Gonz\u00e1lez JF<\/b><span style=\"font-weight: 400;\">. Effect of Paricalcitol on FGF-23 and Klotho in kidney transplant recipients. <\/span><i><span style=\"font-weight: 400;\">Transplantation<\/span><\/i><span style=\"font-weight: 400;\">. 2016;100(11):2432-2438. DOI: 10.1097\/TP.0000000000001339<\/span><\/li>\n<\/ul>\n<\/div>\n<p>[\/vc_column_text][\/vc_column][\/vc_row]<\/p>\n","protected":false},"excerpt":{"rendered":"<p>[vc_row][vc_column][vc_column_text] Investigaci\u00f3n en enfermedad renal y cardiovascular Investigador responsable Juan Francisco Navarro Gonz\u00e1lez, MD, PhD Jefe del Servicio de la Unidad de Investigaci\u00f3n, HUNSC &nbsp; Investigadores colaboradores doctores V\u00edctor Garc\u00eda Tagua, PhD (Profesor Ayudante Doctor; Departamento de Obstetricia y Ginecolog\u00eda, Pediatr\u00eda, Medicina Preventiva y Salud P\u00fablica, Toxicolog\u00eda, Medicina Legal y Forense y Parasitolog\u00eda, ULL) \ud83e\udc6a&#8230;<\/p>\n","protected":false},"author":2,"featured_media":0,"parent":0,"menu_order":0,"comment_status":"closed","ping_status":"closed","template":"templates\/template-no-title.php","meta":[],"_links":{"self":[{"href":"https:\/\/www.ull.es\/institutos\/instituto-tecnologias-biomedicas\/wp-json\/wp\/v2\/pages\/267"}],"collection":[{"href":"https:\/\/www.ull.es\/institutos\/instituto-tecnologias-biomedicas\/wp-json\/wp\/v2\/pages"}],"about":[{"href":"https:\/\/www.ull.es\/institutos\/instituto-tecnologias-biomedicas\/wp-json\/wp\/v2\/types\/page"}],"author":[{"embeddable":true,"href":"https:\/\/www.ull.es\/institutos\/instituto-tecnologias-biomedicas\/wp-json\/wp\/v2\/users\/2"}],"replies":[{"embeddable":true,"href":"https:\/\/www.ull.es\/institutos\/instituto-tecnologias-biomedicas\/wp-json\/wp\/v2\/comments?post=267"}],"version-history":[{"count":4,"href":"https:\/\/www.ull.es\/institutos\/instituto-tecnologias-biomedicas\/wp-json\/wp\/v2\/pages\/267\/revisions"}],"predecessor-version":[{"id":602,"href":"https:\/\/www.ull.es\/institutos\/instituto-tecnologias-biomedicas\/wp-json\/wp\/v2\/pages\/267\/revisions\/602"}],"wp:attachment":[{"href":"https:\/\/www.ull.es\/institutos\/instituto-tecnologias-biomedicas\/wp-json\/wp\/v2\/media?parent=267"}],"curies":[{"name":"wp","href":"https:\/\/api.w.org\/{rel}","templated":true}]}}