{"id":274,"date":"2021-03-11T11:43:57","date_gmt":"2021-03-11T11:43:57","guid":{"rendered":"http:\/\/www.ull.es\/institutos\/instituto-tecnologias-biomedicas\/?page_id=274"},"modified":"2021-03-11T11:43:57","modified_gmt":"2021-03-11T11:43:57","slug":"unidad-de-evaluacion-de-tecnologias-sanitariasscs","status":"publish","type":"page","link":"https:\/\/www.ull.es\/institutos\/instituto-tecnologias-biomedicas\/unidad-de-evaluacion-de-tecnologias-sanitariasscs\/","title":{"rendered":"Unidad de evaluaci\u00f3n de tecnolog\u00edas sanitarias(SCS)"},"content":{"rendered":"<p>[vc_row][vc_column][vc_column_text]<\/p>\n<div class=\"page-header\">\n<h1>Unidad de evaluaci\u00f3n de tecnolog\u00edas sanitarias(SCS)<\/h1>\n<\/div>\n<div class=\"content\">\n<h4><strong>INVESTIGADORES RESPONSABLES<\/strong><\/h4>\n<table class=\"jefe\">\n<tbody>\n<tr>\n<td class=\"provisional\"><\/td>\n<td><strong>Pedro Serrano Aguilar, MD, PhD<\/strong><\/p>\n<p>Jefe de Servicio de Evaluaci\u00f3n y Planificaci\u00f3n en la Direcci\u00f3n del SCS, y responsable de la Unidad de Evaluaci\u00f3n de Tecnolog\u00edas Sanitarias<\/td>\n<\/tr>\n<\/tbody>\n<\/table>\n<table class=\"jefe\">\n<tbody>\n<tr>\n<td class=\"provisional\"><\/td>\n<td><strong>Lilisbeth Perestelo P\u00e9rez, PhD<\/strong><\/p>\n<p>Servicio de Evaluaci\u00f3n y Planificaci\u00f3n, SCS<\/td>\n<\/tr>\n<\/tbody>\n<\/table>\n<h4><strong>INVESTIGADORES COLABORADORES<\/strong><\/h4>\n<ul>\n<li>Iv\u00e1n Castilla Rodr\u00edguez, PhD (contrato RedETS)<\/li>\n<li>Mar\u00eda del Mar Trujillo Mart\u00edn, PhD (contrato RedETS)<\/li>\n<li>Amado Rivero Santana, PhD (contrato RedETS)<\/li>\n<li>Ana Toledo Ch\u00e1varri, PhD (contrato RedETS)<\/li>\n<li>Tasmania del Pino Sede\u00f1o, PhD (contrato RedETS)<\/li>\n<li>N\u00e9stor Ben\u00edtez, PhD (contrato RedETS)<\/li>\n<li>Beatriz Le\u00f3n Salas, PhD (contrato RedETS)<\/li>\n<li>Lidia Garc\u00eda P\u00e9rez (contrato RedETS)<\/li>\n<li>Yolanda Ramallo Fari\u00f1a (contrato RedETS)<\/li>\n<li>Renata Linertova (contrato RedETS)<\/li>\n<li>Cristina Valc\u00e1rcel Nazco (contrato RedETS)<\/li>\n<li>Yolanda \u00c1lvarez (contrato RedETS)<\/li>\n<li>Vanesa Ramos (contrato RedETS)<\/li>\n<li>Leticia Rodr\u00edguez (contrato RedETS)<\/li>\n<\/ul>\n<h4><strong>L\u00cdNEAS DE INVESTIGACI\u00d3N<\/strong><\/h4>\n<ul>\n<li>Evaluaci\u00f3n de Servicios de Salud basados en telemedicina, evaluaci\u00f3n econ\u00f3mica de tecnolog\u00edas sanitarias e impacto econ\u00f3mico de las enfermedades.<\/li>\n<li>Evaluaci\u00f3n de tecnolog\u00edas sanitarias y estudio de la efectividad y la eficiencia de las tecnolog\u00edas sanitarias, mediante revisiones sistem\u00e1ticas y an\u00e1lisis de coste-efectividad.<\/li>\n<li>Toma de decisiones compartidas a trav\u00e9s del desarrollo, evaluaci\u00f3n e implementaci\u00f3n de t\u00e9cnicas y herramientas de ayuda para la toma de decisiones compartidas.<\/li>\n<\/ul>\n<h4><strong>PROYECTOS FINANCIADOS<\/strong><\/h4>\n<ul>\n<li>Efectividad y coste-efectividad de intervenciones complejas de transferencia de conocimiento basadas en TICs a 5 a\u00f1os, para mejorar la salud en pacientes con DM2 (INDICA-DOS, PI16\/00769). IP: Pedro Serrano. Instituto de Salud Carlos III (2017-2019, 50.215 \u20ac)<\/li>\n<li>EUnetHTA Joint Action 3. IP: Pedro Serrano. EU Executive Agency for Health and Consumers (2016-2020, 88.000 \u20ac)<\/li>\n<li>Red de Investigaci\u00f3n en Servicios de Salud en Enfermedades Cr\u00f3nicas (REDISSEC). IP: Pedro Serrano. Instituto de Salud Carlos III 2017-2020, 240.000 \u20ac)<\/li>\n<li>Impacto cl\u00ednico y econ\u00f3mico de la ozonoterapia intradiscal en pacientes en lista de espera para cirug\u00eda por hernia de disco (PI17\/00120). IP: Renata Linertova. Instituto de Salud Carlos III (2018-2020, 32.065 \u20ac)<\/li>\n<\/ul>\n<h4><strong>PUBLICACIONES REPRESENTATIVAS DE LOS \u00daLTIMOS 10 A\u00d1OS<\/strong><\/h4>\n<ul>\n<li>Vallejo-Torres L, Garcia-Lorenzo B, Castilla I, Valc\u00e1rcel-Nazco C, Garcia-Perez L, Linertova R, Polentinos-Castro E,\u00a0<strong>Serrano-Aguilar P<\/strong>. On the estimation of the cost-effectiveness threshold: why, what, how? Value in Health. 2016 Jul-Aug;19(5):558-66. doi: 10.1016\/j.jval.2016.02.020<\/li>\n<li>Lopez-Bastida J, Oliva-Moreno J, Linertov\u00e1 R,\u00a0<strong>Serrano-Aguilar P<\/strong>. Social\/economic costs and health-related quality of life in patients with rare diseases in Europe. Eur J Health Econ. 2016;Suppl 1:1-5. doi: 10.1007\/s10198-016-0780-7<\/li>\n<li>Abt Sacks A,\u00a0<strong>Perestelo-P\u00e9rez L<\/strong>, Rodriguez-Martin B, Cuellar-Pompa L, Algara Lopez M, Gonzalez Hernandez N,\u00a0<strong>Serrano-Aguilar P<\/strong>. Breast cancer patients\u2019narrative experiences about communication during the oncology care process: a qualitative study. Eur J Cancer Care (Engl.). 2016 Sep;25(5):719-33. doi: 10.1111\/ecc.12384<\/li>\n<li><strong>Perestelo-P\u00e9rez L<\/strong>, Rivero Santana A, Boronat M, Sanchez-Afonso JA, Perez-Ramos JM, Montori VM,\u00a0<strong>Serrano-Aguilar P<\/strong>. Effect of the statin choice encounter decision aid in Spanish patients with type 2 diabetes: A randomized trial. Patient Educ Couns. 2016 Feb;99(2):295-9. doi: 10.1016\/j.pec.2015.08.032<\/li>\n<li>Del Pino-Sede\u00f1o T, Trujillo-Martin MM, Ruiz-Irastorza G, Cuellar-Pompa L, de Pascual-Medina AM,\u00a0<strong>Serrano-Aguilar P<\/strong>. Spanish Systemic Lupus Erythematosus CPG Development Group. Effectiveness of Nonpharmacologic Interventions for Decreasing Fatigue in Adults With Systemic Lupus Erythematosus: A Systematic Review. Arthritis Care Res (Hoboken). 2016 Jan;68(1):141-8. doi: 10.1002\/acr.22675<\/li>\n<li>Vallejo-Torres L, Castilla I, Couce ML, Perez-Cerda C, Martin-Hernandez E, Pineda M, Campistol J, Arrospide A, Morris S,\u00a0<strong>Serrano-Aguilar P<\/strong>. Cost-Effectiveness Analysis of a National Newborn Screening Program for Biotinidase Deficiency. Pediatrics. 2015 Aug;136(2):e424-32. doi: 10.1542\/peds.2014-3399<\/li>\n<li><strong>Serrano-Aguilar P<\/strong>, Trujillo-Martin MM, Perez de la Rosa A, Cuellar-Pompa L, Saavedra-Medina H, Linertova R,\u00a0<strong>Perestelo-Perez L<\/strong>, Perez-Ramos J, Rivero-Santana A. Patient participation in a Clinical Guideline Development for Systemic Lupus Erythematosus. Patient Education and Counseling. 2015 Sep;98(9):1156-63. doi: 10.1016\/j.pec.2015.05.022<\/li>\n<li>Vallejo-Torres L, Castilla I, Gonzalez N, Hunter R, Serrano-Perez P,\u00a0<strong>Perestelo-P\u00e9rez L<\/strong>. Cost-effectiveness of electroconvulsive therapy compared to repetitive transcranial magnetic stimulation for treatment-resistant severe depression: a decision model. Psychol Med. 2015 May;45(7):1459-70. doi: 10.1017\/S0033291714002554<\/li>\n<\/ul>\n<\/div>\n<div class=\"foot_content\">\n<div class=\"row\"><\/div>\n<\/div>\n<p>[\/vc_column_text][\/vc_column][\/vc_row]<\/p>\n","protected":false},"excerpt":{"rendered":"<p>[vc_row][vc_column][vc_column_text] Unidad de evaluaci\u00f3n de tecnolog\u00edas sanitarias(SCS) INVESTIGADORES RESPONSABLES Pedro Serrano Aguilar, MD, PhD Jefe de Servicio de Evaluaci\u00f3n y Planificaci\u00f3n en la Direcci\u00f3n del SCS, y responsable de la Unidad de Evaluaci\u00f3n de Tecnolog\u00edas Sanitarias Lilisbeth Perestelo P\u00e9rez, PhD Servicio de Evaluaci\u00f3n y Planificaci\u00f3n, SCS INVESTIGADORES COLABORADORES Iv\u00e1n Castilla Rodr\u00edguez, PhD (contrato RedETS) Mar\u00eda&#8230;<\/p>\n","protected":false},"author":2,"featured_media":0,"parent":0,"menu_order":0,"comment_status":"closed","ping_status":"closed","template":"templates\/template-no-title.php","meta":[],"_links":{"self":[{"href":"https:\/\/www.ull.es\/institutos\/instituto-tecnologias-biomedicas\/wp-json\/wp\/v2\/pages\/274"}],"collection":[{"href":"https:\/\/www.ull.es\/institutos\/instituto-tecnologias-biomedicas\/wp-json\/wp\/v2\/pages"}],"about":[{"href":"https:\/\/www.ull.es\/institutos\/instituto-tecnologias-biomedicas\/wp-json\/wp\/v2\/types\/page"}],"author":[{"embeddable":true,"href":"https:\/\/www.ull.es\/institutos\/instituto-tecnologias-biomedicas\/wp-json\/wp\/v2\/users\/2"}],"replies":[{"embeddable":true,"href":"https:\/\/www.ull.es\/institutos\/instituto-tecnologias-biomedicas\/wp-json\/wp\/v2\/comments?post=274"}],"version-history":[{"count":1,"href":"https:\/\/www.ull.es\/institutos\/instituto-tecnologias-biomedicas\/wp-json\/wp\/v2\/pages\/274\/revisions"}],"predecessor-version":[{"id":275,"href":"https:\/\/www.ull.es\/institutos\/instituto-tecnologias-biomedicas\/wp-json\/wp\/v2\/pages\/274\/revisions\/275"}],"wp:attachment":[{"href":"https:\/\/www.ull.es\/institutos\/instituto-tecnologias-biomedicas\/wp-json\/wp\/v2\/media?parent=274"}],"curies":[{"name":"wp","href":"https:\/\/api.w.org\/{rel}","templated":true}]}}