{"id":293,"date":"2021-03-12T11:29:38","date_gmt":"2021-03-12T11:29:38","guid":{"rendered":"http:\/\/www.ull.es\/institutos\/instituto-tecnologias-biomedicas\/?page_id=293"},"modified":"2024-09-11T13:55:28","modified_gmt":"2024-09-11T13:55:28","slug":"laboratorio-de-imagen-cerebral","status":"publish","type":"page","link":"https:\/\/www.ull.es\/institutos\/instituto-tecnologias-biomedicas\/laboratorio-de-imagen-cerebral\/","title":{"rendered":"Laboratorio de imagen cerebral"},"content":{"rendered":"<p>[vc_row][vc_column][vc_column_text]<\/p>\n<div class=\"page-header\">\n<h1>Laboratorio de imagen cerebral<\/h1>\n<h4><b>Investigador responsable<\/b><\/h4>\n<table class=\"jefe\">\n<tbody>\n<tr>\n<td class=\"provisional\"><\/td>\n<td><strong><a href=\"https:\/\/portalciencia.ull.es\/investigadores\/81758\/detalle\" target=\"_blank\" rel=\"noopener\" target=\"_blank\" rel=\"noopener\">Niels Janssen<\/a>, PhD<\/strong><\/p>\n<p>Profesor Contratado Doctor de Psicolog\u00eda B\u00e1sica; Departamento de Psicolog\u00eda Cognitiva, Social y Organizacional, ULL<\/td>\n<\/tr>\n<\/tbody>\n<\/table>\n<p>&nbsp;<\/p>\n<p><b>Colaboradores externos<\/b><\/p>\n<ul>\n<li style=\"font-weight: 400;\" aria-level=\"1\"><span style=\"font-weight: 400;\">Prof. Mike Yassa (University of California, Irvine, USA)<\/span><\/li>\n<li style=\"font-weight: 400;\" aria-level=\"1\"><span style=\"font-weight: 400;\">Prof. Martijn van den Heuvel (Vrije Universiteit, Amsterdam)<\/span><\/li>\n<li style=\"font-weight: 400;\" aria-level=\"1\"><span style=\"font-weight: 400;\">Joost Janssen (Hospital Gregorio Mara\u00f1on, Madrid)<\/span><\/li>\n<li style=\"font-weight: 400;\" aria-level=\"1\"><span style=\"font-weight: 400;\">Rafael Arnay del Arco (Profesor Contratado Doctor; Departamento de Ingenier\u00eda Inform\u00e1tica y de Sistemas, ULL)<\/span><\/li>\n<li style=\"font-weight: 400;\" aria-level=\"1\"><span style=\"font-weight: 400;\">Javier Hernandez-Aceituno (Profesor Ayudante Doctor; Departamento de Ingenier\u00eda Inform\u00e1tica y de Sistemas, ULL)<\/span><\/li>\n<\/ul>\n<p><b>Estudiantes de doctorado e investigadores en formaci\u00f3n<\/b><\/p>\n<ul>\n<li style=\"font-weight: 400;\" aria-level=\"1\"><span style=\"font-weight: 400;\">Sara Lozano Seoane (Programa de Doctorado en Ciencias de la Salud, ULL. FPI Agencia Canaria de Investigaci\u00f3n, Innovaci\u00f3n y Sociedad de la Informaci\u00f3n, ACIISI, 2019-2024)<\/span><\/li>\n<li style=\"font-weight: 400;\" aria-level=\"1\"><span style=\"font-weight: 400;\">Uriel K. Arguinzones Elvira (Programa de Doctorado en Ciencias de la Salud, ULL, 2021-2025)<\/span><\/li>\n<li style=\"font-weight: 400;\" aria-level=\"1\"><span style=\"font-weight: 400;\">Adri\u00e1n Ramos Rodr\u00edguez (Programa de Doctorado en Ciencias de la Salud, ULL, 2021-2025.<\/span><\/li>\n<\/ul>\n<p><b>L\u00edneas de investigaci\u00f3n<\/b><\/p>\n<p><span style=\"font-weight: 400;\">Estamos trabajando en el desarrollo de nuevos instrumentos de an\u00e1lisis de datos en neurociencias y en sus aplicaciones en el conocimiento del cerebro, tanto en la salud como en la enfermedad. Para ello, utilizamos aproximaciones computacionales y experimentales a partir de resultados de Resonancia Magn\u00e9tica Cerebral (MRI) y Electro-encefalograf\u00eda (EEG).<\/span><\/p>\n<p><span style=\"font-weight: 400;\">Durante los \u00faltimos a\u00f1os, el trabajo en el laboratorio se ha centrado en caracterizar los cambios en el cerebro humano relacionados con el envejecimiento normal y anormal. Usando im\u00e1genes de resonancia magn\u00e9tica, hemos caracterizado cambios en \u00e1reas clave del cerebro involucradas en la enfermedad de Alzheimer, como el l\u00f3bulo temporal medial, el hipocampo y la am\u00edgdala, comparando grupos de adultos j\u00f3venes sanos, ancianos sanos y ancianos en varias etapas de demencia. Hemos encontrado evidencia de que el envejecimiento anormal produce cambios espec\u00edficos en la materia gris (atrofia), la materia blanca (mielina) y la funci\u00f3n (conectividad funcional). El objetivo general de estos estudios es mejorar las evaluaciones de diagn\u00f3stico y proporcionar un marco emp\u00edrico para los estudios precl\u00ednicos en animales posteriores.<\/span><\/p>\n<p><b>Proyectos financiados<\/b><\/p>\n<ul>\n<li style=\"font-weight: 400;\" aria-level=\"1\"><span style=\"font-weight: 400;\">C\u00f3mo el envejecimiento normal, el deterioro cognitivo leve y el estilo de vida afectan a los subcampos del hipocampo: Un estudio de RMN de alta precisi\u00f3n (PSI2017-84933). IP: Niels Janssen. Ministerio de Ciencia e Innovaci\u00f3n (01\/09\/2022 &#8211; 31\/08\/2025, 96.800 \u20ac)<\/span><\/li>\n<\/ul>\n<p><b>Otras publicaciones representativas de los \u00faltimos a\u00f1os<\/b><\/p>\n<ul>\n<li style=\"font-weight: 400;\" aria-level=\"1\"><span style=\"font-weight: 400;\">Hern\u00e1ndez-Aceituno J, Arnay R, <\/span><b>Hern\u00e1ndez G<\/b><span style=\"font-weight: 400;\">, Ezama L, Janssen N. Teaching the Virtual Brain. <\/span><i><span style=\"font-weight: 400;\">Journal of Digital Imaging<\/span><\/i><span style=\"font-weight: 400;\">. 2022 Dec;35(6):1599-1610. DOI: 10.1007\/s10278-022-00652-5<\/span><\/li>\n<li style=\"font-weight: 400;\" aria-level=\"1\"><span style=\"font-weight: 400;\">Elvira UK, Seoane S, Janssen J, <\/span><b>Janssen N<\/b><span style=\"font-weight: 400;\">. Contributions of human amygdala nuclei to resting-state networks. <\/span><i><span style=\"font-weight: 400;\">Plos One<\/span><\/i><span style=\"font-weight: 400;\">. 2022 Dec;17(12):e0278962. DOI: 10.1371\/journal.pone.0278962<\/span><\/li>\n<li style=\"font-weight: 400;\" aria-level=\"1\"><span style=\"font-weight: 400;\">Seoane S, Ezama L, <\/span><b>Janssen N<\/b><span style=\"font-weight: 400;\">. Daily-life physical activity of healthy young adults associates with function and structure of the hippocampus. <\/span><i><span style=\"font-weight: 400;\">Frontiers in Human Neuroscience<\/span><\/i><span style=\"font-weight: 400;\">. 2022 Mar;16: 790359. DOI: 10.3389\/fnhum.2022.790359<\/span><\/li>\n<li style=\"font-weight: 400;\" aria-level=\"1\"><span style=\"font-weight: 400;\">Seoane S, <\/span><b>Modro\u00f1o C, Gonz\u00e1lez-Mora JL, Janssen N<\/b><span style=\"font-weight: 400;\">. Medial temporal lobe contributions to resting-state networks. <\/span><i><span style=\"font-weight: 400;\">Brain Structure and Function<\/span><\/i><span style=\"font-weight: 400;\">. 2022 Jan;227(3):995-1012. DOI: 10.1007\/S00429-021-02442-1<\/span><\/li>\n<li style=\"font-weight: 400;\" aria-level=\"1\"><span style=\"font-weight: 400;\">Kho KH, <\/span><b>Janssen N<\/b><span style=\"font-weight: 400;\">. Intermanual transfer in an artist with Parkinson&#8217;s disease. <\/span><i><span style=\"font-weight: 400;\">Neurocase<\/span><\/i><span style=\"font-weight: 400;\">. 2016;22(1):119-21. DOI: 10.1080\/13554794.2015.1053492<\/span><\/li>\n<li style=\"font-weight: 400;\" aria-level=\"1\"><b>Janssen N, Hern\u00e1ndez-Cabrera JA<\/b><span style=\"font-weight: 400;\">, Foronda LE. Improving the signal detection accuracy of functional Magnetic Resonance Imaging. <\/span><i><span style=\"font-weight: 400;\">NeuroImage<\/span><\/i><span style=\"font-weight: 400;\">. 2018 Aug 1:176:92-109. DOI: 10.1016\/j.neuroimage.2018.01.076<\/span><\/li>\n<li style=\"font-weight: 400;\" aria-level=\"1\"><b>Janssen N, Hernandez JA<\/b><span style=\"font-weight: 400;\">, van der Meij M, <\/span><b>Barber HA<\/b><span style=\"font-weight: 400;\">. Tracking the time course of competition during word production: Evidence for a post-retrieval mechanism of conflict resolution. <\/span><a href=\"https:\/\/www.ncbi.nlm.nih.gov\/pubmed\/?term=Tracking+the+time+course+of+competition+during+word+production%3A+Evidence+for+a+post-retrieval+mechanism+of+conflict+resolution\" target=\"_blank\" rel=\"noopener\"><i><span style=\"font-weight: 400;\">Cereb Cortex<\/span><\/i><span style=\"font-weight: 400;\">.<\/span><\/a><span style=\"font-weight: 400;\">\u00a02015 Sep;25(9):2960-9. DOI: 10.1093\/cercor\/bhu092<\/span><\/li>\n<\/ul>\n<\/div>\n<p>[\/vc_column_text][\/vc_column][\/vc_row]<\/p>\n","protected":false},"excerpt":{"rendered":"<p>[vc_row][vc_column][vc_column_text] Laboratorio de imagen cerebral Investigador responsable Niels Janssen, PhD Profesor Contratado Doctor de Psicolog\u00eda B\u00e1sica; Departamento de Psicolog\u00eda Cognitiva, Social y Organizacional, ULL &nbsp; Colaboradores externos Prof. Mike Yassa (University of California, Irvine, USA) Prof. Martijn van den Heuvel (Vrije Universiteit, Amsterdam) Joost Janssen (Hospital Gregorio Mara\u00f1on, Madrid) Rafael Arnay del Arco (Profesor Contratado&#8230;<\/p>\n","protected":false},"author":2,"featured_media":0,"parent":0,"menu_order":0,"comment_status":"closed","ping_status":"closed","template":"templates\/template-no-title.php","meta":[],"_links":{"self":[{"href":"https:\/\/www.ull.es\/institutos\/instituto-tecnologias-biomedicas\/wp-json\/wp\/v2\/pages\/293"}],"collection":[{"href":"https:\/\/www.ull.es\/institutos\/instituto-tecnologias-biomedicas\/wp-json\/wp\/v2\/pages"}],"about":[{"href":"https:\/\/www.ull.es\/institutos\/instituto-tecnologias-biomedicas\/wp-json\/wp\/v2\/types\/page"}],"author":[{"embeddable":true,"href":"https:\/\/www.ull.es\/institutos\/instituto-tecnologias-biomedicas\/wp-json\/wp\/v2\/users\/2"}],"replies":[{"embeddable":true,"href":"https:\/\/www.ull.es\/institutos\/instituto-tecnologias-biomedicas\/wp-json\/wp\/v2\/comments?post=293"}],"version-history":[{"count":4,"href":"https:\/\/www.ull.es\/institutos\/instituto-tecnologias-biomedicas\/wp-json\/wp\/v2\/pages\/293\/revisions"}],"predecessor-version":[{"id":608,"href":"https:\/\/www.ull.es\/institutos\/instituto-tecnologias-biomedicas\/wp-json\/wp\/v2\/pages\/293\/revisions\/608"}],"wp:attachment":[{"href":"https:\/\/www.ull.es\/institutos\/instituto-tecnologias-biomedicas\/wp-json\/wp\/v2\/media?parent=293"}],"curies":[{"name":"wp","href":"https:\/\/api.w.org\/{rel}","templated":true}]}}