{"id":346,"date":"2021-06-28T13:45:53","date_gmt":"2021-06-28T13:45:53","guid":{"rendered":"https:\/\/www.ull.es\/institutos\/instituto-tecnologias-biomedicas\/?page_id=346"},"modified":"2024-09-11T14:00:43","modified_gmt":"2024-09-11T14:00:43","slug":"servicio-de-imagen-y-microscopia-avanzada","status":"publish","type":"page","link":"https:\/\/www.ull.es\/institutos\/instituto-tecnologias-biomedicas\/servicio-de-imagen-y-microscopia-avanzada\/","title":{"rendered":"Servicio de Imagen y Microscop\u00eda Avanzada"},"content":{"rendered":"<p>[vc_row full_width=\u00bbstretch_row_content\u00bb el_class=\u00bbprincipio-marcha\u00bb][vc_column css=\u00bb.vc_custom_1588939369209{padding-top: 40px !important;}\u00bb][vc_custom_heading text=\u00bbServicio de Imagen y Microscop\u00eda Avanzada (SIMA)\u00bb font_container=\u00bbtag:h2|text_align:center|color:%23ffffff\u00bb use_theme_fonts=\u00bbyes\u00bb css_animation=\u00bbfadeInDownBig\u00bb][\/vc_column][\/vc_row][vc_row full_width=\u00bbstretch_row_content\u00bb el_class=\u00bbprincipio-marcha\u00bb][vc_column css=\u00bb.vc_custom_1588945461556{background-color: #f2f2f2 !important;}\u00bb][vc_column_text]El Servicio de Imagen y Microscop\u00eda Avanzada (SIMA) es un servicio adscrito al Instituto de Tecnolog\u00edas Biom\u00e9dicas (ITB) y a la Universidad de La Laguna (ULL). El objetivo de este servicio es dotar a los grupos de investigaci\u00f3n de la ULL, a organismos p\u00fablicos y privados y empresas insulares y nacionales de nuestro entorno, con los equipos y el soporte t\u00e9cnico necesarios para realizar experimentos de microscop\u00eda avanzados (Epifluorescencia, Confocal, Contraste de fases y Normarski, FRAT, FRET, etc.), tanto en muestras fijadas como en c\u00e9lula viva. Adem\u00e1s, se pretende facilitar el an\u00e1lisis y la cuantificaci\u00f3n de las im\u00e1genes de microscop\u00eda generadas por los usuarios.[\/vc_column_text][vc_tta_accordion active_section=\u00bb0&#8243; css_animation=\u00bbfadeInDown\u00bb collapsible_all=\u00bbtrue\u00bb][vc_tta_section title=\u00bbServicios\u00bb tab_id=\u00bbServicios\u00bb][vc_column_text]<\/p>\n<ul style=\"color: #3d3d3d; font-weight: 400;\">\n<li style=\"font-weight: 400;\" aria-level=\"1\"><span style=\"font-weight: 400;\">Microscop\u00eda convencional de fluorescencia.<\/span><\/li>\n<li style=\"font-weight: 400;\" aria-level=\"1\"><span style=\"font-weight: 400;\">Microscop\u00eda de superresoluci\u00f3n (STED y dSTORM)<\/span><\/li>\n<li style=\"font-weight: 400;\" aria-level=\"1\"><span style=\"font-weight: 400;\">Detecci\u00f3n de marcajes inmunocitoqu\u00edmicos mediante anticuerpos marcados con fluorocromos tanto en cultivos celulares como en cortes histol\u00f3gicos.<\/span><\/li>\n<li style=\"font-weight: 400;\" aria-level=\"1\"><span style=\"font-weight: 400;\">Hibridaci\u00f3n <\/span><i><span style=\"font-weight: 400;\">in situ<\/span><\/i><span style=\"font-weight: 400;\"> con sondas fluorescentes (FISH)<\/span><\/li>\n<li style=\"font-weight: 400;\" aria-level=\"1\"><span style=\"font-weight: 400;\">Obtenci\u00f3n de micromuestras a partir de cortes histol\u00f3gicos mediante microdisecci\u00f3n l\u00e1ser.\u00a0<\/span><\/li>\n<li style=\"font-weight: 400;\" aria-level=\"1\"><span style=\"font-weight: 400;\">An\u00e1lisis de c\u00e9lulas <\/span><i><span style=\"font-weight: 400;\">in vivo<\/span><\/i><span style=\"font-weight: 400;\"> y a tiempo real mediante marcadores y\/o prote\u00ednas de fusi\u00f3n fluorescentes y derivados, en condiciones de temperatura y atm\u00f3sfera controladas.<\/span><\/li>\n<li style=\"font-weight: 400;\" aria-level=\"1\"><span style=\"font-weight: 400;\">Estudios de colocalizaci\u00f3n, de internalizaci\u00f3n y tr\u00e1fico intracelular.\u00a0<\/span><\/li>\n<li style=\"font-weight: 400;\" aria-level=\"1\"><span style=\"font-weight: 400;\">An\u00e1lisis fisiol\u00f3gico de respuesta de Ca<\/span><span style=\"font-weight: 400;\">2+<\/span><span style=\"font-weight: 400;\">.<\/span><\/li>\n<li style=\"font-weight: 400;\" aria-level=\"1\"><span style=\"font-weight: 400;\">Estudio de interacciones entre prote\u00ednas mediante la t\u00e9cnica FRET (<\/span><i><span style=\"font-weight: 400;\">Fluorescence Resonance Energy Transfer<\/span><\/i><span style=\"font-weight: 400;\">)<\/span><\/li>\n<li style=\"font-weight: 400;\" aria-level=\"1\"><span style=\"font-weight: 400;\">Estudio de transporte de prote\u00ednas mediante la t\u00e9cnica FRAP (<\/span><i><span style=\"font-weight: 400;\">Fluorescence Recovery After Photobleaching<\/span><\/i><span style=\"font-weight: 400;\">)<\/span><\/li>\n<li style=\"font-weight: 400;\" aria-level=\"1\"><span style=\"font-weight: 400;\">Determinaci\u00f3n de espectros de fluorescencia (Lambda Scan)\u00a0<\/span><\/li>\n<li style=\"font-weight: 400;\" aria-level=\"1\"><span style=\"font-weight: 400;\">Tratamiento de im\u00e1genes y cuantificaci\u00f3n con programas especializados: LAS X, Huygens Deconvolution, ImageJ\/ Fiji.<\/span><\/li>\n<\/ul>\n<p><span style=\"font-weight: 400;\">Asimismo, el SIMA realiza otras tareas como:<\/span><\/p>\n<ul style=\"color: #3d3d3d; font-weight: 400;\">\n<li style=\"font-weight: 400;\" aria-level=\"1\"><span style=\"font-weight: 400;\">Mantenimiento y coordinaci\u00f3n del uso de los distintos microscopios propios del Servicio.\u00a0<\/span><\/li>\n<li style=\"font-weight: 400;\" aria-level=\"1\"><span style=\"font-weight: 400;\">Soporte t\u00e9cnico en el uso de los microscopios y software de procesamiento de imagen para personal no formado.\u00a0<\/span><\/li>\n<li style=\"font-weight: 400;\" aria-level=\"1\"><span style=\"font-weight: 400;\">Formaci\u00f3n obligatoria para usuarios en r\u00e9gimen aut\u00f3nomo.<\/span><\/li>\n<li style=\"font-weight: 400;\" aria-level=\"1\"><span style=\"font-weight: 400;\">Asesoramiento y soporte t\u00e9cnico a los usuarios.\u00a0<\/span><\/li>\n<li style=\"font-weight: 400;\" aria-level=\"1\"><span style=\"font-weight: 400;\">Realizaci\u00f3n de procedimientos experimentales.\u00a0<\/span><\/li>\n<li style=\"font-weight: 400;\" aria-level=\"1\"><span style=\"font-weight: 400;\">Preparaci\u00f3n de muestras.<\/span><\/li>\n<\/ul>\n<p>[\/vc_column_text][\/vc_tta_section][vc_tta_section title=\u00bbEquipos\u00bb tab_id=\u00bbEquipos\u00bb][vc_column_text]<b>MICROSCOPIO CONFOCAL OLYMPUS FV1000:<\/b><\/p>\n<ul style=\"color: #3d3d3d; font-weight: 400;\">\n<li style=\"font-weight: 400;\" aria-level=\"1\"><span style=\"font-weight: 400;\">Microscopio invertido Olympus IX81, con pletina XY motorizada.<\/span><\/li>\n<li style=\"font-weight: 400;\" aria-level=\"1\"><span style=\"font-weight: 400;\">3 PMTs (detectores fotomultiplicadores)<\/span><\/li>\n<li style=\"font-weight: 400;\" aria-level=\"1\"><span style=\"font-weight: 400;\">1 detector de luz transmitida.<\/span><\/li>\n<li style=\"font-weight: 400;\" aria-level=\"1\"><span style=\"font-weight: 400;\">L\u00e1mpara de mercurio para fluorescencia.<\/span><\/li>\n<li style=\"font-weight: 400;\" aria-level=\"1\"><span style=\"font-weight: 400;\">C\u00e1mara de incubaci\u00f3n con control de temperatura y C0<\/span><span style=\"font-weight: 400;\">2<\/span><span style=\"font-weight: 400;\"> para c\u00e9lula viva.<\/span><\/li>\n<li style=\"font-weight: 400;\" aria-level=\"1\"><span style=\"font-weight: 400;\">Objetivos: 10X\/0.3 NA, 20X\/0.75 NA, 40X\/1.30 NA y 60 X\/1.35 NA.<\/span><\/li>\n<li style=\"font-weight: 400;\" aria-level=\"1\"><span style=\"font-weight: 400;\">Filtros de fluorescencia para DAPI, FITC y TRITC.<\/span><\/li>\n<li style=\"font-weight: 400;\" aria-level=\"1\"><span style=\"font-weight: 400;\">L\u00edneas de l\u00e1ser: diodo l\u00e1ser de 405 nm, l\u00e1ser de Arg\u00f3n multil\u00ednea 458\/488\/514 nm, l\u00e1ser de Helio Ne\u00f3n verde de 543 nm, y l\u00e1ser de Helio Ne\u00f3n rojo de 633 nm.<\/span><\/li>\n<li style=\"font-weight: 400;\" aria-level=\"1\"><span style=\"font-weight: 400;\">Sistema de barrido de 4096&#215;4096.<\/span><\/li>\n<li style=\"font-weight: 400;\" aria-level=\"1\"><span style=\"font-weight: 400;\">Velocidad de barrido de 4fps en 512&#215;512.\u00a0<\/span><\/li>\n<\/ul>\n<p><b>MICROSCOPIO DIRECTO DE EPIFLUORESCENCIA LEICA DM 4000B:<\/b><\/p>\n<ul style=\"color: #3d3d3d; font-weight: 400;\">\n<li style=\"font-weight: 400;\" aria-level=\"1\"><span style=\"font-weight: 400;\">Objetivos 5X\/0.15 NA, 10X\/0.30 NA, 20X\/0.5 NA, 40X\/0.75 NA y 100X\/1.30 NA para inmersi\u00f3n en aceite.<\/span><\/li>\n<li style=\"font-weight: 400;\" aria-level=\"1\"><span style=\"font-weight: 400;\">Software para an\u00e1lisis de imagen Q-Win y Q-fluoro.\u00a0<\/span><\/li>\n<\/ul>\n<p><b>MICROSCOPIO CONFOCAL LEICA TCS SP8:<\/b><\/p>\n<ul style=\"color: #3d3d3d; font-weight: 400;\">\n<li style=\"font-weight: 400;\" aria-level=\"1\"><span style=\"font-weight: 400;\">Microscopio invertido DM6000, con platina XY motorizada y pletina galvanom\u00e9trica en Z.<\/span><\/li>\n<li style=\"font-weight: 400;\" aria-level=\"1\"><span style=\"font-weight: 400;\">4 detectores: 2 PMT fotomultiplicadores y 2 h\u00edbridos del tipo HyD (PMT+GaAsP)<\/span><\/li>\n<li style=\"font-weight: 400;\" aria-level=\"1\"><span style=\"font-weight: 400;\">1 detector de luz transmitida.<\/span><\/li>\n<li style=\"font-weight: 400;\" aria-level=\"1\"><span style=\"font-weight: 400;\">L\u00e1mpara de haluros met\u00e1licos para fluorescencia.<\/span><\/li>\n<li style=\"font-weight: 400;\" aria-level=\"1\"><span style=\"font-weight: 400;\">C\u00e1mara de incubaci\u00f3n con control de temperatura y C0<\/span><span style=\"font-weight: 400;\">2<\/span><span style=\"font-weight: 400;\"> para c\u00e9lula viva.<\/span><\/li>\n<li style=\"font-weight: 400;\" aria-level=\"1\"><span style=\"font-weight: 400;\">Objetivos: 10X\/0.40 NA, 20X\/0.70 NA, 40X\/0.85 NA, 40X\/1.30 NA, y 63X\/1.40 NA.<\/span><\/li>\n<li style=\"font-weight: 400;\" aria-level=\"1\"><span style=\"font-weight: 400;\">Filtros de fluorescencia para DAPI, FITC y TRITC.\u00a0<\/span><\/li>\n<li style=\"font-weight: 400;\" aria-level=\"1\"><span style=\"font-weight: 400;\">L\u00edneas de l\u00e1ser: diodo l\u00e1ser de 405 nm, l\u00e1ser de Arg\u00f3n multil\u00ednea 458\/488\/514 nm, diodo l\u00e1ser de 561 nm y l\u00e1ser de Helio Ne\u00f3n rojo de 633 nm.\u00a0<\/span><\/li>\n<li style=\"font-weight: 400;\" aria-level=\"1\"><span style=\"font-weight: 400;\">Sistema de barrido de alta resoluci\u00f3n de 8192&#215;8192; (x) velocidad de barrido de 4fps en 512&#215;512.<\/span><\/li>\n<li style=\"font-weight: 400;\" aria-level=\"1\"><span style=\"font-weight: 400;\">Software LAS AF con m\u00f3dulos para colocalizaci\u00f3n FRET y FRAP.\u00a0<\/span><\/li>\n<\/ul>\n<p><b>SISTEMA DE MICROSCOP\u00cdA DE SUPERRESOLUCI\u00d3N POR AGOTAMIENTO DE EMISI\u00d3N ESTIMULADA (STED) ACOPLADA AL MICROSCOPIO TCS SP8:<\/b><\/p>\n<ul style=\"color: #3d3d3d; font-weight: 400;\">\n<li style=\"font-weight: 400;\" aria-level=\"1\"><span style=\"font-weight: 400;\">2 l\u00e1ser de STED de alta potencia (&gt;1,5 W) de longitud de onda de 592 nm y de 660 nm, para depleci\u00f3n.<\/span><\/li>\n<li style=\"font-weight: 400;\" aria-level=\"1\"><span style=\"font-weight: 400;\">Acoplamiento \u00f3ptico mediante ultra-precisa fibra \u00f3ptica con \u201cVotex phase filter\u201d y polarizaci\u00f3n \u00f3ptica para mejora de resoluci\u00f3n, optimizaci\u00f3n de cero PSF.<\/span><\/li>\n<li style=\"font-weight: 400;\" aria-level=\"1\"><span style=\"font-weight: 400;\">Rack que integra l\u00e1ser de STED, control electr\u00f3nico y modulaci\u00f3n \u00f3ptica (AOTF)\u00a0<\/span><\/li>\n<li style=\"font-weight: 400;\" aria-level=\"1\"><span style=\"font-weight: 400;\">Integraci\u00f3n en el software del confocal LAS X.<\/span><\/li>\n<li style=\"font-weight: 400;\" aria-level=\"1\"><span style=\"font-weight: 400;\">Implementaci\u00f3n de software de deconvoluci\u00f3n con algoritmos especialmente dedicados a im\u00e1genes STED.<\/span><\/li>\n<li style=\"font-weight: 400;\" aria-level=\"1\"><span style=\"font-weight: 400;\">Paquete de software deconvoluci\u00f3n, visualizaci\u00f3n y an\u00e1lisis para im\u00e1genes STED y confocal.<\/span><\/li>\n<li style=\"font-weight: 400;\" aria-level=\"1\"><span style=\"font-weight: 400;\">Objetivo optimizado para aplicaciones STED, PLAN APO 100x\/1,40 aceite STED White.<\/span><\/li>\n<li style=\"font-weight: 400;\" aria-level=\"1\"><span style=\"font-weight: 400;\">M\u00f3dulo 3D STED.\u00a0<\/span><\/li>\n<li style=\"font-weight: 400;\" aria-level=\"1\"><span style=\"font-weight: 400;\">Mesa antivibratoria activa.\u00a0<\/span><\/li>\n<li style=\"font-weight: 400;\" aria-level=\"1\"><span style=\"font-weight: 400;\">Mesa \u00f3ptica activa.\u00a0<\/span><\/li>\n<\/ul>\n<p><b>UNIDAD DE MICROSCOP\u00cdA DE REFLEXI\u00d3N INTERNA TOTAL (TIRF) ACOPLADA A ELECTROFISIOLOG\u00cdA Y ESPECTROSCOPIA.<\/b><\/p>\n<ul style=\"color: #3d3d3d; font-weight: 400;\">\n<li style=\"font-weight: 400;\" aria-level=\"1\"><span style=\"font-weight: 400;\">Sistema completo de electrofisiolog\u00eda (patch-clamp. Axon\/Molecular Devices) acoplado a microscopio TiU equipado con m\u00f3dulo TIRF, sistema DMD, Iluminaci\u00f3n LED SpectraX (Lumencor) con juegos de filtros para todas las longitudes de onda disponibles en torretas de filtros motorizadas.<\/span><\/li>\n<li style=\"font-weight: 400;\" aria-level=\"1\"><span style=\"font-weight: 400;\">Sistema de imagen compuesto de c\u00e1mara EMCCD Andor IXON, acoplado a un espectr\u00f3grafo ACTON con rejillas de difracci\u00f3n y espejo.\u00a0<\/span><\/li>\n<li style=\"font-weight: 400;\" aria-level=\"1\"><span style=\"font-weight: 400;\">Interfase NiDAQ, software MicroManager y NIS-Elements (NIKON)<\/span><\/li>\n<li style=\"font-weight: 400;\" aria-level=\"1\"><span style=\"font-weight: 400;\">Sistema acoplado a dos posibles equipos de perfusi\u00f3n, uno ultra-r\u00e1pido (multichannel systems) y otro convencional (ALA systems)<\/span><\/li>\n<\/ul>\n<p><b>SISTEMA DE MICRODISECCI\u00d3N POR L\u00c1SER LEICA AS LMD.<\/b><span style=\"font-weight: 400;\">\u00a0<\/span><\/p>\n<ul style=\"color: #3d3d3d; font-weight: 400;\">\n<li style=\"font-weight: 400;\" aria-level=\"1\"><span style=\"font-weight: 400;\">Equipo completo est\u00e1ndar para la realizaci\u00f3n de microdisecci\u00f3n de captura l\u00e1ser para aislar regiones o c\u00e9lulas de inter\u00e9s.<\/span><\/li>\n<\/ul>\n<p>[\/vc_column_text][\/vc_tta_section][vc_tta_section title=\u00bbPersonal\u00bb tab_id=\u00bbPersonal\u00bb][vc_message message_box_color=\u00bbviolet\u00bb icon_fontawesome=\u00bbfas fa-user\u00bb]<strong>Dra. Teresa Gir\u00e1ldez Fern\u00e1ndez.<\/strong><br \/>\nCoordinadora del Servicio.<br \/>\nTel\u00e9fono: 922319356<br \/>\nCorreo electr\u00f3nico:\u00a0<a href=\"mailto:giraldez@ull.edu.es\" target=\"_blank\" rel=\"noopener\" target=\"_blank\" rel=\"noopener\">giraldez@ull.edu.es<\/a>[\/vc_message][\/vc_tta_section][vc_tta_section title=\u00bbDocumentos\u00bb tab_id=\u00bbDocumentos\u00bb][vc_column_text]<\/p>\n<ul style=\"color: #3d3d3d; font-weight: 400;\">\n<li><a href=\"https:\/\/drive.google.com\/file\/d\/1BbS4klH7-wyWluwOpDxqRhamA6w5dbxf\/view?usp=sharing\" target=\"_blank\" rel=\"noopener\" target=\"_blank\" rel=\"noopener\">Normas del Servicio de Microscop\u00eda<\/a><\/li>\n<\/ul>\n<p>[\/vc_column_text][\/vc_tta_section][vc_tta_section title=\u00bbTarifas\u00bb tab_id=\u00bbTarifas\u00bb][vc_column_text]<\/p>\n<table>\n<tbody>\n<tr>\n<td style=\"color: #3d3d3d;\" rowspan=\"2\" width=\"50%\"><b>SERVICIOS OFERTADOS<\/b><\/td>\n<td style=\"color: #3d3d3d;\" colspan=\"3\" width=\"50%\"><b>PRECIOS (\u20ac)<\/b><\/td>\n<\/tr>\n<tr>\n<td style=\"color: #3d3d3d;\"><b>ITB<\/b><\/td>\n<td style=\"color: #3d3d3d;\"><b>ULL<\/b><\/td>\n<td style=\"color: #3d3d3d;\"><b>GENERAL<\/b><\/td>\n<\/tr>\n<tr>\n<td style=\"color: #3d3d3d; font-weight: 400;\" colspan=\"4\"><b>Observaci\u00f3n, an\u00e1lisis e imagen<\/b><\/td>\n<\/tr>\n<tr>\n<td><span style=\"color: #3d3d3d; font-weight: 400;\">Leica SP8<\/span><\/td>\n<td><span style=\"color: #3d3d3d; font-weight: 400;\">15<\/span><\/td>\n<td><span style=\"color: #3d3d3d; font-weight: 400;\">20<\/span><\/td>\n<td><span style=\"color: #3d3d3d; font-weight: 400;\">25<\/span><\/td>\n<\/tr>\n<tr>\n<td><span style=\"color: #3d3d3d; font-weight: 400;\">Olympus FV 1000<\/span><\/td>\n<td><span style=\"color: #3d3d3d; font-weight: 400;\">10<\/span><\/td>\n<td><span style=\"color: #3d3d3d; font-weight: 400;\">15<\/span><\/td>\n<td><span style=\"color: #3d3d3d; font-weight: 400;\">20<\/span><\/td>\n<\/tr>\n<tr>\n<td><span style=\"color: #3d3d3d; font-weight: 400;\">Microscopia Convencional\/ de Fluorescencia<\/span><\/td>\n<td><span style=\"color: #3d3d3d; font-weight: 400;\">7<\/span><\/td>\n<td><span style=\"color: #3d3d3d; font-weight: 400;\">12<\/span><\/td>\n<td><span style=\"color: #3d3d3d; font-weight: 400;\">15<\/span><\/td>\n<\/tr>\n<tr>\n<td style=\"color: #3d3d3d; font-weight: 400;\" colspan=\"4\"><b>Procesamiento de datos<\/b><\/td>\n<\/tr>\n<tr>\n<td><span style=\"color: #3d3d3d; font-weight: 400;\">Tratamiento y an\u00e1lisis de im\u00e1genes\/ hora<\/span><\/td>\n<td><span style=\"color: #3d3d3d; font-weight: 400;\">12<\/span><\/td>\n<td><span style=\"color: #3d3d3d; font-weight: 400;\">20<\/span><\/td>\n<td><span style=\"color: #3d3d3d; font-weight: 400;\">35<\/span><\/td>\n<\/tr>\n<tr>\n<td style=\"color: #3d3d3d; font-weight: 400;\" colspan=\"4\"><b>Otras prestaciones<\/b><\/td>\n<\/tr>\n<tr>\n<td><span style=\"color: #3d3d3d; font-weight: 400;\">Asistencia t\u00e9cnica\/ hora<\/span><\/td>\n<td><span style=\"color: #3d3d3d; font-weight: 400;\">11<\/span><\/td>\n<td><span style=\"color: #3d3d3d; font-weight: 400;\">16<\/span><\/td>\n<td><span style=\"color: #3d3d3d; font-weight: 400;\">22<\/span><\/td>\n<\/tr>\n<\/tbody>\n<\/table>\n<p>[\/vc_column_text][\/vc_tta_section][vc_tta_section title=\u00bbContacto\u00bb tab_id=\u00bbContacto\u00bb][vc_row_inner][vc_column_inner width=\u00bb1\/5&#8243;][\/vc_column_inner][vc_column_inner width=\u00bb1\/5&#8243;]<div role=\"form\" class=\"wpcf7\" id=\"wpcf7-f218-o1\" lang=\"es-ES\" dir=\"ltr\">\n<div class=\"screen-reader-response\"><p role=\"status\" aria-live=\"polite\" aria-atomic=\"true\"><\/p> <ul><\/ul><\/div>\n<form action=\"\/institutos\/instituto-tecnologias-biomedicas\/wp-json\/wp\/v2\/pages\/346#wpcf7-f218-o1\" method=\"post\" class=\"wpcf7-form init\" novalidate=\"novalidate\" data-status=\"init\">\n<div style=\"display: none;\">\n<input type=\"hidden\" name=\"_wpcf7\" value=\"218\" \/>\n<input type=\"hidden\" name=\"_wpcf7_version\" value=\"5.4.1\" \/>\n<input type=\"hidden\" name=\"_wpcf7_locale\" value=\"es_ES\" \/>\n<input type=\"hidden\" name=\"_wpcf7_unit_tag\" value=\"wpcf7-f218-o1\" \/>\n<input type=\"hidden\" name=\"_wpcf7_container_post\" value=\"0\" \/>\n<input type=\"hidden\" name=\"_wpcf7_posted_data_hash\" value=\"\" \/>\n<\/div>\n<p><label> Nombre<br \/>\n    <span class=\"wpcf7-form-control-wrap your-name\"><input type=\"text\" name=\"your-name\" value=\"\" size=\"40\" class=\"wpcf7-form-control wpcf7-text wpcf7-validates-as-required\" aria-required=\"true\" aria-invalid=\"false\" \/><\/span> <\/label><\/p>\n<p><label> Email<br \/>\n    <span class=\"wpcf7-form-control-wrap your-email\"><input type=\"email\" name=\"your-email\" value=\"\" size=\"40\" class=\"wpcf7-form-control wpcf7-text wpcf7-email wpcf7-validates-as-required wpcf7-validates-as-email\" aria-required=\"true\" aria-invalid=\"false\" \/><\/span> <\/label><\/p>\n<p><label> Asunto<br \/>\n    <span class=\"wpcf7-form-control-wrap your-subject\"><input type=\"text\" name=\"your-subject\" value=\"\" size=\"40\" class=\"wpcf7-form-control wpcf7-text wpcf7-validates-as-required\" aria-required=\"true\" aria-invalid=\"false\" \/><\/span> <\/label><\/p>\n<p><label> Mensaje<br \/>\n    <span class=\"wpcf7-form-control-wrap your-message\"><textarea name=\"your-message\" cols=\"40\" rows=\"10\" class=\"wpcf7-form-control wpcf7-textarea\" aria-invalid=\"false\"><\/textarea><\/span> <\/label><br \/>\n<span class=\"wpcf7-form-control-wrap checkbox-377\"><span class=\"wpcf7-form-control wpcf7-checkbox\"><span class=\"wpcf7-list-item first last\"><label><input type=\"checkbox\" name=\"checkbox-377[]\" value=\"Acepto la\" \/><span class=\"wpcf7-list-item-label\">Acepto la<\/span><\/label><\/span><\/span><\/span> <a href=\"https:\/\/www.ull.es\/informacion-sobre-web-institucional\/#informacion-proteccion-datos-personales\">Pol\u00edtica de Privacidad<\/a><\/p>\n<p><input type=\"submit\" value=\"Enviar\" class=\"wpcf7-form-control wpcf7-submit\" \/><\/p>\n<div class=\"wpcf7-response-output\" aria-hidden=\"true\"><\/div><\/form><\/div>[\/vc_column_inner][vc_column_inner width=\u00bb1\/5&#8243;][\/vc_column_inner][vc_column_inner width=\u00bb1\/5&#8243;][vc_column_text]<\/p>\n<ul class=\"widget-box\" style=\"margin: 0px !important; padding: 0px !important; color: #3d3d3d; font-weight: 400;\">\n<li class=\"contacto-header\">Informaci\u00f3n de contacto<\/li>\n<li><i class=\"fa fa-map-marker\"><\/i> C\/ Sta. Mar\u00eda Soledad, s\/n. Facultad de Ciencias de la Salud. Secci\u00f3n de Medicina. 38200 San Crist\u00f3bal de La Laguna.<\/li>\n<li><b>Laboratorios 1, 2, 3 y 4<\/b><\/li>\n<li><i class=\"fa fa-phone\"><\/i>\u00a0(+34) 922.31.65.02 ext. 6032<\/li>\n<li><i class=\"fa fa-envelope\"><\/i>\u00a0<a href=\"mailto:confocal.leicasp8@gmail.com\" target=\"_blank\" rel=\"noopener\">confocal.leicasp8@gmail.com<\/a><\/li>\n<\/ul>\n<p>[\/vc_column_text][\/vc_column_inner][vc_column_inner width=\u00bb1\/5&#8243;][\/vc_column_inner][\/vc_row_inner][\/vc_tta_section][\/vc_tta_accordion][vc_empty_space height=\u00bb120px\u00bb][\/vc_column][\/vc_row]<\/p>\n","protected":false},"excerpt":{"rendered":"<p>[vc_row full_width=\u00bbstretch_row_content\u00bb el_class=\u00bbprincipio-marcha\u00bb][vc_column css=\u00bb.vc_custom_1588939369209{padding-top: 40px !important;}\u00bb][vc_custom_heading text=\u00bbServicio de Imagen y Microscop\u00eda Avanzada (SIMA)\u00bb font_container=\u00bbtag:h2|text_align:center|color:%23ffffff\u00bb use_theme_fonts=\u00bbyes\u00bb css_animation=\u00bbfadeInDownBig\u00bb][\/vc_column][\/vc_row][vc_row full_width=\u00bbstretch_row_content\u00bb el_class=\u00bbprincipio-marcha\u00bb][vc_column css=\u00bb.vc_custom_1588945461556{background-color: #f2f2f2 !important;}\u00bb][vc_column_text]El Servicio de Imagen y Microscop\u00eda Avanzada (SIMA) es un servicio adscrito al Instituto de Tecnolog\u00edas Biom\u00e9dicas (ITB) y a la Universidad de La Laguna (ULL). El objetivo de este servicio es dotar a los&#8230;<\/p>\n","protected":false},"author":4,"featured_media":0,"parent":0,"menu_order":0,"comment_status":"closed","ping_status":"closed","template":"","meta":[],"_links":{"self":[{"href":"https:\/\/www.ull.es\/institutos\/instituto-tecnologias-biomedicas\/wp-json\/wp\/v2\/pages\/346"}],"collection":[{"href":"https:\/\/www.ull.es\/institutos\/instituto-tecnologias-biomedicas\/wp-json\/wp\/v2\/pages"}],"about":[{"href":"https:\/\/www.ull.es\/institutos\/instituto-tecnologias-biomedicas\/wp-json\/wp\/v2\/types\/page"}],"author":[{"embeddable":true,"href":"https:\/\/www.ull.es\/institutos\/instituto-tecnologias-biomedicas\/wp-json\/wp\/v2\/users\/4"}],"replies":[{"embeddable":true,"href":"https:\/\/www.ull.es\/institutos\/instituto-tecnologias-biomedicas\/wp-json\/wp\/v2\/comments?post=346"}],"version-history":[{"count":31,"href":"https:\/\/www.ull.es\/institutos\/instituto-tecnologias-biomedicas\/wp-json\/wp\/v2\/pages\/346\/revisions"}],"predecessor-version":[{"id":620,"href":"https:\/\/www.ull.es\/institutos\/instituto-tecnologias-biomedicas\/wp-json\/wp\/v2\/pages\/346\/revisions\/620"}],"wp:attachment":[{"href":"https:\/\/www.ull.es\/institutos\/instituto-tecnologias-biomedicas\/wp-json\/wp\/v2\/media?parent=346"}],"curies":[{"name":"wp","href":"https:\/\/api.w.org\/{rel}","templated":true}]}}