{"id":370,"date":"2021-07-30T10:22:57","date_gmt":"2021-07-30T10:22:57","guid":{"rendered":"https:\/\/www.ull.es\/institutos\/instituto-tecnologias-biomedicas\/?page_id=370"},"modified":"2024-09-11T14:02:22","modified_gmt":"2024-09-11T14:02:22","slug":"servicio-para-la-obtencion-y-criopreservacion-de-modelos-animales","status":"publish","type":"page","link":"https:\/\/www.ull.es\/institutos\/instituto-tecnologias-biomedicas\/servicio-para-la-obtencion-y-criopreservacion-de-modelos-animales\/","title":{"rendered":"Servicio para la Obtenci\u00f3n y Criopreservaci\u00f3n de Modelos Animales"},"content":{"rendered":"<p>[vc_row full_width=\u00bbstretch_row_content\u00bb el_class=\u00bbprincipio-marcha\u00bb][vc_column css=\u00bb.vc_custom_1588939369209{padding-top: 40px !important;}\u00bb][vc_custom_heading text=\u00bbServicio para la Obtenci\u00f3n y Criopreservaci\u00f3n de Modelos Animales (SOMA)\u00bb font_container=\u00bbtag:h2|text_align:center|color:%23ffffff\u00bb use_theme_fonts=\u00bbyes\u00bb css_animation=\u00bbfadeInDownBig\u00bb][\/vc_column][\/vc_row][vc_row full_width=\u00bbstretch_row_content\u00bb el_class=\u00bbprincipio-marcha\u00bb][vc_column css=\u00bb.vc_custom_1588945461556{background-color: #f2f2f2 !important;}\u00bb][vc_column_text]<span style=\"font-weight: 400;\">El SOMA es un servicio adscrito al Instituto de Tecnolog\u00edas Biom\u00e9dicas (ITB) y a la Universidad de La Laguna (ULL), que se desarrolla en el marco de la convocatoria Agust\u00edn de Betancourt, financiada por el Cabildo Insular de Tenerife, TF Innova, FDCAN y MEDI. El objetivo de este servicio es proporcionar a los investigadores del ITB, la ULL y de cualquier organismo p\u00fablico o privado, la oportunidad de desarrollar sus propios modelos celulares y animales, que les permitan avanzar m\u00e1s eficientemente en su investigaci\u00f3n. Asimismo, el SOMA da la oportunidad de criopreservar estos modelos para asegurar su mantenimiento en el tiempo.<\/span>[\/vc_column_text][vc_tta_accordion active_section=\u00bb0&#8243; css_animation=\u00bbfadeInDown\u00bb collapsible_all=\u00bbtrue\u00bb][vc_tta_section title=\u00bbServicios\u00bb tab_id=\u00bbServicios\u00bb][vc_column_text]<em><strong>Clonaje<\/strong><\/em><br \/>\nPara los experimentos de edici\u00f3n gen\u00e9tica con inserciones de secuencias concretas se necesita un molde de reparaci\u00f3n de ADN que, en funci\u00f3n de su tama\u00f1o, debe ser creado mediante clonaje, que puede ser solicitado al servicio.<\/p>\n<p><em><strong>Obtenci\u00f3n de una l\u00ednea celular gen\u00e9ticamente modificada<\/strong><\/em><br \/>\nEste servicio comprende todos los pasos necesarios para establecer una l\u00ednea celular gen\u00e9ticamente modificada, desde la transfecci\u00f3n de los reactivos hasta la obtenci\u00f3n del clon con la modificaci\u00f3n deseada, pasando por la obtenci\u00f3n de diferentes clones y su cribado.<\/p>\n<p><strong><em>Microinyecci\u00f3n pronuclear<\/em><\/strong> (pr\u00f3ximamente)<br \/>\nServicio para inyectar el contenido que necesite el usuario en el pron\u00facleo de un \u00f3vulo fertilizado de rat\u00f3n mediante microinyecci\u00f3n.<\/p>\n<p><em><strong>Fertilizaci\u00f3n in vitro<\/strong><\/em> (pr\u00f3ximamente)<br \/>\nEl proceso de fertilizaci\u00f3n in vitro es imprescindible para la recuperaci\u00f3n o creaci\u00f3n de un modelo de rat\u00f3n. Los embriones fertilizados posteriormente deber\u00e1n ser insertados en una hembra nodriza, salvo que el objetivo sea estudiar su desarrollo hasta la fase de blastocisto.<\/p>\n<p><em><strong>Transferencia de embriones<\/strong><\/em> (pr\u00f3ximamente)<br \/>\nLa transferencia de embriones a hembras nodrizas es necesaria, tanto cuando se est\u00e1 creando un modelo de rat\u00f3n nuevo, como cuando se adquiere comercialmente, el cual es transportado criopreservado. En este \u00faltimo caso, no solo se facilita su transporte a\u00e9reo, sino que se previene de la introducci\u00f3n de pat\u00f3genos en el animalario.<\/p>\n<p><em><strong>Criopreservaci\u00f3n de esperma de rat\u00f3n<\/strong><\/em> (pr\u00f3ximamente)<br \/>\nSe asegura la preservaci\u00f3n de esperma de rat\u00f3n mediante su congelaci\u00f3n en nitr\u00f3geno l\u00edquido.<\/p>\n<p><em><strong>Criopreservaci\u00f3n de embriones de rat\u00f3n<\/strong><\/em> (pr\u00f3ximamente)<br \/>\nPreservaci\u00f3n de embriones de rat\u00f3n mediante su congelaci\u00f3n en nitr\u00f3geno l\u00edquido.<\/p>\n<p><em><strong>Mantenimiento en nitr\u00f3geno l\u00edquido<\/strong><\/em> (pr\u00f3ximamente)<br \/>\nUna vez criopreservados el esperma y los embriones deben conservarse a un nivel adecuado de nitr\u00f3geno para su correcto mantenimiento.<\/p>\n<p><em><strong>Descongelado de embriones de rat\u00f3n<\/strong><\/em> (pr\u00f3ximamente)<br \/>\nEn este servicio se ofrece la posibilidad de descongelar embriones de rat\u00f3n para su revitalizaci\u00f3n.<\/p>\n<p><em><strong>Genotipado de rat\u00f3n<\/strong><\/em><br \/>\nCuando se trabaja con modelos de rat\u00f3n, es necesario genotiparlos, para confirmar que mantienen la modificaci\u00f3n gen\u00e9tica que portaban inicialmente. Tambi\u00e9n es necesario genotipar tras un experimento de edici\u00f3n gen\u00e9tica.[\/vc_column_text][\/vc_tta_section][vc_tta_section title=\u00bbEquipos\u00bb tab_id=\u00bbEquipos\u00bb][vc_column_text]<\/p>\n<ul style=\"color: #3d3d3d; font-weight: 400;\">\n<li>Termociclador<\/li>\n<li>Incubador-agitador para bacterias<\/li>\n<li>Incubador con CO2 para c\u00e9lulas<\/li>\n<li>Transiluminador<\/li>\n<li>Cabina de flujo laminar<\/li>\n<li>Centr\u00edfugas para tubos de 1.5 ml y de 15 ml<\/li>\n<li>Bloque t\u00e9rmico<\/li>\n<li>Nanodrop<\/li>\n<li>Sistema de transferencia Trans-blot turbo<\/li>\n<li>Microscopio invertido DMi1<\/li>\n<li>Microscopio invertido Olympus X<\/li>\n<li>Estereomicroscopio Olympus IX71<\/li>\n<li>Microinyector FemtoJet<\/li>\n<li>Micromanipuladores Narishinge<\/li>\n<li>Sistema de vac\u00edo CellTram<\/li>\n<li>Equipo de anestesia para animales peque\u00f1os (animalario)<\/li>\n<\/ul>\n<p>[\/vc_column_text][\/vc_tta_section][vc_tta_section title=\u00bbPersonal\u00bb tab_id=\u00bbpersonal\u00bb][vc_message message_box_color=\u00bbviolet\u00bb icon_fontawesome=\u00bbfas fa-user\u00bb]<strong>Belinda Rivero P\u00e9rez<br \/>\n<\/strong>Correo electr\u00f3nico: <a href=\"mailto:briverop@ull.es\" target=\"_blank\" rel=\"noopener\"><span style=\"font-weight: 400;\">briverop@ull.es<\/span><\/a>[\/vc_message][\/vc_tta_section][vc_tta_section title=\u00bbDocumentos\u00bb tab_id=\u00bbDocumentos\u00bb][\/vc_tta_section][vc_tta_section title=\u00bbTarifas\u00bb tab_id=\u00bbTarifas\u00bb][vc_column_text]<\/p>\n<table>\n<tbody>\n<tr>\n<td><span style=\"color: #3d3d3d;\"><b>Servicio<\/b><\/span><\/td>\n<td><span style=\"color: #3d3d3d;\"><b>OPIs<\/b><\/span><\/td>\n<td><span style=\"color: #3d3d3d;\"><b>Empresas<\/b><\/span><\/td>\n<\/tr>\n<tr>\n<td><i><span style=\"color: #3d3d3d; font-weight: 400;\">Asesor\u00eda y dise\u00f1o de experimentos de edici\u00f3n gen\u00e9tica<\/span><\/i><\/td>\n<td><span style=\"color: #3d3d3d; font-weight: 400;\">40\u20ac<\/span><\/td>\n<td><span style=\"color: #3d3d3d; font-weight: 400;\">50\u20ac<\/span><\/td>\n<\/tr>\n<tr>\n<td><i><span style=\"color: #3d3d3d; font-weight: 400;\">Clonaje<\/span><\/i><\/td>\n<td><span style=\"color: #3d3d3d; font-weight: 400;\">100 \u20ac<\/span><\/td>\n<td><span style=\"color: #3d3d3d; font-weight: 400;\">125 \u20ac<\/span><\/td>\n<\/tr>\n<tr>\n<td><i><span style=\"color: #3d3d3d; font-weight: 400;\">Obtenci\u00f3n de una l\u00ednea celular gen\u00e9ticamente modificada<\/span><\/i><\/td>\n<td><span style=\"color: #3d3d3d; font-weight: 400;\">1125 \u20ac<\/span><\/td>\n<td><span style=\"color: #3d3d3d; font-weight: 400;\">1250 \u20ac<\/span><\/td>\n<\/tr>\n<tr>\n<td><i><span style=\"color: #3d3d3d; font-weight: 400;\">Microinyecci\u00f3n pronuclear<\/span><\/i><\/td>\n<td><span style=\"color: #3d3d3d; font-weight: 400;\">950 \u20ac<\/span><\/td>\n<td><span style=\"color: #3d3d3d; font-weight: 400;\">1020 \u20ac<\/span><\/td>\n<\/tr>\n<tr>\n<td><i><span style=\"color: #3d3d3d; font-weight: 400;\">Fertilizaci\u00f3n in vitro con esperma fresco<\/span><\/i><\/td>\n<td><span style=\"color: #3d3d3d; font-weight: 400;\">100 \u20ac<\/span><\/td>\n<td><span style=\"color: #3d3d3d; font-weight: 400;\">130 \u20ac<\/span><\/td>\n<\/tr>\n<tr>\n<td><i><span style=\"color: #3d3d3d; font-weight: 400;\">Fertilizaci\u00f3n in vitro con esperma congelado<\/span><\/i><\/td>\n<td><span style=\"color: #3d3d3d; font-weight: 400;\">150 \u20ac<\/span><\/td>\n<td><span style=\"color: #3d3d3d; font-weight: 400;\">220 \u20ac<\/span><\/td>\n<\/tr>\n<tr>\n<td><i><span style=\"color: #3d3d3d; font-weight: 400;\">Transferencia de embriones<\/span><\/i><\/td>\n<td><span style=\"color: #3d3d3d; font-weight: 400;\">220 \u20ac<\/span><\/td>\n<td><span style=\"color: #3d3d3d; font-weight: 400;\">300 \u20ac<\/span><\/td>\n<\/tr>\n<tr>\n<td><i><span style=\"color: #3d3d3d; font-weight: 400;\">Criopreservaci\u00f3n de esperma de rat\u00f3n<\/span><\/i><\/td>\n<td><span style=\"color: #3d3d3d; font-weight: 400;\">80 \u20ac<\/span><\/td>\n<td><span style=\"color: #3d3d3d; font-weight: 400;\">100 \u20ac<\/span><\/td>\n<\/tr>\n<tr>\n<td><i><span style=\"color: #3d3d3d; font-weight: 400;\">Criopreservaci\u00f3n de embriones de rat\u00f3n<\/span><\/i><\/td>\n<td><span style=\"color: #3d3d3d; font-weight: 400;\">30 \u20ac<\/span><\/td>\n<td><span style=\"color: #3d3d3d; font-weight: 400;\">60 \u20ac<\/span><\/td>\n<\/tr>\n<tr>\n<td><i><span style=\"color: #3d3d3d; font-weight: 400;\">Mantenimiento en nitr\u00f3geno l\u00edquido<\/span><\/i><\/td>\n<td><span style=\"color: #3d3d3d; font-weight: 400;\">3 \u20ac\/rat\u00f3n\/a\u00f1o<\/span><\/td>\n<td><span style=\"color: #3d3d3d; font-weight: 400;\">5 \u20ac\/rat\u00f3n\/a\u00f1o<\/span><\/td>\n<\/tr>\n<tr>\n<td><i><span style=\"color: #3d3d3d; font-weight: 400;\">Descongelado de embriones de rat\u00f3n<\/span><\/i><\/td>\n<td><span style=\"color: #3d3d3d; font-weight: 400;\">18 \u20ac<\/span><\/td>\n<td><span style=\"color: #3d3d3d; font-weight: 400;\">25 \u20ac<\/span><\/td>\n<\/tr>\n<tr>\n<td><i><span style=\"color: #3d3d3d; font-weight: 400;\">Genotipado de rat\u00f3n<\/span><\/i><\/td>\n<td><span style=\"color: #3d3d3d; font-weight: 400;\">2 \u20ac\/rat\u00f3n<\/span><\/td>\n<td><span style=\"color: #3d3d3d; font-weight: 400;\">8 \u20ac\/rat\u00f3n<\/span><\/td>\n<\/tr>\n<\/tbody>\n<\/table>\n<p>[\/vc_column_text][\/vc_tta_section][vc_tta_section title=\u00bbContacto\u00bb tab_id=\u00bbContacto\u00bb][vc_column_text]Belinda Rivero P\u00e9rez<br \/>\n<a href=\"mailto:briverop@ull.edu.es\" target=\"_blank\" rel=\"noopener\">briverop@ull.edu.es<\/a>[\/vc_column_text][\/vc_tta_section][\/vc_tta_accordion][vc_empty_space height=\u00bb120px\u00bb][\/vc_column][\/vc_row]<\/p>\n","protected":false},"excerpt":{"rendered":"<p>[vc_row full_width=\u00bbstretch_row_content\u00bb el_class=\u00bbprincipio-marcha\u00bb][vc_column css=\u00bb.vc_custom_1588939369209{padding-top: 40px !important;}\u00bb][vc_custom_heading text=\u00bbServicio para la Obtenci\u00f3n y Criopreservaci\u00f3n de Modelos Animales (SOMA)\u00bb font_container=\u00bbtag:h2|text_align:center|color:%23ffffff\u00bb use_theme_fonts=\u00bbyes\u00bb css_animation=\u00bbfadeInDownBig\u00bb][\/vc_column][\/vc_row][vc_row full_width=\u00bbstretch_row_content\u00bb el_class=\u00bbprincipio-marcha\u00bb][vc_column css=\u00bb.vc_custom_1588945461556{background-color: #f2f2f2 !important;}\u00bb][vc_column_text]El SOMA es un servicio adscrito al Instituto de Tecnolog\u00edas Biom\u00e9dicas (ITB) y a la Universidad de La Laguna (ULL), que se desarrolla en el marco de la convocatoria Agust\u00edn de Betancourt,&#8230;<\/p>\n","protected":false},"author":6,"featured_media":0,"parent":0,"menu_order":0,"comment_status":"closed","ping_status":"closed","template":"","meta":[],"_links":{"self":[{"href":"https:\/\/www.ull.es\/institutos\/instituto-tecnologias-biomedicas\/wp-json\/wp\/v2\/pages\/370"}],"collection":[{"href":"https:\/\/www.ull.es\/institutos\/instituto-tecnologias-biomedicas\/wp-json\/wp\/v2\/pages"}],"about":[{"href":"https:\/\/www.ull.es\/institutos\/instituto-tecnologias-biomedicas\/wp-json\/wp\/v2\/types\/page"}],"author":[{"embeddable":true,"href":"https:\/\/www.ull.es\/institutos\/instituto-tecnologias-biomedicas\/wp-json\/wp\/v2\/users\/6"}],"replies":[{"embeddable":true,"href":"https:\/\/www.ull.es\/institutos\/instituto-tecnologias-biomedicas\/wp-json\/wp\/v2\/comments?post=370"}],"version-history":[{"count":22,"href":"https:\/\/www.ull.es\/institutos\/instituto-tecnologias-biomedicas\/wp-json\/wp\/v2\/pages\/370\/revisions"}],"predecessor-version":[{"id":621,"href":"https:\/\/www.ull.es\/institutos\/instituto-tecnologias-biomedicas\/wp-json\/wp\/v2\/pages\/370\/revisions\/621"}],"wp:attachment":[{"href":"https:\/\/www.ull.es\/institutos\/instituto-tecnologias-biomedicas\/wp-json\/wp\/v2\/media?parent=370"}],"curies":[{"name":"wp","href":"https:\/\/api.w.org\/{rel}","templated":true}]}}