{"id":42,"date":"2020-11-27T12:44:05","date_gmt":"2020-11-27T12:44:05","guid":{"rendered":"http:\/\/www.ull.es\/institutos\/instituto-tecnologias-biomedicas\/?page_id=42"},"modified":"2022-06-07T17:12:20","modified_gmt":"2022-06-07T17:12:20","slug":"objetivos","status":"publish","type":"page","link":"https:\/\/www.ull.es\/institutos\/instituto-tecnologias-biomedicas\/objetivos\/","title":{"rendered":"Objetivos"},"content":{"rendered":"<p>[vc_row full_width=\u00bbstretch_row_content\u00bb el_class=\u00bbprincipio-marcha\u00bb][vc_column css=\u00bb.vc_custom_1588939369209{padding-top: 40px !important;}\u00bb][vc_custom_heading text=\u00bbObjetivos espec\u00edficos\u00bb font_container=\u00bbtag:h2|text_align:center|color:%23ffffff\u00bb use_theme_fonts=\u00bbyes\u00bb css_animation=\u00bbfadeInDownBig\u00bb][\/vc_column][\/vc_row][vc_row full_width=\u00bbstretch_row_content\u00bb equal_height=\u00bbyes\u00bb][vc_column width=\u00bb1\/2&#8243; css=\u00bb.vc_custom_1588936329456{padding-top: 5% !important;padding-right: 10% !important;padding-bottom: 5% !important;padding-left: 10% !important;background-color: #f2f2f2 !important;}\u00bb][vc_column_text]<span style=\"font-weight: 400;\">A partir del objetivo global de desarrollar investigaci\u00f3n biom\u00e9dica de excelencia, de\u00a0 orientaci\u00f3n traslacional y enfocada a las necesidades biosanitarias regionales, son\u00a0 objetivos espec\u00edficos del ITB los siguientes: <\/span><\/p>\n<ol>\n<li>El dise\u00f1o y la ejecuci\u00f3n de proyectos de investigaci\u00f3n en torno a las l\u00edneas\u00a0 cient\u00edficas del instituto, mediante la implementaci\u00f3n de un sistema de gesti\u00f3n y\u00a0 de una agenda investigadora dirigidos a la generaci\u00f3n de resultados.<\/li>\n<li><span style=\"font-weight: 400;\">La participaci\u00f3n en la organizaci\u00f3n y desarrollo de programas interdisciplinares\u00a0 de m\u00e1ster y doctorado, formaci\u00f3n de personal, cursos, seminarios, congresos y\u00a0 cualquier otra actividad relacionada con la formaci\u00f3n.\u00a0<\/span><\/li>\n<li><span style=\"font-weight: 400;\"> El establecimiento de procedimientos efectivos para la atracci\u00f3n de personal\u00a0 investigador, t\u00e9cnico y de gesti\u00f3n de alta calidad, manteniendo y mejorando los\u00a0 recursos humanos.\u00a0<\/span><\/li>\n<li><span style=\"font-weight: 400;\"> El establecimiento de interacciones cooperativas con otros centros de\u00a0 investigaci\u00f3n.\u00a0<\/span><\/li>\n<li><span style=\"font-weight: 400;\"> La colaboraci\u00f3n con el sector productivo para el desarrollo de aplicaciones\u00a0 biotecnol\u00f3gicas a problemas espec\u00edficos, promoviendo la innovaci\u00f3n y la\u00a0 transferencia de conocimiento y tecnolog\u00eda.\u00a0<\/span><\/li>\n<li><span style=\"font-weight: 400;\"> La implementaci\u00f3n de la innovaci\u00f3n asistencial, a partir de los resultados de la\u00a0 investigaci\u00f3n cl\u00ednica y epidemiol\u00f3gica.\u00a0<\/span><\/li>\n<li><span style=\"font-weight: 400;\"> La difusi\u00f3n y divulgaci\u00f3n de los conceptos y avances de la Biomedicina,\u00a0 contribuyendo a la generaci\u00f3n de una din\u00e1mica cultural favorable a su\u00a0 desarrollo. <\/span><\/li>\n<\/ol>\n<p>[\/vc_column_text][\/vc_column][vc_column width=\u00bb1\/2&#8243; css=\u00bb.vc_custom_1606481079358{background: #e5e5e5 url(http:\/\/www.ull.es\/institutos\/instituto-tecnologias-biomedicas\/wp-content\/uploads\/sites\/15\/2020\/11\/objetivos.jpg?id=43) !important;background-position: center !important;background-repeat: no-repeat !important;background-size: cover !important;}\u00bb][vc_empty_space height=\u00bb500px\u00bb][\/vc_column][\/vc_row]<\/p>\n","protected":false},"excerpt":{"rendered":"<p>[vc_row full_width=\u00bbstretch_row_content\u00bb el_class=\u00bbprincipio-marcha\u00bb][vc_column css=\u00bb.vc_custom_1588939369209{padding-top: 40px !important;}\u00bb][vc_custom_heading text=\u00bbObjetivos espec\u00edficos\u00bb font_container=\u00bbtag:h2|text_align:center|color:%23ffffff\u00bb use_theme_fonts=\u00bbyes\u00bb css_animation=\u00bbfadeInDownBig\u00bb][\/vc_column][\/vc_row][vc_row full_width=\u00bbstretch_row_content\u00bb equal_height=\u00bbyes\u00bb][vc_column width=\u00bb1\/2&#8243; css=\u00bb.vc_custom_1588936329456{padding-top: 5% !important;padding-right: 10% !important;padding-bottom: 5% !important;padding-left: 10% !important;background-color: #f2f2f2 !important;}\u00bb][vc_column_text]A partir del objetivo global de desarrollar investigaci\u00f3n biom\u00e9dica de excelencia, de\u00a0 orientaci\u00f3n traslacional y enfocada a las necesidades biosanitarias regionales, son\u00a0 objetivos espec\u00edficos del ITB los siguientes: El dise\u00f1o y&#8230;<\/p>\n","protected":false},"author":2,"featured_media":0,"parent":0,"menu_order":0,"comment_status":"closed","ping_status":"closed","template":"templates\/template-no-title.php","meta":[],"_links":{"self":[{"href":"https:\/\/www.ull.es\/institutos\/instituto-tecnologias-biomedicas\/wp-json\/wp\/v2\/pages\/42"}],"collection":[{"href":"https:\/\/www.ull.es\/institutos\/instituto-tecnologias-biomedicas\/wp-json\/wp\/v2\/pages"}],"about":[{"href":"https:\/\/www.ull.es\/institutos\/instituto-tecnologias-biomedicas\/wp-json\/wp\/v2\/types\/page"}],"author":[{"embeddable":true,"href":"https:\/\/www.ull.es\/institutos\/instituto-tecnologias-biomedicas\/wp-json\/wp\/v2\/users\/2"}],"replies":[{"embeddable":true,"href":"https:\/\/www.ull.es\/institutos\/instituto-tecnologias-biomedicas\/wp-json\/wp\/v2\/comments?post=42"}],"version-history":[{"count":5,"href":"https:\/\/www.ull.es\/institutos\/instituto-tecnologias-biomedicas\/wp-json\/wp\/v2\/pages\/42\/revisions"}],"predecessor-version":[{"id":510,"href":"https:\/\/www.ull.es\/institutos\/instituto-tecnologias-biomedicas\/wp-json\/wp\/v2\/pages\/42\/revisions\/510"}],"wp:attachment":[{"href":"https:\/\/www.ull.es\/institutos\/instituto-tecnologias-biomedicas\/wp-json\/wp\/v2\/media?parent=42"}],"curies":[{"name":"wp","href":"https:\/\/api.w.org\/{rel}","templated":true}]}}