{"id":433,"date":"2021-11-25T12:55:10","date_gmt":"2021-11-25T12:55:10","guid":{"rendered":"https:\/\/www.ull.es\/institutos\/instituto-tecnologias-biomedicas\/?page_id=433"},"modified":"2024-09-13T09:54:46","modified_gmt":"2024-09-13T09:54:46","slug":"servicio-de-proteomica-del-itb-proitb","status":"publish","type":"page","link":"https:\/\/www.ull.es\/institutos\/instituto-tecnologias-biomedicas\/plataformas-de-servicios-e-innovacion-biosanitaria\/servicio-de-proteomica-del-itb-proitb\/","title":{"rendered":"Servicio de Prote\u00f3mica del ITB (ProITB)"},"content":{"rendered":"<p>[vc_row full_width=\u00bbstretch_row_content\u00bb el_class=\u00bbprincipio-marcha\u00bb][vc_column css=\u00bb.vc_custom_1588939369209{padding-top: 40px !important;}\u00bb][vc_custom_heading text=\u00bbServicio de Prote\u00f3mica del ITB (ProITB)\u00bb font_container=\u00bbtag:h2|text_align:center|color:%23ffffff\u00bb use_theme_fonts=\u00bbyes\u00bb css_animation=\u00bbfadeInDownBig\u00bb][\/vc_column][\/vc_row][vc_row full_width=\u00bbstretch_row_content\u00bb equal_height=\u00bbyes\u00bb][vc_column css=\u00bb.vc_custom_1588936329456{padding-top: 5% !important;padding-right: 10% !important;padding-bottom: 5% !important;padding-left: 10% !important;background-color: #f2f2f2 !important;}\u00bb][vc_column_text]La prote\u00f3mica y otros an\u00e1lisis \u00f3micos de cuantificaci\u00f3n masiva son fundamentales para la investigaci\u00f3n de la vida y han alcanzado niveles de complejidad sin precedentes. A fin de simplificar la lectura de resultados complejos, nace el servicio de an\u00e1lisis de datos \u00f3micos, dentro del Servicio de Prote\u00f3mica del ITB. Los an\u00e1lisis se realizan con plataformas de libre acceso (MaxQuant y Perseus), que integran todas las herramientas necesarias para su an\u00e1lisis estad\u00edstico, exportar datos a otras herramientas libres en internet (String, Panther) e incluso representar los datos listos para su publicaci\u00f3n. Entre los an\u00e1lisis b\u00e1sicos podemos realizar:<\/p>\n<ul>\n<li>Estudios de expresi\u00f3n diferencial y su representaci\u00f3n en forma de volc\u00e1n.<\/li>\n<li>Estudios de correlaci\u00f3n\/reproducibilidad, an\u00e1lisis de componente principal y categorizaci\u00f3n jer\u00e1rquica.<\/li>\n<li>Estudios de enriquecimiento de categor\u00edas (Gene Onthology) incluyendo: rutas metab\u00f3licas; se\u00f1alizaci\u00f3n celular; localizaci\u00f3n celular, etc.<\/li>\n<li>Identificaci\u00f3n y cuantificaci\u00f3n de modificaciones postraduccionales, incluyendo estudios de motivos de fosforilaci\u00f3n y predicci\u00f3n de activaci\u00f3n de quinasas.<\/li>\n<li>Estudios complejos incluyendo din\u00e1micas temporales e identificaci\u00f3n de patrones de expresi\u00f3n o ensayos poblacionales empleando inteligencia artificial (Learning machine analysis).<\/li>\n<\/ul>\n<p>[\/vc_column_text][\/vc_column][\/vc_row][vc_row full_width=\u00bbstretch_row_content\u00bb equal_height=\u00bbyes\u00bb][vc_column width=\u00bb2\/3&#8243; css=\u00bb.vc_custom_1637844879661{padding-top: 5% !important;padding-right: 10% !important;padding-bottom: 5% !important;padding-left: 10% !important;background-color: #e5e5e5 !important;}\u00bb][vc_column_text]<b>Prestaci\u00f3n de servicios<\/b><\/p>\n<p><span style=\"text-decoration: underline;\"><span style=\"font-weight: 400;\">Fase inicial<\/span><\/span><span style=\"font-weight: 400;\">: idealmente preferimos contribuir al dise\u00f1o del experimental y discutir la metodolog\u00eda de procesado de las muestras y an\u00e1lisis instrumental que se ajuste m\u00e1s a cada caso.<\/span><\/p>\n<p><span style=\"text-decoration: underline;\"><span style=\"font-weight: 400;\">Fase de desarrollo<\/span><\/span><span style=\"font-weight: 400;\">: realizamos un an\u00e1lisis inicial y los datos son discutidos con los investigadores. Definimos objetivos y an\u00e1lisis a realizar.<\/span><\/p>\n<p><span style=\"text-decoration: underline;\"><span style=\"font-weight: 400;\">Fase de ejecuci\u00f3n<\/span><\/span><span style=\"font-weight: 400;\">: realizamos el an\u00e1lisis profundo, generamos las graficas de los resultados y extraemos conclusiones. Todo este proceso se encuentra asociado a la continua comunicaci\u00f3n entre el\/los investigadores y el analista de datos.<\/span>[\/vc_column_text][\/vc_column][vc_column width=\u00bb1\/3&#8243; css=\u00bb.vc_custom_1637844865816{background-color: #e5e5e5 !important;}\u00bb][vc_single_image image=\u00bb434&#8243; img_size=\u00bblarge\u00bb onclick=\u00bblink_image\u00bb][\/vc_column][\/vc_row][vc_row full_width=\u00bbstretch_row_content\u00bb][vc_column][vc_tta_accordion active_section=\u00bb0&#8243; no_fill=\u00bbtrue\u00bb collapsible_all=\u00bbtrue\u00bb][vc_tta_section title=\u00bbPersonal\u00bb tab_id=\u00bbpersonal\u00bb][vc_row_inner css=\u00bb.vc_custom_1726208766874{background-color: #ffffff !important;}\u00bb][vc_column_inner][vc_message message_box_color=\u00bbviolet\u00bb icon_fontawesome=\u00bbfas fa-user-alt\u00bb]<strong>Juan Ram\u00f3n Hern\u00e1ndez Fernaud<br \/>\n<\/strong>Correo electr\u00f3nico:\u00a0<a href=\"mailto:jrfernau@ull.es\" target=\"_blank\" rel=\"noopener\" target=\"_blank\" rel=\"noopener\">jrfernau@ull.es<\/a>[\/vc_message][\/vc_column_inner][\/vc_row_inner][\/vc_tta_section][\/vc_tta_accordion][\/vc_column][\/vc_row]<\/p>\n","protected":false},"excerpt":{"rendered":"<p>[vc_row full_width=\u00bbstretch_row_content\u00bb el_class=\u00bbprincipio-marcha\u00bb][vc_column css=\u00bb.vc_custom_1588939369209{padding-top: 40px !important;}\u00bb][vc_custom_heading text=\u00bbServicio de Prote\u00f3mica del ITB (ProITB)\u00bb font_container=\u00bbtag:h2|text_align:center|color:%23ffffff\u00bb use_theme_fonts=\u00bbyes\u00bb css_animation=\u00bbfadeInDownBig\u00bb][\/vc_column][\/vc_row][vc_row full_width=\u00bbstretch_row_content\u00bb equal_height=\u00bbyes\u00bb][vc_column css=\u00bb.vc_custom_1588936329456{padding-top: 5% !important;padding-right: 10% !important;padding-bottom: 5% !important;padding-left: 10% !important;background-color: #f2f2f2 !important;}\u00bb][vc_column_text]La prote\u00f3mica y otros an\u00e1lisis \u00f3micos de cuantificaci\u00f3n masiva son fundamentales para la investigaci\u00f3n de la vida y han alcanzado niveles de complejidad sin precedentes. A fin de&#8230;<\/p>\n","protected":false},"author":6,"featured_media":0,"parent":121,"menu_order":0,"comment_status":"closed","ping_status":"closed","template":"","meta":[],"_links":{"self":[{"href":"https:\/\/www.ull.es\/institutos\/instituto-tecnologias-biomedicas\/wp-json\/wp\/v2\/pages\/433"}],"collection":[{"href":"https:\/\/www.ull.es\/institutos\/instituto-tecnologias-biomedicas\/wp-json\/wp\/v2\/pages"}],"about":[{"href":"https:\/\/www.ull.es\/institutos\/instituto-tecnologias-biomedicas\/wp-json\/wp\/v2\/types\/page"}],"author":[{"embeddable":true,"href":"https:\/\/www.ull.es\/institutos\/instituto-tecnologias-biomedicas\/wp-json\/wp\/v2\/users\/6"}],"replies":[{"embeddable":true,"href":"https:\/\/www.ull.es\/institutos\/instituto-tecnologias-biomedicas\/wp-json\/wp\/v2\/comments?post=433"}],"version-history":[{"count":28,"href":"https:\/\/www.ull.es\/institutos\/instituto-tecnologias-biomedicas\/wp-json\/wp\/v2\/pages\/433\/revisions"}],"predecessor-version":[{"id":656,"href":"https:\/\/www.ull.es\/institutos\/instituto-tecnologias-biomedicas\/wp-json\/wp\/v2\/pages\/433\/revisions\/656"}],"up":[{"embeddable":true,"href":"https:\/\/www.ull.es\/institutos\/instituto-tecnologias-biomedicas\/wp-json\/wp\/v2\/pages\/121"}],"wp:attachment":[{"href":"https:\/\/www.ull.es\/institutos\/instituto-tecnologias-biomedicas\/wp-json\/wp\/v2\/media?parent=433"}],"curies":[{"name":"wp","href":"https:\/\/api.w.org\/{rel}","templated":true}]}}