{"id":53,"date":"2020-11-27T12:50:12","date_gmt":"2020-11-27T12:50:12","guid":{"rendered":"http:\/\/www.ull.es\/institutos\/instituto-tecnologias-biomedicas\/?page_id=53"},"modified":"2024-09-18T08:40:26","modified_gmt":"2024-09-18T08:40:26","slug":"hitos-conseguidos","status":"publish","type":"page","link":"https:\/\/www.ull.es\/institutos\/instituto-tecnologias-biomedicas\/hitos-conseguidos\/","title":{"rendered":"Hitos conseguidos"},"content":{"rendered":"<p>[vc_row full_width=\u00bbstretch_row_content\u00bb el_class=\u00bbprincipio-marcha\u00bb][vc_column css=\u00bb.vc_custom_1588939369209{padding-top: 40px !important;}\u00bb][vc_custom_heading text=\u00bbHitos conseguidos\u00bb font_container=\u00bbtag:h2|text_align:center|color:%23ffffff\u00bb use_theme_fonts=\u00bbyes\u00bb css_animation=\u00bbfadeInDownBig\u00bb][\/vc_column][\/vc_row][vc_row full_width=\u00bbstretch_row_content\u00bb equal_height=\u00bbyes\u00bb][vc_column width=\u00bb1\/2&#8243; css=\u00bb.vc_custom_1588936329456{padding-top: 5% !important;padding-right: 10% !important;padding-bottom: 5% !important;padding-left: 10% !important;background-color: #f2f2f2 !important;}\u00bb][vc_column_text]<span style=\"font-weight: 400;\">Durante el a\u00f1o 2023 el ITB ha alcanzado los siguientes hitos:\u00a0<\/span><\/p>\n<ul>\n<li style=\"font-weight: 400;\" aria-level=\"1\"><span style=\"font-weight: 400;\">Tras finalizar la construcci\u00f3n de las instalaciones de la nueva sede del Instituto, se han realizado m\u00faltiples acciones de dotaci\u00f3n de mobiliario de laboratorio, adecuaci\u00f3n y de distribuci\u00f3n de espacios de laboratorio, adem\u00e1s de zonas de gesti\u00f3n e innovaci\u00f3n y transferencia.<\/span><\/li>\n<li style=\"font-weight: 400;\" aria-level=\"1\"><span style=\"font-weight: 400;\">Constituci\u00f3n de la plataforma IUBO, que engloba unidades cient\u00edfico-t\u00e9cnicas proporcionando acceso de los miembros del ITB a servicios generales del Instituto Universitario de Bio-Org\u00e1nica Antonio Gonz\u00e1lez.<\/span><\/li>\n<li style=\"font-weight: 400;\" aria-level=\"1\"><span style=\"font-weight: 400;\">Incorporaci\u00f3n de nuevos investigadores pre- y post-doctorales, personal t\u00e9cnico y personal de transferencia, a trav\u00e9s del programa nacional \u201cJuan de la Cierva\u201d, programas de formaci\u00f3n pre-doctoral de la Agencia Estatal de Investigaci\u00f3n y del Gobierno de Canarias, as\u00ed como de convocatorias con cargo a proyectos de investigaci\u00f3n de los grupos del Instituto.<\/span><\/li>\n<li style=\"font-weight: 400;\" aria-level=\"1\"><span style=\"font-weight: 400;\">Difusi\u00f3n del conocimiento en salud e incremento de nuestra visibilidad a nivel regional, nacional e internacional, mediante la <\/span><span style=\"font-weight: 400;\">organizaci\u00f3n de eventos cient\u00edficos<\/span><span style=\"font-weight: 400;\"> en colaboraci\u00f3n con centros internacionales asociados, como por ejemplo:<\/span><\/li>\n<li style=\"font-weight: 400;\" aria-level=\"2\"><span style=\"font-weight: 400;\">Curso DOKI. Gender differences in renal disease focus on diabetes and obesity. Garachico, Tenerife (01-02\/12\/2023). <\/span><b>Dr. Esteban Porrini<\/b><\/li>\n<li style=\"font-weight: 400;\" aria-level=\"2\"><span style=\"font-weight: 400;\">11th IBRO World Congress of Neuroscience. Granada, Espa\u00f1a (09-13\/09\/2023). <\/span><b>Dra. Teresa Gir\u00e1ldez Fern\u00e1ndez<\/b><span style=\"font-weight: 400;\"> (Miembro del Local Organizing Committee)<\/span><\/li>\n<li style=\"font-weight: 400;\" aria-level=\"2\"><span style=\"font-weight: 400;\">Jornadas de Formaci\u00f3n del Centro de Investigaci\u00f3n Biom\u00e9dica en Red de Enfermedades Respiratorias (CIBERES) y de Enfermedades Infecciosas (CIBERINF), Madrid (15-16\/06\/2023). <\/span><b>Dr. Carlos A. Flores Infante<\/b><span style=\"font-weight: 400;\"> (Miembro del Comit\u00e9 Organizador)<\/span><\/li>\n<li style=\"font-weight: 400;\" aria-level=\"1\"><span style=\"font-weight: 400;\">Concesi\u00f3n de <\/span><span style=\"font-weight: 400;\">premios de investigaci\u00f3n<\/span><span style=\"font-weight: 400;\">, como por ejemplo:<\/span><\/li>\n<li style=\"font-weight: 400;\" aria-level=\"2\"><span style=\"font-weight: 400;\">Premio Manuel Rico-Bruker de la Sociedad de Biofi\u0301sica de Espan\u0303a, a la Dra. Teresa Gir\u00e1ldez Fern\u00e1ndez<\/span><\/li>\n<li style=\"font-weight: 400;\" aria-level=\"2\"><span style=\"font-weight: 400;\">XXV Premio Joven Investigador en Gen\u00e9tica Humana, Asociaci\u00f3n Espa\u00f1ola de Gen\u00e9tica Humana, a la Dra. M\u00aa del Mar del Pino Yanes<\/span><\/li>\n<li style=\"font-weight: 400;\" aria-level=\"1\"><span style=\"font-weight: 400;\">Organizaci\u00f3n y participaci\u00f3n en 24 <\/span><span style=\"font-weight: 400;\">actividades para la divulgaci\u00f3n cient\u00edfica<\/span><span style=\"font-weight: 400;\"> (presenciales y virtuales), como por ejemplo:<\/span><\/li>\n<li style=\"font-weight: 400;\" aria-level=\"2\"><span style=\"font-weight: 400;\">Festival de divulgaci\u00f3n Pint of Science en la sede de Tenerife (organizado simult\u00e1neamente a nivel nacional en m\u00e1s de 50 sedes). (22-24\/05\/2023). <\/span><b>Dra. Itahisa Marcelino Rodr\u00edguez y Dr. V\u00edctor Garc\u00eda Tagua<\/b><\/li>\n<li style=\"font-weight: 400;\" aria-level=\"2\"><span style=\"font-weight: 400;\"><a href=\"https:\/\/ajpgi.podbean.com\/?s=colon%20ion\" target=\"_blank\" rel=\"noopener\" target=\"_blank\" rel=\"noopener\">Elaboraci\u00f3n del micro-podcast \u201dGot Guts\u201d The Micro Version<\/a>: Colon ion transporter gene expression during cirrhosis. American Journal of Physiology-Gastrointestinal and Liver Physiology<\/span><span style=\"font-weight: 400;\">. (17\/11\/2023). <\/span><b>Dr. Diego Alvarez de la Rosa Rodr\u00edguez<\/b><\/li>\n<li style=\"font-weight: 400;\" aria-level=\"2\"><span style=\"font-weight: 400;\">Experimiento demente. <a href=\"https:\/\/www.ivoox.com\/podcast-experimiento-demente_sq_f1636240_1.html\" target=\"_blank\" rel=\"noopener\" target=\"_blank\" rel=\"noopener\">Podcast de divulgaci\u00f3n cient\u00edfica<\/a><\/span><span style=\"font-weight: 400;\">, 19 programas emitidos durante 2023). <\/span><b>Dr. Guido Santos<\/b><\/li>\n<li style=\"font-weight: 400;\" aria-level=\"1\"><span style=\"font-weight: 400;\">Participaci\u00f3n activa en los programas de M\u00e1ster en Biomedicina y Biotecnolog\u00eda, y de Doctorado en Ciencias de la Salud de la ULL, con la presencia de la mayor\u00eda de grupos y l\u00edneas de investigaci\u00f3n del Instituto.<\/span><\/li>\n<li style=\"font-weight: 400;\" aria-level=\"1\"><span style=\"font-weight: 400;\">Defensa de 14 <\/span><span style=\"font-weight: 400;\">tesis doctorales<\/span><span style=\"font-weight: 400;\">, dirigidas o codirigidas por miembros del instituto.<\/span><\/li>\n<li style=\"font-weight: 400;\" aria-level=\"1\"><span style=\"font-weight: 400;\">Publicaci\u00f3n de <\/span><span style=\"font-weight: 400;\">169 art\u00edculos cient\u00edficos<\/span><span style=\"font-weight: 400;\"> indexados en bases de datos de referencia (JCR, SJR).<\/span><\/li>\n<li style=\"font-weight: 400;\" aria-level=\"1\"><span style=\"font-weight: 400;\">Gesti\u00f3n como investigadores responsables de +9M\u20ac derivados de <\/span><span style=\"font-weight: 400;\">proyectos y convenios de investigaci\u00f3n<\/span><span style=\"font-weight: 400;\">.<\/span><\/li>\n<li style=\"font-weight: 400;\" aria-level=\"1\"><span style=\"font-weight: 400;\">Organizaci\u00f3n de 11 <\/span><span style=\"font-weight: 400;\">seminarios de investigaci\u00f3n<\/span><span style=\"font-weight: 400;\"> del ITB y 28 <\/span><span style=\"font-weight: 400;\">cursos y eventos cient\u00edficos<\/span><span style=\"font-weight: 400;\">, como por ejemplo:<\/span><\/li>\n<li style=\"font-weight: 400;\" aria-level=\"2\"><span style=\"font-weight: 400;\">Workshop: Nuevas herramientas para la organizaci\u00f3n del trabajo en el laboratorio OneNote y Basecamp. Instituto de Tecnolog\u00edas Biom\u00e9dicas, La Laguna, Tenerife (09\/11\/2023). <\/span><b>Dra. Teresa Gir\u00e1ldez Fern\u00e1ndez<\/b><\/li>\n<li style=\"font-weight: 400;\" aria-level=\"2\"><span style=\"font-weight: 400;\">Networking: \u201cSpeed-Neurodating\u201d Early Career Sessions. IBRO 2023-IBRO 11th IBRO World Congress of Neuroscience. Granada, Espa\u00f1a (11-13\/09\/2023). <\/span><b>Dr. \u00c1ngel Acebes Vindel<\/b><\/li>\n<li style=\"font-weight: 400;\" aria-level=\"1\"><span style=\"font-weight: 400;\">Participaci\u00f3n en 29 <\/span><span style=\"font-weight: 400;\">seminarios y conferencias invitadas<\/span><span style=\"font-weight: 400;\">.<\/span><\/li>\n<\/ul>\n<p>[\/vc_column_text][\/vc_column][vc_column width=\u00bb1\/2&#8243; css=\u00bb.vc_custom_1606481407539{background: #e5e5e5 url(http:\/\/www.ull.es\/institutos\/instituto-tecnologias-biomedicas\/wp-content\/uploads\/sites\/15\/2020\/11\/hitos.jpg?id=54) !important;background-position: center !important;background-repeat: no-repeat !important;background-size: cover !important;}\u00bb][vc_empty_space height=\u00bb500px\u00bb][\/vc_column][\/vc_row]<\/p>\n","protected":false},"excerpt":{"rendered":"<p>[vc_row full_width=\u00bbstretch_row_content\u00bb el_class=\u00bbprincipio-marcha\u00bb][vc_column css=\u00bb.vc_custom_1588939369209{padding-top: 40px !important;}\u00bb][vc_custom_heading text=\u00bbHitos conseguidos\u00bb font_container=\u00bbtag:h2|text_align:center|color:%23ffffff\u00bb use_theme_fonts=\u00bbyes\u00bb css_animation=\u00bbfadeInDownBig\u00bb][\/vc_column][\/vc_row][vc_row full_width=\u00bbstretch_row_content\u00bb equal_height=\u00bbyes\u00bb][vc_column width=\u00bb1\/2&#8243; css=\u00bb.vc_custom_1588936329456{padding-top: 5% !important;padding-right: 10% !important;padding-bottom: 5% !important;padding-left: 10% !important;background-color: #f2f2f2 !important;}\u00bb][vc_column_text]Durante el a\u00f1o 2023 el ITB ha alcanzado los siguientes hitos:\u00a0 Tras finalizar la construcci\u00f3n de las instalaciones de la nueva sede del Instituto, se han realizado m\u00faltiples acciones de dotaci\u00f3n&#8230;<\/p>\n","protected":false},"author":2,"featured_media":0,"parent":0,"menu_order":0,"comment_status":"closed","ping_status":"closed","template":"templates\/template-no-title.php","meta":[],"_links":{"self":[{"href":"https:\/\/www.ull.es\/institutos\/instituto-tecnologias-biomedicas\/wp-json\/wp\/v2\/pages\/53"}],"collection":[{"href":"https:\/\/www.ull.es\/institutos\/instituto-tecnologias-biomedicas\/wp-json\/wp\/v2\/pages"}],"about":[{"href":"https:\/\/www.ull.es\/institutos\/instituto-tecnologias-biomedicas\/wp-json\/wp\/v2\/types\/page"}],"author":[{"embeddable":true,"href":"https:\/\/www.ull.es\/institutos\/instituto-tecnologias-biomedicas\/wp-json\/wp\/v2\/users\/2"}],"replies":[{"embeddable":true,"href":"https:\/\/www.ull.es\/institutos\/instituto-tecnologias-biomedicas\/wp-json\/wp\/v2\/comments?post=53"}],"version-history":[{"count":5,"href":"https:\/\/www.ull.es\/institutos\/instituto-tecnologias-biomedicas\/wp-json\/wp\/v2\/pages\/53\/revisions"}],"predecessor-version":[{"id":662,"href":"https:\/\/www.ull.es\/institutos\/instituto-tecnologias-biomedicas\/wp-json\/wp\/v2\/pages\/53\/revisions\/662"}],"wp:attachment":[{"href":"https:\/\/www.ull.es\/institutos\/instituto-tecnologias-biomedicas\/wp-json\/wp\/v2\/media?parent=53"}],"curies":[{"name":"wp","href":"https:\/\/api.w.org\/{rel}","templated":true}]}}