{"id":609,"date":"2024-09-11T13:47:19","date_gmt":"2024-09-11T13:47:19","guid":{"rendered":"https:\/\/www.ull.es\/institutos\/instituto-tecnologias-biomedicas\/?page_id=609"},"modified":"2024-09-11T13:47:19","modified_gmt":"2024-09-11T13:47:19","slug":"neurociencia-cognitiva-y-psicolinguistica","status":"publish","type":"page","link":"https:\/\/www.ull.es\/institutos\/instituto-tecnologias-biomedicas\/neurociencia-cognitiva-y-psicolinguistica\/","title":{"rendered":"Neurociencia cognitiva y psicoling\u00fc\u00edstica"},"content":{"rendered":"<h1>Neurociencia cognitiva y psicoling\u00fc\u00edstica<\/h1>\n<h4><b>Investigador responsable<\/b><\/h4>\n<table class=\"jefe\">\n<tbody>\n<tr>\n<td class=\"provisional\"><\/td>\n<td><strong><a href=\"https:\/\/portalciencia.ull.es\/investigadores\/81614\/detalle\" target=\"_blank\" rel=\"noopener\" target=\"_blank\" rel=\"noopener\">Horacio A. Barber Friend<\/a>, PhD<\/strong><\/p>\n<p>Profesor Titular de Psicolog\u00eda B\u00e1sica; Departamento de Psicolog\u00eda Cognitiva, Social y Organizacional, ULL<\/td>\n<\/tr>\n<\/tbody>\n<\/table>\n<p>&nbsp;<\/p>\n<p><b>Investigadores colaboradores doctores<\/b><\/p>\n<ul>\n<li aria-level=\"1\"><span style=\"font-weight: 400;\">Mois\u00e9s Betancort Montesinos (Profesor Titular de Universidad; Departamento de Psicolog\u00eda Cl\u00ednica, Psicobiolog\u00eda y Metodolog\u00eda, ULL)<\/span><\/li>\n<li aria-level=\"1\"><span style=\"font-weight: 400;\">Markus Conrad, PhD (Profesor Contratado Doctor; Departamento de Psicolog\u00eda Cognitiva, Social y Organizacional, ULL)<\/span><\/li>\n<\/ul>\n<p><b>Colaboradores doctores externos<\/b><\/p>\n<ul>\n<li style=\"font-weight: 400;\" aria-level=\"1\"><span style=\"font-weight: 400;\">Julien Dampur\u00e9<\/span><\/li>\n<li style=\"font-weight: 400;\" aria-level=\"1\"><span style=\"font-weight: 400;\">Maartje van der Meij<\/span><\/li>\n<\/ul>\n<p><b>L\u00edneas de investigaci\u00f3n<\/b><\/p>\n<ul>\n<li aria-level=\"1\"><span style=\"font-weight: 400;\">Procesamiento del lenguaje<\/span><\/li>\n<li aria-level=\"1\"><span style=\"font-weight: 400;\">Percepci\u00f3n visual en lectura<\/span><\/li>\n<li aria-level=\"1\"><span style=\"font-weight: 400;\">Funciones ejecutivas en el Trastorno L\u00edmite de la Personalidad<\/span><\/li>\n<li aria-level=\"1\"><span style=\"font-weight: 400;\">Estr\u00e9s y rendimiento<\/span><\/li>\n<\/ul>\n<p><b>Proyectos financiados<\/b><\/p>\n<ul>\n<li style=\"font-weight: 400;\" aria-level=\"1\"><span style=\"font-weight: 400;\">Percepci\u00f3n parafoveal de palabras: neuromodulaci\u00f3n por neurofeedback (PID2020-118487GB-I00). MICINN. IP: Horacio Barber y Juan A. Hdez. Cabrera (01\/09\/2021 &#8211; 31\/08\/2024, 72.600 \u20ac)<\/span><\/li>\n<\/ul>\n<p><b>Publicaciones 2023<\/b><\/p>\n<ul>\n<li style=\"font-weight: 400;\" aria-level=\"1\"><span style=\"font-weight: 400;\">Dampur\u00e9 J, Agudelo-Orjuela P, van der Meij M, Belin D, <\/span><b>Barber HA<\/b><span style=\"font-weight: 400;\">. Electrophysiological signature of the interplay between habits and inhibition in response to smoking-related cues in individuals with a smoking habit: An event-related potential study. <\/span><i><span style=\"font-weight: 400;\">European Journal of Neuroscience<\/span><\/i><span style=\"font-weight: 400;\">. 2023 Apr;57(8):1335-1352. DOI: 10.1111\/ejn.15942<\/span><\/li>\n<li style=\"font-weight: 400;\" aria-level=\"1\"><span style=\"font-weight: 400;\">Milligan S, Ant\u00fanez M, <\/span><b>Barber HA<\/b><span style=\"font-weight: 400;\">, Schotter ER. Are Eye Movements and EEG on the Same Page?: A Coregistration Study on Parafoveal Preview and Lexical Frequency. <\/span><i><span style=\"font-weight: 400;\">Journal of Experimental Psychology: General<\/span><\/i><span style=\"font-weight: 400;\">. 2023 Jan;152(1):188-210. DOI: 10.1037\/xge0001278<\/span><\/li>\n<\/ul>\n<p><b>Otras publicaciones representativas de los \u00faltimos a\u00f1os<\/b><\/p>\n<ul>\n<li aria-level=\"1\"><span style=\"font-weight: 400;\">Schauenburg G, <\/span><b>Conrad M<\/b><span style=\"font-weight: 400;\">, von Scheve C, <\/span><b>Barber HA<\/b><span style=\"font-weight: 400;\">, Ambrasat J, Aryani A, Schr\u00f6der T. Making sense of social interaction: Emotional coherence drives semantic integration as assessed by event-related potentials. <\/span><i><span style=\"font-weight: 400;\">Neuropsychologia<\/span><\/i><span style=\"font-weight: 400;\">. 2019 Mar;125:1-13. DOI: <\/span><a href=\"https:\/\/doi.org\/10.1016\/j.neuropsychologia.2019.01.002\" target=\"_blank\" rel=\"noopener\"><span style=\"font-weight: 400;\">10.1016\/j.neuropsychologia.2019.01.002<\/span><\/a><\/li>\n<li aria-level=\"1\"><span style=\"font-weight: 400;\">Dampur\u00e9 J, L\u00f3pez-P\u00e9rez PJ, <\/span><b>Barber HA<\/b><span style=\"font-weight: 400;\">. Meaning-based attentional guidance as a function of foveal and task-related cognitive loads. <\/span><i><span style=\"font-weight: 400;\">Language, Cognition and Neuroscience<\/span><\/i><span style=\"font-weight: 400;\">. 2019 Jan;34(1):1-12. DOI: <\/span><a href=\"https:\/\/doi.org\/10.1080\/23273798.2018.1484149\" target=\"_blank\" rel=\"noopener\"><span style=\"font-weight: 400;\">10.1080\/23273798.2018.1484149<\/span><\/a><\/li>\n<li aria-level=\"1\"><span style=\"font-weight: 400;\">Carreiras M, Qui\u00f1ones I, Mancini S, <\/span><b>Hern\u00e1ndez-Cabrera JA, Barber HA<\/b><span style=\"font-weight: 400;\">. Verbal and nominal agreement: an fMRI study. <\/span><i><span style=\"font-weight: 400;\">Neuroimage<\/span><\/i><span style=\"font-weight: 400;\">. 2015 Oct; 120:88-103. DOI: 10.1016\/j.neuroimage.2015.06.075<\/span><\/li>\n<li style=\"font-weight: 400;\" aria-level=\"1\"><b>Janssen N, <\/b><span style=\"font-weight: 400;\">Hern\u00e1ndez JA, Van der Meij M, <\/span><b>Barber HA<\/b><span style=\"font-weight: 400;\">. Tracking the time course of competition during word production: Evidence for a post-retrieval mechanism of conflict resolution. <\/span><a href=\"https:\/\/www.ncbi.nlm.nih.gov\/pubmed\/?term=Tracking+the+time+course+of+competition+during+word+production%3A+Evidence+for+a+post-retrieval+mechanism+of+conflict+resolution\" target=\"_blank\" rel=\"noopener\"><i><span style=\"font-weight: 400;\">Cereb Cortex<\/span><\/i><span style=\"font-weight: 400;\">.<\/span><\/a><span style=\"font-weight: 400;\">\u00a02015 Sep;25(9):2960-9. DOI: 10.1093\/cercor\/bhu092<\/span><\/li>\n<\/ul>\n<p>&nbsp;<\/p>\n","protected":false},"excerpt":{"rendered":"<p>Neurociencia cognitiva y psicoling\u00fc\u00edstica Investigador responsable Horacio A. Barber Friend, PhD Profesor Titular de Psicolog\u00eda B\u00e1sica; Departamento de Psicolog\u00eda Cognitiva, Social y Organizacional, ULL &nbsp; Investigadores colaboradores doctores Mois\u00e9s Betancort Montesinos (Profesor Titular de Universidad; Departamento de Psicolog\u00eda Cl\u00ednica, Psicobiolog\u00eda y Metodolog\u00eda, ULL) Markus Conrad, PhD (Profesor Contratado Doctor; Departamento de Psicolog\u00eda Cognitiva, Social y&#8230;<\/p>\n","protected":false},"author":6,"featured_media":0,"parent":0,"menu_order":0,"comment_status":"closed","ping_status":"closed","template":"","meta":[],"_links":{"self":[{"href":"https:\/\/www.ull.es\/institutos\/instituto-tecnologias-biomedicas\/wp-json\/wp\/v2\/pages\/609"}],"collection":[{"href":"https:\/\/www.ull.es\/institutos\/instituto-tecnologias-biomedicas\/wp-json\/wp\/v2\/pages"}],"about":[{"href":"https:\/\/www.ull.es\/institutos\/instituto-tecnologias-biomedicas\/wp-json\/wp\/v2\/types\/page"}],"author":[{"embeddable":true,"href":"https:\/\/www.ull.es\/institutos\/instituto-tecnologias-biomedicas\/wp-json\/wp\/v2\/users\/6"}],"replies":[{"embeddable":true,"href":"https:\/\/www.ull.es\/institutos\/instituto-tecnologias-biomedicas\/wp-json\/wp\/v2\/comments?post=609"}],"version-history":[{"count":1,"href":"https:\/\/www.ull.es\/institutos\/instituto-tecnologias-biomedicas\/wp-json\/wp\/v2\/pages\/609\/revisions"}],"predecessor-version":[{"id":610,"href":"https:\/\/www.ull.es\/institutos\/instituto-tecnologias-biomedicas\/wp-json\/wp\/v2\/pages\/609\/revisions\/610"}],"wp:attachment":[{"href":"https:\/\/www.ull.es\/institutos\/instituto-tecnologias-biomedicas\/wp-json\/wp\/v2\/media?parent=609"}],"curies":[{"name":"wp","href":"https:\/\/api.w.org\/{rel}","templated":true}]}}