{"id":613,"date":"2024-09-11T13:54:36","date_gmt":"2024-09-11T13:54:36","guid":{"rendered":"https:\/\/www.ull.es\/institutos\/instituto-tecnologias-biomedicas\/?page_id=613"},"modified":"2024-09-11T13:54:36","modified_gmt":"2024-09-11T13:54:36","slug":"epidemiologia-clinica-genetica-y-molecular-epigem","status":"publish","type":"page","link":"https:\/\/www.ull.es\/institutos\/instituto-tecnologias-biomedicas\/epidemiologia-clinica-genetica-y-molecular-epigem\/","title":{"rendered":"Epidemiolog\u00eda cl\u00ednica, gen\u00e9tica y molecular (EpiGeM)"},"content":{"rendered":"<h1>Epidemiolog\u00eda cl\u00ednica, gen\u00e9tica y molecular (EpiGeM)<\/h1>\n<h4><b>Investigador responsable<\/b><\/h4>\n<table class=\"jefe\">\n<tbody>\n<tr>\n<td class=\"provisional\"><\/td>\n<td><strong><a href=\"https:\/\/portalciencia.ull.es\/investigadores\/152401\/detalle\" target=\"_blank\" rel=\"noopener\" target=\"_blank\" rel=\"noopener\">Itahisa Marcelino Rodr\u00edguez<\/a>, PhD<\/strong><\/p>\n<p>Profesora Contratada Doctora; Departamento de Obstetricia y Ginecolog\u00eda, Pediatr\u00eda, Medicina Preventiva y Salud P\u00fablica, Toxicolog\u00eda, Medicina Legal y Forense y Parasitolog\u00eda, ULL<\/p>\n<p><strong><a href=\"https:\/\/portalciencia.ull.es\/investigadores\/82552\/detalle\" target=\"_blank\" rel=\"noopener\" target=\"_blank\" rel=\"noopener\">V\u00edctor Garc\u00eda Tagua<\/a>, PhD<\/strong><\/p>\n<p>Profesor Ayudante Doctor; Departamento de Obstetricia y Ginecolog\u00eda, Pediatr\u00eda, Medicina Preventiva y Salud P\u00fablica, Toxicolog\u00eda, Medicina Legal y Forense y Parasitolog\u00eda, ULL<\/td>\n<\/tr>\n<\/tbody>\n<\/table>\n<p>&nbsp;<\/p>\n<p><b>Estudiantes de doctorado e investigadores en formaci\u00f3n<\/b><\/p>\n<ul>\n<li style=\"font-weight: 400;\" aria-level=\"1\"><span style=\"font-weight: 400;\">Sarai Rodr\u00edguez Rodr\u00edguez (Programa de Doctorado en Ciencias M\u00e9dicas y Farmac\u00e9uticas, Desarrollo y Calidad de Vida, ULL)<\/span><\/li>\n<li style=\"font-weight: 400;\" aria-level=\"1\"><span style=\"font-weight: 400;\">Amanda Le\u00f3n Hern\u00e1ndez (Programa de Doctorado en Ciencias M\u00e9dicas y Farmac\u00e9uticas, Desarrollo y Calidad de Vida, ULL)<\/span><\/li>\n<li style=\"font-weight: 400;\" aria-level=\"1\"><span style=\"font-weight: 400;\">Patricia Gonz\u00e1lez Edel (Programa de Doctorado en Ciencias M\u00e9dicas y Farmac\u00e9uticas, Desarrollo y Calidad de Vida, ULL)<\/span><\/li>\n<li style=\"font-weight: 400;\" aria-level=\"1\"><span style=\"font-weight: 400;\">Eva Tosco Herrera (Programa de Doctorado Ciencias M\u00e9dicas y Farmac\u00e9uticas, Desarrollo y Calidad de Vida, ULL)<\/span><\/li>\n<\/ul>\n<p><b>Personal t\u00e9cnico o de gesti\u00f3n:<\/b><b><\/b><\/p>\n<ul>\n<li style=\"font-weight: 400;\" aria-level=\"1\"><span style=\"font-weight: 400;\">Silvia Gonz\u00e1lez Barbuzano (T\u00e9cnico superior contratada, Proyecto CORDELIA, PMP22\/00033)<\/span><\/li>\n<\/ul>\n<p><b>L\u00edneas de investigaci\u00f3n<\/b><\/p>\n<p><span style=\"font-weight: 400;\">Las l\u00edneas principales en las que se centrar\u00e1 este grupo de investigaci\u00f3n para los pr\u00f3ximos a\u00f1os son:\u00a0<\/span><b><\/b><\/p>\n<ul>\n<li style=\"font-weight: 400;\" aria-level=\"1\"><b>Epidemiolog\u00eda cl\u00ednica de la diabetes mellitus<\/b><span style=\"font-weight: 400;\">: Esta l\u00ednea se centra en el estudio de la frecuencia, distribuci\u00f3n y determinantes de la diabetes mellitus en diferentes poblaciones, aunque sobre todo centrada en la poblaci\u00f3n canaria. Se busca identificar los factores de riesgo asociados con el inicio de la enfermedad, as\u00ed como aquellos factores que pueden influir en su pron\u00f3stico y mortalidad. Esto incluye el an\u00e1lisis de datos demogr\u00e1ficos, cl\u00ednicos y socioecon\u00f3micos para comprender mejor c\u00f3mo prevenir y manejar esta condici\u00f3n cr\u00f3nica.<\/span><\/li>\n<li style=\"font-weight: 400;\" aria-level=\"1\"><b>Gen\u00e9tica y gen\u00f3mica de la diabetes mellitus<\/b><span style=\"font-weight: 400;\">: Enfocada en la identificaci\u00f3n y an\u00e1lisis de variantes gen\u00e9ticas que contribuyen al riesgo de desarrollar diabetes mellitus, as\u00ed como aquellas que contribuyan al peor pron\u00f3stico y aparici\u00f3n de complicaciones y al aumento de la mortalidad. Esta l\u00ednea incluye el estudio de genes espec\u00edficos, su expresi\u00f3n y c\u00f3mo las variaciones en estos genes pueden influir en la susceptibilidad a la diabetes, as\u00ed como en la respuesta al tratamiento. Se utiliza una variedad de t\u00e9cnicas de gen\u00e9tica molecular para investigar la heredabilidad de la diabetes y c\u00f3mo los factores gen\u00e9ticos interact\u00faan con el medio ambiente y el estilo de vida.<\/span><\/li>\n<li style=\"font-weight: 400;\" aria-level=\"1\"><b>Estudio de la microbiota en pacientes con diabetes<\/b><span style=\"font-weight: 400;\">: Esta \u00e1rea investiga c\u00f3mo la composici\u00f3n y funci\u00f3n de la microbiota intestinal pueden influir en el desarrollo y la progresi\u00f3n de la diabetes mellitus. Se exploran las diferencias en la microbiota entre individuos con y sin diabetes, as\u00ed como los efectos de la intervenci\u00f3n diet\u00e9tica o terap\u00e9utica en la composici\u00f3n de la microbiota. El objetivo es identificar potenciales dianas terap\u00e9uticas y desarrollar estrategias para modificar la microbiota con fines preventivos o terap\u00e9uticos en la diabetes. El desarrollo de esta l\u00ednea se centra en una aproximaci\u00f3n metagen\u00f3mica.<\/span><\/li>\n<li style=\"font-weight: 400;\" aria-level=\"1\"><b>Estudio de la resistencia a antibi\u00f3ticos en muestras medioambientales<\/b><span style=\"font-weight: 400;\">: Esta \u00e1rea de investigaci\u00f3n se centra en el an\u00e1lisis de la presencia y diseminaci\u00f3n de genes de resistencia a antibi\u00f3ticos en el medio ambiente. Se investigan muestras de agua, suelo y otros entornos para evaluar c\u00f3mo la contaminaci\u00f3n por antimicrobianos y la transferencia horizontal de genes contribuyen a la emergencia y propagaci\u00f3n de resistencia a antibi\u00f3ticos en comunidades microbianas medioambientales. Este trabajo es crucial para entender las rutas a trav\u00e9s de las cuales los genes de resistencia pueden llegar a afectar a los humanos y animales, y para desarrollar estrategias que limiten su dispersi\u00f3n.<\/span><\/li>\n<\/ul>\n<p><b>Proyectos financiados<\/b><\/p>\n<ul>\n<li style=\"font-weight: 400;\" aria-level=\"1\"><span style=\"font-weight: 400;\">Identificaci\u00f3n de las bases gen\u00e9ticas de la Diabetes Tipo 1 en las Islas Canarias. IP: Itahisa Marcelino. Fundaci\u00f3n DISA (2022-2023, 25.000 \u20ac)<\/span><\/li>\n<li style=\"font-weight: 400;\" aria-level=\"1\"><span style=\"font-weight: 400;\">An\u00e1lisis de variantes farmacogen\u00f3micas utilizando datos de secuenciaci\u00f3n de nueva generaci\u00f3n (PHARMA-CAN). SUBPROYECTO 1: Farmacogen\u00e9tica en el entorno cl\u00ednico: gesti\u00f3n, investigaci\u00f3n y validaci\u00f3n de la metodolog\u00eda (ProID2021010084). IP: Itahisa Marcelino. Agencia Canaria de Investigaci\u00f3n, Innovaci\u00f3n y Sociedad de la Informaci\u00f3n, ACIISI (03\/2021 &#8211; 04\/2023, 68.365,15 \u20ac importe total)<\/span><\/li>\n<li style=\"font-weight: 400;\" aria-level=\"1\"><span style=\"font-weight: 400;\">Detecci\u00f3n de la prote\u00edna Klotho mediante nanoanticuerpos obtenidos en cam\u00e9lidos canarios (PIFIISC21\/23). IPs: Carmen Mora Fern\u00e1ndez y V\u00edctor Garc\u00eda Tagua. Fundaci\u00f3n Canaria Instituto de Investigaci\u00f3n Sanitaria de Canarias, FIISC (2022-2023, 27.000 \u20ac)<\/span><\/li>\n<\/ul>\n<p><b>Publicaciones 2023<\/b><\/p>\n<ul>\n<li style=\"font-weight: 400;\" aria-level=\"1\"><span style=\"font-weight: 400;\">Almeida Gonz\u00e1lez D, Rodr\u00edguez-P\u00e9rez MDC, Fuentes Ferrer M, Cuevas Fern\u00e1ndez FJ, <\/span><b>Marcelino Rodr\u00edguez I<\/b><span style=\"font-weight: 400;\">, Cabrera de Le\u00f3n A. Irisin, in women and men: blood pressure, heart rate, obesity and insulin resistance. <\/span><i><span style=\"font-weight: 400;\">Frontiers in Endocrinology<\/span><\/i><span style=\"font-weight: 400;\">. 2023 Jun;14. DOI: 10.3389\/FENDO.2023.1193110<\/span><\/li>\n<li style=\"font-weight: 400;\" aria-level=\"1\"><span style=\"font-weight: 400;\">Bravo-Plaza I, <\/span><b>Tagua VG<\/b><span style=\"font-weight: 400;\">, Arst HN, Alonso A, Pinar M, Monterroso B, Galindo A, Pe\u00f1alva M\u00c1. The Uso1 globular head interacts with SNAREs to maintain viability even in the absence of the coiled-coil domain. <\/span><i><span style=\"font-weight: 400;\">eLife<\/span><\/i><span style=\"font-weight: 400;\">. 2023;12:e85079. DOI: 10.7554\/ELIFE.85079<\/span><\/li>\n<li style=\"font-weight: 400;\" aria-level=\"1\"><b>Donate-Correa J<\/b><span style=\"font-weight: 400;\">, Mart\u00edn-N\u00fa\u00f1ez E, Martin-Olivera A, Mora-Fern\u00e1ndez C, <\/span><b>Tagua VG<\/b><span style=\"font-weight: 400;\">, Ferri CM, L\u00f3pez-Castillo \u00c1, Delgado-Molinos A, L\u00f3pez-Tarruella VC, Ar\u00e9valo-G\u00f3mez MA, P\u00e9rez-Delgado N, Gonz\u00e1lez-Luis A, <\/span><b>Navarro-Gonz\u00e1lez JF<\/b><span style=\"font-weight: 400;\">. Klotho inversely relates with carotid intima- media thickness in atherosclerotic patients with normal renal function (eGFR \u226560 mL\/min\/1.73m2): a proof-of-concept study. <\/span><i><span style=\"font-weight: 400;\">Frontiers in Endocrinology<\/span><\/i><span style=\"font-weight: 400;\">. 2023;14:1146012. DOI: <\/span><a href=\"https:\/\/doi.org\/10.3389%2Ffendo.2023.1146012\" target=\"_blank\" rel=\"noopener\"><span style=\"font-weight: 400;\">10.3389\/fendo.2023.1146012<\/span><\/a><\/li>\n<\/ul>\n<p><b>Otras publicaciones representativas de los \u00faltimos a\u00f1os<\/b><\/p>\n<ul>\n<li style=\"font-weight: 400;\" aria-level=\"1\"><span style=\"font-weight: 400;\">Hernandez-Beeftink T, <\/span><b>Marcelino-Rodr\u00edguez I<\/b><span style=\"font-weight: 400;\">, Guillen-Guio B, Rodr\u00edguez-P\u00e9rez H, Lorenzo-Salazar JM, Corrales A, D\u00edaz-de Usera A, Gonz\u00e1lez-Montelongo R, Dom\u00ednguez D, Espinosa E, Villar J, <\/span><b>Flores C<\/b><span style=\"font-weight: 400;\">. Admixture mapping of sepsis in European individuals with African ancestries. <\/span><i><span style=\"font-weight: 400;\">Frontiers in medicine<\/span><\/i><span style=\"font-weight: 400;\">. 2022 Mar 8:9:754440. DOI: 10.3389\/fmed.2022.754440<\/span><\/li>\n<li style=\"font-weight: 400;\" aria-level=\"1\"><span style=\"font-weight: 400;\">Tosco-Herrera E, Mu\u00f1oz-Barrera A, J\u00e1spez D, Rubio-Rodr\u00edguez LA, Mendoza-Alvarez A, Rodriguez-Perez H, Jou J, I\u00f1igo-Campos A, Corrales A, Ciuffreda L, Martinez-Bugallo F, Prieto-Morin C, Garc\u00eda-Olivares V, Gonz\u00e1lez-Montelongo R, Lorenzo-Salazar JM, <\/span><b>Marcelino-Rodriguez I<\/b><span style=\"font-weight: 400;\">, <\/span><b>Flores C<\/b><span style=\"font-weight: 400;\">. Evaluation of a whole-exome sequencing pipeline and benchmarking of causal germline variant prioritizers. <\/span><i><span style=\"font-weight: 400;\">Human Mutation<\/span><\/i><span style=\"font-weight: 400;\">. 2022;43(12):2010-20. DOI: 10.1002\/HUMU.24459<\/span><\/li>\n<li style=\"font-weight: 400;\" aria-level=\"1\"><b>Marcelino-Rodr\u00edguez I<\/b><span style=\"font-weight: 400;\">, Elosua R, P\u00e9rez MdCR, Fern\u00e1ndez-Berg\u00e9s D, Guembe MJ, Alonso TV, F\u00e9lix FJ, Gonz\u00e1lez DA, Ortiz-Marr\u00f3n H, Rigo F, Lapetra J, Gavrila D, Segura A, Fit\u00f3 M, Pe\u00f1afiel J, Marrugat J, Le\u00f3n AC. On the problem of type 2 diabetes-related mortality in the Canary Islands, Spain. The DARIOS Study. <\/span><i><span style=\"font-weight: 400;\">Diabetes Research and Clinical Practice<\/span><\/i><span style=\"font-weight: 400;\">. 2016;111:74-82. DOI:\u00a0 10.1016\/J.DIABRES.2015.10.024 &#8211;&gt; Premio Magda Heras a la mejor publicaci\u00f3n de un joven investigador en una revista de investigaci\u00f3n cardiovascular<\/span><\/li>\n<li style=\"font-weight: 400;\" aria-level=\"1\"><b>Tagua VG<\/b><span style=\"font-weight: 400;\">, Pausch M, Eckel M, Guti\u00e9rrez G, Miralles-Dur\u00e1n A, Sanz C, Eslava AP, Pokorny R, Corrochano LM, Batschauer A. A fungal cryptochrome with DNA repair activity reveals an early stage in cryptochrome evolution. <\/span><i><span style=\"font-weight: 400;\">Proceedings of the National Academy of Sciences of the United States of America<\/span><\/i><span style=\"font-weight: 400;\">. 2015;112(49): 15130-15135. DOI: 10.1073\/pnas.1514637112<\/span><\/li>\n<li style=\"font-weight: 400;\" aria-level=\"1\"><span style=\"font-weight: 400;\">Pinar M, Arst HN Jr, Pantazopoulou A, <\/span><b>Tagua VG<\/b><span style=\"font-weight: 400;\">, de los R\u00edos V, Rodr\u00edguez-Salarichs J, D\u00edaz JF, Pe\u00f1alva MA (2015) TRAPPII regulates exocytic Golgi exit by mediating nucleotide exchange on the Ypt31 orthologue RabERAB11. <\/span><i><span style=\"font-weight: 400;\">Proceedings of the National Academy of Sciences of the United States of America<\/span><\/i><span style=\"font-weight: 400;\">. 2015;112(14): 4346-51. DOI: 10.1073\/pnas.1419168112<\/span><\/li>\n<\/ul>\n","protected":false},"excerpt":{"rendered":"<p>Epidemiolog\u00eda cl\u00ednica, gen\u00e9tica y molecular (EpiGeM) Investigador responsable Itahisa Marcelino Rodr\u00edguez, PhD Profesora Contratada Doctora; Departamento de Obstetricia y Ginecolog\u00eda, Pediatr\u00eda, Medicina Preventiva y Salud P\u00fablica, Toxicolog\u00eda, Medicina Legal y Forense y Parasitolog\u00eda, ULL V\u00edctor Garc\u00eda Tagua, PhD Profesor Ayudante Doctor; Departamento de Obstetricia y Ginecolog\u00eda, Pediatr\u00eda, Medicina Preventiva y Salud P\u00fablica, Toxicolog\u00eda, Medicina Legal&#8230;<\/p>\n","protected":false},"author":6,"featured_media":0,"parent":0,"menu_order":0,"comment_status":"closed","ping_status":"closed","template":"","meta":[],"_links":{"self":[{"href":"https:\/\/www.ull.es\/institutos\/instituto-tecnologias-biomedicas\/wp-json\/wp\/v2\/pages\/613"}],"collection":[{"href":"https:\/\/www.ull.es\/institutos\/instituto-tecnologias-biomedicas\/wp-json\/wp\/v2\/pages"}],"about":[{"href":"https:\/\/www.ull.es\/institutos\/instituto-tecnologias-biomedicas\/wp-json\/wp\/v2\/types\/page"}],"author":[{"embeddable":true,"href":"https:\/\/www.ull.es\/institutos\/instituto-tecnologias-biomedicas\/wp-json\/wp\/v2\/users\/6"}],"replies":[{"embeddable":true,"href":"https:\/\/www.ull.es\/institutos\/instituto-tecnologias-biomedicas\/wp-json\/wp\/v2\/comments?post=613"}],"version-history":[{"count":1,"href":"https:\/\/www.ull.es\/institutos\/instituto-tecnologias-biomedicas\/wp-json\/wp\/v2\/pages\/613\/revisions"}],"predecessor-version":[{"id":614,"href":"https:\/\/www.ull.es\/institutos\/instituto-tecnologias-biomedicas\/wp-json\/wp\/v2\/pages\/613\/revisions\/614"}],"wp:attachment":[{"href":"https:\/\/www.ull.es\/institutos\/instituto-tecnologias-biomedicas\/wp-json\/wp\/v2\/media?parent=613"}],"curies":[{"name":"wp","href":"https:\/\/api.w.org\/{rel}","templated":true}]}}