{"id":672,"date":"2025-02-05T13:33:22","date_gmt":"2025-02-05T13:33:22","guid":{"rendered":"https:\/\/www.ull.es\/institutos\/instituto-tecnologias-biomedicas\/?page_id=672"},"modified":"2025-02-05T14:20:12","modified_gmt":"2025-02-05T14:20:12","slug":"neurologia-y-neurobiologia-experimental-nne","status":"publish","type":"page","link":"https:\/\/www.ull.es\/institutos\/instituto-tecnologias-biomedicas\/neurologia-y-neurobiologia-experimental-nne\/","title":{"rendered":"Neurolog\u00eda y Neurobiolog\u00eda Experimental (NNE)"},"content":{"rendered":"<p>[vc_row][vc_column][vc_column_text]<\/p>\n<div class=\"page-header\">\n<h1>Neurolog\u00eda y Neurobiolog\u00eda Experimental (NNE)<\/h1>\n<\/div>\n<div class=\"content\">\n<h4><b>Investigador responsable<\/b><\/h4>\n<table class=\"jefe\">\n<tbody>\n<tr>\n<td class=\"provisional\"><\/td>\n<td><strong><a href=\"https:\/\/portalciencia.ull.es\/investigadores\/81932\/detalle\" target=\"_blank\" rel=\"noopener\">Manuel Rodr\u00edguez D\u00edaz<\/a>, PhD<\/strong><\/p>\n<p>(Catedr\u00e1tico de Universidad; Departamento de Ciencias M\u00e9dicas B\u00e1sicas, ULL)<\/td>\n<\/tr>\n<\/tbody>\n<\/table>\n<p><b>Investigadores doctores<\/b><\/p>\n<ul>\n<li aria-level=\"1\"><span style=\"font-weight: 400;\"><a href=\"https:\/\/portalciencia.ull.es\/investigadores\/152384\/detalle\" target=\"_blank\" rel=\"noopener\" target=\"_blank\" rel=\"noopener\">Ingrid Morales P\u00e9rez<\/a>, PhD (Profesora Ayudante Doctora; Departamento de Ciencias M\u00e9dicas B\u00e1sicas, ULL)<\/span><\/li>\n<\/ul>\n<p><b>Investigadores colaboradores doctores<\/b><\/p>\n<ul>\n<li aria-level=\"1\"><span style=\"font-weight: 400;\"><a href=\"https:\/\/portalciencia.ull.es\/investigadores\/1244654\/detalle\" target=\"_blank\" rel=\"noopener\" target=\"_blank\" rel=\"noopener\">Ruth Rubio Amador<\/a>, PhD<\/span><\/li>\n<li aria-level=\"1\"><span style=\"font-weight: 400;\">Clara Rodr\u00edguez Sabat\u00e9, PhD<\/span><\/li>\n<li aria-level=\"1\"><span style=\"font-weight: 400;\">Alberto S\u00e1nchez Fern\u00e1ndez, PhD<\/span><\/li>\n<\/ul>\n<p><b>Estudiantes de doctorado e investigadores en formaci\u00f3n<\/b><\/p>\n<ul>\n<li style=\"font-weight: 400;\" aria-level=\"1\"><span style=\"font-weight: 400;\">Miguel Sabater Bell (Programa de Doctorado de Ciencias de la Salud, ULL)<\/span><\/li>\n<li style=\"font-weight: 400;\" aria-level=\"1\"><span style=\"font-weight: 400;\">Rafael Jes\u00fas Pinilla Zuleta (Programa de Doctorado de Ciencias de la Salud, ULL)<\/span><\/li>\n<\/ul>\n<p><b>L\u00edneas de investigaci\u00f3n<\/b><\/p>\n<ul>\n<li style=\"font-weight: 400;\" aria-level=\"1\"><span style=\"font-weight: 400;\">Papel de los astrocitos en la neurodegeneraci\u00f3n dopamin\u00e9rgica de la enfermedad de Parkinson<\/span><\/li>\n<li style=\"font-weight: 400;\" aria-level=\"1\"><span style=\"font-weight: 400;\">Implicaci\u00f3n de las mitocondrias en la neurodegeneraci\u00f3n dopamin\u00e9rgica de la enfermedad de Parkinson: nuevas estrategias terap\u00e9uticas.<\/span><\/li>\n<li style=\"font-weight: 400;\" aria-level=\"1\"><span style=\"font-weight: 400;\">El trasplante de astrocitos como terapia para la enfermedad de Parkinson.<\/span><\/li>\n<li style=\"font-weight: 400;\" aria-level=\"1\"><span style=\"font-weight: 400;\">El trasplante de c\u00e9lulas mesenquimales como terapia para la enfermedad de Parkinson.<\/span><\/li>\n<\/ul>\n<p><b>Proyectos financiados<\/b><\/p>\n<ul>\n<li style=\"font-weight: 400;\" aria-level=\"1\"><span style=\"font-weight: 400;\">Astrocitos en la enfermedad de Parkinson: una nueva oportunidad terap\u00e9utica (PI2021\/02). IP: Manuel Rodr\u00edguez D\u00edaz. Centro de Investigaci\u00f3n Biom\u00e9dica en Red de Enfermedades Neurodegenerativas, CIBERNED (2022-2023, 66.000 \u20ac)<\/span><\/li>\n<li style=\"font-weight: 400;\" aria-level=\"1\"><span style=\"font-weight: 400;\">Asesoramiento y Direcci\u00f3n Cient\u00edfica del Instituto DEGEN. IP: Manuel Rodr\u00edguez D\u00edaz. Fundaci\u00f3n Espa\u00f1ola de Ayuda a la Investigaci\u00f3n en Enfermedades Neurodegenerativas y\/o de Origen Gen\u00e9tico (2023, 20.000 \u20ac)<\/span><\/li>\n<\/ul>\n<p><b>Otras publicaciones representativas de los \u00faltimos a\u00f1os<\/b><\/p>\n<ul>\n<li style=\"font-weight: 400;\" aria-level=\"1\"><span style=\"font-weight: 400;\">Rodriguez-Sabate C, <\/span><b>Morales I, Rodriguez M<\/b><span style=\"font-weight: 400;\">. The Influence of Aging on the Functional Connectivity of the Human Basal Ganglia. <\/span><i><span style=\"font-weight: 400;\">Frontiers in Aging Neuroscience<\/span><\/i><span style=\"font-weight: 400;\">. 2022 Jan:13:785666. DOI: 10.3389\/fnagi.2021.785666<\/span><\/li>\n<li style=\"font-weight: 400;\" aria-level=\"1\"><b>Morales I<\/b><span style=\"font-weight: 400;\">, Puertas-Avenda\u00f1o R, Sanchez A, Perez-Barreto A, Rodriguez-Sabate C, <\/span><b>Rodriguez M<\/b><span style=\"font-weight: 400;\">. Astrocytes and retrograde degeneration of nigrostriatal dopaminergic neurons in Parkinson\u2019s disease: removing axonal debris. <\/span><i><span style=\"font-weight: 400;\">Translational Neurodegeneration<\/span><\/i><span style=\"font-weight: 400;\">. 2021 Nov 2;10(1):43. DOI: 10.1186\/s40035-021-00262-1<\/span><\/li>\n<li style=\"font-weight: 400;\" aria-level=\"1\"><b>Morales I<\/b><span style=\"font-weight: 400;\">, Sanchez A, Puertas-Avenda\u00f1o R, Rodriguez-Sabate C, Perez-Barreto A, <\/span><b>Rodriguez M<\/b><span style=\"font-weight: 400;\">. Neuroglial transmitophagy and Parkinson\u2019s disease. <\/span><i><span style=\"font-weight: 400;\">GLIA<\/span><\/i><span style=\"font-weight: 400;\">. 2020 Nov;68(11):2277-2299. DOI: 10.1002\/glia.23839<\/span><\/li>\n<li style=\"font-weight: 400;\" aria-level=\"1\"><span style=\"font-weight: 400;\">Rodriguez-Sabate C, <\/span><b>Morales I<\/b><span style=\"font-weight: 400;\">, Monton F, <\/span><b>Rodriguez M<\/b><span style=\"font-weight: 400;\">. The influence of Parkinson\u2019s disease on the functional connectivity of the motor loop of human basal ganglia. <\/span><i><span style=\"font-weight: 400;\">Parkinsonism and Related Disorders<\/span><\/i><span style=\"font-weight: 400;\">. 2019 Jun:63:100-105. DOI: 10.1016\/j.parkreldis.2019.02.031<\/span><\/li>\n<li style=\"font-weight: 400;\" aria-level=\"1\"><b>Morales I<\/b><span style=\"font-weight: 400;\">, Sanchez A, Rodriguez-Sabate C, <\/span><b>Rodriguez M<\/b><span style=\"font-weight: 400;\">. Striatal astrocytes engulf dopaminergic debris in Parkinson\u2019s disease: A study in an animal model. <\/span><i><span style=\"font-weight: 400;\">PLoS ONE<\/span><\/i><span style=\"font-weight: 400;\">. 2017 Oct 13;12(10):e0185989. DOI: 10.1371\/journal.pone.0185989<\/span><\/li>\n<\/ul>\n<\/div>\n<p>[\/vc_column_text][\/vc_column][\/vc_row]<\/p>\n","protected":false},"excerpt":{"rendered":"<p>[vc_row][vc_column][vc_column_text] Neurolog\u00eda y Neurobiolog\u00eda Experimental (NNE) Investigador responsable Manuel Rodr\u00edguez D\u00edaz, PhD (Catedr\u00e1tico de Universidad; Departamento de Ciencias M\u00e9dicas B\u00e1sicas, ULL) Investigadores doctores Ingrid Morales P\u00e9rez, PhD (Profesora Ayudante Doctora; Departamento de Ciencias M\u00e9dicas B\u00e1sicas, ULL) Investigadores colaboradores doctores Ruth Rubio Amador, PhD Clara Rodr\u00edguez Sabat\u00e9, PhD Alberto S\u00e1nchez Fern\u00e1ndez, PhD Estudiantes de doctorado e&#8230;<\/p>\n","protected":false},"author":6,"featured_media":0,"parent":0,"menu_order":0,"comment_status":"closed","ping_status":"closed","template":"","meta":[],"_links":{"self":[{"href":"https:\/\/www.ull.es\/institutos\/instituto-tecnologias-biomedicas\/wp-json\/wp\/v2\/pages\/672"}],"collection":[{"href":"https:\/\/www.ull.es\/institutos\/instituto-tecnologias-biomedicas\/wp-json\/wp\/v2\/pages"}],"about":[{"href":"https:\/\/www.ull.es\/institutos\/instituto-tecnologias-biomedicas\/wp-json\/wp\/v2\/types\/page"}],"author":[{"embeddable":true,"href":"https:\/\/www.ull.es\/institutos\/instituto-tecnologias-biomedicas\/wp-json\/wp\/v2\/users\/6"}],"replies":[{"embeddable":true,"href":"https:\/\/www.ull.es\/institutos\/instituto-tecnologias-biomedicas\/wp-json\/wp\/v2\/comments?post=672"}],"version-history":[{"count":2,"href":"https:\/\/www.ull.es\/institutos\/instituto-tecnologias-biomedicas\/wp-json\/wp\/v2\/pages\/672\/revisions"}],"predecessor-version":[{"id":675,"href":"https:\/\/www.ull.es\/institutos\/instituto-tecnologias-biomedicas\/wp-json\/wp\/v2\/pages\/672\/revisions\/675"}],"wp:attachment":[{"href":"https:\/\/www.ull.es\/institutos\/instituto-tecnologias-biomedicas\/wp-json\/wp\/v2\/media?parent=672"}],"curies":[{"name":"wp","href":"https:\/\/api.w.org\/{rel}","templated":true}]}}