{"id":84,"date":"2020-11-27T13:41:58","date_gmt":"2020-11-27T13:41:58","guid":{"rendered":"http:\/\/www.ull.es\/institutos\/instituto-tecnologias-biomedicas\/?page_id=84"},"modified":"2022-06-06T11:34:52","modified_gmt":"2022-06-06T11:34:52","slug":"comite-cientifico-asesor","status":"publish","type":"page","link":"https:\/\/www.ull.es\/institutos\/instituto-tecnologias-biomedicas\/comite-cientifico-asesor\/","title":{"rendered":"Comit\u00e9 cient\u00edfico asesor"},"content":{"rendered":"<p>[vc_row full_width=\u00bbstretch_row_content\u00bb el_class=\u00bbprincipio-marcha\u00bb][vc_column css=\u00bb.vc_custom_1588939369209{padding-top: 40px !important;}\u00bb][vc_custom_heading text=\u00bbComit\u00e9 cient\u00edfico asesor\u00bb font_container=\u00bbtag:h2|text_align:center|color:%23ffffff\u00bb use_theme_fonts=\u00bbyes\u00bb css_animation=\u00bbfadeInDownBig\u00bb][\/vc_column][\/vc_row][vc_row full_width=\u00bbstretch_row_content\u00bb equal_height=\u00bbyes\u00bb][vc_column width=\u00bb1\/2&#8243; css=\u00bb.vc_custom_1588936329456{padding-top: 5% !important;padding-right: 10% !important;padding-bottom: 5% !important;padding-left: 10% !important;background-color: #f2f2f2 !important;}\u00bb][vc_column_text]<span style=\"font-weight: 400;\">De acuerdo con el actual reglamento de r\u00e9gimen interno, el Comit\u00e9 Cient\u00edfico Asesor\u00a0 (CCA) est\u00e1 formado por, al menos, tres cient\u00edficos o cient\u00edficas de reconocido prestigio\u00a0 internacional en el \u00e1mbito de la Biomedicina, que no mantengan relaci\u00f3n directa con\u00a0 la ULL ni otros centros de ense\u00f1anza superior o investigaci\u00f3n de Canarias. Renovado a\u00a0 finales de 2018, el actual CCA est\u00e1 formado por los\/las siguientes investigadores\/as:\u00a0<\/span><\/p>\n<ul>\n<li><span style=\"font-weight: 400;\">Manuel Carreiras Vali\u00f1a (Director del Centro Vasco de Cognici\u00f3n, Cerebro y\u00a0 Lenguaje, San Sebasti\u00e1n)\u00a0<\/span><\/li>\n<li><span style=\"font-weight: 400;\">Brian Harvey (Profesor Em\u00e9rito del Departamento de Medicina Molecular, Royal\u00a0 College of Surgeons in Ireland, Dubl\u00edn, Irlanda)\u00a0<\/span><\/li>\n<li><span style=\"font-weight: 400;\">Mads Hornum (Profesor e Investigador Cl\u00ednico de Nefrolog\u00eda, Universidad de\u00a0 Copenague, Dinamarca)\u00a0<\/span><\/li>\n<li><span style=\"font-weight: 400;\">Juan Carlos Izpis\u00faa Belmonte (Profesor en el Instituto Salk de Estudios Biol\u00f3gicos,\u00a0 La Jolla, California, EE.UU.)\u00a0<\/span><\/li>\n<li><span style=\"font-weight: 400;\">Mar\u00eda Isabel Loza Garc\u00eda (Catedr\u00e1tica de Tecnolog\u00eda Farmac\u00e9utica, Universidad de\u00a0 Santiago de Compostela)\u00a0<\/span><\/li>\n<li><span style=\"font-weight: 400;\">Elisa Mart\u00ed Gorostiza (Profesora de Investigaci\u00f3n en el Instituto de Biolog\u00eda\u00a0 Molecular de Barcelona, CSIC, Barcelona)\u00a0<\/span><\/li>\n<\/ul>\n<p><span style=\"font-weight: 400;\">Este comit\u00e9 realiz\u00f3 su \u00faltima evaluaci\u00f3n del instituto en octubre de 2019, resaltando\u00a0 los logros obtenidos por el ITB en los \u00faltimos a\u00f1os, con especial menci\u00f3n al desarrollo\u00a0 de nuevas interacciones entre grupos b\u00e1sicos y cl\u00ednicos y los \u00e9xitos del Instituto en la\u00a0 atracci\u00f3n de financiaci\u00f3n y colaboraciones internacionales.\u00a0<\/span>[\/vc_column_text][\/vc_column][vc_column width=\u00bb1\/2&#8243; css=\u00bb.vc_custom_1606484498578{background: #e5e5e5 url(http:\/\/www.ull.es\/institutos\/instituto-tecnologias-biomedicas\/wp-content\/uploads\/sites\/15\/2020\/11\/comite-cientifico.jpg?id=85) !important;background-position: center !important;background-repeat: no-repeat !important;background-size: cover !important;}\u00bb][vc_empty_space height=\u00bb500px\u00bb][\/vc_column][\/vc_row]<\/p>\n","protected":false},"excerpt":{"rendered":"<p>[vc_row full_width=\u00bbstretch_row_content\u00bb el_class=\u00bbprincipio-marcha\u00bb][vc_column css=\u00bb.vc_custom_1588939369209{padding-top: 40px !important;}\u00bb][vc_custom_heading text=\u00bbComit\u00e9 cient\u00edfico asesor\u00bb font_container=\u00bbtag:h2|text_align:center|color:%23ffffff\u00bb use_theme_fonts=\u00bbyes\u00bb css_animation=\u00bbfadeInDownBig\u00bb][\/vc_column][\/vc_row][vc_row full_width=\u00bbstretch_row_content\u00bb equal_height=\u00bbyes\u00bb][vc_column width=\u00bb1\/2&#8243; css=\u00bb.vc_custom_1588936329456{padding-top: 5% !important;padding-right: 10% !important;padding-bottom: 5% !important;padding-left: 10% !important;background-color: #f2f2f2 !important;}\u00bb][vc_column_text]De acuerdo con el actual reglamento de r\u00e9gimen interno, el Comit\u00e9 Cient\u00edfico Asesor\u00a0 (CCA) est\u00e1 formado por, al menos, tres cient\u00edficos o cient\u00edficas de reconocido prestigio\u00a0 internacional en el \u00e1mbito&#8230;<\/p>\n","protected":false},"author":2,"featured_media":0,"parent":0,"menu_order":0,"comment_status":"closed","ping_status":"closed","template":"templates\/template-no-title.php","meta":[],"_links":{"self":[{"href":"https:\/\/www.ull.es\/institutos\/instituto-tecnologias-biomedicas\/wp-json\/wp\/v2\/pages\/84"}],"collection":[{"href":"https:\/\/www.ull.es\/institutos\/instituto-tecnologias-biomedicas\/wp-json\/wp\/v2\/pages"}],"about":[{"href":"https:\/\/www.ull.es\/institutos\/instituto-tecnologias-biomedicas\/wp-json\/wp\/v2\/types\/page"}],"author":[{"embeddable":true,"href":"https:\/\/www.ull.es\/institutos\/instituto-tecnologias-biomedicas\/wp-json\/wp\/v2\/users\/2"}],"replies":[{"embeddable":true,"href":"https:\/\/www.ull.es\/institutos\/instituto-tecnologias-biomedicas\/wp-json\/wp\/v2\/comments?post=84"}],"version-history":[{"count":2,"href":"https:\/\/www.ull.es\/institutos\/instituto-tecnologias-biomedicas\/wp-json\/wp\/v2\/pages\/84\/revisions"}],"predecessor-version":[{"id":478,"href":"https:\/\/www.ull.es\/institutos\/instituto-tecnologias-biomedicas\/wp-json\/wp\/v2\/pages\/84\/revisions\/478"}],"wp:attachment":[{"href":"https:\/\/www.ull.es\/institutos\/instituto-tecnologias-biomedicas\/wp-json\/wp\/v2\/media?parent=84"}],"curies":[{"name":"wp","href":"https:\/\/api.w.org\/{rel}","templated":true}]}}