{"id":88,"date":"2020-11-27T13:50:03","date_gmt":"2020-11-27T13:50:03","guid":{"rendered":"http:\/\/www.ull.es\/institutos\/instituto-tecnologias-biomedicas\/?page_id=88"},"modified":"2021-07-16T13:05:07","modified_gmt":"2021-07-16T13:05:07","slug":"evaluaciones-externas","status":"publish","type":"page","link":"https:\/\/www.ull.es\/institutos\/instituto-tecnologias-biomedicas\/evaluaciones-externas\/","title":{"rendered":"Evaluaciones externas"},"content":{"rendered":"<p>[vc_row full_width=\u00bbstretch_row_content\u00bb el_class=\u00bbprincipio-marcha\u00bb][vc_column css=\u00bb.vc_custom_1588939369209{padding-top: 40px !important;}\u00bb][vc_custom_heading text=\u00bbEvaluaciones externas\u00bb font_container=\u00bbtag:h2|text_align:center|color:%23ffffff\u00bb use_theme_fonts=\u00bbyes\u00bb css_animation=\u00bbfadeInDownBig\u00bb][\/vc_column][\/vc_row][vc_row full_width=\u00bbstretch_row_content\u00bb equal_height=\u00bbyes\u00bb][vc_column css=\u00bb.vc_custom_1588945461556{background-color: #f2f2f2 !important;}\u00bb][vc_tta_accordion active_section=\u00bb0&#8243; css_animation=\u00bbfadeInDown\u00bb collapsible_all=\u00bbtrue\u00bb][vc_tta_section title=\u00bbEvaluaci\u00f3n externa del proyecto Imbrain (2016)\u00bb tab_id=\u00bbEvaluacion-externa-del-proyecto-Imbraim\u00bb][vc_empty_space height=\u00bb20px\u00bb][vc_column_text css=\u00bb.vc_custom_1618922203173{padding-right: 3% !important;padding-left: 3% !important;}\u00bb]<\/p>\n<ul>\n<li><strong>I<\/strong><strong>nforme<\/strong>\u00a0<strong>de<\/strong>\u00a0<strong>evaluaci\u00f3n<\/strong>\u00a0<strong>externa<\/strong>\u00a0<strong>elaborado<\/strong>\u00a0<strong>por<\/strong>\u00a0<strong>la<\/strong>\u00a0<strong>comisi\u00f3n<\/strong>\u00a0<strong>evaluadora<\/strong>\u00a0<strong>designada<\/strong>\u00a0<strong>por<\/strong>\u00a0<strong>la<\/strong>\u00a0<strong>Comisi\u00f3n<\/strong>\u00a0<strong>Europea<\/strong>\u00a0<strong>tras<\/strong>\u00a0<strong>la<\/strong>\u00a0<strong>finalizaci\u00f3n<\/strong>\u00a0<strong>del<\/strong>\u00a0<strong>proyecto<\/strong>De acuerdo con la normativa de la convocatoria, los proyectos del programa REGPOT de la Comisi\u00f3n Europea (CE) ten\u00edan la opci\u00f3n de someterse a una evaluaci\u00f3n independiente de la calidad y capacidad investigadora global, por un comit\u00e9 de expertos internacionales designado por la CE.Tal como se indicaba en la convocatoria (European Commission C-2011-5023),\u00a0<em>\u201clos<\/em>\u00a0<em>resultados<\/em>\u00a0<em>de<\/em>\u00a0<em>esta<\/em>\u00a0<em>evaluaci\u00f3n<\/em>\u00a0<em>deber\u00e1n<\/em>\u00a0<em>ser<\/em>\u00a0<em>discutidos<\/em>\u00a0<em>conjuntamente<\/em>\u00a0<em>con<\/em>\u00a0<em>los<\/em>\u00a0<em>representantes<\/em>\u00a0<em>de<\/em>\u00a0<em>las<\/em>\u00a0<em>agencias<\/em>\u00a0<em>nacionales<\/em>\u00a0<em>y<\/em>\u00a0<em>autoridades<\/em>\u00a0<em>r<\/em><em>egionales<\/em>\u00a0<em>para<\/em>\u00a0<em>determinar<\/em>\u00a0<em>las<\/em>\u00a0<em>v\u00edas<\/em>\u00a0<em>y<\/em>\u00a0<em>m\u00e9todos<\/em>\u00a0<em>m\u00e1s<\/em>\u00a0<em>apropiados<\/em>\u00a0<em>para<\/em>\u00a0<em>preservar<\/em>\u00a0<em>la<\/em>\u00a0<em>\u2018excelencia\u2019<\/em>\u00a0<em>de<\/em>\u00a0<em>la<\/em>\u00a0<em>instituci\u00f3n<\/em>\u00a0<em>beneficiaria<\/em>\u00a0<em>y<\/em>\u00a0<em>explorar<\/em>\u00a0<em>su<\/em>\u00a0<em>contribuci\u00f3n<\/em>\u00a0<em>al<\/em>\u00a0<em>desarrollo<\/em>\u00a0<em>sostenible<\/em>\u00a0<em>regional<\/em>\u00a0<em>y<\/em>\u00a0<em>E<\/em><em>uropeo\u201d<\/em>. La evaluaci\u00f3n utilizar\u00e1 los medios apropiados de la instituci\u00f3n beneficiaria, con el fin de facilitar las actividades de los expertos. Ello incluir\u00e1: (i) Mobilizaci\u00f3n de los medios y recursos humanos disponibles; (ii) Organizaci\u00f3n de las visitas del comit\u00e9 evaluador; (iii) Organizaci\u00f3n de las reuniones propuestas por los evaluadores con los miembros del comit\u00e9 directivo del proyecto y del comit\u00e9 asesor externo del mismo; y (iv) Recepci\u00f3n de los resultados y presentaci\u00f3n a los principales agentes interesados a nivel regional y nacional.Tras las actividades desarrolladas por el comit\u00e9 evaluador entre los meses de marzo y mayo de 2016, durante los d\u00edas 16 y 17 de mayo los resultados de la evaluaci\u00f3n se discutieron con los diferentes agentes acad\u00e9micos y sociales, present\u00e1ndose un resumen del informe final y las recomendaciones del comit\u00e9 evaluador.\n<ul>\n<li>Para descargar el<strong>\u00a0<a href=\"http:\/\/www.ull.es\/institutos\/instituto-tecnologias-biomedicas\/wp-content\/uploads\/sites\/15\/2021\/03\/2016-evaluacion-inbrain_compressed.pdf\" target=\"_blank\" rel=\"noopener noreferrer\" target=\"_blank\" rel=\"noopener\">informe completo<\/a>,\u00a0<\/strong>pulse en <a href=\"http:\/\/www.ull.es\/institutos\/instituto-tecnologias-biomedicas\/wp-content\/uploads\/sites\/15\/2021\/03\/2016-evaluacion-inbrain_compressed.pdf\" target=\"_blank\" rel=\"noopener noreferrer\" target=\"_blank\" rel=\"noopener\">este enlace.<\/a><\/li>\n<\/ul>\n<\/li>\n<\/ul>\n<p>[\/vc_column_text][vc_empty_space height=\u00bb20px\u00bb][\/vc_tta_section][vc_tta_section title=\u00bbScientific advisory board report 2019&#8243; tab_id=\u00bbScientific-advisory-board-report-2019&#8243;][vc_column_text css=\u00bb.vc_custom_1618922230991{padding-right: 3% !important;padding-left: 3% !important;}\u00bb]<\/p>\n<ul>\n<li><strong>Executive Summary<\/strong>The Scientific Advisory Board (SAB) conducted a comprehensive site visit of the ITB on November 29-31, 2019. During the visit, the SAB attended scientific presentations by the Program leaders and selected Group Leaders and visited the ITB facilities. In addition, the SAB met with postdoctoral and predoctoral researchers. Furthermore, the SAB carried out a closed evaluation session and a final executive session to present recommendations to the ITB Director, Professor Tom\u00e1s Gonz\u00e1lez Hern\u00e1ndez and discuss future plans for the ITB. The SAB was impressed by the ITB\u2019s accomplishments over the past several years. In particular, by the creation of a biomedical research community with local medical practitioners, and the ITB\u2019s success in securing supporting grants and international cooperation.\n<ul>\n<li>Para descargar el<strong>\u00a0<a href=\"http:\/\/www.ull.es\/institutos\/instituto-tecnologias-biomedicas\/wp-content\/uploads\/sites\/15\/2021\/03\/2019-evaluacion-advisory-board_compressed.pdf\" target=\"_blank\" rel=\"noopener noreferrer\" target=\"_blank\" rel=\"noopener\">informe completo<\/a>,\u00a0<\/strong>pulse en <a href=\"http:\/\/www.ull.es\/institutos\/instituto-tecnologias-biomedicas\/wp-content\/uploads\/sites\/15\/2021\/03\/2019-evaluacion-advisory-board_compressed.pdf\" target=\"_blank\" rel=\"noopener noreferrer\" target=\"_blank\" rel=\"noopener\">este enlace.<\/a><\/li>\n<\/ul>\n<\/li>\n<\/ul>\n<p>[\/vc_column_text][vc_empty_space height=\u00bb20px\u00bb][\/vc_tta_section][\/vc_tta_accordion][vc_empty_space height=\u00bb120px\u00bb][\/vc_column][\/vc_row]<\/p>\n","protected":false},"excerpt":{"rendered":"<p>[vc_row full_width=\u00bbstretch_row_content\u00bb el_class=\u00bbprincipio-marcha\u00bb][vc_column css=\u00bb.vc_custom_1588939369209{padding-top: 40px !important;}\u00bb][vc_custom_heading text=\u00bbEvaluaciones externas\u00bb font_container=\u00bbtag:h2|text_align:center|color:%23ffffff\u00bb use_theme_fonts=\u00bbyes\u00bb css_animation=\u00bbfadeInDownBig\u00bb][\/vc_column][\/vc_row][vc_row full_width=\u00bbstretch_row_content\u00bb equal_height=\u00bbyes\u00bb][vc_column css=\u00bb.vc_custom_1588945461556{background-color: #f2f2f2 !important;}\u00bb][vc_tta_accordion active_section=\u00bb0&#8243; css_animation=\u00bbfadeInDown\u00bb collapsible_all=\u00bbtrue\u00bb][vc_tta_section title=\u00bbEvaluaci\u00f3n externa del proyecto Imbrain (2016)\u00bb tab_id=\u00bbEvaluacion-externa-del-proyecto-Imbraim\u00bb][vc_empty_space height=\u00bb20px\u00bb][vc_column_text css=\u00bb.vc_custom_1618922203173{padding-right: 3% !important;padding-left: 3% !important;}\u00bb] Informe\u00a0de\u00a0evaluaci\u00f3n\u00a0externa\u00a0elaborado\u00a0por\u00a0la\u00a0comisi\u00f3n\u00a0evaluadora\u00a0designada\u00a0por\u00a0la\u00a0Comisi\u00f3n\u00a0Europea\u00a0tras\u00a0la\u00a0finalizaci\u00f3n\u00a0del\u00a0proyectoDe acuerdo con la normativa de la convocatoria, los proyectos del programa REGPOT de la Comisi\u00f3n Europea (CE) ten\u00edan la opci\u00f3n de someterse&#8230;<\/p>\n","protected":false},"author":2,"featured_media":0,"parent":0,"menu_order":0,"comment_status":"closed","ping_status":"closed","template":"templates\/template-no-title.php","meta":[],"_links":{"self":[{"href":"https:\/\/www.ull.es\/institutos\/instituto-tecnologias-biomedicas\/wp-json\/wp\/v2\/pages\/88"}],"collection":[{"href":"https:\/\/www.ull.es\/institutos\/instituto-tecnologias-biomedicas\/wp-json\/wp\/v2\/pages"}],"about":[{"href":"https:\/\/www.ull.es\/institutos\/instituto-tecnologias-biomedicas\/wp-json\/wp\/v2\/types\/page"}],"author":[{"embeddable":true,"href":"https:\/\/www.ull.es\/institutos\/instituto-tecnologias-biomedicas\/wp-json\/wp\/v2\/users\/2"}],"replies":[{"embeddable":true,"href":"https:\/\/www.ull.es\/institutos\/instituto-tecnologias-biomedicas\/wp-json\/wp\/v2\/comments?post=88"}],"version-history":[{"count":7,"href":"https:\/\/www.ull.es\/institutos\/instituto-tecnologias-biomedicas\/wp-json\/wp\/v2\/pages\/88\/revisions"}],"predecessor-version":[{"id":362,"href":"https:\/\/www.ull.es\/institutos\/instituto-tecnologias-biomedicas\/wp-json\/wp\/v2\/pages\/88\/revisions\/362"}],"wp:attachment":[{"href":"https:\/\/www.ull.es\/institutos\/instituto-tecnologias-biomedicas\/wp-json\/wp\/v2\/media?parent=88"}],"curies":[{"name":"wp","href":"https:\/\/api.w.org\/{rel}","templated":true}]}}