{"id":92,"date":"2020-11-27T13:53:06","date_gmt":"2020-11-27T13:53:06","guid":{"rendered":"http:\/\/www.ull.es\/institutos\/instituto-tecnologias-biomedicas\/?page_id=92"},"modified":"2024-09-11T08:43:02","modified_gmt":"2024-09-11T08:43:02","slug":"planificacion-estrategica","status":"publish","type":"page","link":"https:\/\/www.ull.es\/institutos\/instituto-tecnologias-biomedicas\/planificacion-estrategica\/","title":{"rendered":"Planificaci\u00f3n estrat\u00e9gica"},"content":{"rendered":"<p>[vc_row full_width=\u00bbstretch_row_content\u00bb el_class=\u00bbprincipio-marcha\u00bb][vc_column css=\u00bb.vc_custom_1588939369209{padding-top: 40px !important;}\u00bb][vc_custom_heading text=\u00bbPlanificaci\u00f3n estrat\u00e9gica\u00bb font_container=\u00bbtag:h2|text_align:center|color:%23ffffff\u00bb use_theme_fonts=\u00bbyes\u00bb css_animation=\u00bbfadeInDownBig\u00bb][\/vc_column][\/vc_row][vc_row full_width=\u00bbstretch_row_content\u00bb equal_height=\u00bbyes\u00bb][vc_column width=\u00bb1\/2&#8243; css=\u00bb.vc_custom_1588936329456{padding-top: 5% !important;padding-right: 10% !important;padding-bottom: 5% !important;padding-left: 10% !important;background-color: #f2f2f2 !important;}\u00bb][vc_column_text]<span style=\"font-weight: 400;\">Tras la evaluaci\u00f3n del comit\u00e9 cient\u00edfico asesor en octubre de 2019, y siguiendo las\u00a0 recomendaciones para la planificaci\u00f3n estrat\u00e9gica del instituto, unido a los an\u00e1lisis\u00a0 previos llevados a cabo por el equipo de direcci\u00f3n, se formularon los siguientes\u00a0 objetivos a corto y medio plazo:\u00a0\u00a0<\/span><\/p>\n<ul>\n<li><span style=\"font-weight: 400;\">Puesta en marcha de las instalaciones del nuevo edificio (zonas de gestion,\u00a0 laboratorios de servicios comunes y animalario), estando las zonas de gesti\u00f3n\u00a0 operativas desde diciembre de 2020 y con previsi\u00f3n para instalaci\u00f3n del\u00a0 mobiliario de laboratorio en el primer trimestre de 2022. El ITB ha competido <\/span>en convocatorias de infraestructura cient\u00edfica regionales y nacionales para la\u00a0 dotaci\u00f3n que permita la puesta en marcha de la zona de animalario,\u00a0 obteniendo financiaci\u00f3n por parte de la Agencia Canaria de Investigaci\u00f3n,\u00a0 Innovaci\u00f3n y Sociedad de la Informaci\u00f3n (ACIISI, Gobierno de Canarias).<\/li>\n<\/ul>\n<ul>\n<li><span style=\"font-weight: 400;\">Reevaluaci\u00f3n de la estructura de programas de investigaci\u00f3n del ITB para\u00a0 adecuarlos a la situaci\u00f3n actual del Instituto y promover la sinergia entre\u00a0 grupos de investigaci\u00f3n. En este sentido, se ha propuesto la eliminaci\u00f3n del\u00a0 programa \u201cDesarrollo de f\u00e1rmacos e identificaci\u00f3n de dianas terap\u00e9uticas\u201d,\u00a0 organiz\u00e1ndose en tres grandes programas de investigaci\u00f3n: 1) Enfermedades\u00a0 de base gen\u00e9tica y raras; 2) Enfermedades cr\u00f3nicas relacionadas con el\u00a0 envejecimiento; 3) Neurobiolog\u00eda y enfermedades del Sistema Nervioso.\u00a0<\/span><\/li>\n<li><span style=\"font-weight: 400;\">Mantenimiento de los requisitos para acceder y permanecer en la categor\u00eda de\u00a0 investigador principal e implementar medidas para el reclutamiento de nuevos\u00a0 l\u00edderes de grupo.\u00a0<\/span><\/li>\n<\/ul>\n<p>[\/vc_column_text][\/vc_column][vc_column width=\u00bb1\/2&#8243; css=\u00bb.vc_custom_1606910944622{background: #e5e5e5 url(http:\/\/www.ull.es\/institutos\/instituto-tecnologias-biomedicas\/wp-content\/uploads\/sites\/15\/2020\/11\/planificacion.jpg?id=93) !important;background-position: center !important;background-repeat: no-repeat !important;background-size: cover !important;}\u00bb][vc_empty_space height=\u00bb500px\u00bb][\/vc_column][\/vc_row][vc_row full_width=\u00bbstretch_row_content\u00bb equal_height=\u00bbyes\u00bb][vc_column width=\u00bb1\/2&#8243; css=\u00bb.vc_custom_1606911256260{background: #e5e5e5 url(http:\/\/www.ull.es\/institutos\/instituto-tecnologias-biomedicas\/wp-content\/uploads\/sites\/15\/2020\/12\/PLANIFICACION.jpg?id=204) !important;background-position: center !important;background-repeat: no-repeat !important;background-size: cover !important;}\u00bb][vc_empty_space height=\u00bb500px\u00bb][\/vc_column][vc_column width=\u00bb1\/2&#8243;][vc_empty_space][vc_column_text]<\/p>\n<div class=\"content\">\n<ul>\n<li>Apoyo a las solicitudes de financiaci\u00f3n de cada grupo y coordinaci\u00f3n de solicitudes que promuevan las acciones y servicios del Instituto, incluyendo solicitudes de infraestructura o de acreditaci\u00f3n como estructura de excelencia.<\/li>\n<li>Promoci\u00f3n de la investigaci\u00f3n traslacional basada en sinergias entre grupos b\u00e1sicos y cl\u00ednicos y en la relaci\u00f3n con empresas de base tecnol\u00f3gica.<\/li>\n<li>Refuerzo de las colaboraciones nacionales e internacionales mediante la colaboraci\u00f3n en la organizaci\u00f3n de visitas y seminarios de investigadores de otros centros.<\/li>\n<li>Participaci\u00f3n activa en la formaci\u00f3n de investigadores mediante apoyo a los programas de M\u00e1ster en Biomedicina y Doctorado en Ciencias de la Salud de la ULL, promoci\u00f3n de las interacciones entre estudiantes de doctorado e investigadores post-doctorales del ITB mediante sesiones cient\u00edficas conjuntas y establecimiento de mecanismos de apoyo al reclutamiento y desarrollo cient\u00edfico de los mismos.<\/li>\n<li>Fomento de la difusi\u00f3n del conocimiento en biomedicina y salud mediante la organizaci\u00f3n de eventos locales de divulgaci\u00f3n e interacci\u00f3n con asociaciones de pacientes.<\/li>\n<li>Potenciaci\u00f3n de las interacciones con la Fundaci\u00f3n Bioavance del Cabildo de Tenerife para la consecuci\u00f3n de los objetivos anteriores.<\/li>\n<\/ul>\n<\/div>\n<div class=\"foot_content\"><\/div>\n<p>[\/vc_column_text][vc_empty_space][\/vc_column][\/vc_row]<\/p>\n","protected":false},"excerpt":{"rendered":"<p>[vc_row full_width=\u00bbstretch_row_content\u00bb el_class=\u00bbprincipio-marcha\u00bb][vc_column css=\u00bb.vc_custom_1588939369209{padding-top: 40px !important;}\u00bb][vc_custom_heading text=\u00bbPlanificaci\u00f3n estrat\u00e9gica\u00bb font_container=\u00bbtag:h2|text_align:center|color:%23ffffff\u00bb use_theme_fonts=\u00bbyes\u00bb css_animation=\u00bbfadeInDownBig\u00bb][\/vc_column][\/vc_row][vc_row full_width=\u00bbstretch_row_content\u00bb equal_height=\u00bbyes\u00bb][vc_column width=\u00bb1\/2&#8243; css=\u00bb.vc_custom_1588936329456{padding-top: 5% !important;padding-right: 10% !important;padding-bottom: 5% !important;padding-left: 10% !important;background-color: #f2f2f2 !important;}\u00bb][vc_column_text]Tras la evaluaci\u00f3n del comit\u00e9 cient\u00edfico asesor en octubre de 2019, y siguiendo las\u00a0 recomendaciones para la planificaci\u00f3n estrat\u00e9gica del instituto, unido a los an\u00e1lisis\u00a0 previos llevados a cabo por el&#8230;<\/p>\n","protected":false},"author":2,"featured_media":0,"parent":0,"menu_order":0,"comment_status":"closed","ping_status":"closed","template":"templates\/template-no-title.php","meta":[],"_links":{"self":[{"href":"https:\/\/www.ull.es\/institutos\/instituto-tecnologias-biomedicas\/wp-json\/wp\/v2\/pages\/92"}],"collection":[{"href":"https:\/\/www.ull.es\/institutos\/instituto-tecnologias-biomedicas\/wp-json\/wp\/v2\/pages"}],"about":[{"href":"https:\/\/www.ull.es\/institutos\/instituto-tecnologias-biomedicas\/wp-json\/wp\/v2\/types\/page"}],"author":[{"embeddable":true,"href":"https:\/\/www.ull.es\/institutos\/instituto-tecnologias-biomedicas\/wp-json\/wp\/v2\/users\/2"}],"replies":[{"embeddable":true,"href":"https:\/\/www.ull.es\/institutos\/instituto-tecnologias-biomedicas\/wp-json\/wp\/v2\/comments?post=92"}],"version-history":[{"count":13,"href":"https:\/\/www.ull.es\/institutos\/instituto-tecnologias-biomedicas\/wp-json\/wp\/v2\/pages\/92\/revisions"}],"predecessor-version":[{"id":584,"href":"https:\/\/www.ull.es\/institutos\/instituto-tecnologias-biomedicas\/wp-json\/wp\/v2\/pages\/92\/revisions\/584"}],"wp:attachment":[{"href":"https:\/\/www.ull.es\/institutos\/instituto-tecnologias-biomedicas\/wp-json\/wp\/v2\/media?parent=92"}],"curies":[{"name":"wp","href":"https:\/\/api.w.org\/{rel}","templated":true}]}}