{"id":98,"date":"2020-11-30T09:39:31","date_gmt":"2020-11-30T09:39:31","guid":{"rendered":"http:\/\/www.ull.es\/institutos\/instituto-tecnologias-biomedicas\/?page_id=98"},"modified":"2024-09-18T08:44:42","modified_gmt":"2024-09-18T08:44:42","slug":"equipamiento-e-instalaciones","status":"publish","type":"page","link":"https:\/\/www.ull.es\/institutos\/instituto-tecnologias-biomedicas\/equipamiento-e-instalaciones\/","title":{"rendered":"Equipamiento e instalaciones"},"content":{"rendered":"<p>[vc_row full_width=\u00bbstretch_row_content\u00bb el_class=\u00bbprincipio-marcha\u00bb][vc_column css=\u00bb.vc_custom_1588939369209{padding-top: 40px !important;}\u00bb][vc_custom_heading text=\u00bbEquipamiento e instalaciones\u00bb font_container=\u00bbtag:h2|text_align:center|color:%23ffffff\u00bb use_theme_fonts=\u00bbyes\u00bb css_animation=\u00bbfadeInDownBig\u00bb][\/vc_column][\/vc_row][vc_row full_width=\u00bbstretch_row_content\u00bb equal_height=\u00bbyes\u00bb][vc_column width=\u00bb1\/2&#8243; css=\u00bb.vc_custom_1588936329456{padding-top: 5% !important;padding-right: 10% !important;padding-bottom: 5% !important;padding-left: 10% !important;background-color: #f2f2f2 !important;}\u00bb][vc_column_text]<span style=\"font-weight: 400;\">Una vez finalizada la construcci\u00f3n de las instalaciones de la primera fase del edificio sede del ITB, a finales de 2021 se ha procedido a la adquisici\u00f3n e instalaci\u00f3n del mobiliario de laboratorio, junto con el traslado de los grandes equipos que se encontraban ubicados en los laboratorios de diferentes departamentos. El nuevo edificio, ubicado en el Campus de Ciencias de la Salud y en la proximidad del Complejo Hospital Universitario de Canarias, dispone de unos 4.000 m2 y est\u00e1 formado por tres plantas: (i) un animalario avanzado para roedores y otros animales de peque\u00f1o tama\u00f1o, especialmente dise\u00f1ado para generaci\u00f3n y mantenimiento de animales mutados gen\u00e9ticamente; (ii) una planta donde se ubican espacios destinados a actividades de transferencia a trav\u00e9s de la Fundaci\u00f3n Bioavance, laboratorios para la ubicaci\u00f3n de los grandes equipos comunes del instituto, un amplio espacio para laboratorios experimentales donde se instalar\u00e1n los investigadores, y una sala de seminarios equipada para la defensa de tesis doctorales; y (iii) una planta t\u00e9cnica, situada entre las dos anteriores, para controlar el mantenimiento de las instalaciones generales del edificio. <\/span>[\/vc_column_text][\/vc_column][vc_column width=\u00bb1\/2&#8243; css=\u00bb.vc_custom_1606729278202{background: #e5e5e5 url(http:\/\/www.ull.es\/institutos\/instituto-tecnologias-biomedicas\/wp-content\/uploads\/sites\/15\/2020\/11\/n-001.jpg?id=101) !important;background-position: center !important;background-repeat: no-repeat !important;background-size: cover !important;}\u00bb][vc_empty_space height=\u00bb500px\u00bb][\/vc_column][\/vc_row][vc_row full_width=\u00bbstretch_row_content\u00bb equal_height=\u00bbyes\u00bb][vc_column width=\u00bb1\/2&#8243; css=\u00bb.vc_custom_1606729090638{background: #f2f2f2 url(http:\/\/www.ull.es\/institutos\/instituto-tecnologias-biomedicas\/wp-content\/uploads\/sites\/15\/2020\/11\/n-002.jpg?id=100) !important;background-position: center !important;background-repeat: no-repeat !important;background-size: cover !important;}\u00bb][vc_empty_space height=\u00bb500px\u00bb][\/vc_column][vc_column width=\u00bb1\/2&#8243; css=\u00bb.vc_custom_1606729073944{padding-top: 5% !important;padding-right: 10% !important;padding-bottom: 5% !important;padding-left: 10% !important;}\u00bb][vc_column_text]<span style=\"font-weight: 400;\">Durante su creaci\u00f3n, los grupos investigadores del ITB han participado de forma coordinada en convocatorias de infraestructura competitivas de a nivel nacional y Europeo, lo que ha permitido ir adquiriendo progresivamente el equipamiento necesario y renovarlo al ritmo adecuado. En la actualidad, la infraestructura com\u00fan del instituto est\u00e1 formada por las siguientes unidades, plataformas y servicios:<\/span><\/p>\n<ul>\n<li style=\"font-weight: 400;\" aria-level=\"1\"><span style=\"font-weight: 400;\">SIMA (Servicio de Imagen y Microscop\u00eda Avanzada): (i) equipamiento de vanguardia en microscop\u00eda confocal, microscop\u00eda de fluorescencia y microscop\u00eda electr\u00f3nica; (ii) sistema para microdisecci\u00f3n y secciones \u00f3pticas a nivel celular; (iii) electrofisiolog\u00eda para estudios combinados con t\u00e9cnicas de imagen en c\u00e9lulas vivas <\/span><span style=\"font-weight: 400;\">\ud83e\udc6a<\/span> <b>Responsable: <a href=\"https:\/\/portalciencia.ull.es\/investigadores\/82446\/detalle\" target=\"_blank\" rel=\"noopener\" target=\"_blank\" rel=\"noopener\">Dra. Teresa Gir\u00e1ldez Fern\u00e1ndez<\/a><\/b><\/li>\n<li style=\"font-weight: 400;\" aria-level=\"1\"><span style=\"font-weight: 400;\">Servicio de instrumentaci\u00f3n anal\u00edtica y preparaci\u00f3n de muestras, incluyendo: (i) espectrometr\u00eda, espectrofluorometr\u00eda y lectores de microplacas; (ii) centr\u00edfugas de sobremesa y ultracentr\u00edfugas; (iii) sistemas avanzados para cuantificaci\u00f3n de prote\u00ednas y DNA en diferentes preparaciones; (iv) contadores de c\u00e9lulas y part\u00edculas; (v) citometr\u00eda de flujo.<\/span><\/li>\n<li style=\"font-weight: 400;\" aria-level=\"1\"><span style=\"font-weight: 400;\">Salas de cultivos de c\u00e9lulas y tejidos, incluyendo instalaciones tipo P2<\/span><\/li>\n<li style=\"font-weight: 400;\" aria-level=\"1\"><span style=\"font-weight: 400;\">Banco de cerebros y tejidos<\/span><\/li>\n<li style=\"font-weight: 400;\" aria-level=\"1\"><span style=\"font-weight: 400;\">ProITB: unidad de prote\u00f3mica <\/span><span style=\"font-weight: 400;\">\ud83e\udc6a<\/span> <b>Responsable: <a href=\"https:\/\/portalciencia.ull.es\/investigadores\/278649\/detalle\" target=\"_blank\" rel=\"noopener\" target=\"_blank\" rel=\"noopener\">Dr. Juan Ram\u00f3n Hern\u00e1ndez Fernaud<\/a><\/b><\/li>\n<li style=\"font-weight: 400;\" aria-level=\"1\"><span style=\"font-weight: 400;\">Lipid\u00f3mica y metabol\u00f3mica<\/span><\/li>\n<li style=\"font-weight: 400;\" aria-level=\"1\"><span style=\"font-weight: 400;\">SOMA (Servicio para la Obtenci\u00f3n y criopreservaci\u00f3n de Modelos Animales) <\/span><span style=\"font-weight: 400;\">\ud83e\udc6a<\/span> <b>Responsable: <a href=\"https:\/\/portalciencia.ull.es\/investigadores\/80998\/detalle\" target=\"_blank\" rel=\"noopener\" target=\"_blank\" rel=\"noopener\">Dra. Belinda Rivero P\u00e9rez<\/a><\/b><\/li>\n<li style=\"font-weight: 400;\" aria-level=\"1\"><span style=\"font-weight: 400;\">Fenotipado, genotipado y estudios conductuales de roedores (en las instalaciones del animalario)<\/span><\/li>\n<\/ul>\n<p>[\/vc_column_text][\/vc_column][\/vc_row][vc_row full_width=\u00bbstretch_row_content\u00bb equal_height=\u00bbyes\u00bb][vc_column width=\u00bb1\/2&#8243; css=\u00bb.vc_custom_1588936329456{padding-top: 5% !important;padding-right: 10% !important;padding-bottom: 5% !important;padding-left: 10% !important;background-color: #f2f2f2 !important;}\u00bb][vc_column_text]<span style=\"font-weight: 400;\">Adicionalmente, los grupos del instituto tienen acceso a los Servicios Generales de Apoyo a la Investigaci\u00f3n (SEGAI) de la ULL, ubicados en el Campus de Anchieta, que incluyen equipos comunes y apoyo instrumental cient\u00edfico y t\u00e9cnico, tanto para grupos internos como externos. En el caso de la infraestructura espec\u00edfica para la experimentaci\u00f3n biom\u00e9dica y biotecnol\u00f3gica, este servicio incluye un animalario general, microscop\u00eda, gen\u00f3mica, resonancia nuclear magn\u00e9tica para an\u00e1lisis qu\u00edmicos y biolog\u00eda estructural, y resonancia nuclear magn\u00e9tica para el estudio de la funci\u00f3n cerebral. Por otra parte, los grupos del instituto relacionados con investigaci\u00f3n traslacional tienen acceso y colaboran habitualmente con la Unidad de Ensayos Cl\u00ednicos del Complejo Hospitalario Universitario de Canarias \u2013que forma parte del Centro Espa\u00f1ol de Ensayos Cl\u00ednicos (CAIBER) y del servicio de Biobanco, acreditado por el Instituto de Salud Carlos III. Adem\u00e1s, a trav\u00e9s de la colaboraci\u00f3n entre el ITB y el Instituto de Tecnolog\u00eda y Energ\u00edas Renovables (ITER), los investigadores del instituto tienen acceso al supercomputador TEIDE y el laboratorio de gen\u00f3mica de esta instituci\u00f3n.<\/span>[\/vc_column_text][\/vc_column][vc_column width=\u00bb1\/2&#8243; css=\u00bb.vc_custom_1606729155635{background: #e5e5e5 url(http:\/\/www.ull.es\/institutos\/instituto-tecnologias-biomedicas\/wp-content\/uploads\/sites\/15\/2020\/11\/n-003.jpg?id=99) !important;background-position: center !important;background-repeat: no-repeat !important;background-size: cover !important;}\u00bb][vc_empty_space height=\u00bb500px\u00bb][\/vc_column][\/vc_row]<\/p>\n","protected":false},"excerpt":{"rendered":"<p>[vc_row full_width=\u00bbstretch_row_content\u00bb el_class=\u00bbprincipio-marcha\u00bb][vc_column css=\u00bb.vc_custom_1588939369209{padding-top: 40px !important;}\u00bb][vc_custom_heading text=\u00bbEquipamiento e instalaciones\u00bb font_container=\u00bbtag:h2|text_align:center|color:%23ffffff\u00bb use_theme_fonts=\u00bbyes\u00bb css_animation=\u00bbfadeInDownBig\u00bb][\/vc_column][\/vc_row][vc_row full_width=\u00bbstretch_row_content\u00bb equal_height=\u00bbyes\u00bb][vc_column width=\u00bb1\/2&#8243; css=\u00bb.vc_custom_1588936329456{padding-top: 5% !important;padding-right: 10% !important;padding-bottom: 5% !important;padding-left: 10% !important;background-color: #f2f2f2 !important;}\u00bb][vc_column_text]Una vez finalizada la construcci\u00f3n de las instalaciones de la primera fase del edificio sede del ITB, a finales de 2021 se ha procedido a la adquisici\u00f3n e instalaci\u00f3n del&#8230;<\/p>\n","protected":false},"author":2,"featured_media":0,"parent":0,"menu_order":0,"comment_status":"closed","ping_status":"closed","template":"templates\/template-no-title.php","meta":[],"_links":{"self":[{"href":"https:\/\/www.ull.es\/institutos\/instituto-tecnologias-biomedicas\/wp-json\/wp\/v2\/pages\/98"}],"collection":[{"href":"https:\/\/www.ull.es\/institutos\/instituto-tecnologias-biomedicas\/wp-json\/wp\/v2\/pages"}],"about":[{"href":"https:\/\/www.ull.es\/institutos\/instituto-tecnologias-biomedicas\/wp-json\/wp\/v2\/types\/page"}],"author":[{"embeddable":true,"href":"https:\/\/www.ull.es\/institutos\/instituto-tecnologias-biomedicas\/wp-json\/wp\/v2\/users\/2"}],"replies":[{"embeddable":true,"href":"https:\/\/www.ull.es\/institutos\/instituto-tecnologias-biomedicas\/wp-json\/wp\/v2\/comments?post=98"}],"version-history":[{"count":10,"href":"https:\/\/www.ull.es\/institutos\/instituto-tecnologias-biomedicas\/wp-json\/wp\/v2\/pages\/98\/revisions"}],"predecessor-version":[{"id":663,"href":"https:\/\/www.ull.es\/institutos\/instituto-tecnologias-biomedicas\/wp-json\/wp\/v2\/pages\/98\/revisions\/663"}],"wp:attachment":[{"href":"https:\/\/www.ull.es\/institutos\/instituto-tecnologias-biomedicas\/wp-json\/wp\/v2\/media?parent=98"}],"curies":[{"name":"wp","href":"https:\/\/api.w.org\/{rel}","templated":true}]}}