{"id":113,"date":"2021-08-17T18:46:27","date_gmt":"2021-08-17T18:46:27","guid":{"rendered":"https:\/\/www.ull.es\/institutos\/instituto-universitario-bio-organica\/?page_id=113"},"modified":"2023-11-13T12:25:05","modified_gmt":"2023-11-13T12:25:05","slug":"administracion-y-personal-de-servicios","status":"publish","type":"page","link":"https:\/\/www.ull.es\/institutos\/instituto-universitario-bio-organica\/administracion-y-personal-de-servicios\/","title":{"rendered":"Administraci\u00f3n y personal de servicios"},"content":{"rendered":"<p>[vc_row full_width=\u00bbstretch_row_content\u00bb el_class=\u00bbprincipio-marcha\u00bb][vc_column css=\u00bb.vc_custom_1588939369209{padding-top: 40px !important;}\u00bb][vc_custom_heading text=\u00bbAdministraci\u00f3n y personal de servicios\u00bb font_container=\u00bbtag:h2|text_align:center|color:%23ffffff\u00bb use_theme_fonts=\u00bbyes\u00bb css_animation=\u00bbfadeInDownBig\u00bb][\/vc_column][\/vc_row][vc_row][vc_column][vc_empty_space height=\u00bb2em\u00bb][vc_row_inner equal_height=\u00bbyes\u00bb gap=\u00bb20&#8243;][vc_column_inner width=\u00bb1\/3&#8243; css=\u00bb.vc_custom_1606910011087{background-color: #dbdbdb !important;}\u00bb][vc_empty_space height=\u00bb20px\u00bb][vc_column_text]<\/p>\n<p style=\"text-align: center;\"><strong>Cristina Vonk Guimer\u00e1<\/strong><\/p>\n<h3 class=\"sppb-addon-title sppb-feature-box-title\"><\/h3>\n<p>[\/vc_column_text][vc_column_text]<\/p>\n<p style=\"text-align: center;\"><strong>Personal de Administraci\u00f3n y Servicios (Grupo III)<\/strong><\/p>\n<p style=\"text-align: center;\">Instituto Universitario de Bio-Org\u00e1nica Antonio Gonz\u00e1lez , ULL<\/p>\n<p style=\"text-align: center;\">Correo electr\u00f3nico: <a href=\"mailto:cvonkgui@ull.es\" target=\"_blank\" rel=\"noopener\" target=\"_blank\" rel=\"noopener\">cvonkgui@ull.es<\/a><\/p>\n<p>[\/vc_column_text][vc_empty_space][\/vc_column_inner][vc_column_inner width=\u00bb1\/3&#8243; css=\u00bb.vc_custom_1606910017582{background-color: #dbdbdb !important;}\u00bb][vc_empty_space height=\u00bb20px\u00bb][vc_column_text]<\/p>\n<p style=\"text-align: center;\"><strong>Domingo Afonso Rodr\u00edguez<\/strong><\/p>\n<p>[\/vc_column_text][vc_empty_space height=\u00bb20px\u00bb][vc_column_text]<\/p>\n<p style=\"text-align: center;\"><strong>Personal de Administraci\u00f3n y Servicios (Grupo IV)<\/strong><br \/>\nInstituto Universitario de Bio-Org\u00e1nica Antonio Gonz\u00e1lez, ULL<\/p>\n<p style=\"text-align: center;\">Correo electr\u00f3nico: <a href=\"mailto:dafonsor@ull.es\" target=\"_blank\" rel=\"noopener\" target=\"_blank\" rel=\"noopener\">dafonsor@ull.es<\/a><\/p>\n<p>[\/vc_column_text][vc_empty_space][\/vc_column_inner][vc_column_inner width=\u00bb1\/3&#8243; css=\u00bb.vc_custom_1606910023883{background-color: #dbdbdb !important;}\u00bb][vc_empty_space height=\u00bb20px\u00bb][vc_column_text]<\/p>\n<p style=\"text-align: center;\"><strong>Fernando Otamendi Burgui<\/strong><\/p>\n<p>[\/vc_column_text][vc_empty_space height=\u00bb20px\u00bb][vc_column_text]<\/p>\n<p style=\"text-align: center;\"><strong>Personal de Administraci\u00f3n y Servicios (Grupo IV)<\/strong><br \/>\nInstituto Universitario de Bio-Org\u00e1nica Antonio Gonz\u00e1lez, ULL<\/p>\n<p style=\"text-align: center;\">Correo electr\u00f3nico: <a href=\"mailto:fotamen@ull.edu.es\" target=\"_blank\" rel=\"noopener\" target=\"_blank\" rel=\"noopener\">fotamen@ull.es<\/a><\/p>\n<p>[\/vc_column_text][vc_empty_space][\/vc_column_inner][\/vc_row_inner][vc_empty_space height=\u00bb2em\u00bb][vc_row_inner equal_height=\u00bbyes\u00bb gap=\u00bb20&#8243;][vc_column_inner width=\u00bb1\/3&#8243; css=\u00bb.vc_custom_1606910011087{background-color: #dbdbdb !important;}\u00bb][vc_empty_space height=\u00bb20px\u00bb][vc_column_text]<\/p>\n<p style=\"text-align: center;\"><strong>Elba Bahamonde Torres<\/strong><\/p>\n<h3 class=\"sppb-addon-title sppb-feature-box-title\"><\/h3>\n<p>[\/vc_column_text][vc_column_text]<\/p>\n<p style=\"text-align: center;\"><strong>Personal de Administraci\u00f3n y Servicios (Grupo III)<\/strong><\/p>\n<p style=\"text-align: center;\">Instituto Universitario de Bio-Org\u00e1nica Antonio Gonz\u00e1lez , ULL<\/p>\n<p style=\"text-align: center;\">Correo electr\u00f3nico: <a href=\"mailto:mbahamon@ull.edu.es\" target=\"_blank\" rel=\"noopener\" target=\"_blank\" rel=\"noopener\">mbahamon@ull.es<\/a><\/p>\n<p>[\/vc_column_text][vc_empty_space][\/vc_column_inner][vc_column_inner width=\u00bb1\/3&#8243; css=\u00bb.vc_custom_1606910017582{background-color: #dbdbdb !important;}\u00bb][vc_empty_space height=\u00bb20px\u00bb][vc_empty_space height=\u00bb20px\u00bb][vc_empty_space][\/vc_column_inner][vc_column_inner width=\u00bb1\/3&#8243; css=\u00bb.vc_custom_1606910023883{background-color: #dbdbdb !important;}\u00bb][vc_empty_space height=\u00bb20px\u00bb][vc_empty_space height=\u00bb20px\u00bb][vc_empty_space][\/vc_column_inner][\/vc_row_inner][\/vc_column][\/vc_row]<\/p>\n","protected":false},"excerpt":{"rendered":"<p>[vc_row full_width=\u00bbstretch_row_content\u00bb el_class=\u00bbprincipio-marcha\u00bb][vc_column css=\u00bb.vc_custom_1588939369209{padding-top: 40px !important;}\u00bb][vc_custom_heading text=\u00bbAdministraci\u00f3n y personal de servicios\u00bb font_container=\u00bbtag:h2|text_align:center|color:%23ffffff\u00bb use_theme_fonts=\u00bbyes\u00bb css_animation=\u00bbfadeInDownBig\u00bb][\/vc_column][\/vc_row][vc_row][vc_column][vc_empty_space height=\u00bb2em\u00bb][vc_row_inner equal_height=\u00bbyes\u00bb gap=\u00bb20&#8243;][vc_column_inner width=\u00bb1\/3&#8243; css=\u00bb.vc_custom_1606910011087{background-color: #dbdbdb !important;}\u00bb][vc_empty_space height=\u00bb20px\u00bb][vc_column_text] Cristina Vonk Guimer\u00e1 [\/vc_column_text][vc_column_text] Personal de Administraci\u00f3n y Servicios (Grupo III) Instituto Universitario de Bio-Org\u00e1nica Antonio Gonz\u00e1lez , ULL Correo electr\u00f3nico: cvonkgui@ull.es [\/vc_column_text][vc_empty_space][\/vc_column_inner][vc_column_inner width=\u00bb1\/3&#8243; css=\u00bb.vc_custom_1606910017582{background-color: #dbdbdb !important;}\u00bb][vc_empty_space height=\u00bb20px\u00bb][vc_column_text] Domingo Afonso Rodr\u00edguez [\/vc_column_text][vc_empty_space height=\u00bb20px\u00bb][vc_column_text]&#8230;<\/p>\n","protected":false},"author":2,"featured_media":0,"parent":0,"menu_order":0,"comment_status":"closed","ping_status":"closed","template":"templates\/template-no-title.php","meta":[],"_links":{"self":[{"href":"https:\/\/www.ull.es\/institutos\/instituto-universitario-bio-organica\/wp-json\/wp\/v2\/pages\/113"}],"collection":[{"href":"https:\/\/www.ull.es\/institutos\/instituto-universitario-bio-organica\/wp-json\/wp\/v2\/pages"}],"about":[{"href":"https:\/\/www.ull.es\/institutos\/instituto-universitario-bio-organica\/wp-json\/wp\/v2\/types\/page"}],"author":[{"embeddable":true,"href":"https:\/\/www.ull.es\/institutos\/instituto-universitario-bio-organica\/wp-json\/wp\/v2\/users\/2"}],"replies":[{"embeddable":true,"href":"https:\/\/www.ull.es\/institutos\/instituto-universitario-bio-organica\/wp-json\/wp\/v2\/comments?post=113"}],"version-history":[{"count":12,"href":"https:\/\/www.ull.es\/institutos\/instituto-universitario-bio-organica\/wp-json\/wp\/v2\/pages\/113\/revisions"}],"predecessor-version":[{"id":461,"href":"https:\/\/www.ull.es\/institutos\/instituto-universitario-bio-organica\/wp-json\/wp\/v2\/pages\/113\/revisions\/461"}],"wp:attachment":[{"href":"https:\/\/www.ull.es\/institutos\/instituto-universitario-bio-organica\/wp-json\/wp\/v2\/media?parent=113"}],"curies":[{"name":"wp","href":"https:\/\/api.w.org\/{rel}","templated":true}]}}