{"id":128,"date":"2021-08-17T21:24:38","date_gmt":"2021-08-17T21:24:38","guid":{"rendered":"https:\/\/www.ull.es\/institutos\/instituto-universitario-bio-organica\/?page_id=128"},"modified":"2023-07-25T09:19:47","modified_gmt":"2023-07-25T09:19:47","slug":"plataformas-de-investigacion","status":"publish","type":"page","link":"https:\/\/www.ull.es\/institutos\/instituto-universitario-bio-organica\/plataformas-de-investigacion\/","title":{"rendered":"Plataformas de investigaci\u00f3n"},"content":{"rendered":"<p>[vc_row full_width=\u00bbstretch_row_content\u00bb el_class=\u00bbprincipio-marcha\u00bb][vc_column css=\u00bb.vc_custom_1588939369209{padding-top: 40px !important;}\u00bb][vc_custom_heading text=\u00bbPlataformas de investigaci\u00f3n\u00bb font_container=\u00bbtag:h2|text_align:center|color:%23ffffff\u00bb use_theme_fonts=\u00bbyes\u00bb css_animation=\u00bbfadeInDownBig\u00bb][\/vc_column][\/vc_row][vc_row full_width=\u00bbstretch_row_content\u00bb equal_height=\u00bbyes\u00bb][vc_column width=\u00bb1\/2&#8243; css=\u00bb.vc_custom_1588936329456{padding-top: 5% !important;padding-right: 10% !important;padding-bottom: 5% !important;padding-left: 10% !important;background-color: #f2f2f2 !important;}\u00bb][vc_column_text]<strong>Plataforma de Biodiversidad<\/strong><\/p>\n<p><span style=\"font-weight: 400;\">La plataforma tiene como objetivo generar un banco de extractos a partir del estudio farmacogn\u00f3stico de especies vegetales y animales, terrestres y marinas, aut\u00f3ctonas y al\u00f3ctonas de las Islas Canarias, con la finalidad de ampliar los conocimientos sobre el potencial farmacol\u00f3gico de las especies que se desarrollan en las Islas Canarias, la caracterizaci\u00f3n lip\u00eddica, as\u00ed como el registro isot\u00f3pico de deuterio (particularmente importante en estos estudios porque es un biomarcador de adaptabilidad y cambio clim\u00e1tico). El biobanco aborda de forma regional un problema global que es la necesidad de contribuir a la conservaci\u00f3n y utilizaci\u00f3n sostenible de la biodiversidad, los recursos naturales y los servicios de los ecosistemas de Canarias, y por tanto, de la regi\u00f3n Macaron\u00e9sica.\u00a0<\/span><\/p>\n<p><span style=\"font-weight: 400;\">Los grupos IUBO-AG participantes en esta plataforma son AMBILAB, BIOLAB, PROMAR, QUIBIONAT, QUIMIOPLAN.<\/span><\/p>\n<p><span style=\"font-weight: 400;\">Etiquetas: biodiversidad, biobanco, f\u00e1rmacos, evaluaci\u00f3n biol\u00f3gica, aislamiento, caracterizaci\u00f3n.<\/span>[\/vc_column_text][\/vc_column][vc_column width=\u00bb1\/2&#8243; css=\u00bb.vc_custom_1633696407858{background: #e5e5e5 url(http:\/\/www.ull.es\/institutos\/instituto-universitario-bio-organica\/wp-content\/uploads\/sites\/22\/2021\/10\/Salvia_canariensis-scaled.jpg?id=238) !important;background-position: center !important;background-repeat: no-repeat !important;background-size: cover !important;}\u00bb][vc_empty_space height=\u00bb500px\u00bb][\/vc_column][\/vc_row][vc_row full_width=\u00bbstretch_row_content\u00bb equal_height=\u00bbyes\u00bb][vc_column width=\u00bb1\/2&#8243; css=\u00bb.vc_custom_1633696446570{background: #f2f2f2 url(http:\/\/www.ull.es\/institutos\/instituto-universitario-bio-organica\/wp-content\/uploads\/sites\/22\/2021\/10\/TSexo.png?id=239) !important;background-position: center !important;background-repeat: no-repeat !important;background-size: cover !important;}\u00bb][vc_empty_space height=\u00bb500px\u00bb][\/vc_column][vc_column width=\u00bb1\/2&#8243; css=\u00bb.vc_custom_1633519678063{padding-top: 5% !important;padding-right: 10% !important;padding-bottom: 5% !important;padding-left: 10% !important;background-color: #e5e5e5 !important;}\u00bb][vc_column_text]<strong>Plataforma de Librer\u00edas Qu\u00edmicas de Inter\u00e9s Terap\u00e9utico<\/strong><\/p>\n<p><span style=\"font-weight: 400;\">La plataforma tiene como objetivo dise\u00f1ar, sintetizar y caracterizar librer\u00edas de compuestos al objeto de descubrir nuevas entidades qu\u00edmicas con potencial terap\u00e9utico. En el dise\u00f1o se har\u00e1 uso de herramientas bioinform\u00e1ticas y m\u00e9todos de modelizaci\u00f3n molecular tales como docking molecular, din\u00e1mica molecular y c\u00e1lculos de ADMET. La preparaci\u00f3n de estas mol\u00e9culas se llevar\u00e1 a cabo mediante estrategias sint\u00e9ticas eficientes para acceder al espacio qu\u00edmico biol\u00f3gicamente relevante. Estas librer\u00edas de compuestos estar\u00e1n disponibles para uso propio de los grupos IUBO-AG as\u00ed como para oferta tecnol\u00f3gica al exterior.<\/span><\/p>\n<p><span style=\"font-weight: 400;\">Los grupos IUBO-AG participantes en esta plataforma son QUIBIONAT, QUIMIOPLAN, SYNBIOPROD y SINTESTER,<\/span><\/p>\n<p><span style=\"font-weight: 400;\">Etiquetas: librer\u00edas qu\u00edmicas, dise\u00f1o, s\u00edntesis, f\u00e1rmacos.<\/span>[\/vc_column_text][\/vc_column][\/vc_row][vc_row full_width=\u00bbstretch_row_content\u00bb equal_height=\u00bbyes\u00bb][vc_column width=\u00bb1\/2&#8243; css=\u00bb.vc_custom_1588936329456{padding-top: 5% !important;padding-right: 10% !important;padding-bottom: 5% !important;padding-left: 10% !important;background-color: #f2f2f2 !important;}\u00bb][vc_column_text]<strong>Plataforma de Materiales y Nanomateriales<\/strong><\/p>\n<p><span style=\"font-weight: 400;\">La plataforma tiene como objetivo la preparaci\u00f3n, caracterizaci\u00f3n y aplicaci\u00f3n de arcillas y nanomateriales verdes en diferentes campos, que incluyen materiales inteligentes, materiales funcionales avanzados, nanopart\u00edculas para vehiculizaci\u00f3n de peque\u00f1as mol\u00e9culas. Entre los materiales inteligentes se priorizar\u00e1n los productos obtenidos mediante procedimientos \u201cverdes\u201d siguiendo una estrategia que contribuya a una gesti\u00f3n eco-consciente de los recursos y materias primas. Una de las l\u00edneas de actuaci\u00f3n prioritaria es la optimizaci\u00f3n y adecuaci\u00f3n de los protocolos cient\u00edfico-t\u00e9cnico del \u00e1mbito de la microscop\u00eda \u00f3ptica que utilizan materiales t\u00f3xicos en su cadena de producci\u00f3n. Concretamente, se optimizar\u00e1n los m\u00e9todos de fabricaci\u00f3n de l\u00e1minas delgadas para observaci\u00f3n microsc\u00f3pica, minimizando el uso de productos qu\u00edmicos t\u00f3xicos y sus residuos. Asimismo, se realiza micromorfolog\u00eda conjunta de suelos y sedimentos y geoqu\u00edmica org\u00e1nica de yacimientos arqueol\u00f3gicos. La estrategia involucra muestreo y an\u00e1lisis microestratigr\u00e1ficos conjuntos con un enfoque en la identificaci\u00f3n de biomarcadores animales y vegetales micromorfol\u00f3gicos y moleculares.<\/span><\/p>\n<p><span style=\"font-weight: 400;\">Los grupos del IUBO-AG participantes en esta plataforma son: AMBILAB, AFM-NANO, BIOLAB.<\/span><\/p>\n<p><span style=\"font-weight: 400;\">Etiquetas: nanomateriales, geles blandos, vehiculizaci\u00f3n de f\u00e1rmacos, l\u00e1minas delgadas, biomarcadores, microestratigraf\u00eda, arqueolog\u00eda.<\/span>[\/vc_column_text][\/vc_column][vc_column width=\u00bb1\/2&#8243; css=\u00bb.vc_custom_1633696586062{background: #e5e5e5 url(http:\/\/www.ull.es\/institutos\/instituto-universitario-bio-organica\/wp-content\/uploads\/sites\/22\/2021\/10\/plataforma3.jpg?id=240) !important;background-position: center !important;background-repeat: no-repeat !important;background-size: cover !important;}\u00bb][vc_empty_space height=\u00bb500px\u00bb][\/vc_column][\/vc_row]<\/p>\n","protected":false},"excerpt":{"rendered":"<p>[vc_row full_width=\u00bbstretch_row_content\u00bb el_class=\u00bbprincipio-marcha\u00bb][vc_column css=\u00bb.vc_custom_1588939369209{padding-top: 40px !important;}\u00bb][vc_custom_heading text=\u00bbPlataformas de investigaci\u00f3n\u00bb font_container=\u00bbtag:h2|text_align:center|color:%23ffffff\u00bb use_theme_fonts=\u00bbyes\u00bb css_animation=\u00bbfadeInDownBig\u00bb][\/vc_column][\/vc_row][vc_row full_width=\u00bbstretch_row_content\u00bb equal_height=\u00bbyes\u00bb][vc_column width=\u00bb1\/2&#8243; css=\u00bb.vc_custom_1588936329456{padding-top: 5% !important;padding-right: 10% !important;padding-bottom: 5% !important;padding-left: 10% !important;background-color: #f2f2f2 !important;}\u00bb][vc_column_text]Plataforma de Biodiversidad La plataforma tiene como objetivo generar un banco de extractos a partir del estudio farmacogn\u00f3stico de especies vegetales y animales, terrestres y marinas, aut\u00f3ctonas y al\u00f3ctonas de&#8230;<\/p>\n","protected":false},"author":2,"featured_media":0,"parent":0,"menu_order":0,"comment_status":"closed","ping_status":"closed","template":"templates\/template-no-title.php","meta":[],"_links":{"self":[{"href":"https:\/\/www.ull.es\/institutos\/instituto-universitario-bio-organica\/wp-json\/wp\/v2\/pages\/128"}],"collection":[{"href":"https:\/\/www.ull.es\/institutos\/instituto-universitario-bio-organica\/wp-json\/wp\/v2\/pages"}],"about":[{"href":"https:\/\/www.ull.es\/institutos\/instituto-universitario-bio-organica\/wp-json\/wp\/v2\/types\/page"}],"author":[{"embeddable":true,"href":"https:\/\/www.ull.es\/institutos\/instituto-universitario-bio-organica\/wp-json\/wp\/v2\/users\/2"}],"replies":[{"embeddable":true,"href":"https:\/\/www.ull.es\/institutos\/instituto-universitario-bio-organica\/wp-json\/wp\/v2\/comments?post=128"}],"version-history":[{"count":10,"href":"https:\/\/www.ull.es\/institutos\/instituto-universitario-bio-organica\/wp-json\/wp\/v2\/pages\/128\/revisions"}],"predecessor-version":[{"id":449,"href":"https:\/\/www.ull.es\/institutos\/instituto-universitario-bio-organica\/wp-json\/wp\/v2\/pages\/128\/revisions\/449"}],"wp:attachment":[{"href":"https:\/\/www.ull.es\/institutos\/instituto-universitario-bio-organica\/wp-json\/wp\/v2\/media?parent=128"}],"curies":[{"name":"wp","href":"https:\/\/api.w.org\/{rel}","templated":true}]}}