{"id":140,"date":"2021-08-17T21:48:16","date_gmt":"2021-08-17T21:48:16","guid":{"rendered":"https:\/\/www.ull.es\/institutos\/instituto-universitario-bio-organica\/?page_id=140"},"modified":"2021-11-04T11:16:29","modified_gmt":"2021-11-04T11:16:29","slug":"seminarios-conferencias","status":"publish","type":"page","link":"https:\/\/www.ull.es\/institutos\/instituto-universitario-bio-organica\/seminarios-conferencias\/","title":{"rendered":"Seminarios \/ conferencias"},"content":{"rendered":"<p>[vc_row full_width=\u00bbstretch_row_content\u00bb el_class=\u00bbprincipio-marcha\u00bb][vc_column css=\u00bb.vc_custom_1588939369209{padding-top: 40px !important;}\u00bb][vc_custom_heading text=\u00bbSeminarios \/ conferencias\u00bb font_container=\u00bbtag:h2|text_align:center|color:%23ffffff\u00bb use_theme_fonts=\u00bbyes\u00bb css_animation=\u00bbfadeInDownBig\u00bb][\/vc_column][\/vc_row][vc_row][vc_column][vc_empty_space][vc_column_text]<span style=\"font-weight: 400;\">El instituto organiza un programa de seminarios\/conferencias de investigaci\u00f3n<\/span><b> \u201cCiclo de Conferencias: Investigaci\u00f3n y Ciencia en el Siglo XXI\u201d<\/b><span style=\"font-weight: 400;\">, con la participaci\u00f3n de investigadores nacionales e internacionales destacados en las \u00e1reas cient\u00edficas relacionadas con la investigaci\u00f3n desarrollada en el Instituto.\u00a0<\/span><\/p>\n<p>[\/vc_column_text][vc_empty_space][\/vc_column][\/vc_row][vc_row full_width=\u00bbstretch_row_content\u00bb css=\u00bb.vc_custom_1633421730215{background-color: #f2f2f2 !important;}\u00bb][vc_column][vc_empty_space][vc_column_text]<\/p>\n<h2 style=\"text-align: center;\">Ciclo de conferencias \u201cInvestigaci\u00f3n y Ciencia en el siglo XXI\u201d<\/h2>\n<p>[\/vc_column_text][vc_empty_space][\/vc_column][\/vc_row][vc_row][vc_column][vc_empty_space][\/vc_column][\/vc_row][vc_row full_width=\u00bbstretch_row_content\u00bb equal_height=\u00bbyes\u00bb content_placement=\u00bbmiddle\u00bb][vc_column width=\u00bb1\/2&#8243; css=\u00bb.vc_custom_1635337405314{background-color: #e5e5e5 !important;}\u00bb][vc_column_text]Esta charla fue impartida por Juan Manuel Betancort Perdomo, un egresado de la ULL que trabaja en la compa\u00f1\u00eda biotecnol\u00f3gica San Diego Biotech (Estados Unidos). El desarrollo de nuevos f\u00e1rmacos es un proceso largo y complejo con el fin de proveer a los pacientes con medicamentos seguros y eficaces. En esta conferencia se describi\u00f3 la fase inicial de qu\u00edmica medicinal de dos programas en los que el Dr. Betancort ha participado. Ambos programas (compuestos antivirales y anticancer\u00edgenos) han alcanzado las fases iniciales de estudios cl\u00ednicos.[\/vc_column_text][\/vc_column][vc_column width=\u00bb1\/2&#8243; css=\u00bb.vc_custom_1636024078832{background-image: url(http:\/\/www.ull.es\/institutos\/instituto-universitario-bio-organica\/wp-content\/uploads\/sites\/22\/2021\/11\/Nuevo-proyecto.png?id=397) !important;background-position: center !important;background-repeat: no-repeat !important;background-size: contain !important;}\u00bb][vc_empty_space height=\u00bb320px\u00bb][\/vc_column][\/vc_row][vc_row][vc_column][vc_empty_space][vc_single_image image=\u00bb377&#8243; img_size=\u00bbfull\u00bb alignment=\u00bbcenter\u00bb][vc_empty_space][vc_column_text]<\/p>\n<p style=\"text-align: center;\"><strong>El Dr. Betancor posa tras la charla junto con sus compa\u00f1eros del IUBO-AG.<\/strong><\/p>\n<p>[\/vc_column_text][vc_empty_space][\/vc_column][\/vc_row][vc_row][vc_column][vc_empty_space][vc_separator][vc_empty_space height=\u00bb64px\u00bb][\/vc_column][\/vc_row][vc_row full_width=\u00bbstretch_row_content\u00bb equal_height=\u00bbyes\u00bb content_placement=\u00bbmiddle\u00bb][vc_column width=\u00bb1\/2&#8243; css=\u00bb.vc_custom_1636024169032{background-image: url(http:\/\/www.ull.es\/institutos\/instituto-universitario-bio-organica\/wp-content\/uploads\/sites\/22\/2021\/11\/Nuevo-proyecto-1.png?id=396) !important;background-position: center !important;background-repeat: no-repeat !important;background-size: contain !important;}\u00bb][vc_empty_space height=\u00bb320px\u00bb][\/vc_column][vc_column width=\u00bb1\/2&#8243; css=\u00bb.vc_custom_1635337772152{padding-top: 5% !important;padding-right: 10% !important;padding-bottom: 5% !important;padding-left: 10% !important;background-color: #f2f2f2 !important;}\u00bb][vc_column_text]El investigador de la Universidad de Rostock, Dr. Peter Langer, es catedr\u00e1tico de Qu\u00edmica Org\u00e1nica y ha publicado unas 670 publicaciones cient\u00edficas. A lo largo de su trayectoria ha obtenido diversas distinciones, entre las que destacan una medalla de oro y dos honoris causa. Sus temas de investigaci\u00f3n se centran en ciclaciones en un solo paso, reacciones tipo domin\u00f3, cat\u00e1lisis homog\u00e9nea dirigida hacia la s\u00edntesis org\u00e1nica, qu\u00edmica organosil\u00edcica, heterociclos, qu\u00edmica m\u00e9dica (nuevos antibi\u00f3ticos y agentes anticancer\u00edgenos), productos naturales, carbohidratos, y nuevos materiales.[\/vc_column_text][\/vc_column][\/vc_row][vc_row][vc_column][vc_empty_space height=\u00bb64px\u00bb][vc_separator][vc_empty_space][\/vc_column][\/vc_row][vc_row][vc_column][vc_empty_space][vc_single_image image=\u00bb373&#8243; img_size=\u00bbfull\u00bb alignment=\u00bbcenter\u00bb][vc_empty_space][vc_column_text]<\/p>\n<p style=\"text-align: center;\"><strong>Conferencia impartida por el Prof. Dr. Hitendra M. Patel, Department of Chemistry, Sardar Patel University, Gujarat, India.<\/strong><\/p>\n<p>[\/vc_column_text][vc_empty_space][\/vc_column][\/vc_row][vc_column width=\u00bb1\/2&#8243; css=\u00bb.vc_custom_1633421672648{padding-top: 5% !important;padding-right: 10% !important;padding-bottom: 5% !important;padding-left: 10% !important;}\u00bb][vc_separator][\/vc_column]<\/p>\n","protected":false},"excerpt":{"rendered":"<p>[vc_row full_width=\u00bbstretch_row_content\u00bb el_class=\u00bbprincipio-marcha\u00bb][vc_column css=\u00bb.vc_custom_1588939369209{padding-top: 40px !important;}\u00bb][vc_custom_heading text=\u00bbSeminarios \/ conferencias\u00bb font_container=\u00bbtag:h2|text_align:center|color:%23ffffff\u00bb use_theme_fonts=\u00bbyes\u00bb css_animation=\u00bbfadeInDownBig\u00bb][\/vc_column][\/vc_row][vc_row][vc_column][vc_empty_space][vc_column_text]El instituto organiza un programa de seminarios\/conferencias de investigaci\u00f3n \u201cCiclo de Conferencias: Investigaci\u00f3n y Ciencia en el Siglo XXI\u201d, con la participaci\u00f3n de investigadores nacionales e internacionales destacados en las \u00e1reas cient\u00edficas relacionadas con la investigaci\u00f3n desarrollada en el Instituto.\u00a0 [\/vc_column_text][vc_empty_space][\/vc_column][\/vc_row][vc_row full_width=\u00bbstretch_row_content\u00bb css=\u00bb.vc_custom_1633421730215{background-color: #f2f2f2&#8230;<\/p>\n","protected":false},"author":2,"featured_media":0,"parent":0,"menu_order":0,"comment_status":"closed","ping_status":"closed","template":"templates\/template-no-title.php","meta":[],"_links":{"self":[{"href":"https:\/\/www.ull.es\/institutos\/instituto-universitario-bio-organica\/wp-json\/wp\/v2\/pages\/140"}],"collection":[{"href":"https:\/\/www.ull.es\/institutos\/instituto-universitario-bio-organica\/wp-json\/wp\/v2\/pages"}],"about":[{"href":"https:\/\/www.ull.es\/institutos\/instituto-universitario-bio-organica\/wp-json\/wp\/v2\/types\/page"}],"author":[{"embeddable":true,"href":"https:\/\/www.ull.es\/institutos\/instituto-universitario-bio-organica\/wp-json\/wp\/v2\/users\/2"}],"replies":[{"embeddable":true,"href":"https:\/\/www.ull.es\/institutos\/instituto-universitario-bio-organica\/wp-json\/wp\/v2\/comments?post=140"}],"version-history":[{"count":15,"href":"https:\/\/www.ull.es\/institutos\/instituto-universitario-bio-organica\/wp-json\/wp\/v2\/pages\/140\/revisions"}],"predecessor-version":[{"id":399,"href":"https:\/\/www.ull.es\/institutos\/instituto-universitario-bio-organica\/wp-json\/wp\/v2\/pages\/140\/revisions\/399"}],"wp:attachment":[{"href":"https:\/\/www.ull.es\/institutos\/instituto-universitario-bio-organica\/wp-json\/wp\/v2\/media?parent=140"}],"curies":[{"name":"wp","href":"https:\/\/api.w.org\/{rel}","templated":true}]}}