{"id":173,"date":"2021-10-04T12:58:07","date_gmt":"2021-10-04T12:58:07","guid":{"rendered":"https:\/\/www.ull.es\/institutos\/instituto-universitario-bio-organica\/?page_id=173"},"modified":"2025-01-23T09:32:48","modified_gmt":"2025-01-23T09:32:48","slug":"investigadores","status":"publish","type":"page","link":"https:\/\/www.ull.es\/institutos\/instituto-universitario-bio-organica\/investigadores\/","title":{"rendered":"Investigadores"},"content":{"rendered":"<p>[vc_row full_width=\u00bbstretch_row_content\u00bb el_class=\u00bbprincipio-marcha\u00bb][vc_column css=\u00bb.vc_custom_1588939369209{padding-top: 40px !important;}\u00bb][vc_custom_heading text=\u00bbInvestigadores\u00bb font_container=\u00bbtag:h2|text_align:center|color:%23ffffff\u00bb use_theme_fonts=\u00bbyes\u00bb css_animation=\u00bbfadeInDownBig\u00bb][\/vc_column][\/vc_row][vc_row][vc_column][vc_empty_space][vc_column_text]<span style=\"font-weight: 400;\">El car\u00e1cter\u00a0multidisciplinar de nuestro personal investigador es una de las ventajas m\u00e1s notables del Instituto. Su estructura organizativa facilita notablemente la participaci\u00f3n de personal investigador doctor perteneciente hasta ocho Departamentos de la Universidad de La Laguna. A esto se une la pertenencia de personal del vecino Instituto de Productos Naturales y Agrobiolog\u00eda del CSIC (<\/span><a href=\"https:\/\/ipna.csic.es\" target=\"_blank\" rel=\"noopener\"><span style=\"font-weight: 400;\">https:\/\/ipna.csic.es<\/span><\/a><span style=\"font-weight: 400;\">) con el que mantenemos colaboraci\u00f3n.<\/span>[\/vc_column_text][vc_empty_space][vc_btn title=\u00bbAcceso a &#8216;Investigadores&#8217; del Instituto Universitario de Bio-Org\u00e1nica Antonio Gonz\u00e1lez en Portal Ciencia\u00bb size=\u00bblg\u00bb align=\u00bbcenter\u00bb button_block=\u00bbtrue\u00bb el_class=\u00bbboton-marcha\u00bb link=\u00bburl:https%3A%2F%2Fportalciencia.ull.es%2Funidades%2F5512%2Finvestigadores|target:_blank\u00bb][vc_empty_space][vc_btn title=\u00bbListado de Investigadores, Colaboradores y Doctorandos del Instituto Universitario de Bio-Org\u00e1nica Antonio Gonz\u00e1lez\u00bb size=\u00bblg\u00bb align=\u00bbcenter\u00bb button_block=\u00bbtrue\u00bb el_class=\u00bbboton-marcha\u00bb link=\u00bburl:https%3A%2F%2Fdocs.google.com%2Fspreadsheets%2Fd%2Fe%2F2PACX-1vQsrU1Zq5gbMKnSAqZrAZS7pd&#8211;clMJ2m9wGZGVn_IJ9QwMDm_cpLfqnzDm99blRgDiI24YOr-5iq7t%2Fpubhtml|target:_blank\u00bb][vc_empty_space][\/vc_column][\/vc_row][vc_row disable_element=\u00bbyes\u00bb][vc_column][vc_column_text]<\/p>\n<table>\n<tbody>\n<tr>\n<td><span style=\"font-weight: 400;\">Apellidos, Nombre<\/span><\/td>\n<td><span style=\"font-weight: 400;\">Contacto<\/span><\/td>\n<td><span style=\"font-weight: 400;\">ORCID<\/span><\/td>\n<td><span style=\"font-weight: 400;\">Grupo IUBO<\/span><\/td>\n<\/tr>\n<tr>\n<td><span style=\"font-weight: 400;\">Afonso Rodr\u00edguez,\u00a0 M\u00aa del Mar<\/span><\/td>\n<td><a href=\"mailto:mmafonso@ull.es\" target=\"_blank\" rel=\"noopener\"><span style=\"font-weight: 400;\">mmafonso@ull.es<\/span><\/a><\/td>\n<td><span style=\"font-weight: 400;\">0000-0003- 3186-6870<\/span><\/td>\n<td><span style=\"font-weight: 400;\">SINTESTER<\/span><\/td>\n<\/tr>\n<tr>\n<td><span style=\"font-weight: 400;\">\u00c1lvarez M\u00e9ndez, Sergio Joaqu\u00edn<\/span><\/td>\n<td><a href=\"mailto:salvmen@ull.es\" target=\"_blank\" rel=\"noopener\"><span style=\"font-weight: 400;\">salvmen@ull.es<\/span><\/a><\/td>\n<td><span style=\"font-weight: 400;\">0000-0002- 2473-9622<\/span><\/td>\n<td><span style=\"font-weight: 400;\">AFM-NANO<\/span><\/td>\n<\/tr>\n<tr>\n<td><span style=\"font-weight: 400;\">Amesty Arrieta, \u00c1ngel<\/span><\/td>\n<td><a href=\"mailto:aarnesty@ull.es\" target=\"_blank\" rel=\"noopener\"><span style=\"font-weight: 400;\">aarnesty@ull.es<\/span><\/a><\/td>\n<td><span style=\"font-weight: 400;\">0000-0003- 0753-4251<\/span><\/td>\n<td><span style=\"font-weight: 400;\">QUIBIONAT<\/span><\/td>\n<\/tr>\n<tr>\n<td><span style=\"font-weight: 400;\">Carrillo Fumero, Romen<\/span><\/td>\n<td><a href=\"mailto:rcarrillo@ipna.csic.es\" target=\"_blank\" rel=\"noopener\"><span style=\"font-weight: 400;\">rcarrillo@ipna.csic.es<\/span><\/a><\/td>\n<td><span style=\"font-weight: 400;\">0000-0002- 7078-300X<\/span><\/td>\n<td><span style=\"font-weight: 400;\">SYNBIOPROD<\/span><\/td>\n<\/tr>\n<tr>\n<td><span style=\"font-weight: 400;\">D\u00edaz D\u00edaz, David<\/span><\/td>\n<td><a href=\"mailto:ddiazdiaz@ull.es\" target=\"_blank\" rel=\"noopener\"><span style=\"font-weight: 400;\">ddiazdiaz@ull.es<\/span><\/a><\/td>\n<td><span style=\"font-weight: 400;\">0000-0002- 0557-3364<\/span><\/td>\n<td><span style=\"font-weight: 400;\">AFM-NANO<\/span><\/td>\n<\/tr>\n<tr>\n<td><span style=\"font-weight: 400;\">D\u00edaz Marrero,\u00a0 Ana Raquel<\/span><\/td>\n<td><a href=\"mailto:adiazmar@ull.es\" target=\"_blank\" rel=\"noopener\"><span style=\"font-weight: 400;\">adiazmar@ull.es<\/span><\/a><\/td>\n<td><span style=\"font-weight: 400;\">0000-0002- 8886-7519<\/span><\/td>\n<td><span style=\"font-weight: 400;\">PRODMAR<\/span><\/td>\n<\/tr>\n<tr>\n<td><span style=\"font-weight: 400;\">\u00c9g\u00fcez Gordon, Natalia<\/span><\/td>\n<td><a href=\"mailto:neguezgo@ull.es\" target=\"_blank\" rel=\"noopener\"><span style=\"font-weight: 400;\">neguezgo@ull.es<\/span><\/a><\/td>\n<td><span style=\"font-weight: 400;\">0000-0001- 8853-8064<\/span><\/td>\n<td><span style=\"font-weight: 400;\">AMBILAB<\/span><\/td>\n<\/tr>\n<tr>\n<td><span style=\"font-weight: 400;\">Est\u00e9vez Braun, Ana<\/span><\/td>\n<td><a href=\"mailto:aestebra@ull.es\" target=\"_blank\" rel=\"noopener\"><span style=\"font-weight: 400;\">aestebra@ull.es<\/span><\/a><\/td>\n<td><span style=\"font-weight: 400;\">0000-0001- 5279-7099<\/span><\/td>\n<td><span style=\"font-weight: 400;\">QUIBIONAT<\/span><\/td>\n<\/tr>\n<tr>\n<td><span style=\"font-weight: 400;\">Fernandes, Miguel X<\/span><\/td>\n<td><a href=\"mailto:mfernad@ull.es\" target=\"_blank\" rel=\"noopener\"><span style=\"font-weight: 400;\">mfernad@ull.es<\/span><\/a><\/td>\n<td><span style=\"font-weight: 400;\">0000-0002- 1840-616X<\/span><\/td>\n<td><span style=\"font-weight: 400;\">BIOLAB<\/span><\/td>\n<\/tr>\n<tr>\n<td><span style=\"font-weight: 400;\">Fern\u00e1ndez Castro, Jos\u00e9 Javier<\/span><\/td>\n<td><a href=\"mailto:jjfercas@ull.es\" target=\"_blank\" rel=\"noopener\"><span style=\"font-weight: 400;\">jjfercas@ull.es<\/span><\/a><\/td>\n<td><span style=\"font-weight: 400;\">0000-0002- 0805-8317<\/span><\/td>\n<td><span style=\"font-weight: 400;\">PRODMAR<\/span><\/td>\n<\/tr>\n<tr>\n<td><span style=\"font-weight: 400;\">Garc\u00eda Gonz\u00e1lez, Celina Elena<\/span><\/td>\n<td><a href=\"mailto:cgargon@ull.es\" target=\"_blank\" rel=\"noopener\"><span style=\"font-weight: 400;\">cgargon@ull.es<\/span><\/a><\/td>\n<td><span style=\"font-weight: 400;\">0000-0002- 5049-9466<\/span><\/td>\n<td><span style=\"font-weight: 400;\">SYNBIOPROD<\/span><\/td>\n<\/tr>\n<tr>\n<td><span style=\"font-weight: 400;\">Gonz\u00e1lez D\u00edaz, Jes\u00fas Manuel<\/span><\/td>\n<td><a href=\"mailto:jglezd@ull.es\" target=\"_blank\" rel=\"noopener\"><span style=\"font-weight: 400;\">jglezd@ull.es<\/span><\/a><\/td>\n<td><span style=\"font-weight: 400;\">0000-0001- 8645-9688<\/span><\/td>\n<td><\/td>\n<\/tr>\n<tr>\n<td><span style=\"font-weight: 400;\">Hern\u00e1ndez Daranas, Antonio M.<\/span><\/td>\n<td><a href=\"mailto:adaranas@ipna.csic.es\" target=\"_blank\" rel=\"noopener\"><span style=\"font-weight: 400;\">adaranas@ipna.csic.es<\/span><\/a><\/td>\n<td><span style=\"font-weight: 400;\">0000-0001- 8376-7941<\/span><\/td>\n<td><span style=\"font-weight: 400;\">PRODMAR<\/span><\/td>\n<\/tr>\n<tr>\n<td><span style=\"font-weight: 400;\">Hern\u00e1ndez Molina, Rita<\/span><\/td>\n<td><a href=\"mailto:rrhernan@ull.es\" target=\"_blank\" rel=\"noopener\"><span style=\"font-weight: 400;\">rrhernan@ull.es<\/span><\/a><\/td>\n<td><span style=\"font-weight: 400;\">0000-0003- 3575-4956<\/span><\/td>\n<td><span style=\"font-weight: 400;\">QUIBIONAT<\/span><\/td>\n<\/tr>\n<tr>\n<td><span style=\"font-weight: 400;\">Herrera Herrera, Antonio Vicente<\/span><\/td>\n<td><a href=\"mailto:avherrer@ull.es\" target=\"_blank\" rel=\"noopener\"><span style=\"font-weight: 400;\">avherrer@ull.es<\/span><\/a><\/td>\n<td><span style=\"font-weight: 400;\">0000-0002- 4313-766X<\/span><\/td>\n<td><span style=\"font-weight: 400;\">AMBILAB<\/span><\/td>\n<\/tr>\n<tr>\n<td><span style=\"font-weight: 400;\">Jambrina Enr\u00edquez, Margarita<\/span><\/td>\n<td><a href=\"mailto:mjambrin@ull.es\" target=\"_blank\" rel=\"noopener\"><span style=\"font-weight: 400;\">mjambrin@ull.es<\/span><\/a><\/td>\n<td><span style=\"font-weight: 400;\">0000-0001- 7545-9164<\/span><\/td>\n<td><span style=\"font-weight: 400;\">AMBILAB<\/span><\/td>\n<\/tr>\n<tr>\n<td><span style=\"font-weight: 400;\">Jim\u00e9nez D\u00edaz, Ignacio Antonio<\/span><\/td>\n<td><a href=\"mailto:ignadiaz@ull.es\" target=\"_blank\" rel=\"noopener\"><span style=\"font-weight: 400;\">ignadiaz@ull.es<\/span><\/a><\/td>\n<td><span style=\"font-weight: 400;\">0000-0002- 0641-607X<\/span><\/td>\n<td><span style=\"font-weight: 400;\">QUIMIOPLAN<\/span><\/td>\n<\/tr>\n<tr>\n<td><span style=\"font-weight: 400;\">Lacret Pimienta, Rodney<\/span><\/td>\n<td><a href=\"mailto:rlacretp@ull.es\" target=\"_blank\" rel=\"noopener\"><span style=\"font-weight: 400;\">rlacretp@ull.es<\/span><\/a><\/td>\n<td><span style=\"font-weight: 400;\">0000-0003- 1135-3891<\/span><\/td>\n<td><span style=\"font-weight: 400;\">BIOLAB<\/span><\/td>\n<\/tr>\n<tr>\n<td><span style=\"font-weight: 400;\">L\u00f3pez Bazzocchi, Isabel<\/span><\/td>\n<td><a href=\"mailto:ilopez@ull.es\" target=\"_blank\" rel=\"noopener\"><span style=\"font-weight: 400;\">ilopez@ull.es<\/span><\/a><\/td>\n<td><span style=\"font-weight: 400;\">0000-0002- 7698-2704<\/span><\/td>\n<td><span style=\"font-weight: 400;\">QUIMIOPLAN<\/span><\/td>\n<\/tr>\n<tr>\n<td><span style=\"font-weight: 400;\">Lorenzo Luis, Pablo Antonio<\/span><\/td>\n<td><a href=\"mailto:plorenzo@ull.es\" target=\"_blank\" rel=\"noopener\"><span style=\"font-weight: 400;\">plorenzo@ull.es<\/span><\/a><\/td>\n<td><span style=\"font-weight: 400;\">0000-0003- 3007-461X<\/span><\/td>\n<td><span style=\"font-weight: 400;\">BIOLAB<\/span><\/td>\n<\/tr>\n<tr>\n<td><span style=\"font-weight: 400;\">Lozano Gorr\u00edn, Antonio Diego<\/span><\/td>\n<td><a href=\"mailto:adlozano@ull.es\" target=\"_blank\" rel=\"noopener\"><span style=\"font-weight: 400;\">adlozano@ull.es<\/span><\/a><\/td>\n<td><span style=\"font-weight: 400;\">0000-0002- 7916-4926<\/span><\/td>\n<td><span style=\"font-weight: 400;\">AFM-NANO<\/span><\/td>\n<\/tr>\n<tr>\n<td><span style=\"font-weight: 400;\">Mallol Duque, Carolina<\/span><\/td>\n<td><a href=\"mailto:cmallol@ull.es\" target=\"_blank\" rel=\"noopener\"><span style=\"font-weight: 400;\">cmallol@ull.es<\/span><\/a><\/td>\n<td><span style=\"font-weight: 400;\">0000-0001- 5143-4253<\/span><\/td>\n<td><span style=\"font-weight: 400;\">AMBILAB<\/span><\/td>\n<\/tr>\n<tr>\n<td><span style=\"font-weight: 400;\">Mart\u00edn Garc\u00eda, V\u00edctor Sotero<\/span><\/td>\n<td><a href=\"mailto:vmartin@ull.es\" target=\"_blank\" rel=\"noopener\"><span style=\"font-weight: 400;\">vmartin@ull.es<\/span><\/a><\/td>\n<td><span style=\"font-weight: 400;\">0000-0003- 0300-9636<\/span><\/td>\n<td><span style=\"font-weight: 400;\">SYNBIOPROD<\/span><\/td>\n<\/tr>\n<tr>\n<td><span style=\"font-weight: 400;\">Mart\u00edn Ruiz, Tom\u00e1s<\/span><\/td>\n<td><a href=\"mailto:tmartin@ipna.csic.es\" target=\"_blank\" rel=\"noopener\"><span style=\"font-weight: 400;\">tmartin@ipna.csic.es<\/span><\/a><\/td>\n<td><span style=\"font-weight: 400;\">0000-0002- 9504-7287<\/span><\/td>\n<td><span style=\"font-weight: 400;\">SYNBIOPROD<\/span><\/td>\n<\/tr>\n<tr>\n<td><span style=\"font-weight: 400;\">Oramas Royo, Sandra Mar\u00eda<\/span><\/td>\n<td><a href=\"mailto:soramas@ull.es\" target=\"_blank\" rel=\"noopener\"><span style=\"font-weight: 400;\">soramas@ull.es<\/span><\/a><\/td>\n<td><span style=\"font-weight: 400;\">0000-0001- 7768-1498<\/span><\/td>\n<td><span style=\"font-weight: 400;\">QUIBIONAT<\/span><\/td>\n<\/tr>\n<tr>\n<td><span style=\"font-weight: 400;\">Padr\u00f3n Carrillo, Jos\u00e9 Manuel<\/span><\/td>\n<td><a href=\"mailto:jmpadron@ull.es\" target=\"_blank\" rel=\"noopener\"><span style=\"font-weight: 400;\">jmpadron@ull.es<\/span><\/a><\/td>\n<td><span style=\"font-weight: 400;\">0000-0001- 6268-6552<\/span><\/td>\n<td><span style=\"font-weight: 400;\">BIOLAB<\/span><\/td>\n<\/tr>\n<tr>\n<td><span style=\"font-weight: 400;\">Padr\u00f3n Pe\u00f1a, Juan Ignacio<\/span><\/td>\n<td><a href=\"mailto:jipadron@ipna.csic.es\" target=\"_blank\" rel=\"noopener\"><span style=\"font-weight: 400;\">jipadron@ipna.csic.es<\/span><\/a><\/td>\n<td><span style=\"font-weight: 400;\">0000-0002- 0745-2259<\/span><\/td>\n<td><span style=\"font-weight: 400;\">SYNBIOPROD<\/span><\/td>\n<\/tr>\n<tr>\n<td><span style=\"font-weight: 400;\">Palenzuela L\u00f3pez, Jos\u00e9 Antonio<\/span><\/td>\n<td><a href=\"mailto:jpalenz@ull.es\" target=\"_blank\" rel=\"noopener\"><span style=\"font-weight: 400;\">jpalenz@ull.es<\/span><\/a><\/td>\n<td><span style=\"font-weight: 400;\">0000-0001- 9629-5285<\/span><\/td>\n<td><span style=\"font-weight: 400;\">SINTESTER<\/span><\/td>\n<\/tr>\n<tr>\n<td><span style=\"font-weight: 400;\">P\u00e9rez Reyes, Carolina<\/span><\/td>\n<td><a href=\"mailto:cpresyes@ull.es\" target=\"_blank\" rel=\"noopener\"><span style=\"font-weight: 400;\">cpresyes@ull.es<\/span><\/a><\/td>\n<td><span style=\"font-weight: 400;\">0000-0002- 2117-8794<\/span><\/td>\n<td><span style=\"font-weight: 400;\">QUIMIOPLAN<\/span><\/td>\n<\/tr>\n<tr>\n<td><span style=\"font-weight: 400;\">P\u00e9rez Herrero, \u00c9dgar<\/span><\/td>\n<td><a href=\"mailto:eperezhe@ull.es\" target=\"_blank\" rel=\"noopener\"><span style=\"font-weight: 400;\">eperezhe@ull.es<\/span><\/a><\/td>\n<td><span style=\"font-weight: 400;\">0000-0003- 3483-2289<\/span><\/td>\n<td><span style=\"font-weight: 400;\">BIOLAB<\/span><\/td>\n<\/tr>\n<tr>\n<td><span style=\"font-weight: 400;\">P\u00e9rez Roth, Eduardo<\/span><\/td>\n<td><a href=\"mailto:eperroth@ull.es\" target=\"_blank\" rel=\"noopener\"><span style=\"font-weight: 400;\">eperroth@ull.es<\/span><\/a><\/td>\n<td><span style=\"font-weight: 400;\">0000-0002- 5655-9407<\/span><\/td>\n<td><span style=\"font-weight: 400;\">BIOLAB<\/span><\/td>\n<\/tr>\n<tr>\n<td><span style=\"font-weight: 400;\">Rodr\u00edguez de Vera, Caterina<\/span><\/td>\n<td><a href=\"mailto:crodrive@ull.es\" target=\"_blank\" rel=\"noopener\"><span style=\"font-weight: 400;\">crodrive@ull.es<\/span><\/a><\/td>\n<td><span style=\"font-weight: 400;\">0000-0002- 6164-4518<\/span><\/td>\n<td><span style=\"font-weight: 400;\">AMBILAB<\/span><\/td>\n<\/tr>\n<tr>\n<td><span style=\"font-weight: 400;\">Souto Su\u00e1rez, Mar\u00eda Luisa<\/span><\/td>\n<td><a href=\"mailto:msouto@ull.es\" target=\"_blank\" rel=\"noopener\"><span style=\"font-weight: 400;\">msouto@ull.es<\/span><\/a><\/td>\n<td><span style=\"font-weight: 400;\">0000-0002- 9750-2052<\/span><\/td>\n<td><span style=\"font-weight: 400;\">PRODMAR<\/span><\/td>\n<\/tr>\n<tr>\n<td><span style=\"font-weight: 400;\">Trujillo V\u00e1zquez, Jes\u00fas Mar\u00eda<\/span><\/td>\n<td><a href=\"mailto:jtruvaz@ull.es\" target=\"_blank\" rel=\"noopener\"><span style=\"font-weight: 400;\">jtruvaz@ull.es<\/span><\/a><\/td>\n<td><span style=\"font-weight: 400;\">0000-0001- 9123-0749<\/span><\/td>\n<td><\/td>\n<\/tr>\n<\/tbody>\n<\/table>\n<p>[\/vc_column_text][vc_empty_space height=\u00bb7.5em\u00bb][\/vc_column][\/vc_row]<\/p>\n","protected":false},"excerpt":{"rendered":"<p>[vc_row full_width=\u00bbstretch_row_content\u00bb el_class=\u00bbprincipio-marcha\u00bb][vc_column css=\u00bb.vc_custom_1588939369209{padding-top: 40px !important;}\u00bb][vc_custom_heading text=\u00bbInvestigadores\u00bb font_container=\u00bbtag:h2|text_align:center|color:%23ffffff\u00bb use_theme_fonts=\u00bbyes\u00bb css_animation=\u00bbfadeInDownBig\u00bb][\/vc_column][\/vc_row][vc_row][vc_column][vc_empty_space][vc_column_text]El car\u00e1cter\u00a0multidisciplinar de nuestro personal investigador es una de las ventajas m\u00e1s notables del Instituto. Su estructura organizativa facilita notablemente la participaci\u00f3n de personal investigador doctor perteneciente hasta ocho Departamentos de la Universidad de La Laguna. A esto se une la pertenencia de personal del vecino&#8230;<\/p>\n","protected":false},"author":2,"featured_media":0,"parent":0,"menu_order":0,"comment_status":"closed","ping_status":"closed","template":"templates\/template-no-title.php","meta":[],"_links":{"self":[{"href":"https:\/\/www.ull.es\/institutos\/instituto-universitario-bio-organica\/wp-json\/wp\/v2\/pages\/173"}],"collection":[{"href":"https:\/\/www.ull.es\/institutos\/instituto-universitario-bio-organica\/wp-json\/wp\/v2\/pages"}],"about":[{"href":"https:\/\/www.ull.es\/institutos\/instituto-universitario-bio-organica\/wp-json\/wp\/v2\/types\/page"}],"author":[{"embeddable":true,"href":"https:\/\/www.ull.es\/institutos\/instituto-universitario-bio-organica\/wp-json\/wp\/v2\/users\/2"}],"replies":[{"embeddable":true,"href":"https:\/\/www.ull.es\/institutos\/instituto-universitario-bio-organica\/wp-json\/wp\/v2\/comments?post=173"}],"version-history":[{"count":15,"href":"https:\/\/www.ull.es\/institutos\/instituto-universitario-bio-organica\/wp-json\/wp\/v2\/pages\/173\/revisions"}],"predecessor-version":[{"id":465,"href":"https:\/\/www.ull.es\/institutos\/instituto-universitario-bio-organica\/wp-json\/wp\/v2\/pages\/173\/revisions\/465"}],"wp:attachment":[{"href":"https:\/\/www.ull.es\/institutos\/instituto-universitario-bio-organica\/wp-json\/wp\/v2\/media?parent=173"}],"curies":[{"name":"wp","href":"https:\/\/api.w.org\/{rel}","templated":true}]}}