{"id":179,"date":"2021-10-04T15:10:37","date_gmt":"2021-10-04T15:10:37","guid":{"rendered":"https:\/\/www.ull.es\/institutos\/instituto-universitario-bio-organica\/?page_id=179"},"modified":"2021-10-25T08:49:29","modified_gmt":"2021-10-25T08:49:29","slug":"empresas-de-base-tecnologica","status":"publish","type":"page","link":"https:\/\/www.ull.es\/institutos\/instituto-universitario-bio-organica\/empresas-de-base-tecnologica\/","title":{"rendered":"Empresas de base tecnol\u00f3gica"},"content":{"rendered":"<p>[vc_row full_width=\u00bbstretch_row_content\u00bb el_class=\u00bbprincipio-marcha\u00bb][vc_column css=\u00bb.vc_custom_1588939369209{padding-top: 40px !important;}\u00bb][vc_custom_heading text=\u00bbEmpresas de base tecnol\u00f3gica\u00bb font_container=\u00bbtag:h2|text_align:center|color:%23ffffff\u00bb use_theme_fonts=\u00bbyes\u00bb css_animation=\u00bbfadeInDownBig\u00bb][\/vc_column][\/vc_row][vc_row][vc_column][vc_empty_space][vc_btn title=\u00bbAcceso a la p\u00e1gina web &#8216;ecocobertura.es'\u00bb size=\u00bblg\u00bb align=\u00bbcenter\u00bb button_block=\u00bbtrue\u00bb el_class=\u00bbboton-marcha\u00bb link=\u00bburl:https%3A%2F%2Fecobertura.es%2F|target:_blank\u00bb][\/vc_column][\/vc_row][vc_row][vc_column][vc_empty_space][vc_column_text]<\/p>\n<table>\n<tbody>\n<tr>\n<td><\/td>\n<td><span style=\"font-weight: 400;\">Apellidos, Nombre<\/span><\/td>\n<\/tr>\n<tr>\n<td><span style=\"font-weight: 400;\">1<\/span><\/td>\n<td><span style=\"font-weight: 400;\">Pinacho Cris\u00f3stomo, Fernando\u00a0<\/span><\/p>\n<p><span style=\"font-weight: 400;\">(Director Ejecutivo Fundador)\u00a0<\/span><\/td>\n<\/tr>\n<tr>\n<td><span style=\"font-weight: 400;\">2<\/span><\/td>\n<td><span style=\"font-weight: 400;\">Abad C\u00e1mara, Elena<\/span><\/td>\n<\/tr>\n<tr>\n<td><span style=\"font-weight: 400;\">3<\/span><\/td>\n<td><span style=\"font-weight: 400;\">Alonso , Ruyman<\/span><\/td>\n<\/tr>\n<tr>\n<td><span style=\"font-weight: 400;\">4<\/span><\/td>\n<td><span style=\"font-weight: 400;\">Dorta Brito, Ayoze<\/span><\/td>\n<\/tr>\n<tr>\n<td><span style=\"font-weight: 400;\">5<\/span><\/td>\n<td><span style=\"font-weight: 400;\">Gonz\u00e1lez Soria, Elizabeth<\/span><\/td>\n<\/tr>\n<tr>\n<td><span style=\"font-weight: 400;\">6<\/span><\/td>\n<td><span style=\"font-weight: 400;\">Guerequiz Larrocea, Iratxe<\/span><\/td>\n<\/tr>\n<tr>\n<td><span style=\"font-weight: 400;\">7<\/span><\/td>\n<td><span style=\"font-weight: 400;\">P\u00e9rez Schmeller, Rayco Herbert<\/span><\/td>\n<\/tr>\n<tr>\n<td><span style=\"font-weight: 400;\">8<\/span><\/td>\n<td><span style=\"font-weight: 400;\">Prieto Ram\u00edrez, Mary Cruz<\/span><\/td>\n<\/tr>\n<tr>\n<td><span style=\"font-weight: 400;\">9<\/span><\/td>\n<td><span style=\"font-weight: 400;\">Taboada de la Fuente, Sergio A.<\/span><\/td>\n<\/tr>\n<\/tbody>\n<\/table>\n<p>&nbsp;<\/p>\n<p>[\/vc_column_text][\/vc_column][\/vc_row]<\/p>\n","protected":false},"excerpt":{"rendered":"<p>[vc_row full_width=\u00bbstretch_row_content\u00bb el_class=\u00bbprincipio-marcha\u00bb][vc_column css=\u00bb.vc_custom_1588939369209{padding-top: 40px !important;}\u00bb][vc_custom_heading text=\u00bbEmpresas de base tecnol\u00f3gica\u00bb font_container=\u00bbtag:h2|text_align:center|color:%23ffffff\u00bb use_theme_fonts=\u00bbyes\u00bb css_animation=\u00bbfadeInDownBig\u00bb][\/vc_column][\/vc_row][vc_row][vc_column][vc_empty_space][vc_btn title=\u00bbAcceso a la p\u00e1gina web &#8216;ecocobertura.es&#8217;\u00bb size=\u00bblg\u00bb align=\u00bbcenter\u00bb button_block=\u00bbtrue\u00bb el_class=\u00bbboton-marcha\u00bb link=\u00bburl:https%3A%2F%2Fecobertura.es%2F|target:_blank\u00bb][\/vc_column][\/vc_row][vc_row][vc_column][vc_empty_space][vc_column_text] Apellidos, Nombre 1 Pinacho Cris\u00f3stomo, Fernando\u00a0 (Director Ejecutivo Fundador)\u00a0 2 Abad C\u00e1mara, Elena 3 Alonso , Ruyman 4 Dorta Brito, Ayoze 5 Gonz\u00e1lez Soria, Elizabeth 6 Guerequiz Larrocea, Iratxe 7 P\u00e9rez&#8230;<\/p>\n","protected":false},"author":2,"featured_media":0,"parent":0,"menu_order":0,"comment_status":"closed","ping_status":"closed","template":"templates\/template-no-title.php","meta":[],"_links":{"self":[{"href":"https:\/\/www.ull.es\/institutos\/instituto-universitario-bio-organica\/wp-json\/wp\/v2\/pages\/179"}],"collection":[{"href":"https:\/\/www.ull.es\/institutos\/instituto-universitario-bio-organica\/wp-json\/wp\/v2\/pages"}],"about":[{"href":"https:\/\/www.ull.es\/institutos\/instituto-universitario-bio-organica\/wp-json\/wp\/v2\/types\/page"}],"author":[{"embeddable":true,"href":"https:\/\/www.ull.es\/institutos\/instituto-universitario-bio-organica\/wp-json\/wp\/v2\/users\/2"}],"replies":[{"embeddable":true,"href":"https:\/\/www.ull.es\/institutos\/instituto-universitario-bio-organica\/wp-json\/wp\/v2\/comments?post=179"}],"version-history":[{"count":6,"href":"https:\/\/www.ull.es\/institutos\/instituto-universitario-bio-organica\/wp-json\/wp\/v2\/pages\/179\/revisions"}],"predecessor-version":[{"id":336,"href":"https:\/\/www.ull.es\/institutos\/instituto-universitario-bio-organica\/wp-json\/wp\/v2\/pages\/179\/revisions\/336"}],"wp:attachment":[{"href":"https:\/\/www.ull.es\/institutos\/instituto-universitario-bio-organica\/wp-json\/wp\/v2\/media?parent=179"}],"curies":[{"name":"wp","href":"https:\/\/api.w.org\/{rel}","templated":true}]}}