{"id":190,"date":"2021-10-05T08:06:43","date_gmt":"2021-10-05T08:06:43","guid":{"rendered":"https:\/\/www.ull.es\/institutos\/instituto-universitario-bio-organica\/?page_id=190"},"modified":"2022-05-17T10:29:38","modified_gmt":"2022-05-17T10:29:38","slug":"grupos-de-investigacion","status":"publish","type":"page","link":"https:\/\/www.ull.es\/institutos\/instituto-universitario-bio-organica\/grupos-de-investigacion\/","title":{"rendered":"Grupos de investigaci\u00f3n"},"content":{"rendered":"<p>[vc_row full_width=\u00bbstretch_row_content\u00bb el_class=\u00bbprincipio-marcha\u00bb][vc_column css=\u00bb.vc_custom_1588939369209{padding-top: 40px !important;}\u00bb][vc_custom_heading text=\u00bbGrupos de investigaci\u00f3n\u00bb font_container=\u00bbtag:h2|text_align:center|color:%23ffffff\u00bb use_theme_fonts=\u00bbyes\u00bb css_animation=\u00bbfadeInDownBig\u00bb][\/vc_column][\/vc_row][vc_row][vc_column][vc_empty_space][vc_btn title=\u00bbAcceso a &#8216;Grupos de Investigaci\u00f3n&#8217; del Instituto Universitario de Bio-Org\u00e1nica Antonio Gonz\u00e1lez en Portal Ciencia\u00bb size=\u00bblg\u00bb align=\u00bbcenter\u00bb button_block=\u00bbtrue\u00bb el_class=\u00bbboton-marcha\u00bb link=\u00bburl:https%3A%2F%2Fportalciencia.ull.es%2Funidades%2F5512%2Fgrupos|target:_blank\u00bb][vc_empty_space][\/vc_column][\/vc_row][vc_row][vc_column][vc_column_text]<\/p>\n<table>\n<tbody>\n<tr>\n<td colspan=\"3\"><span style=\"font-weight: 400;\">GRUPO IUBO<\/span><\/td>\n<td><span style=\"font-weight: 400;\">COORDINACI\u00d3N<\/span><\/td>\n<\/tr>\n<tr>\n<td style=\"width: 11%;\"><img src=\"http:\/\/www.ull.es\/institutos\/instituto-universitario-bio-organica\/wp-content\/uploads\/sites\/22\/2021\/10\/Logo-AFM-NANO.png\" \/><\/td>\n<td><span style=\"font-weight: 400;\">AFM-NANO<\/span><\/td>\n<td><a href=\"https:\/\/portalciencia.ull.es\/grupos\/6933\/detalle\" target=\"_blank\" rel=\"noopener\" target=\"_blank\" rel=\"noopener\"><i><span style=\"font-weight: 400;\">Advanced Functional Materials and Nanoscience<\/span><\/i><\/a><\/td>\n<td><span style=\"font-weight: 400;\">Dr. David D\u00edaz D\u00edaz<\/span><\/td>\n<\/tr>\n<tr>\n<td style=\"width: 11%;\"><img src=\"http:\/\/www.ull.es\/institutos\/instituto-universitario-bio-organica\/wp-content\/uploads\/sites\/22\/2021\/10\/Logo-AMBILAB.png\" \/><\/td>\n<td><span style=\"font-weight: 400;\">AMBILAB<\/span><\/td>\n<td><a href=\"https:\/\/portalciencia.ull.es\/grupos\/6426\/detalle\" target=\"_blank\" rel=\"noopener\" target=\"_blank\" rel=\"noopener\"><i><span style=\"font-weight: 400;\">Archeological Micromorphology and Biomarker Research Lab<\/span><\/i><\/a><\/td>\n<td><span style=\"font-weight: 400;\">Dra. Carolina Mallol<\/span><\/td>\n<\/tr>\n<tr>\n<td style=\"width: 11%;\"><img src=\"http:\/\/www.ull.es\/institutos\/instituto-universitario-bio-organica\/wp-content\/uploads\/sites\/22\/2021\/10\/Logo-BioLab.png\" \/><\/td>\n<td><span style=\"font-weight: 400;\">BIOLAB<\/span><\/td>\n<td><a href=\"https:\/\/portalciencia.ull.es\/grupos\/6441\/detalle\" target=\"_blank\" rel=\"noopener\" target=\"_blank\" rel=\"noopener\"><i><span style=\"font-weight: 400;\">Early Molecular Pharmacology Profiling of Small Molecules<\/span><\/i><\/a><\/td>\n<td><span style=\"font-weight: 400;\">Dr. Jos\u00e9 M. Padr\u00f3n<\/span><\/td>\n<\/tr>\n<tr>\n<td style=\"width: 10%;\"><img src=\"http:\/\/www.ull.es\/institutos\/instituto-universitario-bio-organica\/wp-content\/uploads\/sites\/22\/2021\/10\/Logo-PRODMAR.png\" \/><\/td>\n<td><span style=\"font-weight: 400;\">PRODMAR<\/span><\/td>\n<td><a href=\"https:\/\/portalciencia.ull.es\/grupos\/6261\/detalle\" target=\"_blank\" rel=\"noopener\" target=\"_blank\" rel=\"noopener\"><i><span style=\"font-weight: 400;\">Marine Natural Products<\/span><\/i><\/a><\/td>\n<td><span style=\"font-weight: 400;\">Dr. Jos\u00e9 J. Fern\u00e1ndez<\/span><\/td>\n<\/tr>\n<tr>\n<td style=\"width: 10%;\"><img src=\"http:\/\/www.ull.es\/institutos\/instituto-universitario-bio-organica\/wp-content\/uploads\/sites\/22\/2021\/10\/Logo-QUIBIONAT.png\" \/><\/td>\n<td><span style=\"font-weight: 400;\">QUIBIONAT<\/span><\/td>\n<td><a href=\"https:\/\/portalciencia.ull.es\/grupos\/6263\/detalle\" target=\"_blank\" rel=\"noopener\" target=\"_blank\" rel=\"noopener\"><i><span style=\"font-weight: 400;\">Chemistry and Bioactivity of Natural Product-Like Compounds<\/span><\/i><\/a><\/td>\n<td><span style=\"font-weight: 400;\">Dra. Ana Est\u00e9vez Braun<\/span><\/td>\n<\/tr>\n<tr>\n<td style=\"width: 11%;\"><img src=\"http:\/\/www.ull.es\/institutos\/instituto-universitario-bio-organica\/wp-content\/uploads\/sites\/22\/2021\/10\/Logo-QUIMIOPLAN.png\" \/><\/td>\n<td><span style=\"font-weight: 400;\">QUIMIOPLAN<\/span><\/td>\n<td><a href=\"https:\/\/portalciencia.ull.es\/grupos\/6540\/detalle\" target=\"_blank\" rel=\"noopener\" target=\"_blank\" rel=\"noopener\"><i><span style=\"font-weight: 400;\">Bioactive Natural Products<\/span><\/i><\/a><\/td>\n<td><span style=\"font-weight: 400;\">Dra. Isabel L\u00f3pez Bazzocchi<\/span><\/td>\n<\/tr>\n<tr>\n<td><img loading=\"lazy\" class=\"alignnone size-medium wp-image-327\" src=\"http:\/\/www.ull.es\/institutos\/instituto-universitario-bio-organica\/wp-content\/uploads\/sites\/22\/2021\/10\/logo-sintester-v-2-0-300x300.png\" alt=\"logo sintester v 2-0\" width=\"300\" height=\"300\" srcset=\"https:\/\/www.ull.es\/institutos\/instituto-universitario-bio-organica\/wp-content\/uploads\/sites\/22\/2021\/10\/logo-sintester-v-2-0-300x300.png 300w, https:\/\/www.ull.es\/institutos\/instituto-universitario-bio-organica\/wp-content\/uploads\/sites\/22\/2021\/10\/logo-sintester-v-2-0-150x150.png 150w, https:\/\/www.ull.es\/institutos\/instituto-universitario-bio-organica\/wp-content\/uploads\/sites\/22\/2021\/10\/logo-sintester-v-2-0-768x768.png 768w, https:\/\/www.ull.es\/institutos\/instituto-universitario-bio-organica\/wp-content\/uploads\/sites\/22\/2021\/10\/logo-sintester-v-2-0-375x375.png 375w, https:\/\/www.ull.es\/institutos\/instituto-universitario-bio-organica\/wp-content\/uploads\/sites\/22\/2021\/10\/logo-sintester-v-2-0-750x750.png 750w, https:\/\/www.ull.es\/institutos\/instituto-universitario-bio-organica\/wp-content\/uploads\/sites\/22\/2021\/10\/logo-sintester-v-2-0-50x50.png 50w, https:\/\/www.ull.es\/institutos\/instituto-universitario-bio-organica\/wp-content\/uploads\/sites\/22\/2021\/10\/logo-sintester-v-2-0.png 866w\" sizes=\"(max-width: 300px) 100vw, 300px\" \/><\/td>\n<td><span style=\"font-weight: 400;\">SINTESTER<\/span><\/td>\n<td><a href=\"https:\/\/portalciencia.ull.es\/grupos\/6279\/detalle\" target=\"_blank\" rel=\"noopener\" target=\"_blank\" rel=\"noopener\"><i><span style=\"font-weight: 400;\">Stereoselective Synthesis and Synyheyic Methodology<\/span><\/i><\/a><\/td>\n<td><span style=\"font-weight: 400;\">Dr. Jos\u00e9 A. Palenzuela<\/span><\/td>\n<\/tr>\n<tr>\n<td><\/td>\n<td><span style=\"font-weight: 400;\">SYNBIOPROD<\/span><\/td>\n<td><a href=\"https:\/\/portalciencia.ull.es\/grupos\/6352\/detalle\" target=\"_blank\" rel=\"noopener\" target=\"_blank\" rel=\"noopener\"><i><span style=\"font-weight: 400;\">Synthesis of Bioactive Products<\/span><\/i><\/a><\/td>\n<td><span style=\"font-weight: 400;\">Dr. V\u00edctor S. Mart\u00edn<\/span><\/td>\n<\/tr>\n<\/tbody>\n<\/table>\n<p>[\/vc_column_text][\/vc_column][\/vc_row]<\/p>\n","protected":false},"excerpt":{"rendered":"<p>[vc_row full_width=\u00bbstretch_row_content\u00bb el_class=\u00bbprincipio-marcha\u00bb][vc_column css=\u00bb.vc_custom_1588939369209{padding-top: 40px !important;}\u00bb][vc_custom_heading text=\u00bbGrupos de investigaci\u00f3n\u00bb font_container=\u00bbtag:h2|text_align:center|color:%23ffffff\u00bb use_theme_fonts=\u00bbyes\u00bb css_animation=\u00bbfadeInDownBig\u00bb][\/vc_column][\/vc_row][vc_row][vc_column][vc_empty_space][vc_btn title=\u00bbAcceso a &#8216;Grupos de Investigaci\u00f3n&#8217; del Instituto Universitario de Bio-Org\u00e1nica Antonio Gonz\u00e1lez en Portal Ciencia\u00bb size=\u00bblg\u00bb align=\u00bbcenter\u00bb button_block=\u00bbtrue\u00bb el_class=\u00bbboton-marcha\u00bb link=\u00bburl:https%3A%2F%2Fportalciencia.ull.es%2Funidades%2F5512%2Fgrupos|target:_blank\u00bb][vc_empty_space][\/vc_column][\/vc_row][vc_row][vc_column][vc_column_text] GRUPO IUBO COORDINACI\u00d3N AFM-NANO Advanced Functional Materials and Nanoscience Dr. David D\u00edaz D\u00edaz AMBILAB Archeological Micromorphology and Biomarker Research Lab Dra. Carolina Mallol&#8230;<\/p>\n","protected":false},"author":2,"featured_media":0,"parent":0,"menu_order":0,"comment_status":"closed","ping_status":"closed","template":"templates\/template-no-title.php","meta":[],"_links":{"self":[{"href":"https:\/\/www.ull.es\/institutos\/instituto-universitario-bio-organica\/wp-json\/wp\/v2\/pages\/190"}],"collection":[{"href":"https:\/\/www.ull.es\/institutos\/instituto-universitario-bio-organica\/wp-json\/wp\/v2\/pages"}],"about":[{"href":"https:\/\/www.ull.es\/institutos\/instituto-universitario-bio-organica\/wp-json\/wp\/v2\/types\/page"}],"author":[{"embeddable":true,"href":"https:\/\/www.ull.es\/institutos\/instituto-universitario-bio-organica\/wp-json\/wp\/v2\/users\/2"}],"replies":[{"embeddable":true,"href":"https:\/\/www.ull.es\/institutos\/instituto-universitario-bio-organica\/wp-json\/wp\/v2\/comments?post=190"}],"version-history":[{"count":14,"href":"https:\/\/www.ull.es\/institutos\/instituto-universitario-bio-organica\/wp-json\/wp\/v2\/pages\/190\/revisions"}],"predecessor-version":[{"id":418,"href":"https:\/\/www.ull.es\/institutos\/instituto-universitario-bio-organica\/wp-json\/wp\/v2\/pages\/190\/revisions\/418"}],"wp:attachment":[{"href":"https:\/\/www.ull.es\/institutos\/instituto-universitario-bio-organica\/wp-json\/wp\/v2\/media?parent=190"}],"curies":[{"name":"wp","href":"https:\/\/api.w.org\/{rel}","templated":true}]}}