{"id":20,"date":"2021-08-17T09:41:26","date_gmt":"2021-08-17T09:41:26","guid":{"rendered":"https:\/\/www.ull.es\/institutos\/instituto-universitario-bio-organica\/?page_id=20"},"modified":"2023-02-03T12:02:35","modified_gmt":"2023-02-03T12:02:35","slug":"inicio","status":"publish","type":"page","link":"https:\/\/www.ull.es\/institutos\/instituto-universitario-bio-organica\/","title":{"rendered":"Inicio"},"content":{"rendered":"<p>[vc_row full_width=\u00bbstretch_row_content_no_spaces\u00bb content_placement=\u00bbmiddle\u00bb css=\u00bb.vc_custom_1606477415927{background-color: #f4f4f4 !important;background-position: center !important;background-repeat: no-repeat !important;background-size: cover !important;}\u00bb el_class=\u00bbtitle-departamento\u00bb][vc_column css=\u00bb.vc_custom_1605179589940{margin-top: 0px !important;padding-top: 0px !important;}\u00bb][rev_slider_vc alias=\u00bbhome\u00bb][\/vc_column][\/vc_row][vc_row][vc_column][vc_column_text]El Instituto Universitario de Bio-Org\u00e1nica Antonio Gonz\u00e1lez (IUBO AG) es un centro multidisciplinar orientado en sus inicios a la investigaci\u00f3n de Productos Naturales Bioactivos. El Instituto fue fundado en los a\u00f1os 60 con la necesidad de estudiar los metabolitos secundarios procedentes de organismos marinos y terrestres, proporcionando nuevas fuentes de compuestos \u00fanicos. Actualmente, el Instituto desarrolla su investigaci\u00f3n en torno a diferentes \u00e1reas: qu\u00edmica org\u00e1nica, biomedicina, biotecnolog\u00eda, nanomateriales, paleoambiental y arqueol\u00f3gica. Algunas l\u00edneas de investigaci\u00f3n son: productos naturales bioactivos, desarrollo de biopesticidas, cultivos de microorganismos, dise\u00f1o y s\u00edntesis de mol\u00e9culas moduladoras de dianas terap\u00e9uticas, nuevas estrategias sint\u00e9ticas, desarrollo de nuevos materiales nanoestructurados y multifuncionales, y caracterizaci\u00f3n de biomarcadores en contextos arqueol\u00f3gicos.[\/vc_column_text][vc_empty_space][\/vc_column][\/vc_row][vc_row full_width=\u00bbstretch_row\u00bb disable_element=\u00bbyes\u00bb css=\u00bb.vc_custom_1633423823822{padding-top: 50px !important;padding-bottom: 50px !important;background-color: #dbdbdb !important;}\u00bb el_class=\u00bbvc-bloque-destacado bloque-destacado\u00bb][vc_column][vc_row_inner][vc_column_inner width=\u00bb1\/4&#8243;][vc_column_text]<a class=\"btn-destacado\" style=\"background: linear-gradient(90deg, rgba(251,206,2,1) 0%, rgba(255,155,0,1) 98%); color: #ffffff; -webkit-box-shadow: 1px 2px 5px 0px rgba(181,179,181,1); -moz-box-shadow: 1px 2px 5px 0px rgba(181,179,181,1); box-shadow: 1px 2px 5px 0px rgba(181,179,181,1); border-radius: 2px;\" href=\"#\" target=\"_blank\" rel=\"noopener\">Informaci\u00f3n, ubicaci\u00f3n y contacto<i class=\"fa fa-arrow-right\"><\/i><\/a>[\/vc_column_text][\/vc_column_inner][vc_column_inner width=\u00bb1\/4&#8243;][vc_column_text]<a class=\"btn-destacado\" style=\"background: linear-gradient(90deg, rgba(253,158,29,1) 0%, rgba(253,29,29,1) 23%, rgba(131,58,180,1) 62%, rgba(8,19,246,1) 100%); color: #ffffff; -webkit-box-shadow: 1px 2px 5px 0px rgba(181,179,181,1); -moz-box-shadow: 1px 2px 5px 0px rgba(181,179,181,1); box-shadow: 1px 2px 5px 0px rgba(181,179,181,1); border-radius: 2px;\" href=\"#\" target=\"_blank\" rel=\"noopener\">Normativa del instituto<i class=\"fa fa-book\"><\/i><\/a>[\/vc_column_text][\/vc_column_inner][vc_column_inner width=\u00bb1\/4&#8243;][vc_column_text]<a class=\"btn-destacado\" style=\"background: linear-gradient(90deg, rgba(8,19,246,1) 0%, rgba(169,58,180,1) 100%, rgba(8,19,246,1) 100%); color: #ffffff; -webkit-box-shadow: 1px 2px 5px 0px rgba(181,179,181,1); -moz-box-shadow: 1px 2px 5px 0px rgba(181,179,181,1); box-shadow: 1px 2px 5px 0px rgba(181,179,181,1); border-radius: 2px;\" href=\"#\" target=\"_blank\" rel=\"noopener\">Investigaci\u00f3n<i class=\"fa fa-flask\"><\/i><\/a>[\/vc_column_text][\/vc_column_inner][vc_column_inner width=\u00bb1\/4&#8243;][vc_column_text]<a class=\"btn-destacado\" style=\"background: linear-gradient(90deg, rgba(8,19,246,1) 0%, rgba(169,58,180,1) 100%, rgba(8,19,246,1) 100%); color: #ffffff; -webkit-box-shadow: 1px 2px 5px 0px rgba(181,179,181,1); -moz-box-shadow: 1px 2px 5px 0px rgba(181,179,181,1); box-shadow: 1px 2px 5px 0px rgba(181,179,181,1); border-radius: 2px;\" href=\"#\" target=\"_blank\" rel=\"noopener\">Consultar personal del instituto<i class=\"fa fa-users\"><\/i><\/a>[\/vc_column_text][\/vc_column_inner][\/vc_row_inner][vc_empty_space height=\u00bb20px\u00bb][\/vc_column][\/vc_row][vc_row][vc_column width=\u00bb1\/3&#8243;][vc_column_text]<style>\n    .news-group .bg-size {\n        background-position: center;\n        background-size: cover;\n        width: 100%;\n        height: 48px;\n    }\n    .news-group .list-group-item-text {\n        font-size: 13px;\n    }\n    .news-group .col-md-3 {\n        padding-right: 0;\n    }\n    .news-group .list-group-item-date {\n        font-size: 11px;\n        color: #A4A4A4;\n        margin-bottom: 2px;\n        text-transform: uppercase;\n    }\n\n    .mensaje.alert-warning{\n        font-size: 12px;\n        margin: 14px !important;\n        padding: 4px 8px;\n        color: #cca60b;\n    }\n<\/style>\n\n<div class=\"panel panel-default\">\n    <div class=\"panel-heading\">\n        <h3 class=\"panel-title\">Noticias<\/h3>\n    <\/div>\n\n    <div class=\"list-group news-group\">\n                    <a href=\"https:\/\/www.ull.es\/portal\/noticias\/2026\/tesis-modelo-predictivo-suelos-volcanicos\/\" class=\"list-group-item\">\n                <div class=\"row\">\n                    <div class=\"col-md-3\">\n                        <div class=\"bg-size\" style=\"background-image: url('https:\/\/www.ull.es\/portal\/noticias\/wp-content\/uploads\/sites\/13\/2026\/03\/Tesis-paisajes-volcanicos-01-300x200.jpg');\"><\/div>\n                    <\/div>\n                    <div class=\"col-md-9\">\n                        <p class=\"list-group-item-date\">\n                            18 Mar 2026 - 11:02 UTC                        <\/p>\n                        <p class=\"list-group-item-text\">Una tesis de la ULL desarrolla un modelo predictivo para mejorar el conocimiento de los suelos volc\u00e1nicos<\/p>\n                    <\/div>\n                <\/div>\n            <\/a>\n                    <a href=\"https:\/\/www.ull.es\/portal\/noticias\/2025\/ull-participa-proyecto-europeo-resilcrops-resiliencia-agricola-atlantica\/\" class=\"list-group-item\">\n                <div class=\"row\">\n                    <div class=\"col-md-3\">\n                        <div class=\"bg-size\" style=\"background-image: url('https:\/\/www.ull.es\/portal\/noticias\/wp-content\/uploads\/sites\/13\/2025\/11\/resilcrops-logo-300x200.jpg');\"><\/div>\n                    <\/div>\n                    <div class=\"col-md-9\">\n                        <p class=\"list-group-item-date\">\n                            19 Nov 2025 - 09:48 UTC                        <\/p>\n                        <p class=\"list-group-item-text\">La ULL participa en el proyecto europeo RESILCROPS para impulsar la resiliencia agr\u00edcola en el \u00e1rea atl\u00e1ntica<\/p>\n                    <\/div>\n                <\/div>\n            <\/a>\n                    <a href=\"https:\/\/www.ull.es\/portal\/noticias\/2025\/ull-homenajea-celina-garcia-gonzalez-xxvii-semana-cientifica-antonio-gonzalez\/\" class=\"list-group-item\">\n                <div class=\"row\">\n                    <div class=\"col-md-3\">\n                        <div class=\"bg-size\" style=\"background-image: url('https:\/\/www.ull.es\/portal\/noticias\/wp-content\/uploads\/sites\/13\/2025\/10\/XXVII-Sem-Cientifica-IUBO-AG-05-300x200.jpg');\"><\/div>\n                    <\/div>\n                    <div class=\"col-md-9\">\n                        <p class=\"list-group-item-date\">\n                            28 Oct 2025 - 13:17 UTC                        <\/p>\n                        <p class=\"list-group-item-text\">La ULL homenajea a Celina Garc\u00eda Gonz\u00e1lez en la XXVII Semana Cient\u00edfica Antonio Gonz\u00e1lez<\/p>\n                    <\/div>\n                <\/div>\n            <\/a>\n                    <a href=\"https:\/\/www.ull.es\/portal\/noticias\/2025\/una-investigacion-liderada-por-la-ull-es-finalista-del-premio-nacional-palarq-de-arqueologia-y-paleontologia\/\" class=\"list-group-item\">\n                <div class=\"row\">\n                    <div class=\"col-md-3\">\n                        <div class=\"bg-size\" style=\"background-image: url('https:\/\/www.ull.es\/portal\/noticias\/wp-content\/uploads\/sites\/13\/2025\/10\/cristo-hernandez-carolina-mallol-300x200.jpg');\"><\/div>\n                    <\/div>\n                    <div class=\"col-md-9\">\n                        <p class=\"list-group-item-date\">\n                            01 Oct 2025 - 13:15 UTC                        <\/p>\n                        <p class=\"list-group-item-text\">Una investigaci\u00f3n liderada por la ULL es finalista del Premio Nacional Palarq de Arqueolog\u00eda y Paleontolog\u00eda<\/p>\n                    <\/div>\n                <\/div>\n            <\/a>\n            <\/div>\n    <div class=\"panel-footer\">\n        <a href=\"https:\/\/www.ull.es\/portal\/noticias\/?cat=4127\">M\u00c1S NOTICIAS <i class=\"fa fa-chevron-right\"><\/i><\/a>\n    <\/div>\n\n\n<\/div>[\/vc_column_text][\/vc_column][vc_column width=\u00bb1\/3&#8243;][vc_column_text]<style>\n    .news-group .bg-size {\n        background-position: center;\n        background-size: cover;\n        width: 100%;\n        height: 48px;\n    }\n    .news-group .list-group-item-text {\n        font-size: 13px;\n    }\n    .news-group .col-md-3 {\n        padding-right: 0;\n    }\n    .news-group .list-group-item-date {\n        font-size: 11px;\n        color: #A4A4A4;\n        margin-bottom: 2px;\n        text-transform: uppercase;\n    }\n\n    .mensaje.alert-warning{\n        font-size: 12px;\n        margin: 14px !important;\n        padding: 4px 8px;\n        color: #cca60b;\n    }\n\n<\/style>\n\n<div class=\"panel panel-default\">\n    <div class=\"panel-heading\">\n        <h3 class=\"panel-title\">Notificaciones<\/h3>\n    <\/div>\n\n    <div class=\"list-group news-group\">\n                            <a href=\"https:\/\/www.ull.es\/portal\/noticias\/2024\/acto-de-defensa-de-la-tesis-doctoral-de-adrian-puerta-arocha\/\" class=\"list-group-item\">\n                    <div class=\"row\">\n                        <div class=\"col-md-12\">\n                            <p class=\"list-group-item-date\">\n                                12 Mar 2024 - 14:09 UTC                            <\/p>\n                            <p class=\"list-group-item-text\">Acto de defensa de la tesis doctoral de Adri\u00e1n Puerta Arocha<\/p>\n                        <\/div>\n                    <\/div>\n                <\/a>\n                            <a href=\"https:\/\/www.ull.es\/portal\/noticias\/2023\/acto-de-defensa-de-la-tesis-doctoral-de-david-santana\/\" class=\"list-group-item\">\n                    <div class=\"row\">\n                        <div class=\"col-md-12\">\n                            <p class=\"list-group-item-date\">\n                                13 Dec 2023 - 12:07 UTC                            <\/p>\n                            <p class=\"list-group-item-text\">Acto de defensa de la tesis doctoral de David Santana<\/p>\n                        <\/div>\n                    <\/div>\n                <\/a>\n                            <a href=\"https:\/\/www.ull.es\/portal\/noticias\/2023\/defensa-de-la-tesis-doctoral-de-raquel-diana-rivera\/\" class=\"list-group-item\">\n                    <div class=\"row\">\n                        <div class=\"col-md-12\">\n                            <p class=\"list-group-item-date\">\n                                02 Jun 2023 - 07:38 UTC                            <\/p>\n                            <p class=\"list-group-item-text\">Defensa de la Tesis doctoral de Raquel Diana Rivera<\/p>\n                        <\/div>\n                    <\/div>\n                <\/a>\n                            <a href=\"https:\/\/www.ull.es\/portal\/noticias\/2023\/defensa-de-la-tesis-doctoral-de-manuel-rondelli\/\" class=\"list-group-item\">\n                    <div class=\"row\">\n                        <div class=\"col-md-12\">\n                            <p class=\"list-group-item-date\">\n                                18 May 2023 - 11:48 UTC                            <\/p>\n                            <p class=\"list-group-item-text\">Defensa de la Tesis doctoral de Manuel Rondelli<\/p>\n                        <\/div>\n                    <\/div>\n                <\/a>\n                            <a href=\"https:\/\/www.ull.es\/portal\/noticias\/2021\/ciclo-de-conferencias-avances-en-quimica-bio-organica\/\" class=\"list-group-item\">\n                    <div class=\"row\">\n                        <div class=\"col-md-12\">\n                            <p class=\"list-group-item-date\">\n                                11 Oct 2021 - 12:06 UTC                            <\/p>\n                            <p class=\"list-group-item-text\">Ciclos de conferencias: \u00abAvances en qu\u00edmica bio-org\u00e1nica\u00bb el mi\u00e9rcoles 13 y viernes 15 de octubre de 2021<\/p>\n                        <\/div>\n                    <\/div>\n                <\/a>\n                <\/div>\n    <div class=\"panel-footer\">\n        <a href=\"https:\/\/www.ull.es\/portal\/noticias\/?cat=6854\">M\u00c1S NOTIFICACIONES <i class=\"fa fa-chevron-right\"><\/i><\/a>\n    <\/div>\n\n\n<\/div>[\/vc_column_text][vc_column_text]\n<style>\n    .events-group .bg-size {\n        background-position: center;\n        background-size: cover;\n        width: 100%;\n        height: 48px;\n    }\n    .events-group .list-group-item-text {\n        font-size: 13px;\n    }\n    .events-group .col-md-3 {\n        padding-right: 0;\n    }\n    .events-group .list-group-item-date {\n        font-size: 11px;\n        color: #A4A4A4;\n        margin-bottom: 2px;\n        text-transform: uppercase;\n    }\n\n    .mensaje.alert-warning{\n        font-size: 12px;\n        margin: 14px !important;\n        padding: 4px 8px;\n        color: #cca60b;\n    }\n\n<\/style>\n\n<div class=\"panel panel-default\">\n    <div class=\"panel-heading\">\n        <h3 class=\"panel-title\">Eventos<\/h3>\n    <\/div>\n\n    <div class=\"list-group events-group\">\n                    <a href=\"https:\/\/www.ull.es\/portal\/agenda\/evento\/iii-early-career-investigators-congress-in-bio-organic-research\/\" class=\"list-group-item\">\n                <div class=\"row\">\n                    <div class=\"col-md-3\">\n                        <div class=\"bg-size\" style=\"background-image: url('https:\/\/www.ull.es\/portal\/agenda\/wp-content\/uploads\/sites\/12\/2026\/03\/banner-eventos-52.jpg');\"><\/div>\n                    <\/div>\n                    <div class=\"col-md-9\">\n                        <p class=\"list-group-item-date\">\n                            03\/06\/26 - 06\/09\/26                        <\/p>\n                        <p class=\"list-group-item-text\">III Early Career Investigators' Congress in Bio-Organic Research<\/p>\n                    <\/div>\n\n                <\/div>\n            <\/a>\n        \n    <\/div>\n    <div class=\"panel-footer\">\n        <a href=\"https:\/\/www.ull.es\/portal\/agenda\/eventos\/categoria\/instituto-universitario-de-bio-organica-antonio-gonzalez\">M\u00c1S EVENTOS <i class=\"fa fa-chevron-right\"><\/i><\/a>\n    <\/div>\n\n\n<\/div>\n[\/vc_column_text][\/vc_column][vc_column css_animation=\u00bbfadeInDown\u00bb width=\u00bb1\/3&#8243;][vc_row_inner][vc_column_inner][vc_raw_html]JTNDYSUyMGNsYXNzJTNEJTIydHdpdHRlci10aW1lbGluZSUyMiUyMGRhdGEtaGVpZ2h0JTNEJTIyNjAwJTIyJTIwaHJlZiUzRCUyMmh0dHBzJTNBJTJGJTJGdHdpdHRlci5jb20lMkZpdWJvYWclM0ZyZWZfc3JjJTNEdHdzcmMlMjU1RXRmdyUyMiUzRVR3ZWV0cyUyMGJ5JTIwaXVib2FnJTNDJTJGYSUzRSUyMCUzQ3NjcmlwdCUyMGFzeW5jJTIwc3JjJTNEJTIyaHR0cHMlM0ElMkYlMkZwbGF0Zm9ybS50d2l0dGVyLmNvbSUyRndpZGdldHMuanMlMjIlMjBjaGFyc2V0JTNEJTIydXRmLTglMjIlM0UlM0MlMkZzY3JpcHQlM0U=[\/vc_raw_html][\/vc_column_inner][\/vc_row_inner][\/vc_column][\/vc_row][vc_row][vc_column][vc_empty_space][\/vc_column][\/vc_row]<\/p>\n","protected":false},"excerpt":{"rendered":"<p>[vc_row full_width=\u00bbstretch_row_content_no_spaces\u00bb content_placement=\u00bbmiddle\u00bb css=\u00bb.vc_custom_1606477415927{background-color: #f4f4f4 !important;background-position: center !important;background-repeat: no-repeat !important;background-size: cover !important;}\u00bb el_class=\u00bbtitle-departamento\u00bb][vc_column css=\u00bb.vc_custom_1605179589940{margin-top: 0px !important;padding-top: 0px !important;}\u00bb][rev_slider_vc alias=\u00bbhome\u00bb][\/vc_column][\/vc_row][vc_row][vc_column][vc_column_text]El Instituto Universitario de Bio-Org\u00e1nica Antonio Gonz\u00e1lez (IUBO AG) es un centro multidisciplinar orientado en sus inicios a la investigaci\u00f3n de Productos Naturales Bioactivos. El Instituto fue fundado en los a\u00f1os 60 con la necesidad de estudiar&#8230;<\/p>\n","protected":false},"author":2,"featured_media":0,"parent":0,"menu_order":0,"comment_status":"closed","ping_status":"closed","template":"templates\/template-frontpage.php","meta":[],"_links":{"self":[{"href":"https:\/\/www.ull.es\/institutos\/instituto-universitario-bio-organica\/wp-json\/wp\/v2\/pages\/20"}],"collection":[{"href":"https:\/\/www.ull.es\/institutos\/instituto-universitario-bio-organica\/wp-json\/wp\/v2\/pages"}],"about":[{"href":"https:\/\/www.ull.es\/institutos\/instituto-universitario-bio-organica\/wp-json\/wp\/v2\/types\/page"}],"author":[{"embeddable":true,"href":"https:\/\/www.ull.es\/institutos\/instituto-universitario-bio-organica\/wp-json\/wp\/v2\/users\/2"}],"replies":[{"embeddable":true,"href":"https:\/\/www.ull.es\/institutos\/instituto-universitario-bio-organica\/wp-json\/wp\/v2\/comments?post=20"}],"version-history":[{"count":15,"href":"https:\/\/www.ull.es\/institutos\/instituto-universitario-bio-organica\/wp-json\/wp\/v2\/pages\/20\/revisions"}],"predecessor-version":[{"id":442,"href":"https:\/\/www.ull.es\/institutos\/instituto-universitario-bio-organica\/wp-json\/wp\/v2\/pages\/20\/revisions\/442"}],"wp:attachment":[{"href":"https:\/\/www.ull.es\/institutos\/instituto-universitario-bio-organica\/wp-json\/wp\/v2\/media?parent=20"}],"curies":[{"name":"wp","href":"https:\/\/api.w.org\/{rel}","templated":true}]}}