{"id":201,"date":"2021-10-05T08:39:35","date_gmt":"2021-10-05T08:39:35","guid":{"rendered":"https:\/\/www.ull.es\/institutos\/instituto-universitario-bio-organica\/?page_id=201"},"modified":"2022-05-17T10:30:35","modified_gmt":"2022-05-17T10:30:35","slug":"publicaciones","status":"publish","type":"page","link":"https:\/\/www.ull.es\/institutos\/instituto-universitario-bio-organica\/publicaciones\/","title":{"rendered":"Publicaciones"},"content":{"rendered":"<p>[vc_row full_width=\u00bbstretch_row_content\u00bb el_class=\u00bbprincipio-marcha\u00bb][vc_column css=\u00bb.vc_custom_1588939369209{padding-top: 40px !important;}\u00bb][vc_custom_heading text=\u00bbPublicaciones\u00bb font_container=\u00bbtag:h2|text_align:center|color:%23ffffff\u00bb use_theme_fonts=\u00bbyes\u00bb css_animation=\u00bbfadeInDownBig\u00bb][\/vc_column][\/vc_row][vc_row][vc_column][vc_empty_space][vc_btn title=\u00bbLos trabajos indexados publicados por los miembros del IUBO est\u00e1n disponibles en este enlace\u00bb size=\u00bblg\u00bb align=\u00bbcenter\u00bb button_block=\u00bbtrue\u00bb el_class=\u00bbboton-marcha\u00bb link=\u00bburl:https%3A%2F%2Fportalciencia.ull.es%2Funidades%2F5512%2Fpublicaciones|target:_blank\u00bb][vc_empty_space][\/vc_column][\/vc_row][vc_row][vc_column][vc_column_text]<strong>CAP\u00cdTULOS DE LIBRO<\/strong><\/p>\n<p><span style=\"font-weight: 400;\">Green Sustainable Process for Chemical and Environmental Engineering and Science. Ionic Liquids as Green Solvents. Inamuddin, Abdullah M. Asiri and Suvardhan Kanchi (eds). ISBN: 978-0-12-817386-2. In Deep Eutectic Solvents (pp. 123-177). B\u00e1rbara Socas Rodr\u00edguez, \u00c1lvaro Santana Mayor, Antonio V. Herrera Herrera, Miguel \u00c1ngel Rodr\u00edguez Delgado. 2020. doi: 10.1016\/B978-0-12-817386-2.00005-6.<\/span><\/p>\n<p><span style=\"font-weight: 400;\">Advances in Polymer Science, Creton C., Okay O. (eds) ISBN: 978-3-030-54555-0, 978-3-030-54556-7 In Self-Healing Collagen-Based Hydrogel for Brain Injury Therapy. Raquel de la Cruz, David D\u00edaz D\u00edaz, vol. 285 (p. 355-378). doi: 10.1007\/12_2019_57\u00a0<\/span><\/p>\n<p><span style=\"font-weight: 400;\">Porous Membranes: Breakthroughs in Manufacturing and Applications. Annarosa Gugliuzza (eds. ISBN: 978-1-119-40703-4. In Development of anion exchange membranes via click chemistry. David D\u00edaz D\u00edaz. 2021.<\/span><\/p>\n<p><a href=\"https:\/\/portalciencia.ull.es\/documentos\/605a26c9fc38bc7c0d02186c\" target=\"_blank\" rel=\"noopener\"><span style=\"font-weight: 400;\">Primers grups ca\u00e7adors-reco\u0140lectors: el Paleol\u00edtic mitj\u00e0 en les valls d&#8217;Alcoi<\/span><\/a><span style=\"font-weight: 400;\">. Museu Arqueol\u00f2gic d&#8217;Alcoi (1945-2020): 75 anys cuidant el nostre patrimoni (Ayuntamiento de Alcoy \/ Ajuntament d&#8217;Alcoi), pp. 39-45. Cristo M. Hern\u00e1ndez G\u00f3mez, Carlina Mallol Duque, Bertila Galv\u00e1n Santos. 2020.<\/span><\/p>\n<p>&nbsp;<\/p>\n<p><strong>ART\u00cdCULOS DE OPINI\u00d3N<\/strong><\/p>\n<p><span style=\"font-weight: 400;\">Book review Gels 2020, 6, 18 doi: 10.3390\/gels6020018 Amphiphilic Polymer Co-Networks David D\u00edaz D\u00edaz.<\/span><\/p>\n<p><span style=\"font-weight: 400;\">Viewpoint Journal of Agricultural and Food Chemistry 2020, 68, 7083- 7085 doi: 10.1021\/acs.jafc.0c02872\u00a0<\/span><\/p>\n<p><span style=\"font-weight: 400;\">Biostimulant Nanoencapsulation: The New Keystone to Fight Hunger David Jim\u00e9nez-Arias, Sarai Morales-Sierra, Andr\u00e9s A. Borges, David D\u00edaz D\u00edaz.<\/span><\/p>\n<p><span style=\"font-weight: 400;\">Special Issue Journal of Paleolithic Archaeology 2020, 3, 503-508. doi: 10.1007\/s41982-020-00074-1 . Fire as an artifact\u2014Advances in paleolithic combustion structure studies: Introduction to the Special Issue. Mareike C. Stahlschmidt, Carolina Mallol, Christopher E. Mille.<\/span>[\/vc_column_text][vc_empty_space][\/vc_column][\/vc_row]<\/p>\n","protected":false},"excerpt":{"rendered":"<p>[vc_row full_width=\u00bbstretch_row_content\u00bb el_class=\u00bbprincipio-marcha\u00bb][vc_column css=\u00bb.vc_custom_1588939369209{padding-top: 40px !important;}\u00bb][vc_custom_heading text=\u00bbPublicaciones\u00bb font_container=\u00bbtag:h2|text_align:center|color:%23ffffff\u00bb use_theme_fonts=\u00bbyes\u00bb css_animation=\u00bbfadeInDownBig\u00bb][\/vc_column][\/vc_row][vc_row][vc_column][vc_empty_space][vc_btn title=\u00bbLos trabajos indexados publicados por los miembros del IUBO est\u00e1n disponibles en este enlace\u00bb size=\u00bblg\u00bb align=\u00bbcenter\u00bb button_block=\u00bbtrue\u00bb el_class=\u00bbboton-marcha\u00bb link=\u00bburl:https%3A%2F%2Fportalciencia.ull.es%2Funidades%2F5512%2Fpublicaciones|target:_blank\u00bb][vc_empty_space][\/vc_column][\/vc_row][vc_row][vc_column][vc_column_text]CAP\u00cdTULOS DE LIBRO Green Sustainable Process for Chemical and Environmental Engineering and Science. Ionic Liquids as Green Solvents. Inamuddin, Abdullah M. Asiri and Suvardhan Kanchi (eds). ISBN:&#8230;<\/p>\n","protected":false},"author":2,"featured_media":0,"parent":0,"menu_order":0,"comment_status":"closed","ping_status":"closed","template":"templates\/template-no-title.php","meta":[],"_links":{"self":[{"href":"https:\/\/www.ull.es\/institutos\/instituto-universitario-bio-organica\/wp-json\/wp\/v2\/pages\/201"}],"collection":[{"href":"https:\/\/www.ull.es\/institutos\/instituto-universitario-bio-organica\/wp-json\/wp\/v2\/pages"}],"about":[{"href":"https:\/\/www.ull.es\/institutos\/instituto-universitario-bio-organica\/wp-json\/wp\/v2\/types\/page"}],"author":[{"embeddable":true,"href":"https:\/\/www.ull.es\/institutos\/instituto-universitario-bio-organica\/wp-json\/wp\/v2\/users\/2"}],"replies":[{"embeddable":true,"href":"https:\/\/www.ull.es\/institutos\/instituto-universitario-bio-organica\/wp-json\/wp\/v2\/comments?post=201"}],"version-history":[{"count":6,"href":"https:\/\/www.ull.es\/institutos\/instituto-universitario-bio-organica\/wp-json\/wp\/v2\/pages\/201\/revisions"}],"predecessor-version":[{"id":415,"href":"https:\/\/www.ull.es\/institutos\/instituto-universitario-bio-organica\/wp-json\/wp\/v2\/pages\/201\/revisions\/415"}],"wp:attachment":[{"href":"https:\/\/www.ull.es\/institutos\/instituto-universitario-bio-organica\/wp-json\/wp\/v2\/media?parent=201"}],"curies":[{"name":"wp","href":"https:\/\/api.w.org\/{rel}","templated":true}]}}