{"id":28,"date":"2021-08-17T11:43:53","date_gmt":"2021-08-17T11:43:53","guid":{"rendered":"https:\/\/www.ull.es\/institutos\/instituto-universitario-bio-organica\/?page_id=28"},"modified":"2021-10-05T11:03:22","modified_gmt":"2021-10-05T11:03:22","slug":"historia","status":"publish","type":"page","link":"https:\/\/www.ull.es\/institutos\/instituto-universitario-bio-organica\/historia\/","title":{"rendered":"Historia"},"content":{"rendered":"<p>[vc_row full_width=\u00bbstretch_row_content\u00bb el_class=\u00bbprincipio-marcha\u00bb][vc_column css=\u00bb.vc_custom_1588939369209{padding-top: 40px !important;}\u00bb][vc_custom_heading text=\u00bbHistoria\u00bb font_container=\u00bbtag:h2|text_align:center|color:%23ffffff\u00bb use_theme_fonts=\u00bbyes\u00bb css_animation=\u00bbfadeInDownBig\u00bb][\/vc_column][\/vc_row][vc_row full_width=\u00bbstretch_row_content\u00bb equal_height=\u00bbyes\u00bb][vc_column width=\u00bb1\/2&#8243; css=\u00bb.vc_custom_1588936329456{padding-top: 5% !important;padding-right: 10% !important;padding-bottom: 5% !important;padding-left: 10% !important;background-color: #f2f2f2 !important;}\u00bb][vc_column_text]<span style=\"font-weight: 400;\">El Instituto Universitario de Bio-Org\u00e1nica Antonio Gonz\u00e1lez (IUBO-AG) fue fundado en 1964 con el cometido de estudiar los metabolitos secundarios producidos por organismos marinos y terrestres de la biodiversidad canaria, al objeto de proporcionar una nueva fuente de compuestos \u00fanicos. Con el paso de los a\u00f1os, el Instituto ha evolucionado para constituirse en un centro multidisciplinar orientado a la investigaci\u00f3n en campos tales como Qu\u00edmica Bio-Org\u00e1nica, Biomedicina, Biotecnolog\u00eda, Geoqu\u00edmica Org\u00e1nica y Materiales Inteligentes. El Instituto es un referente de formaci\u00f3n avanzada donde se especializa tanto el alumnado de la ULL como personal de otros centros nacionales e internacionales. Desde sus comienzos el Instituto interacciona con otros centros de investigaci\u00f3n, especialmente regionales, para generar espacios de investigaci\u00f3n conjuntos. As\u00ed mismo, el Instituto ha mostrado su capacidad como vivero para la creaci\u00f3n de empresas de base tecnol\u00f3gica colaborando con el sector productivo y favoreciendo la transferencia tecnol\u00f3gica. El Instituto organiza su actividad cient\u00edfica en grupos de investigaci\u00f3n que son los responsables \u00faltimos del desarrollo de proyectos de investigaci\u00f3n, la formaci\u00f3n del personal y alumnado, la organizaci\u00f3n de cursos, seminarios, congresos y cualquier otra actividad relacionada con la formaci\u00f3n en el \u00e1mbito del Instituto. Adem\u00e1s, el personal investigador del Instituto ofrece asesoramiento a las instituciones p\u00fablicas y privadas que lo requieran.<\/span>[\/vc_column_text][\/vc_column][vc_column width=\u00bb1\/2&#8243; css=\u00bb.vc_custom_1629199430999{background: #e5e5e5 url(http:\/\/www.ull.es\/institutos\/instituto-universitario-bio-organica\/wp-content\/uploads\/sites\/22\/2021\/08\/portada-bio.jpg?id=18) !important;background-position: center !important;background-repeat: no-repeat !important;background-size: cover !important;}\u00bb][vc_empty_space height=\u00bb500px\u00bb][\/vc_column][\/vc_row]<\/p>\n","protected":false},"excerpt":{"rendered":"<p>[vc_row full_width=\u00bbstretch_row_content\u00bb el_class=\u00bbprincipio-marcha\u00bb][vc_column css=\u00bb.vc_custom_1588939369209{padding-top: 40px !important;}\u00bb][vc_custom_heading text=\u00bbHistoria\u00bb font_container=\u00bbtag:h2|text_align:center|color:%23ffffff\u00bb use_theme_fonts=\u00bbyes\u00bb css_animation=\u00bbfadeInDownBig\u00bb][\/vc_column][\/vc_row][vc_row full_width=\u00bbstretch_row_content\u00bb equal_height=\u00bbyes\u00bb][vc_column width=\u00bb1\/2&#8243; css=\u00bb.vc_custom_1588936329456{padding-top: 5% !important;padding-right: 10% !important;padding-bottom: 5% !important;padding-left: 10% !important;background-color: #f2f2f2 !important;}\u00bb][vc_column_text]El Instituto Universitario de Bio-Org\u00e1nica Antonio Gonz\u00e1lez (IUBO-AG) fue fundado en 1964 con el cometido de estudiar los metabolitos secundarios producidos por organismos marinos y terrestres de la biodiversidad canaria, al objeto&#8230;<\/p>\n","protected":false},"author":2,"featured_media":0,"parent":0,"menu_order":0,"comment_status":"closed","ping_status":"closed","template":"templates\/template-no-title.php","meta":[],"_links":{"self":[{"href":"https:\/\/www.ull.es\/institutos\/instituto-universitario-bio-organica\/wp-json\/wp\/v2\/pages\/28"}],"collection":[{"href":"https:\/\/www.ull.es\/institutos\/instituto-universitario-bio-organica\/wp-json\/wp\/v2\/pages"}],"about":[{"href":"https:\/\/www.ull.es\/institutos\/instituto-universitario-bio-organica\/wp-json\/wp\/v2\/types\/page"}],"author":[{"embeddable":true,"href":"https:\/\/www.ull.es\/institutos\/instituto-universitario-bio-organica\/wp-json\/wp\/v2\/users\/2"}],"replies":[{"embeddable":true,"href":"https:\/\/www.ull.es\/institutos\/instituto-universitario-bio-organica\/wp-json\/wp\/v2\/comments?post=28"}],"version-history":[{"count":5,"href":"https:\/\/www.ull.es\/institutos\/instituto-universitario-bio-organica\/wp-json\/wp\/v2\/pages\/28\/revisions"}],"predecessor-version":[{"id":183,"href":"https:\/\/www.ull.es\/institutos\/instituto-universitario-bio-organica\/wp-json\/wp\/v2\/pages\/28\/revisions\/183"}],"wp:attachment":[{"href":"https:\/\/www.ull.es\/institutos\/instituto-universitario-bio-organica\/wp-json\/wp\/v2\/media?parent=28"}],"curies":[{"name":"wp","href":"https:\/\/api.w.org\/{rel}","templated":true}]}}