{"id":59,"date":"2021-08-17T17:42:03","date_gmt":"2021-08-17T17:42:03","guid":{"rendered":"https:\/\/www.ull.es\/institutos\/instituto-universitario-bio-organica\/?page_id=59"},"modified":"2023-11-13T09:10:31","modified_gmt":"2023-11-13T09:10:31","slug":"equipo-directivo","status":"publish","type":"page","link":"https:\/\/www.ull.es\/institutos\/instituto-universitario-bio-organica\/equipo-directivo\/","title":{"rendered":"Equipo directivo"},"content":{"rendered":"<p>[vc_row full_width=\u00bbstretch_row_content\u00bb el_class=\u00bbprincipio-marcha\u00bb][vc_column css=\u00bb.vc_custom_1588939369209{padding-top: 40px !important;}\u00bb][vc_custom_heading text=\u00bbEquipo directivo\u00bb font_container=\u00bbtag:h2|text_align:center|color:%23ffffff\u00bb use_theme_fonts=\u00bbyes\u00bb css_animation=\u00bbfadeInDownBig\u00bb][\/vc_column][\/vc_row][vc_row][vc_column][vc_empty_space height=\u00bb7.5em\u00bb][vc_row_inner equal_height=\u00bbyes\u00bb gap=\u00bb20&#8243;][vc_column_inner width=\u00bb1\/3&#8243; css=\u00bb.vc_custom_1606910011087{background-color: #dbdbdb !important;}\u00bb][vc_empty_space height=\u00bb20px\u00bb][vc_single_image image=\u00bb454&#8243; img_size=\u00bb200&#215;200&#8243; alignment=\u00bbcenter\u00bb][vc_empty_space height=\u00bb20px\u00bb][vc_column_text]<\/p>\n<p style=\"text-align: center;\"><strong>Dr. Jos\u00e9 Manuel Padr\u00f3n Carrillo<\/strong><\/p>\n<h3 class=\"sppb-addon-title sppb-feature-box-title\"><\/h3>\n<p>[\/vc_column_text][vc_column_text]<\/p>\n<p style=\"text-align: center;\"><strong>Director<\/strong><br \/>\nDepartamento de Qu\u00edmica Org\u00e1nica, Facultad de Ciencias, ULL<br \/>\nCorreo electr\u00f3nico: <a href=\"mailto:jmpadron@ull.edu.es\" target=\"_blank\" rel=\"noopener\" target=\"_blank\" rel=\"noopener\">jmpadron@ull.es<\/a><\/p>\n<p>[\/vc_column_text][vc_empty_space][\/vc_column_inner][vc_column_inner width=\u00bb1\/3&#8243; css=\u00bb.vc_custom_1606910017582{background-color: #dbdbdb !important;}\u00bb][vc_empty_space height=\u00bb20px\u00bb][vc_single_image image=\u00bb453&#8243; img_size=\u00bb200&#215;200&#8243; alignment=\u00bbcenter\u00bb][vc_empty_space height=\u00bb20px\u00bb][vc_column_text]<\/p>\n<p style=\"text-align: center;\"><strong>Dra. Carolina Mallol Duque<\/strong><\/p>\n<p>[\/vc_column_text][vc_empty_space height=\u00bb20px\u00bb][vc_column_text]<\/p>\n<p style=\"text-align: center;\"><strong>Subdirectora<\/strong><br \/>\nDepartamento de Geograf\u00eda e Historia, Facultad de Humanidades, ULL<br \/>\nCorreo electr\u00f3nico: <a href=\"mailto:cmallol@ull.edu.es\" target=\"_blank\" rel=\"noopener\" target=\"_blank\" rel=\"noopener\">cmallol@ull.es<\/a><\/p>\n<p>[\/vc_column_text][vc_empty_space][\/vc_column_inner][vc_column_inner width=\u00bb1\/3&#8243; css=\u00bb.vc_custom_1606910023883{background-color: #dbdbdb !important;}\u00bb][vc_empty_space height=\u00bb20px\u00bb][vc_single_image image=\u00bb443&#8243; img_size=\u00bb200&#215;200&#8243; alignment=\u00bbcenter\u00bb][vc_empty_space height=\u00bb20px\u00bb][vc_column_text]<\/p>\n<p style=\"text-align: center;\"><strong>Dr. David D\u00edaz D\u00edaz<\/strong><\/p>\n<h3 class=\"sppb-addon-title sppb-feature-box-title\"><\/h3>\n<p>[\/vc_column_text][vc_column_text]<\/p>\n<p style=\"text-align: center;\"><strong>Secretario<\/strong><br \/>\nDepartamento de Qu\u00edmica Org\u00e1nica, Facultad de Ciencias, ULL<br \/>\nCorreo electr\u00f3nico: <a href=\"mailto:ddiazdiaz@ull.edu.es\" target=\"_blank\" rel=\"noopener\" target=\"_blank\" rel=\"noopener\">ddiazdiaz@ull.es<\/a><\/p>\n<p>[\/vc_column_text][vc_empty_space][\/vc_column_inner][\/vc_row_inner][vc_empty_space height=\u00bb8em\u00bb][\/vc_column][\/vc_row]<\/p>\n","protected":false},"excerpt":{"rendered":"<p>[vc_row full_width=\u00bbstretch_row_content\u00bb el_class=\u00bbprincipio-marcha\u00bb][vc_column css=\u00bb.vc_custom_1588939369209{padding-top: 40px !important;}\u00bb][vc_custom_heading text=\u00bbEquipo directivo\u00bb font_container=\u00bbtag:h2|text_align:center|color:%23ffffff\u00bb use_theme_fonts=\u00bbyes\u00bb css_animation=\u00bbfadeInDownBig\u00bb][\/vc_column][\/vc_row][vc_row][vc_column][vc_empty_space height=\u00bb7.5em\u00bb][vc_row_inner equal_height=\u00bbyes\u00bb gap=\u00bb20&#8243;][vc_column_inner width=\u00bb1\/3&#8243; css=\u00bb.vc_custom_1606910011087{background-color: #dbdbdb !important;}\u00bb][vc_empty_space height=\u00bb20px\u00bb][vc_single_image image=\u00bb454&#8243; img_size=\u00bb200&#215;200&#8243; alignment=\u00bbcenter\u00bb][vc_empty_space height=\u00bb20px\u00bb][vc_column_text] Dr. Jos\u00e9 Manuel Padr\u00f3n Carrillo [\/vc_column_text][vc_column_text] Director Departamento de Qu\u00edmica Org\u00e1nica, Facultad de Ciencias, ULL Correo electr\u00f3nico: jmpadron@ull.es [\/vc_column_text][vc_empty_space][\/vc_column_inner][vc_column_inner width=\u00bb1\/3&#8243; css=\u00bb.vc_custom_1606910017582{background-color: #dbdbdb !important;}\u00bb][vc_empty_space height=\u00bb20px\u00bb][vc_single_image image=\u00bb453&#8243; img_size=\u00bb200&#215;200&#8243; alignment=\u00bbcenter\u00bb][vc_empty_space height=\u00bb20px\u00bb][vc_column_text] Dra. Carolina Mallol Duque&#8230;<\/p>\n","protected":false},"author":2,"featured_media":0,"parent":0,"menu_order":0,"comment_status":"closed","ping_status":"closed","template":"templates\/template-no-title.php","meta":[],"_links":{"self":[{"href":"https:\/\/www.ull.es\/institutos\/instituto-universitario-bio-organica\/wp-json\/wp\/v2\/pages\/59"}],"collection":[{"href":"https:\/\/www.ull.es\/institutos\/instituto-universitario-bio-organica\/wp-json\/wp\/v2\/pages"}],"about":[{"href":"https:\/\/www.ull.es\/institutos\/instituto-universitario-bio-organica\/wp-json\/wp\/v2\/types\/page"}],"author":[{"embeddable":true,"href":"https:\/\/www.ull.es\/institutos\/instituto-universitario-bio-organica\/wp-json\/wp\/v2\/users\/2"}],"replies":[{"embeddable":true,"href":"https:\/\/www.ull.es\/institutos\/instituto-universitario-bio-organica\/wp-json\/wp\/v2\/comments?post=59"}],"version-history":[{"count":40,"href":"https:\/\/www.ull.es\/institutos\/instituto-universitario-bio-organica\/wp-json\/wp\/v2\/pages\/59\/revisions"}],"predecessor-version":[{"id":456,"href":"https:\/\/www.ull.es\/institutos\/instituto-universitario-bio-organica\/wp-json\/wp\/v2\/pages\/59\/revisions\/456"}],"wp:attachment":[{"href":"https:\/\/www.ull.es\/institutos\/instituto-universitario-bio-organica\/wp-json\/wp\/v2\/media?parent=59"}],"curies":[{"name":"wp","href":"https:\/\/api.w.org\/{rel}","templated":true}]}}