{"id":213,"date":"2021-07-13T12:46:16","date_gmt":"2021-07-13T12:46:16","guid":{"rendered":"https:\/\/www.ull.es\/institutos\/instituto-estudios-medievales-renancentistas\/?page_id=57"},"modified":"2022-04-07T10:29:09","modified_gmt":"2022-04-07T10:29:09","slug":"presentacion","status":"publish","type":"page","link":"https:\/\/www.ull.es\/institutos\/instituto-universitario-de-desarrollo-regional\/presentacion\/","title":{"rendered":"Presentaci\u00f3n"},"content":{"rendered":"<p>[vc_row full_width=\u00bbstretch_row_content\u00bb el_class=\u00bbprincipio-marcha\u00bb][vc_column css=\u00bb.vc_custom_1626182143646{padding-top: 40px !important;}\u00bb el_class=\u00bbprincipio-marcha\u00bb][vc_custom_heading text=\u00bbPresentaci\u00f3n\u00bb font_container=\u00bbtag:h2|text_align:center|color:%23ffffff\u00bb use_theme_fonts=\u00bbyes\u00bb css_animation=\u00bbfadeInDownBig\u00bb][\/vc_column][\/vc_row][vc_row full_width=\u00bbstretch_row_content\u00bb equal_height=\u00bbyes\u00bb][vc_column width=\u00bb1\/2&#8243; css=\u00bb.vc_custom_1588936329456{padding-top: 5% !important;padding-right: 10% !important;padding-bottom: 5% !important;padding-left: 10% !important;background-color: #f2f2f2 !important;}\u00bb][vc_column_text]El Instituto Universitario de Desarrollo Regional (IUDR) de La Universidad de La Laguna es un centro de investigaci\u00f3n y formaci\u00f3n especializada. El objetivo prioritario del Instituto es el de promover una plataforma de investigaci\u00f3n, de car\u00e1cter abierto y del m\u00e1s alto nivel acad\u00e9mico, en el marco amplio de las \u00e1reas de conocimiento que lo integran. Actualmente se encuentran adscritos al IUDR profesores e investigadores de las \u00e1reas de Derecho, Econom\u00eda, Estad\u00edstica, Investigaci\u00f3n Operativa y Computaci\u00f3n y Geograf\u00eda de la Universidad de La Laguna, participando adem\u00e1s en sus actividades investigadores de otros organismos y universidades nacionales y extranjeras.[\/vc_column_text][\/vc_column][vc_column width=\u00bb1\/2&#8243; css=\u00bb.vc_custom_1649327012635{background: #e5e5e5 url(http:\/\/www.ull.es\/institutos\/instituto-universitario-de-desarrollo-regional\/wp-content\/uploads\/sites\/28\/2022\/04\/desarrollo-3.jpg?id=249) !important;background-position: center !important;background-repeat: no-repeat !important;background-size: cover !important;}\u00bb][vc_empty_space height=\u00bb500px\u00bb][\/vc_column][\/vc_row]<\/p>\n","protected":false},"excerpt":{"rendered":"<p>[vc_row full_width=\u00bbstretch_row_content\u00bb el_class=\u00bbprincipio-marcha\u00bb][vc_column css=\u00bb.vc_custom_1626182143646{padding-top: 40px !important;}\u00bb el_class=\u00bbprincipio-marcha\u00bb][vc_custom_heading text=\u00bbPresentaci\u00f3n\u00bb font_container=\u00bbtag:h2|text_align:center|color:%23ffffff\u00bb use_theme_fonts=\u00bbyes\u00bb css_animation=\u00bbfadeInDownBig\u00bb][\/vc_column][\/vc_row][vc_row full_width=\u00bbstretch_row_content\u00bb equal_height=\u00bbyes\u00bb][vc_column width=\u00bb1\/2&#8243; css=\u00bb.vc_custom_1588936329456{padding-top: 5% !important;padding-right: 10% !important;padding-bottom: 5% !important;padding-left: 10% !important;background-color: #f2f2f2 !important;}\u00bb][vc_column_text]El Instituto Universitario de Desarrollo Regional (IUDR) de La Universidad de La Laguna es un centro de investigaci\u00f3n y formaci\u00f3n especializada. El objetivo prioritario del Instituto es el de promover una&#8230;<\/p>\n","protected":false},"author":4,"featured_media":0,"parent":0,"menu_order":0,"comment_status":"closed","ping_status":"closed","template":"templates\/template-no-title.php","meta":[],"_links":{"self":[{"href":"https:\/\/www.ull.es\/institutos\/instituto-universitario-de-desarrollo-regional\/wp-json\/wp\/v2\/pages\/213"}],"collection":[{"href":"https:\/\/www.ull.es\/institutos\/instituto-universitario-de-desarrollo-regional\/wp-json\/wp\/v2\/pages"}],"about":[{"href":"https:\/\/www.ull.es\/institutos\/instituto-universitario-de-desarrollo-regional\/wp-json\/wp\/v2\/types\/page"}],"author":[{"embeddable":true,"href":"https:\/\/www.ull.es\/institutos\/instituto-universitario-de-desarrollo-regional\/wp-json\/wp\/v2\/users\/4"}],"replies":[{"embeddable":true,"href":"https:\/\/www.ull.es\/institutos\/instituto-universitario-de-desarrollo-regional\/wp-json\/wp\/v2\/comments?post=213"}],"version-history":[{"count":3,"href":"https:\/\/www.ull.es\/institutos\/instituto-universitario-de-desarrollo-regional\/wp-json\/wp\/v2\/pages\/213\/revisions"}],"predecessor-version":[{"id":248,"href":"https:\/\/www.ull.es\/institutos\/instituto-universitario-de-desarrollo-regional\/wp-json\/wp\/v2\/pages\/213\/revisions\/248"}],"wp:attachment":[{"href":"https:\/\/www.ull.es\/institutos\/instituto-universitario-de-desarrollo-regional\/wp-json\/wp\/v2\/media?parent=213"}],"curies":[{"name":"wp","href":"https:\/\/api.w.org\/{rel}","templated":true}]}}