{"id":215,"date":"2021-07-13T12:47:03","date_gmt":"2021-07-13T12:47:03","guid":{"rendered":"https:\/\/www.ull.es\/institutos\/instituto-estudios-medievales-renancentistas\/?page_id=61"},"modified":"2025-06-13T13:34:42","modified_gmt":"2025-06-13T13:34:42","slug":"equipo-directivo","status":"publish","type":"page","link":"https:\/\/www.ull.es\/institutos\/instituto-universitario-de-desarrollo-regional\/equipo-directivo\/","title":{"rendered":"Equipo Directivo"},"content":{"rendered":"<p>[vc_row full_width=\u00bbstretch_row_content\u00bb el_class=\u00bbprincipio-marcha\u00bb][vc_column css=\u00bb.vc_custom_1588939369209{padding-top: 40px !important;}\u00bb][vc_custom_heading text=\u00bbEquipo\u00bb font_container=\u00bbtag:h2|text_align:center|color:%23ffffff\u00bb use_theme_fonts=\u00bbyes\u00bb css_animation=\u00bbfadeInDownBig\u00bb][\/vc_column][\/vc_row][vc_row full_width=\u00bbstretch_row_content\u00bb css=\u00bb.vc_custom_1649247258282{padding-right: 2% !important;padding-left: 2% !important;}\u00bb][vc_column][vc_empty_space height=\u00bb80px\u00bb][vc_column_text]<\/p>\n<h2 style=\"text-align: center;\">Equipo de direcci\u00f3n<\/h2>\n<p>[\/vc_column_text][vc_empty_space height=\u00bb20px\u00bb][vc_row_inner gap=\u00bb5&#8243;][vc_column_inner width=\u00bb1\/3&#8243; css=\u00bb.vc_custom_1649246954333{background-color: #ededed !important;}\u00bb][vc_column_text]<\/p>\n<p style=\"text-align: center;\"><strong>Director<\/strong><\/p>\n<p style=\"text-align: center;\"><a href=\"https:\/\/www.ull.es\/directorio\/search\/?busqueda=+Juan+Jos%C3%A9+D%C3%ADaz+Hern%C3%A1ndez+\" target=\"_blank\" rel=\"noopener\" target=\"_blank\" rel=\"noopener\">Juan Jos\u00e9 D\u00edaz Hern\u00e1ndez <\/a><\/p>\n<p>[\/vc_column_text][\/vc_column_inner][vc_column_inner width=\u00bb1\/3&#8243; css=\u00bb.vc_custom_1649246962494{background-color: #ededed !important;}\u00bb][vc_column_text]<\/p>\n<p style=\"text-align: center;\"><strong>Sudirectora<\/strong><\/p>\n<p style=\"text-align: center;\"><a href=\"https:\/\/www.ull.es\/directorio\/search\/?busqueda=rosa+marina\" target=\"_blank\" rel=\"noopener\" target=\"_blank\" rel=\"noopener\">Rosa Marina Gonz\u00e1lez Marrero<\/a><\/p>\n<p>[\/vc_column_text][\/vc_column_inner][vc_column_inner width=\u00bb1\/3&#8243; css=\u00bb.vc_custom_1649246968560{background-color: #ededed !important;}\u00bb][vc_column_text]<\/p>\n<p style=\"text-align: center;\"><strong>Secretario<\/strong><\/p>\n<p style=\"text-align: center;\"><a href=\"https:\/\/www.ull.es\/directorio\/search\/?busqueda=Jos%C3%A9+Andr%C3%A9s+Moreno+P%C3%A9rez\" target=\"_blank\" rel=\"noopener\" target=\"_blank\" rel=\"noopener\">Jos\u00e9 Andr\u00e9s Moreno P\u00e9rez<\/a><\/p>\n<p>[\/vc_column_text][\/vc_column_inner][\/vc_row_inner][vc_empty_space height=\u00bb80px\u00bb][vc_empty_space height=\u00bb80px\u00bb][\/vc_column][\/vc_row]<\/p>\n","protected":false},"excerpt":{"rendered":"<p>[vc_row full_width=\u00bbstretch_row_content\u00bb el_class=\u00bbprincipio-marcha\u00bb][vc_column css=\u00bb.vc_custom_1588939369209{padding-top: 40px !important;}\u00bb][vc_custom_heading text=\u00bbEquipo\u00bb font_container=\u00bbtag:h2|text_align:center|color:%23ffffff\u00bb use_theme_fonts=\u00bbyes\u00bb css_animation=\u00bbfadeInDownBig\u00bb][\/vc_column][\/vc_row][vc_row full_width=\u00bbstretch_row_content\u00bb css=\u00bb.vc_custom_1649247258282{padding-right: 2% !important;padding-left: 2% !important;}\u00bb][vc_column][vc_empty_space height=\u00bb80px\u00bb][vc_column_text] Equipo de direcci\u00f3n [\/vc_column_text][vc_empty_space height=\u00bb20px\u00bb][vc_row_inner gap=\u00bb5&#8243;][vc_column_inner width=\u00bb1\/3&#8243; css=\u00bb.vc_custom_1649246954333{background-color: #ededed !important;}\u00bb][vc_column_text] Director Juan Jos\u00e9 D\u00edaz Hern\u00e1ndez [\/vc_column_text][\/vc_column_inner][vc_column_inner width=\u00bb1\/3&#8243; css=\u00bb.vc_custom_1649246962494{background-color: #ededed !important;}\u00bb][vc_column_text] Sudirectora Rosa Marina Gonz\u00e1lez Marrero [\/vc_column_text][\/vc_column_inner][vc_column_inner width=\u00bb1\/3&#8243; css=\u00bb.vc_custom_1649246968560{background-color: #ededed !important;}\u00bb][vc_column_text] Secretario Jos\u00e9 Andr\u00e9s Moreno P\u00e9rez [\/vc_column_text][\/vc_column_inner][\/vc_row_inner][vc_empty_space height=\u00bb80px\u00bb][vc_empty_space height=\u00bb80px\u00bb][\/vc_column][\/vc_row]<\/p>\n","protected":false},"author":4,"featured_media":0,"parent":0,"menu_order":0,"comment_status":"closed","ping_status":"closed","template":"templates\/template-no-title.php","meta":[],"_links":{"self":[{"href":"https:\/\/www.ull.es\/institutos\/instituto-universitario-de-desarrollo-regional\/wp-json\/wp\/v2\/pages\/215"}],"collection":[{"href":"https:\/\/www.ull.es\/institutos\/instituto-universitario-de-desarrollo-regional\/wp-json\/wp\/v2\/pages"}],"about":[{"href":"https:\/\/www.ull.es\/institutos\/instituto-universitario-de-desarrollo-regional\/wp-json\/wp\/v2\/types\/page"}],"author":[{"embeddable":true,"href":"https:\/\/www.ull.es\/institutos\/instituto-universitario-de-desarrollo-regional\/wp-json\/wp\/v2\/users\/4"}],"replies":[{"embeddable":true,"href":"https:\/\/www.ull.es\/institutos\/instituto-universitario-de-desarrollo-regional\/wp-json\/wp\/v2\/comments?post=215"}],"version-history":[{"count":12,"href":"https:\/\/www.ull.es\/institutos\/instituto-universitario-de-desarrollo-regional\/wp-json\/wp\/v2\/pages\/215\/revisions"}],"predecessor-version":[{"id":343,"href":"https:\/\/www.ull.es\/institutos\/instituto-universitario-de-desarrollo-regional\/wp-json\/wp\/v2\/pages\/215\/revisions\/343"}],"wp:attachment":[{"href":"https:\/\/www.ull.es\/institutos\/instituto-universitario-de-desarrollo-regional\/wp-json\/wp\/v2\/media?parent=215"}],"curies":[{"name":"wp","href":"https:\/\/api.w.org\/{rel}","templated":true}]}}