{"id":24,"date":"2018-03-19T15:31:07","date_gmt":"2018-03-19T15:31:07","guid":{"rendered":"http:\/\/www.ull.es\/institutos\/instituto-universitario-empresa\/?page_id=24"},"modified":"2021-03-16T11:39:21","modified_gmt":"2021-03-16T11:39:21","slug":"investigacion","status":"publish","type":"page","link":"https:\/\/www.ull.es\/institutos\/instituto-universitario-de-desarrollo-regional\/investigacion\/","title":{"rendered":"Investigaci\u00f3n"},"content":{"rendered":"<p>[vc_row][vc_column width=\u00bb2\/3&#8243;][vc_column_text]<\/p>\n<h1>Investigaci\u00f3n<\/h1>\n<ul>\n<li><a href=\"https:\/\/www.ull.es\/institutos\/instituto-universitario-empresa\/investigacion\/lineas-de-investigacion\/\" target=\"_blank\" rel=\"noopener noreferrer\" target=\"_blank\" rel=\"noopener\">L\u00edneas de investigaci\u00f3n<\/a><\/li>\n<li><a href=\"https:\/\/docs.google.com\/spreadsheets\/d\/1e_1s44dYGOwl9mLFk0BEeCGepgvqGkTxWhK2ncrnzXY\/edit?usp=sharing\" target=\"_blank\" rel=\"noopener noreferrer\" target=\"_blank\" rel=\"noopener\">Proyectos de investigaci\u00f3n<\/a><\/li>\n<li><a href=\"https:\/\/docs.google.com\/spreadsheets\/d\/e\/2PACX-1vQSA3FNMYrS2_OzSLtfApbk0XM3G9uw9_cRutxmLRjtkNikdM8rXoQdEOT3kj_wY3iAfx6gl6OUBAKf\/pubhtml\" target=\"_blank\" rel=\"noopener noreferrer\" target=\"_blank\" rel=\"noopener\">Publicaciones<\/a><\/li>\n<li><a href=\"https:\/\/drive.google.com\/open?id=1E0CDz0zXoSuWOIFM5cUOuBMTs2_sOQ7x\" target=\"_blank\" rel=\"noopener noreferrer\" target=\"_blank\" rel=\"noopener\">Memorias de investigaci\u00f3n<\/a><\/li>\n<\/ul>\n<p>[\/vc_column_text][\/vc_column][vc_column width=\u00bb1\/3&#8243;][vc_column_text]\n<ul class=\"widget-box\">\n<li class='contacto-header'>Informaci\u00f3n de contacto<\/li><li><i class=\"fa fa-map-marker\"><\/i> Facultad de Econom\u00eda, Empresa y Turismo. Campus de Guajara s\/n. 38071. La Laguna<\/li><li><i class=\"fa fa-phone\"><\/i> (+34) 922 31 70 88<\/li><li><i class=\"fa fa-envelope\"><\/i>  <a href=mailto:inuder@ull.es>inuder@ull.es<\/a><\/li>\n<\/ul>\n\n[\/vc_column_text][\/vc_column][\/vc_row]<\/p>\n","protected":false},"excerpt":{"rendered":"<p>[vc_row][vc_column width=\u00bb2\/3&#8243;][vc_column_text] Investigaci\u00f3n L\u00edneas de investigaci\u00f3n Proyectos de investigaci\u00f3n Publicaciones Memorias de investigaci\u00f3n [\/vc_column_text][\/vc_column][vc_column width=\u00bb1\/3&#8243;][vc_column_text][\/vc_column_text][\/vc_column][\/vc_row]<\/p>\n","protected":false},"author":1,"featured_media":0,"parent":0,"menu_order":0,"comment_status":"closed","ping_status":"closed","template":"","meta":[],"_links":{"self":[{"href":"https:\/\/www.ull.es\/institutos\/instituto-universitario-de-desarrollo-regional\/wp-json\/wp\/v2\/pages\/24"}],"collection":[{"href":"https:\/\/www.ull.es\/institutos\/instituto-universitario-de-desarrollo-regional\/wp-json\/wp\/v2\/pages"}],"about":[{"href":"https:\/\/www.ull.es\/institutos\/instituto-universitario-de-desarrollo-regional\/wp-json\/wp\/v2\/types\/page"}],"author":[{"embeddable":true,"href":"https:\/\/www.ull.es\/institutos\/instituto-universitario-de-desarrollo-regional\/wp-json\/wp\/v2\/users\/1"}],"replies":[{"embeddable":true,"href":"https:\/\/www.ull.es\/institutos\/instituto-universitario-de-desarrollo-regional\/wp-json\/wp\/v2\/comments?post=24"}],"version-history":[{"count":7,"href":"https:\/\/www.ull.es\/institutos\/instituto-universitario-de-desarrollo-regional\/wp-json\/wp\/v2\/pages\/24\/revisions"}],"predecessor-version":[{"id":101,"href":"https:\/\/www.ull.es\/institutos\/instituto-universitario-de-desarrollo-regional\/wp-json\/wp\/v2\/pages\/24\/revisions\/101"}],"wp:attachment":[{"href":"https:\/\/www.ull.es\/institutos\/instituto-universitario-de-desarrollo-regional\/wp-json\/wp\/v2\/media?parent=24"}],"curies":[{"name":"wp","href":"https:\/\/api.w.org\/{rel}","templated":true}]}}