{"id":257,"date":"2022-04-07T13:53:15","date_gmt":"2022-04-07T13:53:15","guid":{"rendered":"https:\/\/www.ull.es\/institutos\/instituto-universitario-de-desarrollo-regional\/?page_id=257"},"modified":"2025-05-09T09:50:55","modified_gmt":"2025-05-09T09:50:55","slug":"miembros","status":"publish","type":"page","link":"https:\/\/www.ull.es\/institutos\/instituto-universitario-de-desarrollo-regional\/miembros\/","title":{"rendered":"Miembros"},"content":{"rendered":"<p>[vc_row full_width=\u00bbstretch_row_content\u00bb el_class=\u00bbprincipio-marcha\u00bb][vc_column css=\u00bb.vc_custom_1588939369209{padding-top: 40px !important;}\u00bb][vc_custom_heading text=\u00bbMiembros\u00bb font_container=\u00bbtag:h2|text_align:center|color:%23ffffff\u00bb use_theme_fonts=\u00bbyes\u00bb css_animation=\u00bbfadeInDownBig\u00bb][\/vc_column][\/vc_row][vc_row full_width=\u00bbstretch_row_content\u00bb css=\u00bb.vc_custom_1649328008318{padding-right: 2% !important;padding-left: 2% !important;}\u00bb][vc_column][vc_empty_space height=\u00bb80px\u00bb][vc_column_text]<\/p>\n<table class=\"table\">\n<thead>\n<tr>\n<th scope=\"col\">#<\/th>\n<th scope=\"col\">Miembro<\/th>\n<th scope=\"col\">Funci\u00f3n<\/th>\n<th scope=\"col\">Correo electr\u00f3nico<\/th>\n<th scope=\"col\">\u00c1rea de conocimiento<\/th>\n<\/tr>\n<\/thead>\n<tbody>\n<tr>\n<th scope=\"row\">1<\/th>\n<td>Ignacio Ab\u00e1solo Alesson<\/td>\n<td>Catedr\u00e1tico<\/td>\n<td><a href=\"mailto:iabasolo@ull.es\" target=\"_blank\" rel=\"noopener noreferrer\" target=\"_blank\" rel=\"noopener\">iabasolo@ull.es<\/a><\/td>\n<td>Grupo de econom\u00eda p\u00fablica y de la salud<\/td>\n<\/tr>\n<tr>\n<th scope=\"row\">2<\/th>\n<td>Carlos Bethencourt Marrero<\/td>\n<td>Profesor titular<\/td>\n<td><a href=\"mailto:cbethenc@ull.es\" target=\"_blank\" rel=\"noopener noreferrer\" target=\"_blank\" rel=\"noopener\">cbethenc@ull.es<\/a><\/td>\n<td>Grupo de Desarrollo Econ\u00f3mico, Energ\u00eda y Transporte<\/td>\n<\/tr>\n<tr>\n<th scope=\"row\">3<\/th>\n<td>Julio Brito Santana<\/td>\n<td>Profesor titular<\/td>\n<td><a href=\"mailto:jbrito@ull.es\" target=\"_blank\" rel=\"noopener noreferrer\" target=\"_blank\" rel=\"noopener\">jbrito@ull.es<\/a><\/td>\n<td>Grupo de computaci\u00f3n inteligente<\/td>\n<\/tr>\n<tr>\n<th scope=\"row\">4<\/th>\n<td>Pino Caballero Gil<\/td>\n<td>Catedr\u00e1tica<\/td>\n<td><a href=\"mailto:pcaballe@ull.edu.es\" target=\"_blank\" rel=\"noopener noreferrer\" target=\"_blank\" rel=\"noopener\">pcaballe@ull.es<\/a><\/td>\n<td>Grupo de criptolog\u00eda<\/td>\n<\/tr>\n<tr>\n<th scope=\"row\">5<\/th>\n<td>Marianela Carrillo Fernandez<\/td>\n<td>Profesora titular<\/td>\n<td><a href=\"mailto:mcarrif@ull.edu.es\" target=\"_blank\" rel=\"noopener noreferrer\" target=\"_blank\" rel=\"noopener\">mcarrif@ull.edu.es<\/a><\/td>\n<td>Grupo M\u00e9todos cuantitativos para la econom\u00eda y la empresa<\/td>\n<\/tr>\n<tr>\n<th scope=\"row\">6<\/th>\n<td>Seraf\u00edn Corral Quintana<\/td>\n<td>Profesor titular<\/td>\n<td><a href=\"mailto:scorral@ull.es\" target=\"_blank\" rel=\"noopener noreferrer\" target=\"_blank\" rel=\"noopener\">scorral@ull.es<\/a><\/td>\n<td>Grupo de Estudios de Planificaci\u00f3n Estrat\u00e9gica y Prospectiva. Grupo Turismo y ordenaci\u00f3n del territorio en espacios insulares<\/td>\n<\/tr>\n<tr>\n<th scope=\"row\">7<\/th>\n<td>Juan Jos\u00e9 D\u00edaz Hern\u00e1ndez<\/td>\n<td>Profesor titular<\/td>\n<td><a href=\"mailto:jjodiaz@ull.edu.es\" target=\"_blank\" rel=\"noopener noreferrer\" target=\"_blank\" rel=\"noopener\">jjodiaz@ull.es<\/a><\/td>\n<td>Grupo de Econom\u00eda de la Productividad, el Transporte y la Energ\u00eda<\/td>\n<\/tr>\n<tr>\n<th scope=\"row\">8<\/th>\n<td>Cristofer Juan Exp\u00f3sito Izquierdo<\/td>\n<td>Profesor ayudante Doctor<\/td>\n<td><a href=\"mailto:cexposit@ull.edu.es\" target=\"_blank\" rel=\"noopener\" target=\"_blank\" rel=\"noopener\">cexposit@ull.es<\/a><\/td>\n<td>Grupo de Computaci\u00f3n Inteligente<\/td>\n<\/tr>\n<tr>\n<th scope=\"row\">9<\/th>\n<td>Carina Gonz\u00e1lez Gonz\u00e1lez<\/td>\n<td>Catedr\u00e1tica<\/td>\n<td><a href=\"mailto:cjgonza@ull.es\" target=\"_blank\" rel=\"noopener noreferrer\" target=\"_blank\" rel=\"noopener\">cjgonza@ull.es<\/a><\/td>\n<td>Grupo Computadoras y Control. Grupo Interacci\u00f3n, TIC y Educaci\u00f3n<\/td>\n<\/tr>\n<tr>\n<th scope=\"row\">10<\/th>\n<td>Rosa Marina Gonz\u00e1lez Marrero<\/td>\n<td>Catedr\u00e1tica<\/td>\n<td><a href=\"mailto:rmglzmar@ull.es\" target=\"_blank\" rel=\"noopener noreferrer\" target=\"_blank\" rel=\"noopener\">rmglzmar@ull.es<\/a><\/td>\n<td>Grupo Desarrollo Econ\u00f3mico, Energ\u00eda y Transporte. Grupo Econom\u00eda de la productividad, el transporte y la energ\u00eda<\/td>\n<\/tr>\n<tr>\n<th scope=\"row\">11<\/th>\n<td>Teresa Gonz\u00e1lez P\u00e9rez<\/td>\n<td>Catedr\u00e1tica<\/td>\n<td><a href=\"mailto:teregonz@ull.edu.es\" target=\"_blank\" rel=\"noopener noreferrer\" target=\"_blank\" rel=\"noopener\">teregonz@ull.es<\/a><\/td>\n<td>Departamento de Historia y Filosof\u00eda de la Ciencia, la Educaci\u00f3n y el Lenguaje<\/td>\n<\/tr>\n<tr>\n<th scope=\"row\">12<\/th>\n<td>Andr\u00e9s M. Gonz\u00e1lez Sanfiel<\/td>\n<td>Profesor titular<\/td>\n<td><a href=\"mailto:asanfiel@ull.es\" target=\"_blank\" rel=\"noopener noreferrer\" target=\"_blank\" rel=\"noopener\">asanfiel@ull.es<\/a><\/td>\n<td>Grupo de derecho administrativo<\/td>\n<\/tr>\n<tr>\n<th scope=\"row\">13<\/th>\n<td>Francisco Hern\u00e1ndez Gonz\u00e1lez<\/td>\n<td>Profesor titular<\/td>\n<td><a href=\"mailto:fcohdez@ull.es\" target=\"_blank\" rel=\"noopener noreferrer\" target=\"_blank\" rel=\"noopener\">fcohdez@ull.es<\/a><\/td>\n<td>Grupo de derecho administrativo<\/td>\n<\/tr>\n<tr>\n<th scope=\"row\">14<\/th>\n<td>Mar\u00eda Candelaria Hern\u00e1ndez Goya<\/td>\n<td>Profesor titular<\/td>\n<td><a href=\"mailto:mchgoya@ull.es\" target=\"_blank\" rel=\"noopener noreferrer\" target=\"_blank\" rel=\"noopener\">mchgoya@ull.es<\/a><\/td>\n<td>Grupo de Criptolog\u00eda<\/td>\n<\/tr>\n<tr>\n<th scope=\"row\">15<\/th>\n<td>Jes\u00fas Francisco Hern\u00e1ndez Hern\u00e1ndez<\/td>\n<td>Profesor titular<\/td>\n<td><a href=\"mailto:jfhdez@ull.es\" target=\"_blank\" rel=\"noopener noreferrer\" target=\"_blank\" rel=\"noopener\">jfhdez@ull.es<\/a><\/td>\n<td>Grupo de Estudios de Planificaci\u00f3n Estrat\u00e9gica y Prospectiva. Grupo Turismo y ordenaci\u00f3n del territorio en espacios insulares<\/td>\n<\/tr>\n<tr>\n<th scope=\"row\">16<\/th>\n<td>Antonio Mac\u00edas Hern\u00e1ndez<\/td>\n<td>Catedr\u00e1tico<\/td>\n<td><a href=\"mailto:amacias@ull.es\" target=\"_blank\" rel=\"noopener noreferrer\" target=\"_blank\" rel=\"noopener\">amacias@ull.es<\/a><\/td>\n<td>Grupo de Estudios de Planificaci\u00f3n Estrat\u00e9gica y Prospectiva. Grupo Historia Econ\u00f3mica Institucional<\/td>\n<\/tr>\n<tr>\n<th scope=\"row\">17<\/th>\n<td>Javier Mata Gonz\u00e1lez<\/td>\n<td>Profesor Titular<\/td>\n<td><a href=\"mailto:jmata@ull.edu.es\" target=\"_blank\" rel=\"noopener noreferrer\" target=\"_blank\" rel=\"noopener\"> jmata@ull.es<\/a><\/td>\n<td>Departamento de Ingenier\u00eda Agr\u00edcola y del Medio Natural<\/td>\n<\/tr>\n<tr>\n<th scope=\"row\">18<\/th>\n<td>Gustavo Marrero D\u00edaz<\/td>\n<td>Catedr\u00e1tico<\/td>\n<td><a href=\"mailto:gmarrero@ull.es\" target=\"_blank\" rel=\"noopener noreferrer\" target=\"_blank\" rel=\"noopener\">gmarrero@ull.es<\/a><\/td>\n<td>\u00c1rea de conocimiento: Fundamentos del An\u00e1lisis Econ\u00f3mico<\/td>\n<\/tr>\n<tr>\n<th scope=\"row\">19<\/th>\n<td>\u00c1ngel Sim\u00f3n Marrero Llinares<\/td>\n<td>Profesor Ayudante Doctor<\/td>\n<td><a href=\"mailto:amarrerl@ull.edu.es\" target=\"_blank\" rel=\"noopener noreferrer\" target=\"_blank\" rel=\"noopener\">amarrerl@ull.es<\/a><\/td>\n<td>Grupo de Estudios de Planificaci\u00f3n Estrat\u00e9gica y Prospectiva<\/td>\n<\/tr>\n<tr>\n<th scope=\"row\">20<\/th>\n<td>Eduardo Mart\u00ednez Budr\u00eda<\/td>\n<td>Profesor titular<\/td>\n<td><a href=\"mailto:embudria@ull.es\" target=\"_blank\" rel=\"noopener noreferrer\" target=\"_blank\" rel=\"noopener\">embudria@ull.es<\/a><\/td>\n<td>Grupo Desarrollo Econ\u00f3mico, Energ\u00eda y Transporte<\/td>\n<\/tr>\n<tr>\n<th scope=\"row\">21<\/th>\n<td>Bel\u00e9n Meli\u00e1n Batista<\/td>\n<td>Catedr\u00e1tica<\/td>\n<td><a href=\"mailto:mbmelian@ull.es\" target=\"_blank\" rel=\"noopener noreferrer\" target=\"_blank\" rel=\"noopener\">mbmelian@ull.es<\/a><\/td>\n<td>Grupo de computaci\u00f3n inteligente<\/td>\n<\/tr>\n<tr>\n<th scope=\"row\">22<\/th>\n<td>Jos\u00e9 A. Moreno P\u00e9rez<\/td>\n<td>Catedr\u00e1tica<\/td>\n<td><a href=\"mailto:jamoreno@ull.edu.es\" target=\"_blank\" rel=\"noopener noreferrer\" target=\"_blank\" rel=\"noopener\">jamoreno@ull.es<\/a><\/td>\n<td>Grupo de computaci\u00f3n inteligente<\/td>\n<\/tr>\n<tr>\n<th scope=\"row\">23<\/th>\n<td>J. Marcos Moreno Vega<\/td>\n<td>Catedr\u00e1tico<\/td>\n<td><a href=\"mailto:jmmoreno@ull.es\" target=\"_blank\" rel=\"noopener noreferrer\" target=\"_blank\" rel=\"noopener\">jmmoreno@ull.es<\/a><\/td>\n<td>Grupo de computaci\u00f3n inteligente<\/td>\n<\/tr>\n<tr>\n<th scope=\"row\">24<\/th>\n<td>Manuel Navarro Ib\u00e1\u00f1ez<\/td>\n<td>Catedr\u00e1tico<\/td>\n<td><a href=\"mailto:mnavarro@ull.es\" target=\"_blank\" rel=\"noopener noreferrer\" target=\"_blank\" rel=\"noopener\">mnavarro@ull.es<\/a><\/td>\n<td>Grupo de Estudios de Planificaci\u00f3n Estrat\u00e9gica y Prospectiva<\/td>\n<\/tr>\n<tr>\n<th scope=\"row\">25<\/th>\n<td>Imanol Lorenzo Nieto Gonz\u00e1lez<\/td>\n<td>Personal investigador en Formaci\u00f3n FPI\/FPU<\/td>\n<td><a href=\"mailto:inietogo@ull.edu.es\" target=\"_blank\" rel=\"noopener noreferrer\" target=\"_blank\" rel=\"noopener\">inietogo@ull.es<\/a><\/td>\n<td>Grupo de Estudios de Planificaci\u00f3n Estrat\u00e9gica y Prospectiva. Grupo M\u00e9todos cuantitativos para la econom\u00eda y la empresa<\/td>\n<\/tr>\n<tr>\n<th scope=\"row\">26<\/th>\n<td>Pavel Novoa Hern\u00e1ndez<\/td>\n<td>Profesor Ayudante Doctor<\/td>\n<td><a href=\"mailto:pnovoahe@ull.edu.es\" target=\"_blank\" rel=\"noopener noreferrer\" target=\"_blank\" rel=\"noopener\">pnovoahe@ull.es<\/a><\/td>\n<td>Departamento de Ingenier\u00eda Inform\u00e1tica y de Sistemas<\/td>\n<\/tr>\n<tr>\n<th scope=\"row\">27<\/th>\n<td>Noemi Padr\u00f3n Fumero<\/td>\n<td>Profesor contratado doctor<\/td>\n<td><a href=\"mailto:npadron@ull.edu.es\" target=\"_blank\" rel=\"noopener noreferrer\" target=\"_blank\" rel=\"noopener\">npadron@ull.es<\/a><\/td>\n<td>Grupo de Investigaci\u00f3n de Datos para un Desarrollo Sostenible en las Islas e Impactos de la Pol\u00edtica Tur\u00edstica sobre los Destinos<\/td>\n<\/tr>\n<tr>\n<th scope=\"row\">28<\/th>\n<td>Fernando Perera Tallo<\/td>\n<td>Profesor titular<\/td>\n<td><a href=\"mailto:fperera@ull.es\" target=\"_blank\" rel=\"noopener noreferrer\" target=\"_blank\" rel=\"noopener\">fperera@ull.es<\/a><\/td>\n<td>Grupo de desarrollo econ\u00f3mico, energ\u00eda y transporte<\/td>\n<\/tr>\n<tr>\n<th scope=\"row\">29<\/th>\n<td>Juan Luis Ramos Su\u00e1rez<\/td>\n<td>Profesor Ayudante Doctor<\/td>\n<td><a href=\"mailto:jramossu@ull.edu.es\" target=\"_blank\" rel=\"noopener noreferrer\" target=\"_blank\" rel=\"noopener\">jramossu@ull.es<\/a><\/td>\n<td>Departamento de Ingenier\u00eda Agr\u00edcola y del Medio Natural<\/td>\n<\/tr>\n<tr>\n<th scope=\"row\">30<\/th>\n<td>Jorge Riera Ledesma<\/td>\n<td>Profesor titular<\/td>\n<td><a href=\"mailto:jriera@ull.es\" target=\"_blank\" rel=\"noopener noreferrer\" target=\"_blank\" rel=\"noopener\">jriera@ull.es<\/a><\/td>\n<td>Grupo de optimizaci\u00f3n matem\u00e1tica aplicada<\/td>\n<\/tr>\n<tr>\n<th scope=\"row\">31<\/th>\n<td>Axel Ritter Rodr\u00edguez<\/td>\n<td>Catedr\u00e1tico<\/td>\n<td><a href=\"mailto:aritter@ull.es\" target=\"_blank\" rel=\"noopener noreferrer\" target=\"_blank\" rel=\"noopener\">aritter@ull.es<\/a><\/td>\n<td>Departamento de Ingenier\u00eda Agraria y del Medio Natural<\/td>\n<\/tr>\n<tr>\n<th scope=\"row\">32<\/th>\n<td>Inmaculada Rodr\u00edguez Mart\u00edn<\/td>\n<td>Profesor titular<\/td>\n<td><a href=\"mailto:irguez@ull.es\" target=\"_blank\" rel=\"noopener noreferrer\" target=\"_blank\" rel=\"noopener\">irguez@ull.es<\/a><\/td>\n<td>Grupo de optimizaci\u00f3n matem\u00e1tica aplicada<\/td>\n<\/tr>\n<tr>\n<th scope=\"row\">33<\/th>\n<td>Manuel Jes\u00fas Rodr\u00edguez Valido<\/td>\n<td>Profesor Titular de Universidad<\/td>\n<td><a href=\"mailto:mrvalido@ull.es\" target=\"_blank\" rel=\"noopener noreferrer\" target=\"_blank\" rel=\"noopener\">mrvalido@ull.es<\/a><\/td>\n<td>\u00c1rea de Conocimiento: Tecnolog\u00eda Electr\u00f3nica\/td&gt;<\/td>\n<\/tr>\n<tr>\n<th scope=\"row\">34<\/th>\n<td>C\u00e1ndido Rom\u00e1n Cervantes<\/td>\n<td>Profesor titular<\/td>\n<td><a href=\"mailto:croman@ull.es\" target=\"_blank\" rel=\"noopener noreferrer\" target=\"_blank\" rel=\"noopener\">croman@ull.es<\/a><\/td>\n<td>Grupo de investigaci\u00f3n en Econom\u00eda Social y Colaborativa<\/td>\n<\/tr>\n<tr>\n<th scope=\"row\">35<\/th>\n<td>Francisco Villar Rojas<\/td>\n<td>Catedr\u00e1tico<\/td>\n<td><a href=\"mailto:fjvillar@ull.es\" target=\"_blank\" rel=\"noopener noreferrer\" target=\"_blank\" rel=\"noopener\">fjvillar@ull.es<\/a><\/td>\n<td>Grupo de derecho administrativo<\/td>\n<\/tr>\n<\/tbody>\n<\/table>\n<p>[\/vc_column_text][vc_empty_space height=\u00bb80px\u00bb][\/vc_column][\/vc_row]<\/p>\n","protected":false},"excerpt":{"rendered":"<p>[vc_row full_width=\u00bbstretch_row_content\u00bb el_class=\u00bbprincipio-marcha\u00bb][vc_column css=\u00bb.vc_custom_1588939369209{padding-top: 40px !important;}\u00bb][vc_custom_heading text=\u00bbMiembros\u00bb font_container=\u00bbtag:h2|text_align:center|color:%23ffffff\u00bb use_theme_fonts=\u00bbyes\u00bb css_animation=\u00bbfadeInDownBig\u00bb][\/vc_column][\/vc_row][vc_row full_width=\u00bbstretch_row_content\u00bb css=\u00bb.vc_custom_1649328008318{padding-right: 2% !important;padding-left: 2% !important;}\u00bb][vc_column][vc_empty_space height=\u00bb80px\u00bb][vc_column_text] # Miembro Funci\u00f3n Correo electr\u00f3nico \u00c1rea de conocimiento 1 Ignacio Ab\u00e1solo Alesson Catedr\u00e1tico iabasolo@ull.es Grupo de econom\u00eda p\u00fablica y de la salud 2 Carlos Bethencourt Marrero Profesor titular cbethenc@ull.es Grupo de Desarrollo Econ\u00f3mico, Energ\u00eda y Transporte 3 Julio&#8230;<\/p>\n","protected":false},"author":2,"featured_media":0,"parent":0,"menu_order":0,"comment_status":"closed","ping_status":"closed","template":"templates\/template-no-title.php","meta":[],"_links":{"self":[{"href":"https:\/\/www.ull.es\/institutos\/instituto-universitario-de-desarrollo-regional\/wp-json\/wp\/v2\/pages\/257"}],"collection":[{"href":"https:\/\/www.ull.es\/institutos\/instituto-universitario-de-desarrollo-regional\/wp-json\/wp\/v2\/pages"}],"about":[{"href":"https:\/\/www.ull.es\/institutos\/instituto-universitario-de-desarrollo-regional\/wp-json\/wp\/v2\/types\/page"}],"author":[{"embeddable":true,"href":"https:\/\/www.ull.es\/institutos\/instituto-universitario-de-desarrollo-regional\/wp-json\/wp\/v2\/users\/2"}],"replies":[{"embeddable":true,"href":"https:\/\/www.ull.es\/institutos\/instituto-universitario-de-desarrollo-regional\/wp-json\/wp\/v2\/comments?post=257"}],"version-history":[{"count":27,"href":"https:\/\/www.ull.es\/institutos\/instituto-universitario-de-desarrollo-regional\/wp-json\/wp\/v2\/pages\/257\/revisions"}],"predecessor-version":[{"id":341,"href":"https:\/\/www.ull.es\/institutos\/instituto-universitario-de-desarrollo-regional\/wp-json\/wp\/v2\/pages\/257\/revisions\/341"}],"wp:attachment":[{"href":"https:\/\/www.ull.es\/institutos\/instituto-universitario-de-desarrollo-regional\/wp-json\/wp\/v2\/media?parent=257"}],"curies":[{"name":"wp","href":"https:\/\/api.w.org\/{rel}","templated":true}]}}