{"id":123,"date":"2019-05-09T10:12:49","date_gmt":"2019-05-09T10:12:49","guid":{"rendered":"http:\/\/www.ull.es\/institutos\/instituto-universitario-de-investigacion-social-y-turismo\/?page_id=123"},"modified":"2019-05-17T12:37:31","modified_gmt":"2019-05-17T12:37:31","slug":"formacion","status":"publish","type":"page","link":"https:\/\/www.ull.es\/institutos\/instituto-universitario-de-investigacion-social-y-turismo\/formacion\/","title":{"rendered":"Formaci\u00f3n"},"content":{"rendered":"<p>[vc_row][vc_column][vc_empty_space][vc_column_text]<\/p>\n<h1>FORMACI\u00d3N<\/h1>\n<p>[\/vc_column_text][vc_separator][vc_empty_space][vc_column_text]El Instituto de Ciencias Pol\u00edticas y Sociales de la Universidad de La Laguna gestiona, imparte y colabora en la docencia e investigaci\u00f3n acad\u00e9micas en diversas materias en torno al Turismo. Asimismo, organiza a menudo diversos seminarios y conferencias sobre temas de relevancia con hincapi\u00e9 en aqu\u00e9llos que abren nuevas v\u00edas hacia una gesti\u00f3n responsable de los recursos naturales para favorecer una explotaci\u00f3n sostenible de las actividades tur\u00edsticas.<\/p>\n<p>El profundo an\u00e1lisis de las distintas realidades e iniciativas internacionales hace posible dotar de una dimensi\u00f3n global a este tipo de actividades, enriqueciendo su contenido y garantaizando as\u00ed una transferencia eficiente del m\u00e1s rico conocimiento a alumnos y profesionales del Turismo.<\/p>\n<p>Se ofrecen t\u00edtulos oficiales de grado y posgrado, as\u00ed como la direcci\u00f3n de doctorados, concebidos para la mejora preparaci\u00f3n de los futuros trabajadores del Turismos, as\u00ed como estableciendo el entorno m\u00e1s adecuado y cohesivo para el desarrollo de actividades de investigaci\u00f3n.<\/p>\n<p><strong>Actualmente, el Instituto forma en los siguientes cursos:<\/strong>[\/vc_column_text][vc_empty_space][\/vc_column][\/vc_row][vc_row full_width=\u00bbstretch_row\u00bb css=\u00bb.vc_custom_1500894075041{padding-top: 50px !important;padding-bottom: 50px !important;background-color: #eeeeee !important;}\u00bb el_class=\u00bbvc-bloque-destacado bloque-destacado\u00bb][vc_column][vc_row_inner][vc_column_inner width=\u00bb1\/4&#8243;][vc_column_text]<a class=\"btn-destacado\" style=\"background-color: #663366;\" href=\"https:\/\/www.ull.es\/grados\/turismo\/\" target=\"_blank\" rel=\"noopener\">Grado en Turismo<i class=\"fa fa-arrow-right\"><\/i><\/a>[\/vc_column_text][\/vc_column_inner][vc_column_inner width=\u00bb1\/4&#8243;][vc_column_text]<a class=\"btn-destacado\" style=\"background-color: #006699;\" href=\"https:\/\/www.ull.es\/grados\/antropologia-social-cultural\/\" target=\"_blank\" rel=\"noopener noreferrer\" target=\"_blank\" rel=\"noopener\">Grado en Antropolog\u00eda Social y Cultural<i class=\"fa fa-arrow-right\"><\/i><\/a>[\/vc_column_text][\/vc_column_inner][vc_column_inner width=\u00bb1\/4&#8243;][vc_column_text]<a class=\"btn-destacado\" style=\"background-color: #999999;\" href=\"https:\/\/www.ull.es\/masteres\/direccion-planificacion-turismo\/\" target=\"_blank\" rel=\"noopener\">M\u00e1ster en Direcci\u00f3n y Planificaci\u00f3n del Turismo<i class=\"fa fa-arrow-right\"><\/i><\/a>[\/vc_column_text][\/vc_column_inner][vc_column_inner width=\u00bb1\/4&#8243;][vc_column_text]<a class=\"btn-destacado\" style=\"background-color: #44919d;\" href=\"https:\/\/www.ull.es\/doctorados\/derecho-sociedad-turismo\/\" target=\"_blank\" rel=\"noopener noreferrer\" target=\"_blank\" rel=\"noopener\">Doctorado en Turismo<i class=\"fa fa-arrow-right\"><\/i><\/a>[\/vc_column_text][\/vc_column_inner][\/vc_row_inner][\/vc_column][\/vc_row]<\/p>\n","protected":false},"excerpt":{"rendered":"<p>[vc_row][vc_column][vc_empty_space][vc_column_text] FORMACI\u00d3N [\/vc_column_text][vc_separator][vc_empty_space][vc_column_text]El Instituto de Ciencias Pol\u00edticas y Sociales de la Universidad de La Laguna gestiona, imparte y colabora en la docencia e investigaci\u00f3n acad\u00e9micas en diversas materias en torno al Turismo. Asimismo, organiza a menudo diversos seminarios y conferencias sobre temas de relevancia con hincapi\u00e9 en aqu\u00e9llos que abren nuevas v\u00edas hacia una gesti\u00f3n&#8230;<\/p>\n","protected":false},"author":2,"featured_media":0,"parent":0,"menu_order":0,"comment_status":"closed","ping_status":"closed","template":"templates\/template-no-title.php","meta":[],"_links":{"self":[{"href":"https:\/\/www.ull.es\/institutos\/instituto-universitario-de-investigacion-social-y-turismo\/wp-json\/wp\/v2\/pages\/123"}],"collection":[{"href":"https:\/\/www.ull.es\/institutos\/instituto-universitario-de-investigacion-social-y-turismo\/wp-json\/wp\/v2\/pages"}],"about":[{"href":"https:\/\/www.ull.es\/institutos\/instituto-universitario-de-investigacion-social-y-turismo\/wp-json\/wp\/v2\/types\/page"}],"author":[{"embeddable":true,"href":"https:\/\/www.ull.es\/institutos\/instituto-universitario-de-investigacion-social-y-turismo\/wp-json\/wp\/v2\/users\/2"}],"replies":[{"embeddable":true,"href":"https:\/\/www.ull.es\/institutos\/instituto-universitario-de-investigacion-social-y-turismo\/wp-json\/wp\/v2\/comments?post=123"}],"version-history":[{"count":17,"href":"https:\/\/www.ull.es\/institutos\/instituto-universitario-de-investigacion-social-y-turismo\/wp-json\/wp\/v2\/pages\/123\/revisions"}],"predecessor-version":[{"id":366,"href":"https:\/\/www.ull.es\/institutos\/instituto-universitario-de-investigacion-social-y-turismo\/wp-json\/wp\/v2\/pages\/123\/revisions\/366"}],"wp:attachment":[{"href":"https:\/\/www.ull.es\/institutos\/instituto-universitario-de-investigacion-social-y-turismo\/wp-json\/wp\/v2\/media?parent=123"}],"curies":[{"name":"wp","href":"https:\/\/api.w.org\/{rel}","templated":true}]}}