{"id":125,"date":"2019-05-09T10:13:18","date_gmt":"2019-05-09T10:13:18","guid":{"rendered":"http:\/\/www.ull.es\/institutos\/instituto-universitario-de-investigacion-social-y-turismo\/?page_id=125"},"modified":"2019-07-24T10:17:54","modified_gmt":"2019-07-24T10:17:54","slug":"titulaciones","status":"publish","type":"page","link":"https:\/\/www.ull.es\/institutos\/instituto-universitario-de-investigacion-social-y-turismo\/titulaciones\/","title":{"rendered":"Titulaciones"},"content":{"rendered":"<p>[vc_row][vc_column][vc_empty_space][\/vc_column][\/vc_row][vc_row][vc_column][vc_column_text]<\/p>\n<h1>T\u00edtulos Oficiales en Turismo<\/h1>\n<ul>\n<li><a href=\"https:\/\/www.ull.es\/doctorados\/derecho-sociedad-turismo\/\" target=\"_blank\" rel=\"noopener noreferrer\" target=\"_blank\" rel=\"noopener\">Doctorado en Derecho, Sociedad y Turismo<\/a><\/li>\n<li><a href=\"https:\/\/www.ull.es\/masteres\/direccion-planificacion-turismo\/\" target=\"_blank\" rel=\"noopener noreferrer\" target=\"_blank\" rel=\"noopener\">M\u00e1ster Universitario en Direcci\u00f3n y Planificaci\u00f3n del Turismo<\/a><\/li>\n<li><a href=\"https:\/\/www.ull.es\/grados\/turismo\" target=\"_blank\" rel=\"noopener noreferrer\" target=\"_blank\" rel=\"noopener\">Grado en Turismo<\/a><\/li>\n<\/ul>\n<h1>T\u00edtulos Oficiales Ciencias Sociales<\/h1>\n<ul>\n<li><a href=\"https:\/\/www.ull.es\/grados\/antropologia-social-cultural\/\" target=\"_blank\" rel=\"noopener noreferrer\" target=\"_blank\" rel=\"noopener\">Grado en Antropolog\u00eda Social Cultural<\/a><\/li>\n<li><a href=\"https:\/\/www.ull.es\/grados\/administracion-direccion-empresas\" target=\"_blank\" rel=\"noopener noreferrer\" target=\"_blank\" rel=\"noopener\">Grado en Administraci\u00f3n y Direcci\u00f3n de Empresas<\/a><\/li>\n<li><a href=\"https:\/\/www.ull.es\/grados\/sociologia\/\" target=\"_blank\" rel=\"noopener noreferrer\" target=\"_blank\" rel=\"noopener\">Grado en Sociolog\u00eda<\/a><\/li>\n<\/ul>\n<p>[\/vc_column_text][\/vc_column][\/vc_row]<\/p>\n","protected":false},"excerpt":{"rendered":"<p>[vc_row][vc_column][vc_empty_space][\/vc_column][\/vc_row][vc_row][vc_column][vc_column_text] T\u00edtulos Oficiales en Turismo Doctorado en Derecho, Sociedad y Turismo M\u00e1ster Universitario en Direcci\u00f3n y Planificaci\u00f3n del Turismo Grado en Turismo T\u00edtulos Oficiales Ciencias Sociales Grado en Antropolog\u00eda Social Cultural Grado en Administraci\u00f3n y Direcci\u00f3n de Empresas Grado en Sociolog\u00eda [\/vc_column_text][\/vc_column][\/vc_row]<\/p>\n","protected":false},"author":2,"featured_media":0,"parent":0,"menu_order":0,"comment_status":"closed","ping_status":"closed","template":"templates\/template-no-title.php","meta":[],"_links":{"self":[{"href":"https:\/\/www.ull.es\/institutos\/instituto-universitario-de-investigacion-social-y-turismo\/wp-json\/wp\/v2\/pages\/125"}],"collection":[{"href":"https:\/\/www.ull.es\/institutos\/instituto-universitario-de-investigacion-social-y-turismo\/wp-json\/wp\/v2\/pages"}],"about":[{"href":"https:\/\/www.ull.es\/institutos\/instituto-universitario-de-investigacion-social-y-turismo\/wp-json\/wp\/v2\/types\/page"}],"author":[{"embeddable":true,"href":"https:\/\/www.ull.es\/institutos\/instituto-universitario-de-investigacion-social-y-turismo\/wp-json\/wp\/v2\/users\/2"}],"replies":[{"embeddable":true,"href":"https:\/\/www.ull.es\/institutos\/instituto-universitario-de-investigacion-social-y-turismo\/wp-json\/wp\/v2\/comments?post=125"}],"version-history":[{"count":16,"href":"https:\/\/www.ull.es\/institutos\/instituto-universitario-de-investigacion-social-y-turismo\/wp-json\/wp\/v2\/pages\/125\/revisions"}],"predecessor-version":[{"id":404,"href":"https:\/\/www.ull.es\/institutos\/instituto-universitario-de-investigacion-social-y-turismo\/wp-json\/wp\/v2\/pages\/125\/revisions\/404"}],"wp:attachment":[{"href":"https:\/\/www.ull.es\/institutos\/instituto-universitario-de-investigacion-social-y-turismo\/wp-json\/wp\/v2\/media?parent=125"}],"curies":[{"name":"wp","href":"https:\/\/api.w.org\/{rel}","templated":true}]}}