{"id":24,"date":"2018-03-19T15:31:07","date_gmt":"2018-03-19T15:31:07","guid":{"rendered":"http:\/\/www.ull.es\/institutos\/instituto-universitario-ciencias-politicas-sociales\/?page_id=24"},"modified":"2020-07-21T09:39:33","modified_gmt":"2020-07-21T09:39:33","slug":"investigacion","status":"publish","type":"page","link":"https:\/\/www.ull.es\/institutos\/instituto-universitario-de-investigacion-social-y-turismo\/investigacion\/","title":{"rendered":"Investigaci\u00f3n"},"content":{"rendered":"<p>[vc_row][vc_column][vc_column_text]<\/p>\n<h1>Investigaci\u00f3n<\/h1>\n<ul>\n<li><a href=\"https:\/\/docs.google.com\/spreadsheets\/d\/e\/2PACX-1vRBdN0suHqRrP-957wt8-PaLHKPZ1nqXkoXU_O1nzOPJzgw_KUQDbRgSllsVUJL5AeH4KoZbP4V8MMY\/pubhtml?gid=762609600&amp;single=true\" target=\"_blank\" rel=\"noopener noreferrer\" target=\"_blank\" rel=\"noopener\">Oferta Investigadora<\/a><\/li>\n<li><a href=\"https:\/\/docs.google.com\/spreadsheets\/d\/e\/2PACX-1vRBdN0suHqRrP-957wt8-PaLHKPZ1nqXkoXU_O1nzOPJzgw_KUQDbRgSllsVUJL5AeH4KoZbP4V8MMY\/pubhtml?gid=0&amp;single=true\" target=\"_blank\" rel=\"noopener noreferrer\" target=\"_blank\" rel=\"noopener\">Proyectos de investigaci\u00f3n<\/a><\/li>\n<li><a href=\"https:\/\/docs.google.com\/spreadsheets\/d\/e\/2PACX-1vRBdN0suHqRrP-957wt8-PaLHKPZ1nqXkoXU_O1nzOPJzgw_KUQDbRgSllsVUJL5AeH4KoZbP4V8MMY\/pubhtml?gid=136653431&amp;single=true\" target=\"_blank\" rel=\"noopener noreferrer\" target=\"_blank\" rel=\"noopener\">Publicaciones<\/a><\/li>\n<li><a href=\"https:\/\/www.ull.es\/institutos\/instituto-universitario-de-investigacion-social-y-turismo\/memorias-de-investigacion\/\" target=\"_blank\" rel=\"noopener noreferrer\" target=\"_blank\" rel=\"noopener\">Memorias de investigaci\u00f3n<\/a><\/li>\n<li><a href=\"https:\/\/docs.google.com\/spreadsheets\/d\/e\/2PACX-1vRBdN0suHqRrP-957wt8-PaLHKPZ1nqXkoXU_O1nzOPJzgw_KUQDbRgSllsVUJL5AeH4KoZbP4V8MMY\/pubhtml?gid=1600620065&amp;single=true\" target=\"_blank\" rel=\"noopener noreferrer\" target=\"_blank\" rel=\"noopener\">Convenios<\/a><\/li>\n<li><a href=\"https:\/\/docs.google.com\/document\/d\/1REO9G9D4AjZ73Qj7LlFKpUPA16piBNo8r-DqujDDGBI\/edit?usp=sharing\" target=\"_blank\" rel=\"noopener noreferrer\" target=\"_blank\" rel=\"noopener\">Doctorados<\/a><\/li>\n<\/ul>\n<p>[\/vc_column_text][vc_column_text]<\/p>\n<h1>Colaboraciones<\/h1>\n<ul>\n<li><a href=\"https:\/\/www.ull.es\/catedras\/catedra-turismo\/\" target=\"_blank\" rel=\"noopener noreferrer\" target=\"_blank\" rel=\"noopener\">C\u00e1tedra de Turismo<\/a><\/li>\n<li><a href=\"http:\/\/tides.ulpgc.es\/index.php\" rel=\"noopener\" target=\"_blank\" rel=\"noopener\">TIDES<\/a><\/li>\n<li>GRUPOS\n<ul>\n<li><a href=\"https:\/\/www.ull.es\/investigacion\/grupos-investigacion\/laboratorio-de-analisis-del-turismo-turilab\/\" target=\"_blank\" rel=\"noopener noreferrer\" target=\"_blank\" rel=\"noopener\">TURILAB \u2013 Laboratorio de An\u00e1lisis del Turismo<\/a><\/li>\n<li><a href=\"https:\/\/www.ull.es\/investigacion\/grupos-investigacion\/pesca-turismo-migraciones-y-gestion-de-recursos-naturales-pescatur\/\" target=\"_blank\" rel=\"noopener noreferrer\" target=\"_blank\" rel=\"noopener\">PESCATUR \u2013 Pesca, turismo, migraciones y gesti\u00f3n de recursos naturales<\/a><\/li>\n<li><a href=\"https:\/\/www.ull.es\/investigacion\/grupos-investigacion\/taller-de-acciones-creativas-tac\/\" target=\"_blank\" rel=\"noopener noreferrer\" target=\"_blank\" rel=\"noopener\">TAC \u2013 Taller de Acciones Creativas<\/a><\/li>\n<li><a href=\"https:\/\/www.ull.es\/investigacion\/grupos-investigacion\/turismo-competitividad-y-sostenibilidad\/\" target=\"_blank\" rel=\"noopener noreferrer\" target=\"_blank\" rel=\"noopener\">Turismo: competitividad y sostenibilidad<\/a><\/li>\n<li>GEOTURIS \u2013 Turismo y Ordenaci\u00f3n del territorio en espacios insulares<\/li>\n<\/ul>\n<\/li>\n<\/ul>\n<p>[\/vc_column_text][\/vc_column][\/vc_row]<\/p>\n","protected":false},"excerpt":{"rendered":"<p>[vc_row][vc_column][vc_column_text] Investigaci\u00f3n Oferta Investigadora Proyectos de investigaci\u00f3n Publicaciones Memorias de investigaci\u00f3n Convenios Doctorados [\/vc_column_text][vc_column_text] Colaboraciones C\u00e1tedra de Turismo TIDES GRUPOS TURILAB \u2013 Laboratorio de An\u00e1lisis del Turismo PESCATUR \u2013 Pesca, turismo, migraciones y gesti\u00f3n de recursos naturales TAC \u2013 Taller de Acciones Creativas Turismo: competitividad y sostenibilidad GEOTURIS \u2013 Turismo y Ordenaci\u00f3n del territorio en&#8230;<\/p>\n","protected":false},"author":1,"featured_media":0,"parent":0,"menu_order":0,"comment_status":"closed","ping_status":"closed","template":"templates\/template-no-title.php","meta":[],"_links":{"self":[{"href":"https:\/\/www.ull.es\/institutos\/instituto-universitario-de-investigacion-social-y-turismo\/wp-json\/wp\/v2\/pages\/24"}],"collection":[{"href":"https:\/\/www.ull.es\/institutos\/instituto-universitario-de-investigacion-social-y-turismo\/wp-json\/wp\/v2\/pages"}],"about":[{"href":"https:\/\/www.ull.es\/institutos\/instituto-universitario-de-investigacion-social-y-turismo\/wp-json\/wp\/v2\/types\/page"}],"author":[{"embeddable":true,"href":"https:\/\/www.ull.es\/institutos\/instituto-universitario-de-investigacion-social-y-turismo\/wp-json\/wp\/v2\/users\/1"}],"replies":[{"embeddable":true,"href":"https:\/\/www.ull.es\/institutos\/instituto-universitario-de-investigacion-social-y-turismo\/wp-json\/wp\/v2\/comments?post=24"}],"version-history":[{"count":8,"href":"https:\/\/www.ull.es\/institutos\/instituto-universitario-de-investigacion-social-y-turismo\/wp-json\/wp\/v2\/pages\/24\/revisions"}],"predecessor-version":[{"id":441,"href":"https:\/\/www.ull.es\/institutos\/instituto-universitario-de-investigacion-social-y-turismo\/wp-json\/wp\/v2\/pages\/24\/revisions\/441"}],"wp:attachment":[{"href":"https:\/\/www.ull.es\/institutos\/instituto-universitario-de-investigacion-social-y-turismo\/wp-json\/wp\/v2\/media?parent=24"}],"curies":[{"name":"wp","href":"https:\/\/api.w.org\/{rel}","templated":true}]}}