{"id":439,"date":"2020-07-21T09:38:38","date_gmt":"2020-07-21T09:38:38","guid":{"rendered":"http:\/\/www.ull.es\/institutos\/instituto-universitario-de-investigacion-social-y-turismo\/?page_id=439"},"modified":"2020-07-21T09:38:38","modified_gmt":"2020-07-21T09:38:38","slug":"memorias-de-investigacion","status":"publish","type":"page","link":"https:\/\/www.ull.es\/institutos\/instituto-universitario-de-investigacion-social-y-turismo\/memorias-de-investigacion\/","title":{"rendered":"Memorias de investigaci\u00f3n"},"content":{"rendered":"<p>[vc_row][vc_column][vc_column_text]<\/p>\n<h1>Memorias de investigaci\u00f3n<\/h1>\n<p>[\/vc_column_text][\/vc_column][\/vc_row][vc_row][vc_column][vc_column_text]<\/p>\n<ul>\n<li><a href=\"https:\/\/drive.google.com\/file\/d\/1vUNM5c6KlKvrptDRYMN1KZXBl_S86AQ1\/view?usp=sharing\" target=\"_blank\" rel=\"noopener noreferrer\" target=\"_blank\" rel=\"noopener\">Memoria de investigaci\u00f3n 2019<\/a><\/li>\n<li><a href=\"https:\/\/drive.google.com\/file\/d\/1iQRyeRnfp0co5uqsuVq6HW-1OMpW-SfW\/view?usp=sharing\" target=\"_blank\" rel=\"noopener noreferrer\" target=\"_blank\" rel=\"noopener\">Memoria de investigaci\u00f3n 2018<\/a><\/li>\n<li><a href=\"https:\/\/drive.google.com\/file\/d\/1hlI6RTWtGHPfHqF8q6d5toC2Vhdzlvri\/view?usp=sharing\" target=\"_blank\" rel=\"noopener noreferrer\" target=\"_blank\" rel=\"noopener\">Memoria de investigaci\u00f3n 2015-2016<\/a><\/li>\n<\/ul>\n<p>[\/vc_column_text][\/vc_column][\/vc_row]<\/p>\n","protected":false},"excerpt":{"rendered":"<p>[vc_row][vc_column][vc_column_text] Memorias de investigaci\u00f3n [\/vc_column_text][\/vc_column][\/vc_row][vc_row][vc_column][vc_column_text] Memoria de investigaci\u00f3n 2019 Memoria de investigaci\u00f3n 2018 Memoria de investigaci\u00f3n 2015-2016 [\/vc_column_text][\/vc_column][\/vc_row]<\/p>\n","protected":false},"author":6,"featured_media":0,"parent":0,"menu_order":0,"comment_status":"closed","ping_status":"closed","template":"","meta":[],"_links":{"self":[{"href":"https:\/\/www.ull.es\/institutos\/instituto-universitario-de-investigacion-social-y-turismo\/wp-json\/wp\/v2\/pages\/439"}],"collection":[{"href":"https:\/\/www.ull.es\/institutos\/instituto-universitario-de-investigacion-social-y-turismo\/wp-json\/wp\/v2\/pages"}],"about":[{"href":"https:\/\/www.ull.es\/institutos\/instituto-universitario-de-investigacion-social-y-turismo\/wp-json\/wp\/v2\/types\/page"}],"author":[{"embeddable":true,"href":"https:\/\/www.ull.es\/institutos\/instituto-universitario-de-investigacion-social-y-turismo\/wp-json\/wp\/v2\/users\/6"}],"replies":[{"embeddable":true,"href":"https:\/\/www.ull.es\/institutos\/instituto-universitario-de-investigacion-social-y-turismo\/wp-json\/wp\/v2\/comments?post=439"}],"version-history":[{"count":1,"href":"https:\/\/www.ull.es\/institutos\/instituto-universitario-de-investigacion-social-y-turismo\/wp-json\/wp\/v2\/pages\/439\/revisions"}],"predecessor-version":[{"id":440,"href":"https:\/\/www.ull.es\/institutos\/instituto-universitario-de-investigacion-social-y-turismo\/wp-json\/wp\/v2\/pages\/439\/revisions\/440"}],"wp:attachment":[{"href":"https:\/\/www.ull.es\/institutos\/instituto-universitario-de-investigacion-social-y-turismo\/wp-json\/wp\/v2\/media?parent=439"}],"curies":[{"name":"wp","href":"https:\/\/api.w.org\/{rel}","templated":true}]}}