{"id":315,"date":"2022-04-07T09:15:10","date_gmt":"2022-04-07T09:15:10","guid":{"rendered":"https:\/\/www.ull.es\/institutos\/instituto-universitario-de-la-empresa\/?page_id=315"},"modified":"2023-06-07T12:31:24","modified_gmt":"2023-06-07T12:31:24","slug":"formacion","status":"publish","type":"page","link":"https:\/\/www.ull.es\/institutos\/instituto-universitario-de-la-empresa\/formacion\/","title":{"rendered":"Formaci\u00f3n"},"content":{"rendered":"<p>[vc_row full_width=\u00bbstretch_row_content\u00bb el_class=\u00bbprincipio-marcha\u00bb][vc_column css=\u00bb.vc_custom_1588939369209{padding-top: 40px !important;}\u00bb][vc_custom_heading text=\u00bbMemorias\u00bb font_container=\u00bbtag:h2|text_align:center|color:%23ffffff\u00bb use_theme_fonts=\u00bbyes\u00bb css_animation=\u00bbfadeInDownBig\u00bb][\/vc_column][\/vc_row][vc_row full_width=\u00bbstretch_row_content\u00bb gap=\u00bb1&#8243; equal_height=\u00bbyes\u00bb css=\u00bb.vc_custom_1649341009216{padding-right: 2% !important;padding-left: 2% !important;}\u00bb][vc_column css_animation=\u00bbfadeInLeft\u00bb css=\u00bb.vc_custom_1581084709591{padding-bottom: 7% !important;background-color: #eaeaea !important;}\u00bb][vc_empty_space height=\u00bb15px\u00bb][vc_column_text]<\/p>\n<h1>M\u00e1ster de Formaci\u00f3n Permanente en Asesor\u00eda Fiscal y Contable<\/h1>\n<p>[\/vc_column_text][vc_empty_space height=\u00bb15px\u00bb][vc_column_text]<strong>Curso acad\u00e9mico 2022-23- XXVII Edici\u00f3n<\/strong><\/p>\n<p>El M\u00e1ster de Formaci\u00f3n Permanente en Asesor\u00eda Fiscal y Contable pretende dar un tratamiento integral del sistema fiscal, analizando y profundizando en las caracter\u00edsticas, regulaci\u00f3n y gesti\u00f3n de cada impuesto, as\u00ed como del sistema contable al tratar, desde una perspectiva pr\u00e1ctica, situaciones y casos reales.<\/p>\n<p>La necesidad de contar con profesionales altamente cualificados en este \u00e1mbito, unido al \u00e9xito de convocatorias anteriores ha llevado a la Universidad a desarrollar y ofrecer la XXV edici\u00f3n del programa Master en Asesor\u00eda Fiscal y Contable, que mediante una formaci\u00f3n especializada y personalizada, facilite las herramientas necesarias para desarrollar con garant\u00edas su actividad.<\/p>\n<p><strong>Informaci\u00f3n e inscripciones<\/strong><\/p>\n<p>Para inscripci\u00f3n y matricula contacta con nosotros en:<\/p>\n<p>Web:\u00a0<a href=\"https:\/\/www.ull.es\/titulospropios\/master-formacion-permanente-asesoria-fiscal-contable\/\" target=\"_blank\" rel=\"noopener\">Enlace<\/a><\/p>\n<p>E-mail:\u00a0<a href=\"mailto:iude@ull.es\" target=\"_blank\" rel=\"noopener\">iude@ull.es<\/a><\/p>\n<p>Tel\u00e9fono y Whatsapp: 649227543[\/vc_column_text][vc_empty_space height=\u00bb15px\u00bb][\/vc_column][\/vc_row]<\/p>\n","protected":false},"excerpt":{"rendered":"<p>[vc_row full_width=\u00bbstretch_row_content\u00bb el_class=\u00bbprincipio-marcha\u00bb][vc_column css=\u00bb.vc_custom_1588939369209{padding-top: 40px !important;}\u00bb][vc_custom_heading text=\u00bbMemorias\u00bb font_container=\u00bbtag:h2|text_align:center|color:%23ffffff\u00bb use_theme_fonts=\u00bbyes\u00bb css_animation=\u00bbfadeInDownBig\u00bb][\/vc_column][\/vc_row][vc_row full_width=\u00bbstretch_row_content\u00bb gap=\u00bb1&#8243; equal_height=\u00bbyes\u00bb css=\u00bb.vc_custom_1649341009216{padding-right: 2% !important;padding-left: 2% !important;}\u00bb][vc_column css_animation=\u00bbfadeInLeft\u00bb css=\u00bb.vc_custom_1581084709591{padding-bottom: 7% !important;background-color: #eaeaea !important;}\u00bb][vc_empty_space height=\u00bb15px\u00bb][vc_column_text] M\u00e1ster de Formaci\u00f3n Permanente en Asesor\u00eda Fiscal y Contable [\/vc_column_text][vc_empty_space height=\u00bb15px\u00bb][vc_column_text]Curso acad\u00e9mico 2022-23- XXVII Edici\u00f3n El M\u00e1ster de Formaci\u00f3n Permanente en Asesor\u00eda Fiscal y Contable pretende dar un tratamiento integral&#8230;<\/p>\n","protected":false},"author":2,"featured_media":0,"parent":0,"menu_order":0,"comment_status":"closed","ping_status":"closed","template":"templates\/template-no-title.php","meta":[],"_links":{"self":[{"href":"https:\/\/www.ull.es\/institutos\/instituto-universitario-de-la-empresa\/wp-json\/wp\/v2\/pages\/315"}],"collection":[{"href":"https:\/\/www.ull.es\/institutos\/instituto-universitario-de-la-empresa\/wp-json\/wp\/v2\/pages"}],"about":[{"href":"https:\/\/www.ull.es\/institutos\/instituto-universitario-de-la-empresa\/wp-json\/wp\/v2\/types\/page"}],"author":[{"embeddable":true,"href":"https:\/\/www.ull.es\/institutos\/instituto-universitario-de-la-empresa\/wp-json\/wp\/v2\/users\/2"}],"replies":[{"embeddable":true,"href":"https:\/\/www.ull.es\/institutos\/instituto-universitario-de-la-empresa\/wp-json\/wp\/v2\/comments?post=315"}],"version-history":[{"count":6,"href":"https:\/\/www.ull.es\/institutos\/instituto-universitario-de-la-empresa\/wp-json\/wp\/v2\/pages\/315\/revisions"}],"predecessor-version":[{"id":344,"href":"https:\/\/www.ull.es\/institutos\/instituto-universitario-de-la-empresa\/wp-json\/wp\/v2\/pages\/315\/revisions\/344"}],"wp:attachment":[{"href":"https:\/\/www.ull.es\/institutos\/instituto-universitario-de-la-empresa\/wp-json\/wp\/v2\/media?parent=315"}],"curies":[{"name":"wp","href":"https:\/\/api.w.org\/{rel}","templated":true}]}}