{"id":61,"date":"2021-07-13T12:47:03","date_gmt":"2021-07-13T12:47:03","guid":{"rendered":"https:\/\/www.ull.es\/institutos\/instituto-estudios-medievales-renancentistas\/?page_id=61"},"modified":"2025-03-18T10:16:00","modified_gmt":"2025-03-18T10:16:00","slug":"miembros","status":"publish","type":"page","link":"https:\/\/www.ull.es\/institutos\/instituto-universitario-de-la-empresa\/miembros\/","title":{"rendered":"Miembros"},"content":{"rendered":"<p>[vc_row full_width=\u00bbstretch_row_content\u00bb el_class=\u00bbprincipio-marcha\u00bb][vc_column css=\u00bb.vc_custom_1588939369209{padding-top: 40px !important;}\u00bb][vc_custom_heading text=\u00bbMiembros\u00bb font_container=\u00bbtag:h2|text_align:center|color:%23ffffff\u00bb use_theme_fonts=\u00bbyes\u00bb css_animation=\u00bbfadeInDownBig\u00bb][\/vc_column][\/vc_row][vc_row full_width=\u00bbstretch_row_content\u00bb css=\u00bb.vc_custom_1649328021705{padding-right: 2% !important;padding-left: 2% !important;}\u00bb][vc_column][vc_empty_space height=\u00bb80px\u00bb][vc_column_text]31P\u00e9rez Monteverde, Mar\u00eda Victoriamvperez@ull.esGesti\u00f3n Econ\u00f3mica, contable y financiera del agua (GECFA)<a href=\"https:\/\/scholar.google.com\/citations?user=vUxU0HcAAAAJ\" target=\"_blank\" rel=\"noopener\">Google Schoolar<\/a>32Ramos Henr\u00edquez, Jos\u00e9 Manueljramosh@ull.esNeuromarketing y marketing de frontera<a href=\"https:\/\/scholar.google.com\/citations?user=yKxDioMAAAAJs\" target=\"_blank\" rel=\"noopener\">Google Schoolar<\/a><\/p>\n<p>31P\u00e9rez Monteverde, Mar\u00eda Victoriamvperez@ull.esGesti\u00f3n Econ\u00f3mica, contable y financiera del agua (GECFA)<a href=\"https:\/\/scholar.google.com\/citations?user=vUxU0HcAAAAJ\" target=\"_blank\" rel=\"noopener\">Google Schoolar<\/a>32Ramos Henr\u00edquez, Jos\u00e9 Manueljramosh@ull.edu.esNeuromarketing y marketing de frontera<a href=\"https:\/\/scholar.google.com\/citations?user=yKxDioMAAAAJ\" target=\"_blank\" rel=\"noopener\">Google Schoolar<\/a><\/p>\n<table class=\"table\">\n<thead>\n<tr>\n<th scope=\"col\">#<\/th>\n<th scope=\"col\">Miembro<\/th>\n<th scope=\"col\">Correo electr\u00f3nico<\/th>\n<th scope=\"col\">Grupo de investigaci\u00f3n<\/th>\n<th scope=\"col\">Google Schoolar<\/th>\n<\/tr>\n<\/thead>\n<tbody>\n<tr>\n<th scope=\"row\">1<\/th>\n<td><span data-sheets-root=\"1\">Alv\u00e1rez Albelo, Carmen Dolores<\/span><\/td>\n<td>calbelo@ull.es<\/td>\n<td><span data-sheets-root=\"1\">Recursos humanos y comportamiento en el contexto empresarial (REHUCO) y An\u00e1lisis Econ\u00f3mico del Turismo (AET)<\/span><\/td>\n<td><a class=\"in-cell-link\" href=\"https:\/\/scholar.google.com\/citations?user=jdaFMA0AAAAJ\" target=\"_blank\" rel=\"noopener\" target=\"_blank\" rel=\"noopener\">Google Schoolar<\/a><\/td>\n<\/tr>\n<tr>\n<th scope=\"row\">2<\/th>\n<td>Antonova, Natalia<\/td>\n<td>nantonov@ull.es<\/td>\n<td>Gesti\u00f3n Econ\u00f3mica, contable y financiera del agua (GECFA)<\/td>\n<td><a class=\"in-cell-link\" href=\"https:\/\/scholar.google.com\/citations?user=qM-SDzIAAAAJ\" target=\"_blank\" rel=\"noopener\" target=\"_blank\" rel=\"noopener\">Google Schoolar<\/a><\/td>\n<\/tr>\n<tr>\n<th scope=\"row\">3<\/th>\n<td>Arbelo Alvarez, Antonio<\/td>\n<td>aarbelo@ull.es<\/td>\n<td>Eficiencia, Recursos Estrat\u00e9gicos y Ventajas Competitiva<\/td>\n<td><a href=\"https:\/\/scholar.google.es\/citations?user=agHVIRQAAAAJ&amp;hl=es&amp;oi=ao\" target=\"_blank\" rel=\"noopener\">Google Schoolar<\/a><\/td>\n<\/tr>\n<tr>\n<th scope=\"row\">4<\/th>\n<td>Arbelo P\u00e9rez, Marta<\/td>\n<td>marbelpe@ull.es<\/td>\n<td>Eficiencia, Recursos Estrat\u00e9gicos y Ventajas Competitiva<\/td>\n<td><a href=\"https:\/\/scholar.google.es\/citations?user=M7FK94oAAAAJ&amp;hl=es&amp;oi=ao\" target=\"_blank\" rel=\"noopener\">Google Schoolar<\/a><\/td>\n<\/tr>\n<tr>\n<th scope=\"row\">5<\/th>\n<td>Arbelo P\u00e9rez, Sara<\/td>\n<td>sarbelop@ull.es<\/td>\n<td>No Adscrita<\/td>\n<td>No tiene<\/td>\n<\/tr>\n<tr>\n<th scope=\"row\">6<\/th>\n<td>Armas Cruz, Yaiza del Mar<\/td>\n<td>yarmas@ull.es<\/td>\n<td>Empresa y Sociedad (EYS)<\/td>\n<td><a href=\"https:\/\/scholar.google.es\/citations?user=Gw83EcAAAAAJ&amp;hl=es\" target=\"_blank\" rel=\"noopener\">Google Schoolar<\/a><\/td>\n<\/tr>\n<tr>\n<th scope=\"row\">7<\/th>\n<td>Baute D\u00edaz, Nisamar<\/td>\n<td>nbautedi@ull.es<\/td>\n<td>Neuromarketing y marketing de frontera<\/td>\n<td><a href=\"https:\/\/scholar.google.es\/citations?user=ZzFZu24AAAAJ&amp;hl=es&amp;oi=ao\" target=\"_blank\" rel=\"noopener\">Google Schoolar<\/a><\/td>\n<\/tr>\n<tr>\n<th scope=\"row\">8<\/th>\n<td>Cairos Barreto, Dulce Mar\u00eda<\/td>\n<td>dcairos@ull.es<\/td>\n<td>Derecho del Trabajo y de la Seguridad Social<\/td>\n<td><a href=\"https:\/\/scholar.google.es\/citations?hl=es&amp;user=89zSD6UAAAAJ\" target=\"_blank\" rel=\"noopener\" target=\"_blank\" rel=\"noopener\">Google Schoolar<\/a><\/td>\n<\/tr>\n<tr>\n<th scope=\"row\">9<\/th>\n<td>Chinea Mart\u00edn, Angel<\/td>\n<td>achinea@ull.es<\/td>\n<td>Eficiencia, Recursos Estrategicos y Ventajas Competitivas<\/td>\n<td>No tiene<\/td>\n<\/tr>\n<tr>\n<th scope=\"row\">10<\/th>\n<td>David Negre, Tatiana<\/td>\n<td>tdavidne@ull.es<\/td>\n<td>Neuromarketing y marketing de frontera<\/td>\n<td><a href=\"https:\/\/scholar.google.es\/citations?user=FohiFsAAAAAJ&amp;hl=es&amp;oi=ao\" target=\"_blank\" rel=\"noopener\" target=\"_blank\" rel=\"noopener\">Google Schoolar<\/a><\/td>\n<\/tr>\n<tr>\n<th scope=\"row\">11<\/th>\n<td>D\u00edaz Armas, Ricardo Jes\u00fas<\/td>\n<td>rjdiaz@ull.es<\/td>\n<td>Neuromarketing y marketing de frontera<\/td>\n<td><a href=\"https:\/\/scholar.google.com\/citations?user=YTcJbLwAAAAJ\" target=\"_blank\" rel=\"noopener\" target=\"_blank\" rel=\"noopener\">Google Schoolar<\/a><\/td>\n<\/tr>\n<tr>\n<th scope=\"row\">12<\/th>\n<td>Febles Acosta, Jaime<\/td>\n<td>jfebles@ull.es<\/td>\n<td>An\u00e1lisis Estrat\u00e9gico (GIAE)<\/td>\n<td>No tiene<\/td>\n<\/tr>\n<tr>\n<th scope=\"row\">13<\/th>\n<td>Fuentes Medina, Lilibeth<\/td>\n<td>lfuentes@ull.es<\/td>\n<td>No Adscrita<\/td>\n<td><a href=\"https:\/\/scholar.google.es\/citations?user=ZuZiJBsAAAAJ&amp;hl=es&amp;oi=ao\" target=\"_blank\" rel=\"noopener\">Google Schoolar<\/a><\/td>\n<\/tr>\n<tr>\n<th scope=\"row\">14<\/th>\n<td>Garc\u00eda P\u00e9rez, Ana<\/td>\n<td>angape@ull.es<\/td>\n<td>An\u00e1lisis Estrat\u00e9gico (GIAE)<\/td>\n<td><a href=\"https:\/\/scholar.google.es\/citations?user=ytqjTz4AAAAJ&amp;hl=es\" target=\"_blank\" rel=\"noopener\">Google Schoolar<\/a><\/td>\n<\/tr>\n<tr>\n<th scope=\"row\">15<\/th>\n<td>Garc\u00eda Rodr\u00edguez, Francisco<\/td>\n<td>fgarciar@ull.es<\/td>\n<td>Empresa y Sociedad (EYS)<\/td>\n<td><a href=\"https:\/\/scholar.google.es\/citations?user=uTExprwAAAAJ&amp;hl=es\" target=\"_blank\" rel=\"noopener\">Google Schoolar<\/a><\/td>\n<\/tr>\n<tr>\n<th scope=\"row\">16<\/th>\n<td>Gil Soto, Esperanza<\/td>\n<td>egilsoto@ull.es<\/td>\n<td>Sistemas y Tecnolog\u00edas de la Informaci\u00f3n Aplicables a la Empresa (GISTIAE) y Empresa y Sociedad (EYS)<\/td>\n<td><a href=\"https:\/\/scholar.google.es\/citations?user=4NQm1E8AAAAJ&amp;hl=es\" target=\"_blank\" rel=\"noopener\">Google Schoolar<\/a><\/td>\n<\/tr>\n<tr>\n<th scope=\"row\">17<\/th>\n<td>Gonz\u00e1lez Aponcio, Zenona<\/td>\n<td>zaponcio@ull.es<\/td>\n<td>No adscrita<\/td>\n<td>No tiene<\/td>\n<\/tr>\n<tr>\n<th scope=\"row\">18<\/th>\n<td>Gonz\u00e1lez de la Rosa, Manuel<\/td>\n<td>mgonzale@ull.es<\/td>\n<td>No Adscrito<\/td>\n<td><a href=\"https:\/\/scholar.google.es\/citations?hl=es&amp;user=ordCEqwAAAAJ\" target=\"_blank\" rel=\"noopener\" target=\"_blank\" rel=\"noopener\">Google Schoolar<\/a><\/td>\n<\/tr>\n<tr>\n<th scope=\"row\">19<\/th>\n<td>Guti\u00e9rrez Ta\u00f1o, Desiderio<\/td>\n<td>dgtano@ull.es<\/td>\n<td>Empresa y Sociedad \/ Neuromarketing y marketing de frontera<\/td>\n<td><a href=\"https:\/\/scholar.google.es\/citations?hl=es&amp;user=PTvxu4MAAAAJ\" target=\"_blank\" rel=\"noopener\" target=\"_blank\" rel=\"noopener\">Google Schoolar<\/a><\/td>\n<\/tr>\n<tr>\n<th scope=\"row\">20<\/th>\n<td>Guzm\u00e1n P\u00e9rez, Beatriz Vanesa<\/td>\n<td>bguzmanp@ull.es<\/td>\n<td>Estrategias de Producci\u00f3n y Operaciones en la Empresa (EPOE)<\/td>\n<td><a href=\"https:\/\/scholar.google.es\/citations?user=9ltl3gEAAAAJ&amp;hl=es\" target=\"_blank\" rel=\"noopener\">Google Schoolar<\/a><\/td>\n<\/tr>\n<tr>\n<th scope=\"row\">21<\/th>\n<td>Hern\u00e1ndez M\u00e9ndez, Janet<\/td>\n<td>jhernmen@ull.es<\/td>\n<td>Neuromarketing y marketing de frontera<\/td>\n<td><a href=\"https:\/\/scholar.google.es\/citations?user=YVmtlvIAAAAJ&amp;hl=es\" target=\"_blank\" rel=\"noopener\">Google Schoolar<\/a><\/td>\n<\/tr>\n<tr>\n<th scope=\"row\">22<\/th>\n<td>Lorente de las Casas, Andr\u00e9s<\/td>\n<td>alorente@ull.es<\/td>\n<td>No Adscrito<\/td>\n<td>No tiene<\/td>\n<\/tr>\n<tr>\n<th scope=\"row\">23<\/th>\n<td>Mart\u00edn Azami, Diana<\/td>\n<td>dimartin@ull.es<\/td>\n<td>An\u00e1lisis Estrat\u00e9gico (GIAE)<\/td>\n<td>No tiene<\/td>\n<\/tr>\n<tr>\n<th scope=\"row\">24<\/th>\n<td>Mart\u00ednez Gonz\u00e1lez, Jose Alberto<\/td>\n<td>jmartine@ull.es<\/td>\n<td>No Adscrito<\/td>\n<td><a href=\"https:\/\/scholar.google.es\/citations?hl=es&amp;user=oqqdO0AAAAAJ&amp;view_op=list_works&amp;sortby=pubdate\" target=\"_blank\" rel=\"noopener\">Google Schoolar<\/a><\/td>\n<\/tr>\n<tr>\n<th scope=\"row\">25<\/th>\n<td>Mendoza Aguilar, Judit<\/td>\n<td>jmendoza@ull.es<\/td>\n<td>Finanzas cuantitativas (FC) y Transici\u00f3n energ\u00e9tica y sostenibilidad (TRESOS)<\/td>\n<td><a href=\"https:\/\/scholar.google.com\/citations?user=YePZzIIAAAAJ&amp;hl=es\" target=\"_blank\" rel=\"noopener\">Google Schoolar<\/a><\/td>\n<\/tr>\n<tr>\n<th scope=\"row\">26<\/th>\n<td>Mendoza Jim\u00e9nez, Javier<\/td>\n<td>jmendozj@ull.es<\/td>\n<td>Econom\u00eda Social y Colaborativa<\/td>\n<td><a href=\"https:\/\/scholar.google.es\/citations?hl=es&amp;user=eFzYZ-sAAAAJ\" target=\"_blank\" rel=\"noopener\" target=\"_blank\" rel=\"noopener\">Google Schoolar<\/a><\/td>\n<\/tr>\n<tr>\n<th scope=\"row\">27<\/th>\n<td>Moreno Perdig\u00f3n, Mar\u00eda del Carmen<\/td>\n<td>mcmoreno@ull.es<\/td>\n<td>Estrategias de Producci\u00f3n y Operaciones en la Empresa (EPOE)<\/td>\n<td><a href=\"https:\/\/scholar.google.es\/citations?user=NmeZsuAAAAAJ&amp;hl=es\" target=\"_blank\" rel=\"noopener\">Google Schoolar<\/a><\/td>\n<\/tr>\n<tr>\n<th scope=\"row\">28<\/th>\n<td>Moreno Rogr\u00edguez, Luc\u00eda<\/td>\n<td>alu0101349091@ull.es<\/td>\n<td>No adscrita<\/td>\n<td>No tiene<\/td>\n<\/tr>\n<tr>\n<th scope=\"row\">29<\/th>\n<td>Morini Marrero, Sandra<\/td>\n<td>smorini@ull.es<\/td>\n<td>Finanzas cuantitativa (FC)<\/td>\n<td><a href=\"https:\/\/scholar.google.es\/citations?hl=es&amp;user=uwfLlkwAAAAJ&amp;view_op=list_works&amp;sortby=pubdate\" target=\"_blank\" rel=\"noopener\">Google Schoolar<\/a><\/td>\n<\/tr>\n<tr>\n<th scope=\"row\">30<\/th>\n<td>P\u00e9rez G\u00f3mez, Mar\u00eda Pilar<\/td>\n<td>mpperez@ull.es<\/td>\n<td>Eficiencia, Recursos Estrat\u00e9gicos y Ventajas Competitiva<\/td>\n<td><a href=\"https:\/\/scholar.google.es\/citations?user=jSKS6qkAAAAJ&amp;hl=es\" target=\"_blank\" rel=\"noopener\">Google Schoolar<\/a><\/td>\n<\/tr>\n<tr>\n<th scope=\"row\">31<\/th>\n<td>P\u00e9rez Monteverde, Mar\u00eda Victoria<\/td>\n<td>mvperez@ull.edu.es<\/td>\n<td>Gesti\u00f3n Econ\u00f3mica, contable y financiera del agua (GECFA)<\/td>\n<td><a href=\"https:\/\/scholar.google.com\/citations?user=vUxU0HcAAAAJ\" target=\"_blank\" rel=\"noopener\">Google Schoolar<\/a><\/td>\n<\/tr>\n<tr>\n<th scope=\"row\">32<\/th>\n<td>Ramos Henr\u00edquez, Jos\u00e9 Manuel<\/td>\n<td>jramosh@ull.edu.es<\/td>\n<td>Neuromarketing y marketing de frontera<\/td>\n<td><a href=\"https:\/\/scholar.google.com\/citations?user=yKxDioMAAAAJs\" target=\"_blank\" rel=\"noopener\">Google Schoolar<\/a><\/td>\n<\/tr>\n<tr>\n<th scope=\"row\">33<\/th>\n<td>Ramos Quintana, Margarita Isabel<\/td>\n<td>miramos@ull.edu.es<\/td>\n<td>Derecho del Trabajo y de la Seguridad Social<\/td>\n<td><a href=\"https:\/\/scholar.google.es\/citations?hl=es&amp;user=8uMggC4AAAAJ\" target=\"_blank\" rel=\"noopener\" target=\"_blank\" rel=\"noopener\">Google Schoolar<\/a><\/td>\n<\/tr>\n<tr>\n<th scope=\"row\">34<\/th>\n<td>Rojas Rivero, Gloria P.<\/td>\n<td>grojas@ull.es<\/td>\n<td>Derecho del Trabajo y de la Seguridad Social<\/td>\n<td><a href=\"https:\/\/scholar.google.es\/citations?hl=es&amp;user=BsqqgN8AAAAJ\" target=\"_blank\" rel=\"noopener\">Google Schoolar<\/a><\/td>\n<\/tr>\n<tr>\n<th scope=\"row\">35<\/th>\n<td>Rom\u00e1n Cervantes, C\u00e1ndido<\/td>\n<td>croman@ull.edu.es<\/td>\n<td>Econom\u00eda Social y Colaborativa<\/td>\n<td><a href=\"https:\/\/scholar.google.es\/citations?user=gElTowkAAAAJ&amp;hl=es\" target=\"_blank\" rel=\"noopener\">Google Schoolar<\/a><\/td>\n<\/tr>\n<tr>\n<th scope=\"row\">36<\/th>\n<td>Ruiz de la Rosa, Carmen In\u00e9s<\/td>\n<td>ciruiz@ull.edu.es<\/td>\n<td>Empresa y Sociedad (EyS)<\/td>\n<td><a href=\"https:\/\/scholar.google.es\/citations?hl=es&amp;user=KOZj1f8AAAAJ&amp;view_op=list_works\" target=\"_blank\" rel=\"noopener\">Google Schoolar<\/a><\/td>\n<\/tr>\n<tr>\n<th scope=\"row\">37<\/th>\n<td>Sanfiel Fumero, \u00c1ngeles<\/td>\n<td>msanfiel@ull.es<\/td>\n<td>An\u00e1lisis Estrat\u00e9gico (GIAE)<\/td>\n<td><a href=\"https:\/\/scholar.google.es\/citations?user=Ezl96AkAAAAJ&amp;hl=es\" target=\"_blank\" rel=\"noopener\">Google Schoolar<\/a><\/td>\n<\/tr>\n<tr>\n<th scope=\"row\">38<\/th>\n<td>Sicilia Rodr\u00edguez, Joaqu\u00edn<\/td>\n<td>jsicilia@ull.es<\/td>\n<td>Investigaci\u00f3n Operativa (IO)<\/td>\n<td>No tiene<\/td>\n<\/tr>\n<tr>\n<th scope=\"row\">39<\/th>\n<td>De Vera Mart\u00edn, Violeta<\/td>\n<td>vveramar@ull.edu.es<\/td>\n<td>Eficiencia y Ventaja Competitiva (EFIVENCOM)<\/td>\n<td><a href=\"https:\/\/scholar.google.es\/citations?user=uj_ShAoAAAAJ&amp;hl=es&amp;oi=ao\" target=\"_blank\" rel=\"noopener\">Google Schoolar<\/a><\/td>\n<\/tr>\n<tr>\n<th scope=\"row\">40<\/th>\n<td>Yanes Estevez, Vanesa<\/td>\n<td>vayanes@ull.es<\/td>\n<td>An\u00e1lisis Estrat\u00e9gico (GIAE)<\/td>\n<td><a href=\"https:\/\/scholar.google.es\/citations?user=TkpjBF8AAAAJ&amp;hl=es\" target=\"_blank\" rel=\"noopener\">Google Schoolar<\/a><\/td>\n<\/tr>\n<\/tbody>\n<\/table>\n<p>[\/vc_column_text][vc_empty_space height=\u00bb80px\u00bb][\/vc_column][\/vc_row]<\/p>\n","protected":false},"excerpt":{"rendered":"<p>[vc_row full_width=\u00bbstretch_row_content\u00bb el_class=\u00bbprincipio-marcha\u00bb][vc_column css=\u00bb.vc_custom_1588939369209{padding-top: 40px !important;}\u00bb][vc_custom_heading text=\u00bbMiembros\u00bb font_container=\u00bbtag:h2|text_align:center|color:%23ffffff\u00bb use_theme_fonts=\u00bbyes\u00bb css_animation=\u00bbfadeInDownBig\u00bb][\/vc_column][\/vc_row][vc_row full_width=\u00bbstretch_row_content\u00bb css=\u00bb.vc_custom_1649328021705{padding-right: 2% !important;padding-left: 2% !important;}\u00bb][vc_column][vc_empty_space height=\u00bb80px\u00bb][vc_column_text]31P\u00e9rez Monteverde, Mar\u00eda Victoriamvperez@ull.esGesti\u00f3n Econ\u00f3mica, contable y financiera del agua (GECFA)Google Schoolar32Ramos Henr\u00edquez, Jos\u00e9 Manueljramosh@ull.esNeuromarketing y marketing de fronteraGoogle Schoolar 31P\u00e9rez Monteverde, Mar\u00eda Victoriamvperez@ull.esGesti\u00f3n Econ\u00f3mica, contable y financiera del agua (GECFA)Google Schoolar32Ramos Henr\u00edquez, Jos\u00e9 Manueljramosh@ull.edu.esNeuromarketing y marketing de fronteraGoogle&#8230;<\/p>\n","protected":false},"author":4,"featured_media":0,"parent":0,"menu_order":0,"comment_status":"closed","ping_status":"closed","template":"templates\/template-no-title.php","meta":[],"_links":{"self":[{"href":"https:\/\/www.ull.es\/institutos\/instituto-universitario-de-la-empresa\/wp-json\/wp\/v2\/pages\/61"}],"collection":[{"href":"https:\/\/www.ull.es\/institutos\/instituto-universitario-de-la-empresa\/wp-json\/wp\/v2\/pages"}],"about":[{"href":"https:\/\/www.ull.es\/institutos\/instituto-universitario-de-la-empresa\/wp-json\/wp\/v2\/types\/page"}],"author":[{"embeddable":true,"href":"https:\/\/www.ull.es\/institutos\/instituto-universitario-de-la-empresa\/wp-json\/wp\/v2\/users\/4"}],"replies":[{"embeddable":true,"href":"https:\/\/www.ull.es\/institutos\/instituto-universitario-de-la-empresa\/wp-json\/wp\/v2\/comments?post=61"}],"version-history":[{"count":18,"href":"https:\/\/www.ull.es\/institutos\/instituto-universitario-de-la-empresa\/wp-json\/wp\/v2\/pages\/61\/revisions"}],"predecessor-version":[{"id":353,"href":"https:\/\/www.ull.es\/institutos\/instituto-universitario-de-la-empresa\/wp-json\/wp\/v2\/pages\/61\/revisions\/353"}],"wp:attachment":[{"href":"https:\/\/www.ull.es\/institutos\/instituto-universitario-de-la-empresa\/wp-json\/wp\/v2\/media?parent=61"}],"curies":[{"name":"wp","href":"https:\/\/api.w.org\/{rel}","templated":true}]}}