{"id":101,"date":"2019-07-17T11:27:36","date_gmt":"2019-07-17T11:27:36","guid":{"rendered":"http:\/\/www.ull.es\/institutos\/instituto-universitario-estudios-avanzados-fisica-atomica-molecular-fotonica\/?page_id=101"},"modified":"2019-08-06T11:06:18","modified_gmt":"2019-08-06T11:06:18","slug":"grupos","status":"publish","type":"page","link":"https:\/\/www.ull.es\/institutos\/instituto-universitario-estudios-avanzados-fisica-atomica-molecular-fotonica\/grupos\/","title":{"rendered":"Grupos"},"content":{"rendered":"<p>[vc_row full_width=\u00bbstretch_row\u00bb disable_element=\u00bbyes\u00bb css=\u00bb.vc_custom_1565084455441{background-image: url(http:\/\/www.ull.es\/institutos\/instituto-universitario-estudios-avanzados-fisica-atomica-molecular-fotonica\/wp-content\/uploads\/sites\/7\/2019\/07\/atomica8.jpg?id=110) !important;background-position: center !important;background-repeat: no-repeat !important;background-size: cover !important;}\u00bb][vc_column][vc_empty_space][vc_empty_space][vc_custom_heading text=\u00bbGrupos\u00bb font_container=\u00bbtag:h1|font_size:3em|text_align:left|color:%23ffffff\u00bb use_theme_fonts=\u00bbyes\u00bb][vc_empty_space][vc_empty_space][\/vc_column][\/vc_row][vc_row][vc_column][vc_column_text]<\/p>\n<h1>Grupos<\/h1>\n<p>[\/vc_column_text][vc_empty_space][\/vc_column][\/vc_row][vc_row disable_element=\u00bbyes\u00bb][vc_column width=\u00bb1\/2&#8243; el_class=\u00bbpadding-50-right\u00bb css=\u00bb.vc_custom_1494506721665{padding-right: 50px !important;}\u00bb][vc_btn title=\u00bbF\u00edsica de sistemas microsc\u00f3picos, mesosc\u00f3picos y macrosc\u00f3picos. Sistemas complejos y no lineales\u00bb shape=\u00bbsquare\u00bb size=\u00bblg\u00bb link=\u00bburl:https%3A%2F%2Fwww.ull.es%2Finstitutos%2Finstituto-universitario-estudios-avanzados-fisica-atomica-molecular-fotonica%2Ffisica-de-sistemas-microscopicos-mesoscopicos-y-macroscopicos-sistemas-complejos-y-no-lineales%2F|||\u00bb][vc_btn title=\u00bbEspectroscop\u00eda L\u00e1ser y Altas Presiones\u00bb shape=\u00bbsquare\u00bb size=\u00bblg\u00bb link=\u00bburl:https%3A%2F%2Fwww.ull.es%2Finstitutos%2Finstituto-universitario-estudios-avanzados-fisica-atomica-molecular-fotonica%2Fespectroscopia-laser-y-altas-presiones%2F|||\u00bb][vc_btn title=\u00bbNanoestructuras\u00bb shape=\u00bbsquare\u00bb size=\u00bblg\u00bb link=\u00bburl:https%3A%2F%2Fwww.ull.es%2Finstitutos%2Finstituto-universitario-estudios-avanzados-fisica-atomica-molecular-fotonica%2Fnanoestructuras%2F|||\u00bb][vc_btn title=\u00bbAn\u00e1lisis no lineal\u00bb shape=\u00bbsquare\u00bb size=\u00bblg\u00bb link=\u00bburl:http%3A%2F%2Fwww.ull.es%2Finstitutos%2Finstituto-universitario-estudios-avanzados-fisica-atomica-molecular-fotonica%2Fgrupos%2Fanalisis-no-lineal%2F|||\u00bb][vc_btn title=\u00bbEstructuras semiconductoras\u00bb shape=\u00bbsquare\u00bb size=\u00bblg\u00bb link=\u00bburl:https%3A%2F%2Fwww.ull.es%2Finstitutos%2Finstituto-universitario-estudios-avanzados-fisica-atomica-molecular-fotonica%2Festructuras-semiconductoras%2F|||\u00bb][\/vc_column][vc_column width=\u00bb1\/2&#8243;][vc_single_image image=\u00bb112&#8243; img_size=\u00bbfull\u00bb][\/vc_column][\/vc_row][vc_row][vc_column width=\u00bb1\/2&#8243; el_class=\u00bbpadding-50-right\u00bb css=\u00bb.vc_custom_1494506721665{padding-right: 50px !important;}\u00bb][vc_btn title=\u00bbF\u00edsica de sistemas microsc\u00f3picos, mesosc\u00f3picos y macrosc\u00f3picos. Sistemas complejos y no lineales\u00bb shape=\u00bbsquare\u00bb size=\u00bblg\u00bb link=\u00bb|||\u00bb][vc_btn title=\u00bbEspectroscop\u00eda L\u00e1ser y Altas Presiones\u00bb shape=\u00bbsquare\u00bb size=\u00bblg\u00bb link=\u00bb|||\u00bb][vc_btn title=\u00bbNanoestructuras\u00bb shape=\u00bbsquare\u00bb size=\u00bblg\u00bb link=\u00bb|||\u00bb][vc_btn title=\u00bbAn\u00e1lisis no lineal\u00bb shape=\u00bbsquare\u00bb size=\u00bblg\u00bb link=\u00bb|||\u00bb][vc_btn title=\u00bbEstructuras semiconductoras\u00bb shape=\u00bbsquare\u00bb size=\u00bblg\u00bb link=\u00bb|||\u00bb][\/vc_column][vc_column width=\u00bb1\/2&#8243;][vc_single_image image=\u00bb112&#8243; img_size=\u00bbfull\u00bb][\/vc_column][\/vc_row]<\/p>\n","protected":false},"excerpt":{"rendered":"<p>[vc_row full_width=\u00bbstretch_row\u00bb disable_element=\u00bbyes\u00bb css=\u00bb.vc_custom_1565084455441{background-image: url(http:\/\/www.ull.es\/institutos\/instituto-universitario-estudios-avanzados-fisica-atomica-molecular-fotonica\/wp-content\/uploads\/sites\/7\/2019\/07\/atomica8.jpg?id=110) !important;background-position: center !important;background-repeat: no-repeat !important;background-size: cover !important;}\u00bb][vc_column][vc_empty_space][vc_empty_space][vc_custom_heading text=\u00bbGrupos\u00bb font_container=\u00bbtag:h1|font_size:3em|text_align:left|color:%23ffffff\u00bb use_theme_fonts=\u00bbyes\u00bb][vc_empty_space][vc_empty_space][\/vc_column][\/vc_row][vc_row][vc_column][vc_column_text] Grupos [\/vc_column_text][vc_empty_space][\/vc_column][\/vc_row][vc_row disable_element=\u00bbyes\u00bb][vc_column width=\u00bb1\/2&#8243; el_class=\u00bbpadding-50-right\u00bb css=\u00bb.vc_custom_1494506721665{padding-right: 50px !important;}\u00bb][vc_btn title=\u00bbF\u00edsica de sistemas microsc\u00f3picos, mesosc\u00f3picos y macrosc\u00f3picos. Sistemas complejos y no lineales\u00bb shape=\u00bbsquare\u00bb size=\u00bblg\u00bb link=\u00bburl:https%3A%2F%2Fwww.ull.es%2Finstitutos%2Finstituto-universitario-estudios-avanzados-fisica-atomica-molecular-fotonica%2Ffisica-de-sistemas-microscopicos-mesoscopicos-y-macroscopicos-sistemas-complejos-y-no-lineales%2F|||\u00bb][vc_btn title=\u00bbEspectroscop\u00eda L\u00e1ser y Altas Presiones\u00bb shape=\u00bbsquare\u00bb size=\u00bblg\u00bb link=\u00bburl:https%3A%2F%2Fwww.ull.es%2Finstitutos%2Finstituto-universitario-estudios-avanzados-fisica-atomica-molecular-fotonica%2Fespectroscopia-laser-y-altas-presiones%2F|||\u00bb][vc_btn title=\u00bbNanoestructuras\u00bb shape=\u00bbsquare\u00bb size=\u00bblg\u00bb link=\u00bburl:https%3A%2F%2Fwww.ull.es%2Finstitutos%2Finstituto-universitario-estudios-avanzados-fisica-atomica-molecular-fotonica%2Fnanoestructuras%2F|||\u00bb][vc_btn title=\u00bbAn\u00e1lisis no lineal\u00bb shape=\u00bbsquare\u00bb size=\u00bblg\u00bb&#8230;<\/p>\n","protected":false},"author":2,"featured_media":0,"parent":0,"menu_order":0,"comment_status":"closed","ping_status":"closed","template":"","meta":[],"_links":{"self":[{"href":"https:\/\/www.ull.es\/institutos\/instituto-universitario-estudios-avanzados-fisica-atomica-molecular-fotonica\/wp-json\/wp\/v2\/pages\/101"}],"collection":[{"href":"https:\/\/www.ull.es\/institutos\/instituto-universitario-estudios-avanzados-fisica-atomica-molecular-fotonica\/wp-json\/wp\/v2\/pages"}],"about":[{"href":"https:\/\/www.ull.es\/institutos\/instituto-universitario-estudios-avanzados-fisica-atomica-molecular-fotonica\/wp-json\/wp\/v2\/types\/page"}],"author":[{"embeddable":true,"href":"https:\/\/www.ull.es\/institutos\/instituto-universitario-estudios-avanzados-fisica-atomica-molecular-fotonica\/wp-json\/wp\/v2\/users\/2"}],"replies":[{"embeddable":true,"href":"https:\/\/www.ull.es\/institutos\/instituto-universitario-estudios-avanzados-fisica-atomica-molecular-fotonica\/wp-json\/wp\/v2\/comments?post=101"}],"version-history":[{"count":21,"href":"https:\/\/www.ull.es\/institutos\/instituto-universitario-estudios-avanzados-fisica-atomica-molecular-fotonica\/wp-json\/wp\/v2\/pages\/101\/revisions"}],"predecessor-version":[{"id":287,"href":"https:\/\/www.ull.es\/institutos\/instituto-universitario-estudios-avanzados-fisica-atomica-molecular-fotonica\/wp-json\/wp\/v2\/pages\/101\/revisions\/287"}],"wp:attachment":[{"href":"https:\/\/www.ull.es\/institutos\/instituto-universitario-estudios-avanzados-fisica-atomica-molecular-fotonica\/wp-json\/wp\/v2\/media?parent=101"}],"curies":[{"name":"wp","href":"https:\/\/api.w.org\/{rel}","templated":true}]}}