{"id":114,"date":"2019-07-17T11:55:43","date_gmt":"2019-07-17T11:55:43","guid":{"rendered":"http:\/\/www.ull.es\/institutos\/instituto-universitario-estudios-avanzados-fisica-atomica-molecular-fotonica\/?page_id=114"},"modified":"2019-08-06T10:12:33","modified_gmt":"2019-08-06T10:12:33","slug":"lineas-investigadoras","status":"publish","type":"page","link":"https:\/\/www.ull.es\/institutos\/instituto-universitario-estudios-avanzados-fisica-atomica-molecular-fotonica\/lineas-investigadoras\/","title":{"rendered":"L\u00edneas Investigadoras"},"content":{"rendered":"<p>[vc_row full_width=\u00bbstretch_row\u00bb disable_element=\u00bbyes\u00bb css=\u00bb.vc_custom_1565085514996{background-image: url(http:\/\/www.ull.es\/institutos\/instituto-universitario-estudios-avanzados-fisica-atomica-molecular-fotonica\/wp-content\/uploads\/sites\/7\/2019\/07\/atomica11.jpg?id=117) !important;background-position: center !important;background-repeat: no-repeat !important;background-size: cover !important;}\u00bb][vc_column][vc_empty_space][vc_empty_space][vc_custom_heading text=\u00bbL\u00cdNEAS INVESTIGADORAS\u00bb font_container=\u00bbtag:h1|font_size:3em|text_align:left|color:%23ffffff\u00bb use_theme_fonts=\u00bbyes\u00bb][vc_empty_space][vc_empty_space][\/vc_column][\/vc_row][vc_row][vc_column][vc_column_text]<\/p>\n<h1>L\u00edneas Investigadoras<\/h1>\n<p>[\/vc_column_text][vc_empty_space][\/vc_column][\/vc_row][vc_row full_width=\u00bbstretch_row\u00bb][vc_column width=\u00bb1\/2&#8243; el_class=\u00bbpadding-50-right\u00bb][vc_btn title=\u00bbMec\u00e1nica cu\u00e1ntica y sus aplicaciones a computaci\u00f3n cu\u00e1ntica. Decoherencia. Transporte. Tiempo en Mec\u00e1nica Cu\u00e1ntica. Medida en Mec\u00e1nica Cu\u00e1ntica. Caos Cu\u00e1ntico. Relojes cu\u00e1nticos\u00bb shape=\u00bbsquare\u00bb size=\u00bblg\u00bb link=\u00bburl:https%3A%2F%2Fwww.ull.es%2Finstitutos%2Finstituto-universitario-estudios-avanzados-fisica-atomica-molecular-fotonica%2Flineas-investigadoras%2Fmecanica-cuantica-y-sus-aplicaciones-a-computacion-cuantica-decoherencia-transporte-tiempo-en-mecanica-cuantica-medida-en-mecanica-cuantica-caos-cuantico-relojes-cuanticos%2F|||\u00bb][vc_btn title=\u00bbF\u00edsica molecular. Agregados at\u00f3micos y moleculares. Din\u00e1mica molecular y MonteCarlo. Nanoestructuras. Simulaci\u00f3n de l\u00edquidos\u00bb shape=\u00bbsquare\u00bb size=\u00bblg\u00bb link=\u00bburl:https%3A%2F%2Fwww.ull.es%2Finstitutos%2Finstituto-universitario-estudios-avanzados-fisica-atomica-molecular-fotonica%2Ffisica-molecular-agregados-atomicos-y-moleculares-dinamica-molecular-y-montecarlo-nanoestructuras-simulacion-de-liquidos%2F|||\u00bb][vc_btn title=\u00bbMatem\u00e1tica aplicada. Ecuaciones de la F\u00edsica Matem\u00e1tica. Geometr\u00eda diferencial y Relatividad\u00bb shape=\u00bbsquare\u00bb size=\u00bblg\u00bb link=\u00bburl:https%3A%2F%2Fwww.ull.es%2Finstitutos%2Finstituto-universitario-estudios-avanzados-fisica-atomica-molecular-fotonica%2Fmatematica-aplicada-ecuaciones-de-la-fisica-matematica-geometria-diferencial-y-relatividad%2F|||\u00bb][vc_btn title=\u00bbSistemas din\u00e1micos y din\u00e1mica no lineal. Transporte y mec\u00e1nica estad\u00edstica alejada del equilibrio. Caos din\u00e1mico. Sistemas complejos cl\u00e1sicos y cu\u00e1nticos\u00bb shape=\u00bbsquare\u00bb size=\u00bblg\u00bb link=\u00bburl:https%3A%2F%2Fwww.ull.es%2Finstitutos%2Finstituto-universitario-estudios-avanzados-fisica-atomica-molecular-fotonica%2Flineas-investigadoras%2Fsistemas-dinamicos-y-dinamica-no-lineal-transporte-y-mecanica-estadistica-alejada-del-equilibrio-caos-dinamico-sistemas-complejos-clasicos-y-cuanticos%2F|||\u00bb][vc_btn title=\u00bbAn\u00e1lisis de se\u00f1ales tiempo-frecuencia\u00bb shape=\u00bbsquare\u00bb size=\u00bblg\u00bb link=\u00bburl:https%3A%2F%2Fwww.ull.es%2Finstitutos%2Finstituto-universitario-estudios-avanzados-fisica-atomica-molecular-fotonica%2Fanalisis-de-senales-tiempo-frecuencia%2F|||\u00bb][vc_btn title=\u00bbSistemas cu\u00e1nticos abiertos. Interacci\u00f3n radiaci\u00f3n-materia. Sistemas no-markovianos\u00bb shape=\u00bbsquare\u00bb size=\u00bblg\u00bb link=\u00bburl:https%3A%2F%2Fwww.ull.es%2Finstitutos%2Finstituto-universitario-estudios-avanzados-fisica-atomica-molecular-fotonica%2Fsistemas-cuanticos-abiertos-interaccion-radiacion-materia-sistemas-no-markovianos%2F|||\u00bb][vc_single_image image=\u00bb121&#8243; img_size=\u00bbfull\u00bb][\/vc_column][vc_column width=\u00bb1\/2&#8243; css=\u00bb.vc_custom_1563365734504{padding-right: 5% !important;padding-left: 5% !important;}\u00bb][vc_single_image image=\u00bb116&#8243; img_size=\u00bbfull\u00bb css=\u00bb.vc_custom_1563365515482{padding-left: 50px !important;}\u00bb][vc_empty_space][vc_btn title=\u00bbControl de sistemas cu\u00e1nticos\u00bb shape=\u00bbsquare\u00bb size=\u00bblg\u00bb link=\u00bburl:https%3A%2F%2Fwww.ull.es%2Finstitutos%2Finstituto-universitario-estudios-avanzados-fisica-atomica-molecular-fotonica%2Fcontrol-de-sistemas-cuanticos%2F|||\u00bb][vc_btn title=\u00bbEspectroscop\u00eda l\u00e1ser y altas presiones\u00bb shape=\u00bbsquare\u00bb size=\u00bblg\u00bb link=\u00bburl:https%3A%2F%2Fwww.ull.es%2Finstitutos%2Finstituto-universitario-estudios-avanzados-fisica-atomica-molecular-fotonica%2Flineas-investigadoras%2Fespectroscopia-laser-y-altas-presiones%2F|||\u00bb][vc_btn title=\u00bbMicroresonadores y Optomec\u00e1nica\u00bb shape=\u00bbsquare\u00bb size=\u00bblg\u00bb link=\u00bburl:https%3A%2F%2Fwww.ull.es%2Finstitutos%2Finstituto-universitario-estudios-avanzados-fisica-atomica-molecular-fotonica%2Flineas-investigadoras%2Fmicroresonadores-y-optomecanica%2F|||\u00bb][vc_btn title=\u00bbNanoestructurado de materiales por l\u00e1ser de femtosegundos\u00bb shape=\u00bbsquare\u00bb size=\u00bblg\u00bb link=\u00bburl:https%3A%2F%2Fwww.ull.es%2Finstitutos%2Finstituto-universitario-estudios-avanzados-fisica-atomica-molecular-fotonica%2Flineas-investigadoras%2Fnanoestructurado-de-materiales-por-laser-de-femtosegundos%2F|||\u00bb][vc_btn title=\u00bbFot\u00f3nica Integrada\u00bb shape=\u00bbsquare\u00bb size=\u00bblg\u00bb link=\u00bburl:https%3A%2F%2Fwww.ull.es%2Finstitutos%2Finstituto-universitario-estudios-avanzados-fisica-atomica-molecular-fotonica%2Flineas-investigadoras%2Ffotonica-integrada%2F|||\u00bb][\/vc_column][\/vc_row]<\/p>\n","protected":false},"excerpt":{"rendered":"<p>[vc_row full_width=\u00bbstretch_row\u00bb disable_element=\u00bbyes\u00bb css=\u00bb.vc_custom_1565085514996{background-image: url(http:\/\/www.ull.es\/institutos\/instituto-universitario-estudios-avanzados-fisica-atomica-molecular-fotonica\/wp-content\/uploads\/sites\/7\/2019\/07\/atomica11.jpg?id=117) !important;background-position: center !important;background-repeat: no-repeat !important;background-size: cover !important;}\u00bb][vc_column][vc_empty_space][vc_empty_space][vc_custom_heading text=\u00bbL\u00cdNEAS INVESTIGADORAS\u00bb font_container=\u00bbtag:h1|font_size:3em|text_align:left|color:%23ffffff\u00bb use_theme_fonts=\u00bbyes\u00bb][vc_empty_space][vc_empty_space][\/vc_column][\/vc_row][vc_row][vc_column][vc_column_text] L\u00edneas Investigadoras [\/vc_column_text][vc_empty_space][\/vc_column][\/vc_row][vc_row full_width=\u00bbstretch_row\u00bb][vc_column width=\u00bb1\/2&#8243; el_class=\u00bbpadding-50-right\u00bb][vc_btn title=\u00bbMec\u00e1nica cu\u00e1ntica y sus aplicaciones a computaci\u00f3n cu\u00e1ntica. Decoherencia. Transporte. Tiempo en Mec\u00e1nica Cu\u00e1ntica. Medida en Mec\u00e1nica Cu\u00e1ntica. Caos Cu\u00e1ntico. Relojes cu\u00e1nticos\u00bb shape=\u00bbsquare\u00bb size=\u00bblg\u00bb link=\u00bburl:https%3A%2F%2Fwww.ull.es%2Finstitutos%2Finstituto-universitario-estudios-avanzados-fisica-atomica-molecular-fotonica%2Flineas-investigadoras%2Fmecanica-cuantica-y-sus-aplicaciones-a-computacion-cuantica-decoherencia-transporte-tiempo-en-mecanica-cuantica-medida-en-mecanica-cuantica-caos-cuantico-relojes-cuanticos%2F|||\u00bb][vc_btn title=\u00bbF\u00edsica molecular. Agregados at\u00f3micos y moleculares. Din\u00e1mica molecular&#8230;<\/p>\n","protected":false},"author":2,"featured_media":0,"parent":0,"menu_order":0,"comment_status":"closed","ping_status":"closed","template":"","meta":[],"_links":{"self":[{"href":"https:\/\/www.ull.es\/institutos\/instituto-universitario-estudios-avanzados-fisica-atomica-molecular-fotonica\/wp-json\/wp\/v2\/pages\/114"}],"collection":[{"href":"https:\/\/www.ull.es\/institutos\/instituto-universitario-estudios-avanzados-fisica-atomica-molecular-fotonica\/wp-json\/wp\/v2\/pages"}],"about":[{"href":"https:\/\/www.ull.es\/institutos\/instituto-universitario-estudios-avanzados-fisica-atomica-molecular-fotonica\/wp-json\/wp\/v2\/types\/page"}],"author":[{"embeddable":true,"href":"https:\/\/www.ull.es\/institutos\/instituto-universitario-estudios-avanzados-fisica-atomica-molecular-fotonica\/wp-json\/wp\/v2\/users\/2"}],"replies":[{"embeddable":true,"href":"https:\/\/www.ull.es\/institutos\/instituto-universitario-estudios-avanzados-fisica-atomica-molecular-fotonica\/wp-json\/wp\/v2\/comments?post=114"}],"version-history":[{"count":32,"href":"https:\/\/www.ull.es\/institutos\/instituto-universitario-estudios-avanzados-fisica-atomica-molecular-fotonica\/wp-json\/wp\/v2\/pages\/114\/revisions"}],"predecessor-version":[{"id":282,"href":"https:\/\/www.ull.es\/institutos\/instituto-universitario-estudios-avanzados-fisica-atomica-molecular-fotonica\/wp-json\/wp\/v2\/pages\/114\/revisions\/282"}],"wp:attachment":[{"href":"https:\/\/www.ull.es\/institutos\/instituto-universitario-estudios-avanzados-fisica-atomica-molecular-fotonica\/wp-json\/wp\/v2\/media?parent=114"}],"curies":[{"name":"wp","href":"https:\/\/api.w.org\/{rel}","templated":true}]}}