{"id":17,"date":"2018-03-19T13:06:02","date_gmt":"2018-03-19T13:06:02","guid":{"rendered":"http:\/\/www.ull.es\/institutos\/instituto-universitario-estudios-avanzados-fisica-atomica-molecular-fotonica\/?page_id=17"},"modified":"2018-05-04T08:49:53","modified_gmt":"2018-05-04T08:49:53","slug":"informacion-general","status":"publish","type":"page","link":"https:\/\/www.ull.es\/institutos\/instituto-universitario-estudios-avanzados-fisica-atomica-molecular-fotonica\/informacion-general\/","title":{"rendered":"Informaci\u00f3n general"},"content":{"rendered":"<p>[vc_row][vc_column width=\u00bb2\/3&#8243; el_class=\u00bbpadding-50-right\u00bb css=\u00bb.vc_custom_1494506721665{padding-right: 50px !important;}\u00bb][vc_column_text]<\/p>\n<h1>Presentaci\u00f3n<\/h1>\n<p>[\/vc_column_text][vc_column_text el_id=\u00bbpresentacion\u00bb]\n<div class=\"shortcode-descripcion\">\n    <p>El Instituto Universitario de Estudios Avanzados en F\u00edsica At\u00f3mica, Molecular y Fot\u00f3nica (IUDEA), creado por la Comunidad Aut\u00f3noma Canaria y la Universidad de La Laguna tiene como prop\u00f3sito el desarrollo de una investigaci\u00f3n y formaci\u00f3n de posgrado de excelencia.<\/p><\/div>\n\n[\/vc_column_text][vc_empty_space height=\u00bb40px\u00bb][vc_column_text el_id=\u00bbareas-de-conocimiento\u00bb]\n<style>\n    .shortcode-areas h2 {\n        margin-bottom: 10px !important;\n    }\n<\/style>\n\n<div class=\"shortcode-areas\">\n    <h2>\u00c1reas de conocimiento<\/h2><ul><li>F\u00edsica aplicada<\/li><li>F\u00edsica at\u00f3mica, molecular y nuclear<\/li><li>Matem\u00e1tica aplicada<\/li><\/ul><\/div>\n\n[\/vc_column_text][vc_empty_space height=\u00bb40px\u00bb][vc_column_text el_id=\u00bborganigrama\u00bb]<\/p>\n<h1>Organigrama<\/h1>\n<p>[\/vc_column_text][vc_column_text]\n<style>\n    .shortcode-equipo h2 {\n        margin-bottom: 10px !important;\n    }\n<\/style>\n\n<div class=\"shortcode-equipo\">\n    <h2>Equipo de direcci\u00f3n<\/h2><dl><dt><strong>Subdirector<\/strong><\/dt><dd> <a href='https:\/\/www.ull.es\/directorio\/search\/?busqueda=Air\u00e1n R\u00f3denas Segu\u00ed' target='_blank'>Air\u00e1n R\u00f3denas Segu\u00ed<\/a><\/dd><dt><strong>Secretaria<\/strong><\/dt><dd> <a href='https:\/\/www.ull.es\/directorio\/search\/?busqueda=Antonia Ruiz Garc\u00eda' target='_blank'>Antonia Ruiz Garc\u00eda<\/a><\/dd><dt><strong>Coordinador<\/strong><\/dt><dd> <a href='https:\/\/www.ull.es\/directorio\/search\/?busqueda=Fernando Delgado Acosta' target='_blank'>Fernando Delgado Acosta<\/a><\/dd><\/dl>\n<\/div>\n[\/vc_column_text][\/vc_column][vc_column width=\u00bb1\/3&#8243;][vc_column_text]<a class=\"btn-destacado\" href=\"https:\/\/riull.ull.es\/xmlui\/handle\/915\/7195\" target=\"_blank\" rel=\"noopener\" target=\"_blank\" rel=\"noopener\">Consultar normativa del instituto<i class=\"fa fa-arrow-right\"><\/i><\/a>[\/vc_column_text][vc_column_text]<a class=\"btn-destacado\" href=\"https:\/\/drive.google.com\/open?id=1B0ovM8v21bQJab9u_T-zmKfOX3RjgG_g2oDi7DTRQUo\" target=\"_blank\" rel=\"noopener\" target=\"_blank\" rel=\"noopener\">Consultar personal del instituto<i class=\"fa fa-arrow-right\"><\/i><\/a>[\/vc_column_text][vc_column_text]\n<ul class=\"widget-box\">\n<li class='contacto-header'>Informaci\u00f3n de contacto<\/li><li><i class=\"fa fa-map-marker\"><\/i> Avenida Astrof\u00edsico Francisco S\u00e1nchez, s\/n. Departamento de F\u00edsica e IUdEA, Facultad de Ciencias. Secci\u00f3n de F\u00edsica. Apartado 456. C\u00f3digo postal 38205. San Crist\u00f3bal de La Laguna. S\/C de Tenerife<\/li><li><i class=\"fa fa-phone\"><\/i> (+34) 922 31 82 55<\/li><li><i class=\"fa fa-envelope\"><\/i>  <a href=mailto:iudea@ull.es>iudea@ull.es<\/a><\/li>\n<\/ul>\n\n[\/vc_column_text][vc_column_text el_id=\u00bbubicacion\u00bb]\n    \n<style>\n    .google-maps {\n        position: relative;\n        padding-bottom: 75%;\n        height: 0;\n        overflow: hidden;\n    }\n    .google-maps iframe {\n        position: absolute;\n        top: 0;\n        left: 0;\n        width: 100% !important;\n        height: 100% !important;\n    }\n<\/style>\n\n\n<div class=\"google-maps\">\n    <iframe src=\"https:\/\/www.openstreetmap.org\/export\/embed.html?bbox=-16.32472617411%2C28.477629074376%2C-16.31858236452%2C28.483441296656&amp;layer=mapnik&amp;marker=28.481812030115726%2C-16.3219\" style=\"border: 1px solid black\"><\/iframe>\n<\/div>\n\n<div class=\"btn-widget\">\n    <a href=\"https:\/\/www.openstreetmap.org\/directions?engine=graphhopper_car&from=&to=28.481812030115726%2C-16.3219#map=17\/28.481812030115726\/-16.3219\">C\u00f3mo llegar<\/a>  \n<\/div>\n\n  <\/body>\n<\/html>\n\n[\/vc_column_text][\/vc_column][\/vc_row]<\/p>\n","protected":false},"excerpt":{"rendered":"<p>[vc_row][vc_column width=\u00bb2\/3&#8243; el_class=\u00bbpadding-50-right\u00bb css=\u00bb.vc_custom_1494506721665{padding-right: 50px !important;}\u00bb][vc_column_text] Presentaci\u00f3n [\/vc_column_text][vc_column_text el_id=\u00bbpresentacion\u00bb][\/vc_column_text][vc_empty_space height=\u00bb40px\u00bb][vc_column_text el_id=\u00bbareas-de-conocimiento\u00bb][\/vc_column_text][vc_empty_space height=\u00bb40px\u00bb][vc_column_text el_id=\u00bborganigrama\u00bb] Organigrama [\/vc_column_text][vc_column_text][\/vc_column_text][\/vc_column][vc_column width=\u00bb1\/3&#8243;][vc_column_text]Consultar normativa del instituto[\/vc_column_text][vc_column_text]Consultar personal del instituto[\/vc_column_text][vc_column_text][\/vc_column_text][vc_column_text el_id=\u00bbubicacion\u00bb][\/vc_column_text][\/vc_column][\/vc_row]<\/p>\n","protected":false},"author":1,"featured_media":0,"parent":0,"menu_order":0,"comment_status":"closed","ping_status":"closed","template":"","meta":[],"_links":{"self":[{"href":"https:\/\/www.ull.es\/institutos\/instituto-universitario-estudios-avanzados-fisica-atomica-molecular-fotonica\/wp-json\/wp\/v2\/pages\/17"}],"collection":[{"href":"https:\/\/www.ull.es\/institutos\/instituto-universitario-estudios-avanzados-fisica-atomica-molecular-fotonica\/wp-json\/wp\/v2\/pages"}],"about":[{"href":"https:\/\/www.ull.es\/institutos\/instituto-universitario-estudios-avanzados-fisica-atomica-molecular-fotonica\/wp-json\/wp\/v2\/types\/page"}],"author":[{"embeddable":true,"href":"https:\/\/www.ull.es\/institutos\/instituto-universitario-estudios-avanzados-fisica-atomica-molecular-fotonica\/wp-json\/wp\/v2\/users\/1"}],"replies":[{"embeddable":true,"href":"https:\/\/www.ull.es\/institutos\/instituto-universitario-estudios-avanzados-fisica-atomica-molecular-fotonica\/wp-json\/wp\/v2\/comments?post=17"}],"version-history":[{"count":10,"href":"https:\/\/www.ull.es\/institutos\/instituto-universitario-estudios-avanzados-fisica-atomica-molecular-fotonica\/wp-json\/wp\/v2\/pages\/17\/revisions"}],"predecessor-version":[{"id":57,"href":"https:\/\/www.ull.es\/institutos\/instituto-universitario-estudios-avanzados-fisica-atomica-molecular-fotonica\/wp-json\/wp\/v2\/pages\/17\/revisions\/57"}],"wp:attachment":[{"href":"https:\/\/www.ull.es\/institutos\/instituto-universitario-estudios-avanzados-fisica-atomica-molecular-fotonica\/wp-json\/wp\/v2\/media?parent=17"}],"curies":[{"name":"wp","href":"https:\/\/api.w.org\/{rel}","templated":true}]}}